{"id":560,"date":"2026-02-03T01:56:53","date_gmt":"2026-02-03T01:56:53","guid":{"rendered":"https:\/\/www.fenxifiber.com\/?post_type=product&#038;p=560"},"modified":"2026-02-04T01:11:20","modified_gmt":"2026-02-04T01:11:20","slug":"mpo-sc-om4-12core","status":"publish","type":"product","link":"https:\/\/www.fenxifiber.com\/fr\/product\/mpo-sc-om4-12core\/","title":{"rendered":"MPO-SC-OM4-12Core - C\u00e2ble d'\u00e9clatement MPO vers SC pour fibre optique \u00e0 haute densit\u00e9"},"content":{"rendered":"<h3 data-start=\"771\" data-end=\"806\"><strong data-start=\"775\" data-end=\"806\">Pourquoi ce c\u00e2ble est diff\u00e9rent<\/strong><\/h3>\n<p data-start=\"808\" data-end=\"915\">Le MPO-SC-OM4-12Core est con\u00e7u pour les environnements o\u00f9 <strong data-start=\"865\" data-end=\"903\">l'espace, la circulation de l'air et la qualit\u00e9 du signal<\/strong> toutes les mati\u00e8res :<\/p>\n<ul data-start=\"917\" data-end=\"1500\">\n<li data-start=\"917\" data-end=\"1066\">\n<p data-start=\"919\" data-end=\"1066\"><strong data-start=\"919\" data-end=\"955\">Plus de bande passante avec moins de fibres<\/strong><br data-start=\"955\" data-end=\"958\" \/>La fibre OM4 prend en charge une largeur de bande modale beaucoup plus \u00e9lev\u00e9e que l'OM3, ce qui permet d'\u00e9tablir des liaisons \u00e0 haut d\u00e9bit plus longues et plus stables.<\/p>\n<\/li>\n<li data-start=\"1068\" data-end=\"1225\">\n<p data-start=\"1070\" data-end=\"1225\"><strong data-start=\"1070\" data-end=\"1098\">Chemin de migration efficace<\/strong><br data-start=\"1098\" data-end=\"1101\" \/>Il vous permet de d\u00e9ployer un c\u00e2blage dorsal MPO tout en continuant \u00e0 vous connecter \u00e0 un \u00e9quipement \u00e0 port SC, \u00e9vitant ainsi un remplacement co\u00fbteux du mat\u00e9riel.<\/p>\n<\/li>\n<li data-start=\"1227\" data-end=\"1361\">\n<p data-start=\"1229\" data-end=\"1361\"><strong data-start=\"1229\" data-end=\"1255\">Un c\u00e2blage plus propre<\/strong><br data-start=\"1255\" data-end=\"1258\" \/>Un tronc MPO remplace douze fibres libres, ce qui am\u00e9liore la circulation de l'air et facilite la gestion des racks.<\/p>\n<\/li>\n<li data-start=\"1363\" data-end=\"1500\">\n<p data-start=\"1365\" data-end=\"1500\"><strong data-start=\"1365\" data-end=\"1397\">Performances v\u00e9rifi\u00e9es en usine<\/strong><br data-start=\"1397\" data-end=\"1400\" \/>Chaque assemblage est test\u00e9 pour la perte d'insertion et la continuit\u00e9, ce qui garantit des performances pr\u00e9visibles sur le terrain.<\/p>\n<\/li>\n<\/ul>\n<hr data-start=\"1502\" data-end=\"1505\" \/>\n<h3 data-start=\"1507\" data-end=\"1549\"><strong data-start=\"1511\" data-end=\"1549\">Caract\u00e9ristiques optiques et physiques<\/strong><\/h3>\n<div class=\"TyagGW_tableContainer\">\n<div class=\"group TyagGW_tableWrapper flex flex-col-reverse w-fit\" tabindex=\"-1\">\n<table class=\"w-fit min-w-(--thread-content-width)\" data-start=\"1551\" data-end=\"1932\">\n<thead data-start=\"1551\" data-end=\"1575\">\n<tr data-start=\"1551\" data-end=\"1575\">\n<th class=\"\" data-start=\"1551\" data-end=\"1558\" data-col-size=\"sm\">Objet<\/th>\n<th class=\"\" data-start=\"1558\" data-end=\"1575\" data-col-size=\"sm\">Sp\u00e9cifications<\/th>\n<\/tr>\n<\/thead>\n<tbody data-start=\"1602\" data-end=\"1932\">\n<tr data-start=\"1602\" data-end=\"1638\">\n<td data-start=\"1602\" data-end=\"1610\" data-col-size=\"sm\">Fibre<\/td>\n<td data-start=\"1610\" data-end=\"1638\" data-col-size=\"sm\">OM4 multimode, 50\/125 \u00b5m<\/td>\n<\/tr>\n<tr data-start=\"1639\" data-end=\"1670\">\n<td data-start=\"1639\" data-end=\"1651\" data-col-size=\"sm\">Structure<\/td>\n<td data-start=\"1651\" data-end=\"1670\" data-col-size=\"sm\">Ruban \u00e0 12 fibres<\/td>\n<\/tr>\n<tr data-start=\"1671\" data-end=\"1709\">\n<td data-start=\"1671\" data-end=\"1685\" data-col-size=\"sm\">Connecteur A<\/td>\n<td data-start=\"1685\" data-end=\"1709\" data-col-size=\"sm\">MPO \/ MTP (12 fibres)<\/td>\n<\/tr>\n<tr data-start=\"1710\" data-end=\"1746\">\n<td data-start=\"1710\" data-end=\"1724\" data-col-size=\"sm\">Connecteur B<\/td>\n<td data-start=\"1724\" data-end=\"1746\" data-col-size=\"sm\">12 \u00d7 connecteurs SC<\/td>\n<\/tr>\n<tr data-start=\"1747\" data-end=\"1803\">\n<td data-start=\"1747\" data-end=\"1772\" data-col-size=\"sm\">Perte d'insertion typique<\/td>\n<td data-start=\"1772\" data-end=\"1803\" data-col-size=\"sm\">MPO \u2264 0,35 dB, SC \u2264 0,30 dB<\/td>\n<\/tr>\n<tr data-start=\"1804\" data-end=\"1827\">\n<td data-start=\"1804\" data-end=\"1817\" data-col-size=\"sm\">Longueur d'onde<\/td>\n<td data-col-size=\"sm\" data-start=\"1817\" data-end=\"1827\">850 nm<\/td>\n<\/tr>\n<tr data-start=\"1828\" data-end=\"1852\">\n<td data-start=\"1828\" data-end=\"1837\" data-col-size=\"sm\">Veste<\/td>\n<td data-col-size=\"sm\" data-start=\"1837\" data-end=\"1852\">LSZH ou PVC<\/td>\n<\/tr>\n<tr data-start=\"1853\" data-end=\"1893\">\n<td data-start=\"1853\" data-end=\"1873\" data-col-size=\"sm\">Plage de temp\u00e9rature<\/td>\n<td data-col-size=\"sm\" data-start=\"1873\" data-end=\"1893\">De -10 \u00b0C \u00e0 +70 \u00b0C<\/td>\n<\/tr>\n<tr data-start=\"1894\" data-end=\"1932\">\n<td data-start=\"1894\" data-end=\"1907\" data-col-size=\"sm\">Conformit\u00e9<\/td>\n<td data-col-size=\"sm\" data-start=\"1907\" data-end=\"1932\">IEC, TIA, RoHS, REACH<\/td>\n<\/tr>\n<\/tbody>\n<\/table>\n<\/div>\n<\/div>\n<hr data-start=\"1934\" data-end=\"1937\" \/>\n<h3 data-start=\"1939\" data-end=\"1962\"><strong data-start=\"1943\" data-end=\"1962\">Domaines d'utilisation<\/strong><\/h3>\n<p data-start=\"1964\" data-end=\"2015\">Vous trouverez g\u00e9n\u00e9ralement le <strong data-start=\"1990\" data-end=\"2011\">MPO-SC-OM4-12Core<\/strong> en :<\/p>\n<ul data-start=\"2017\" data-end=\"2261\">\n<li data-start=\"2017\" data-end=\"2059\">\n<p data-start=\"2019\" data-end=\"2059\">Haute densit\u00e9 <strong data-start=\"2032\" data-end=\"2057\">les dorsales des centres de donn\u00e9es<\/strong><\/p>\n<\/li>\n<li data-start=\"2060\" data-end=\"2111\">\n<p data-start=\"2062\" data-end=\"2111\"><strong data-start=\"2062\" data-end=\"2089\">Bureaux centraux de t\u00e9l\u00e9communications<\/strong> et les r\u00e9seaux d'acc\u00e8s<\/p>\n<\/li>\n<li data-start=\"2112\" data-end=\"2164\">\n<p data-start=\"2114\" data-end=\"2164\"><strong data-start=\"2114\" data-end=\"2142\">Commutateurs centraux d'entreprise<\/strong> utiliser les interfaces SC<\/p>\n<\/li>\n<li data-start=\"2165\" data-end=\"2207\">\n<p data-start=\"2167\" data-end=\"2207\"><strong data-start=\"2167\" data-end=\"2192\">SAN et Fibre Channel<\/strong> environnements<\/p>\n<\/li>\n<li data-start=\"2208\" data-end=\"2261\">\n<p data-start=\"2210\" data-end=\"2261\">Syst\u00e8mes de c\u00e2blage structur\u00e9 passant de SC \u00e0 MPO<\/p>\n<\/li>\n<\/ul>\n<hr data-start=\"2263\" data-end=\"2266\" \/>\n<h3 data-start=\"2268\" data-end=\"2291\"><strong data-start=\"2272\" data-end=\"2291\">L'importance de l'OM4<\/strong><\/h3>\n<p data-start=\"2293\" data-end=\"2576\">La fibre OM4 n'est pas seulement une mise \u00e0 niveau, c'est une <strong data-start=\"2332\" data-end=\"2358\">multiplicateur de performance<\/strong>. Par rapport \u00e0 l'OM3, l'OM4 offre une bande passante nettement plus \u00e9lev\u00e9e et des distances support\u00e9es plus longues pour les liaisons 100G et 400G. Cela signifie une meilleure qualit\u00e9 de signal aujourd'hui et une plus grande marge de man\u0153uvre pour les mises \u00e0 niveau de demain sans rec\u00e2blage.<\/p>\n<hr data-start=\"2578\" data-end=\"2581\" \/>\n<h2 data-start=\"2583\" data-end=\"2600\"><strong data-start=\"2586\" data-end=\"2600\">Questions et r\u00e9ponses d'experts<\/strong><\/h2>\n<p data-start=\"2602\" data-end=\"2805\"><strong data-start=\"2602\" data-end=\"2667\">Q1 : MPO-SC-OM4-12Core peut-il \u00eatre utilis\u00e9 dans les anciens r\u00e9seaux SC ?<\/strong><br data-start=\"2667\" data-end=\"2670\" \/>Oui. Il est sp\u00e9cialement con\u00e7u pour connecter des backbones MPO modernes \u00e0 des ports SC existants, ce qui le rend id\u00e9al pour les sc\u00e9narios hybrides et de mise \u00e0 niveau.<\/p>\n<p data-start=\"2807\" data-end=\"2980\"><strong data-start=\"2807\" data-end=\"2850\">Q2 : L'OM4 est-il compatible avec les syst\u00e8mes OM3 ?<\/strong><br data-start=\"2850\" data-end=\"2853\" \/>Absolument. L'OM4 est r\u00e9trocompatible et fonctionnera avec les \u00e9metteurs-r\u00e9cepteurs OM3 tout en offrant de meilleures performances pour les optiques plus r\u00e9centes.<\/p>\n<p data-start=\"2982\" data-end=\"3149\"><strong data-start=\"2982\" data-end=\"3028\">Q3 : Ce c\u00e2ble supporte-t-il le 100G et le 400G ?<\/strong><br data-start=\"3028\" data-end=\"3031\" \/>Oui. Lorsqu'il est utilis\u00e9 avec des \u00e9metteurs-r\u00e9cepteurs multimodes \u00e0 optique parall\u00e8le, l'OM4 prend en charge les connexions \u00e0 grande vitesse de 100G et les connexions \u00e9mergentes de 400G.<\/p>\n<p data-start=\"3151\" data-end=\"3330\"><strong data-start=\"3151\" data-end=\"3197\">Q4 : La polarit\u00e9 et la longueur peuvent-elles \u00eatre personnalis\u00e9es ?<\/strong><br data-start=\"3197\" data-end=\"3200\" \/>Oui. La polarit\u00e9 MPO (Type A\/B\/C), la longueur du c\u00e2ble, le type de gaine et le genre du connecteur peuvent tous \u00eatre sp\u00e9cifi\u00e9s pour s'adapter \u00e0 la conception de votre r\u00e9seau.<\/p>","protected":false},"excerpt":{"rendered":"<p data-start=\"73\" data-end=\"508\">Con\u00e7u pour les r\u00e9seaux \u00e0 haut d\u00e9bit qui exigent \u00e0 la fois performance et flexibilit\u00e9, le <strong data-start=\"153\" data-end=\"174\">MPO-SC-OM4-12Core<\/strong> est un produit de qualit\u00e9 professionnelle <strong data-start=\"199\" data-end=\"233\">c\u00e2ble de rupture en fibre multimode<\/strong> qui jette un pont entre les <strong data-start=\"254\" data-end=\"282\">Infrastructure du tronc commun MPO<\/strong> avec le traditionnel <strong data-start=\"300\" data-end=\"330\">\u00c9quipement de r\u00e9seau \u00e0 base de SC<\/strong>. Il utilise <strong data-start=\"340\" data-end=\"389\">Fibre multimode 50\/125 \u00b5m OM4 optimis\u00e9e pour le laser<\/strong>, vous offrant la largeur de bande et la distance requises pour les applications <strong data-start=\"450\" data-end=\"482\">40G, 100G, et bient\u00f4t 400G<\/strong> les applications des centres de donn\u00e9es.<\/p>\n<p data-start=\"510\" data-end=\"764\">Au lieu d'utiliser douze c\u00e2bles individuels, un connecteur MPO compact fournit les douze fibres dans une interface unique \u00e0 haute densit\u00e9, qui se d\u00e9ploie ensuite proprement dans la zone de l'interface. <strong data-start=\"677\" data-end=\"709\">12 connecteurs SC ind\u00e9pendants<\/strong>-Parfait pour les commutateurs, les panneaux de brassage et les baies de t\u00e9l\u00e9communication.<\/p>","protected":false},"featured_media":561,"comment_status":"open","ping_status":"closed","template":"","meta":[],"product_brand":[],"product_cat":[42],"product_tag":[],"class_list":{"0":"post-560","1":"product","2":"type-product","3":"status-publish","4":"has-post-thumbnail","6":"product_cat-mpo-mtp-fiber-optic-patch-cord","8":"first","9":"instock","10":"shipping-taxable","11":"product-type-simple"},"_links":{"self":[{"href":"https:\/\/www.fenxifiber.com\/fr\/wp-json\/wp\/v2\/product\/560","targetHints":{"allow":["GET"]}}],"collection":[{"href":"https:\/\/www.fenxifiber.com\/fr\/wp-json\/wp\/v2\/product"}],"about":[{"href":"https:\/\/www.fenxifiber.com\/fr\/wp-json\/wp\/v2\/types\/product"}],"replies":[{"embeddable":true,"href":"https:\/\/www.fenxifiber.com\/fr\/wp-json\/wp\/v2\/comments?post=560"}],"wp:featuredmedia":[{"embeddable":true,"href":"https:\/\/www.fenxifiber.com\/fr\/wp-json\/wp\/v2\/media\/561"}],"wp:attachment":[{"href":"https:\/\/www.fenxifiber.com\/fr\/wp-json\/wp\/v2\/media?parent=560"}],"wp:term":[{"taxonomy":"product_brand","embeddable":true,"href":"https:\/\/www.fenxifiber.com\/fr\/wp-json\/wp\/v2\/product_brand?post=560"},{"taxonomy":"product_cat","embeddable":true,"href":"https:\/\/www.fenxifiber.com\/fr\/wp-json\/wp\/v2\/product_cat?post=560"},{"taxonomy":"product_tag","embeddable":true,"href":"https:\/\/www.fenxifiber.com\/fr\/wp-json\/wp\/v2\/product_tag?post=560"}],"curies":[{"name":"wp","href":"https:\/\/api.w.org\/{rel}","templated":true}]}}