{"id":564,"date":"2026-02-03T02:01:27","date_gmt":"2026-02-03T02:01:27","guid":{"rendered":"https:\/\/www.fenxifiber.com\/?post_type=product&#038;p=564"},"modified":"2026-02-04T01:17:22","modified_gmt":"2026-02-04T01:17:22","slug":"mpo-sc-sm-8core","status":"publish","type":"product","link":"https:\/\/www.fenxifiber.com\/fr\/product\/mpo-sc-sm-8core\/","title":{"rendered":"MPO-SC-SM-8Core - C\u00e2ble fibre monomode MPO vers SC en \u00e9ventail"},"content":{"rendered":"<h3 data-start=\"704\" data-end=\"743\"><strong data-start=\"708\" data-end=\"743\">Pourquoi les ing\u00e9nieurs choisissent-ils ce c\u00e2ble ?<\/strong><\/h3>\n<p data-start=\"745\" data-end=\"854\">Ce c\u00e2ble est con\u00e7u pour les environnements o\u00f9 <strong data-start=\"787\" data-end=\"840\">distance, fiabilit\u00e9 et gestion propre des fibres<\/strong> sont essentiels :<\/p>\n<ul data-start=\"856\" data-end=\"1361\">\n<li data-start=\"856\" data-end=\"1021\">\n<p data-start=\"858\" data-end=\"1021\"><strong data-start=\"858\" data-end=\"890\">V\u00e9ritable performance monomode<\/strong><br data-start=\"890\" data-end=\"893\" \/>Con\u00e7u pour <strong data-start=\"908\" data-end=\"931\">1310 nm et 1550 nm<\/strong> et prend en charge des liaisons allant de courts trajets de salles de donn\u00e9es \u00e0 des trav\u00e9es de t\u00e9l\u00e9communications de plusieurs kilom\u00e8tres.<\/p>\n<\/li>\n<li data-start=\"1023\" data-end=\"1122\">\n<p data-start=\"1025\" data-end=\"1122\"><strong data-start=\"1025\" data-end=\"1051\">Entr\u00e9e MPO haute densit\u00e9<\/strong><br data-start=\"1051\" data-end=\"1054\" \/>R\u00e9duit l'encombrement de la fibre et permet d'augmenter le nombre de liens dans un espace de rack r\u00e9duit.<\/p>\n<\/li>\n<li data-start=\"1124\" data-end=\"1242\">\n<p data-start=\"1126\" data-end=\"1242\"><strong data-start=\"1126\" data-end=\"1152\">Connectivit\u00e9 SC directe<\/strong><br data-start=\"1152\" data-end=\"1155\" \/>Id\u00e9al pour les baies de t\u00e9l\u00e9communication, les ODF et les \u00e9quipements anciens qui utilisent encore des interfaces SC.<\/p>\n<\/li>\n<li data-start=\"1244\" data-end=\"1361\">\n<p data-start=\"1246\" data-end=\"1361\"><strong data-start=\"1246\" data-end=\"1286\">Terminaison \u00e0 faible perte test\u00e9e en usine<\/strong><br data-start=\"1286\" data-end=\"1289\" \/>Garantit des budgets optiques stables pour les \u00e9metteurs-r\u00e9cepteurs monomodes exigeants.<\/p>\n<\/li>\n<\/ul>\n<hr data-start=\"1363\" data-end=\"1366\" \/>\n<h3 data-start=\"1368\" data-end=\"1394\"><strong data-start=\"1372\" data-end=\"1394\">Aper\u00e7u technique<\/strong><\/h3>\n<div class=\"TyagGW_tableContainer\">\n<div class=\"group TyagGW_tableWrapper flex flex-col-reverse w-fit\" tabindex=\"-1\">\n<table class=\"w-fit min-w-(--thread-content-width)\" data-start=\"1396\" data-end=\"1830\">\n<thead data-start=\"1396\" data-end=\"1427\">\n<tr data-start=\"1396\" data-end=\"1427\">\n<th class=\"\" data-start=\"1396\" data-end=\"1408\" data-col-size=\"sm\">Param\u00e8tres<\/th>\n<th class=\"\" data-start=\"1408\" data-end=\"1427\" data-col-size=\"sm\">MPO-SC-SM-8Core<\/th>\n<\/tr>\n<\/thead>\n<tbody data-start=\"1456\" data-end=\"1830\">\n<tr data-start=\"1456\" data-end=\"1499\">\n<td data-start=\"1456\" data-end=\"1469\" data-col-size=\"sm\">Type de fibre<\/td>\n<td data-start=\"1469\" data-end=\"1499\" data-col-size=\"sm\">OS2 monomode (9\/125 \u00b5m)<\/td>\n<\/tr>\n<tr data-start=\"1500\" data-end=\"1519\">\n<td data-start=\"1500\" data-end=\"1514\" data-col-size=\"sm\">Nombre de fibres<\/td>\n<td data-col-size=\"sm\" data-start=\"1514\" data-end=\"1519\">8<\/td>\n<\/tr>\n<tr data-start=\"1520\" data-end=\"1557\">\n<td data-start=\"1520\" data-end=\"1534\" data-col-size=\"sm\">Connecteur A<\/td>\n<td data-start=\"1534\" data-end=\"1557\" data-col-size=\"sm\">MPO \/ MTP (8 fibres)<\/td>\n<\/tr>\n<tr data-start=\"1558\" data-end=\"1593\">\n<td data-start=\"1558\" data-end=\"1572\" data-col-size=\"sm\">Connecteur B<\/td>\n<td data-start=\"1572\" data-end=\"1593\" data-col-size=\"sm\">8 \u00d7 connecteurs SC<\/td>\n<\/tr>\n<tr data-start=\"1594\" data-end=\"1638\">\n<td data-start=\"1594\" data-end=\"1617\" data-col-size=\"sm\">Longueur d'onde de fonctionnement<\/td>\n<td data-col-size=\"sm\" data-start=\"1617\" data-end=\"1638\">1310 nm \/ 1550 nm<\/td>\n<\/tr>\n<tr data-start=\"1639\" data-end=\"1695\">\n<td data-start=\"1639\" data-end=\"1664\" data-col-size=\"sm\">Perte d'insertion typique<\/td>\n<td data-col-size=\"sm\" data-start=\"1664\" data-end=\"1695\">MPO \u2264 0,35 dB, SC \u2264 0,30 dB<\/td>\n<\/tr>\n<tr data-start=\"1696\" data-end=\"1721\">\n<td data-start=\"1696\" data-end=\"1710\" data-col-size=\"sm\">Perte de retour<\/td>\n<td data-col-size=\"sm\" data-start=\"1710\" data-end=\"1721\">\u2265 50 dB<\/td>\n<\/tr>\n<tr data-start=\"1722\" data-end=\"1746\">\n<td data-start=\"1722\" data-end=\"1731\" data-col-size=\"sm\">Veste<\/td>\n<td data-col-size=\"sm\" data-start=\"1731\" data-end=\"1746\">LSZH ou PVC<\/td>\n<\/tr>\n<tr data-start=\"1747\" data-end=\"1791\">\n<td data-start=\"1747\" data-end=\"1771\" data-col-size=\"sm\">Temp\u00e9rature de fonctionnement<\/td>\n<td data-col-size=\"sm\" data-start=\"1771\" data-end=\"1791\">De -10 \u00b0C \u00e0 +70 \u00b0C<\/td>\n<\/tr>\n<tr data-start=\"1792\" data-end=\"1830\">\n<td data-start=\"1792\" data-end=\"1805\" data-col-size=\"sm\">Conformit\u00e9<\/td>\n<td data-col-size=\"sm\" data-start=\"1805\" data-end=\"1830\">IEC, TIA, RoHS, REACH<\/td>\n<\/tr>\n<\/tbody>\n<\/table>\n<\/div>\n<\/div>\n<hr data-start=\"1832\" data-end=\"1835\" \/>\n<h3 data-start=\"1837\" data-end=\"1869\"><strong data-start=\"1841\" data-end=\"1869\">O\u00f9 il est couramment utilis\u00e9<\/strong><\/h3>\n<ul data-start=\"1871\" data-end=\"2083\">\n<li data-start=\"1871\" data-end=\"1922\">\n<p data-start=\"1873\" data-end=\"1922\"><strong data-start=\"1873\" data-end=\"1920\">Centrales de t\u00e9l\u00e9communications et r\u00e9seaux d'acc\u00e8s<\/strong><\/p>\n<\/li>\n<li data-start=\"1923\" data-end=\"1961\">\n<p data-start=\"1925\" data-end=\"1961\"><strong data-start=\"1925\" data-end=\"1959\">Interconnexion de centres de donn\u00e9es (DCI)<\/strong><\/p>\n<\/li>\n<li data-start=\"1962\" data-end=\"2013\">\n<p data-start=\"1964\" data-end=\"2013\"><strong data-start=\"1964\" data-end=\"2011\">Dorsale MPO monomode vers panneaux de raccordement SC<\/strong><\/p>\n<\/li>\n<li data-start=\"2014\" data-end=\"2051\">\n<p data-start=\"2016\" data-end=\"2051\"><strong data-start=\"2016\" data-end=\"2049\">Fibre Channel et syst\u00e8mes SAN<\/strong><\/p>\n<\/li>\n<li data-start=\"2052\" data-end=\"2083\">\n<p data-start=\"2054\" data-end=\"2083\"><strong data-start=\"2054\" data-end=\"2083\">R\u00e9seaux de campus et r\u00e9seaux m\u00e9tropolitains<\/strong><\/p>\n<\/li>\n<\/ul>\n<hr data-start=\"2085\" data-end=\"2088\" \/>\n<h3 data-start=\"2090\" data-end=\"2139\"><strong data-start=\"2094\" data-end=\"2139\">Pourquoi MPO-SC-SM-8Core est un investissement intelligent<\/strong><\/h3>\n<p data-start=\"2141\" data-end=\"2461\">Au fur et \u00e0 mesure que les r\u00e9seaux \u00e9voluent vers des vitesses plus \u00e9lev\u00e9es et des distances plus longues, <strong data-start=\"2200\" data-end=\"2267\">la fibre monomode devient l'\u00e9pine dorsale de l'infrastructure moderne<\/strong>. Les <strong data-start=\"2273\" data-end=\"2292\">MPO-SC-SM-8Core<\/strong> vous permet de tirer parti de <strong data-start=\"2320\" data-end=\"2348\">c\u00e2blage MPO haute densit\u00e9<\/strong> tout en maintenant la compatibilit\u00e9 avec <strong data-start=\"2386\" data-end=\"2410\">ports SC largement utilis\u00e9s<\/strong>, Il est donc id\u00e9al pour les nouvelles constructions et les mises \u00e0 niveau.<\/p>\n<hr data-start=\"2463\" data-end=\"2466\" \/>\n<h2 data-start=\"2468\" data-end=\"2485\"><strong data-start=\"2471\" data-end=\"2485\">Questions et r\u00e9ponses d'experts<\/strong><\/h2>\n<p data-start=\"2487\" data-end=\"2670\"><strong data-start=\"2487\" data-end=\"2542\">Q1 : Ce c\u00e2ble est-il adapt\u00e9 aux liaisons longue distance ?<\/strong><br data-start=\"2542\" data-end=\"2545\" \/>Oui. En tant que c\u00e2ble monomode OS2, il supporte des distances de plusieurs kilom\u00e8tres et plus, en fonction des \u00e9metteurs-r\u00e9cepteurs utilis\u00e9s.<\/p>\n<p data-start=\"2672\" data-end=\"2816\"><strong data-start=\"2672\" data-end=\"2705\">Q2 : Pourquoi utiliser SC au lieu de LC ?<\/strong><br data-start=\"2705\" data-end=\"2708\" \/>Les connecteurs SC sont largement utilis\u00e9s dans les r\u00e9seaux de t\u00e9l\u00e9communication et les r\u00e9seaux existants et offrent une interface robuste et facile \u00e0 manipuler.<\/p>\n<p data-start=\"2818\" data-end=\"2979\"><strong data-start=\"2818\" data-end=\"2874\">Q3 : Ce c\u00e2ble peut-il \u00eatre utilis\u00e9 avec des optiques 100G ou 400G ?<\/strong><br data-start=\"2874\" data-end=\"2877\" \/>Oui. Lorsqu'il est utilis\u00e9 avec des optiques monomodes parall\u00e8les telles que <strong data-start=\"2933\" data-end=\"2948\">PSM4 ou DR4<\/strong>, Il prend en charge les liaisons \u00e0 haut d\u00e9bit.<\/p>\n<p data-start=\"2981\" data-end=\"3143\"><strong data-start=\"2981\" data-end=\"3037\">Q4 : La polarit\u00e9 et le polissage des connecteurs peuvent-ils \u00eatre personnalis\u00e9s ?<\/strong><br data-start=\"3037\" data-end=\"3040\" \/>Oui. La polarit\u00e9 MPO (Type A\/B\/C) et la polarit\u00e9 SC (UPC ou APC) peuvent \u00eatre s\u00e9lectionn\u00e9es pour s'adapter \u00e0 la conception de votre r\u00e9seau.<\/p>","protected":false},"excerpt":{"rendered":"<p data-start=\"69\" data-end=\"451\">Le <strong data-start=\"73\" data-end=\"92\">MPO-SC-SM-8Core<\/strong> est un syst\u00e8me compact de haute pr\u00e9cision <strong data-start=\"122\" data-end=\"158\">c\u00e2ble de rupture en fibre monomode<\/strong> con\u00e7u pour relier les <strong data-start=\"186\" data-end=\"210\">Syst\u00e8mes dorsaux MPO<\/strong> avec des \u00e9quipements et des panneaux de connexion qui utilisent <strong data-start=\"252\" data-end=\"269\">Connecteurs SC<\/strong>. Construit avec <strong data-start=\"282\" data-end=\"316\">OS2 9\/125 \u00b5m fibre monomode<\/strong>, il soutient <strong data-start=\"330\" data-end=\"370\">transmission \u00e0 longue distance et \u00e0 faible perte<\/strong> pour les r\u00e9seaux de t\u00e9l\u00e9communications, d'interconnexion de centres de donn\u00e9es (DCI) et d'entreprises \u00e0 haut d\u00e9bit.<\/p>\n<p data-start=\"453\" data-end=\"697\">Au lieu d'utiliser huit fibres distinctes, une seule <strong data-start=\"499\" data-end=\"524\">Interface MPO 8 fibres<\/strong> achemine tous les canaux par une seule connexion \u00e0 haute densit\u00e9 et les r\u00e9partit proprement en <strong data-start=\"618\" data-end=\"643\">8 ports SC individuels<\/strong>, simplifiant le c\u00e2blage et am\u00e9liorant l'organisation des baies.<\/p>","protected":false},"featured_media":565,"comment_status":"open","ping_status":"closed","template":"","meta":[],"product_brand":[],"product_cat":[42],"product_tag":[],"class_list":{"0":"post-564","1":"product","2":"type-product","3":"status-publish","4":"has-post-thumbnail","6":"product_cat-mpo-mtp-fiber-optic-patch-cord","8":"first","9":"instock","10":"shipping-taxable","11":"product-type-simple"},"_links":{"self":[{"href":"https:\/\/www.fenxifiber.com\/fr\/wp-json\/wp\/v2\/product\/564","targetHints":{"allow":["GET"]}}],"collection":[{"href":"https:\/\/www.fenxifiber.com\/fr\/wp-json\/wp\/v2\/product"}],"about":[{"href":"https:\/\/www.fenxifiber.com\/fr\/wp-json\/wp\/v2\/types\/product"}],"replies":[{"embeddable":true,"href":"https:\/\/www.fenxifiber.com\/fr\/wp-json\/wp\/v2\/comments?post=564"}],"wp:featuredmedia":[{"embeddable":true,"href":"https:\/\/www.fenxifiber.com\/fr\/wp-json\/wp\/v2\/media\/565"}],"wp:attachment":[{"href":"https:\/\/www.fenxifiber.com\/fr\/wp-json\/wp\/v2\/media?parent=564"}],"wp:term":[{"taxonomy":"product_brand","embeddable":true,"href":"https:\/\/www.fenxifiber.com\/fr\/wp-json\/wp\/v2\/product_brand?post=564"},{"taxonomy":"product_cat","embeddable":true,"href":"https:\/\/www.fenxifiber.com\/fr\/wp-json\/wp\/v2\/product_cat?post=564"},{"taxonomy":"product_tag","embeddable":true,"href":"https:\/\/www.fenxifiber.com\/fr\/wp-json\/wp\/v2\/product_tag?post=564"}],"curies":[{"name":"wp","href":"https:\/\/api.w.org\/{rel}","templated":true}]}}