{"id":566,"date":"2026-02-03T02:02:50","date_gmt":"2026-02-03T02:02:50","guid":{"rendered":"https:\/\/www.fenxifiber.com\/?post_type=product&#038;p=566"},"modified":"2026-02-04T01:18:10","modified_gmt":"2026-02-04T01:18:10","slug":"mpo-lc-sm-8core","status":"publish","type":"product","link":"https:\/\/www.fenxifiber.com\/fr\/product\/mpo-lc-sm-8core\/","title":{"rendered":"MPO-LC-SM-8Core - C\u00e2ble de d\u00e9rivation compact monomode MPO vers LC"},"content":{"rendered":"<h3 data-start=\"632\" data-end=\"678\"><strong data-start=\"636\" data-end=\"678\">Ce que ce c\u00e2ble apporte \u00e0 votre r\u00e9seau<\/strong><\/h3>\n<ul data-start=\"680\" data-end=\"1307\">\n<li data-start=\"680\" data-end=\"858\">\n<p data-start=\"682\" data-end=\"858\"><strong data-start=\"682\" data-end=\"720\">Performance monomode \u00e0 longue port\u00e9e<\/strong><br data-start=\"720\" data-end=\"723\" \/>Optimis\u00e9 pour <strong data-start=\"739\" data-end=\"762\">1310 nm et 1550 nm<\/strong> des longueurs d'onde, ce qui permet d'\u00e9tablir des liens allant de l'aiguillage \u00e0 court terme jusqu'\u00e0 l'aiguillage \u00e0 long terme. <strong data-start=\"826\" data-end=\"857\">les connexions \u00e0 l'\u00e9chelle du kilom\u00e8tre<\/strong>.<\/p>\n<\/li>\n<li data-start=\"860\" data-end=\"1002\">\n<p data-start=\"862\" data-end=\"1002\"><strong data-start=\"862\" data-end=\"898\">Conception \u00e0 haute densit\u00e9 et \u00e0 faible encombrement<\/strong><br data-start=\"898\" data-end=\"901\" \/>La technologie MPO r\u00e9duit consid\u00e9rablement l'encombrement du c\u00e2ble par rapport \u00e0 l'utilisation de huit cordons de raccordement LC distincts.<\/p>\n<\/li>\n<li data-start=\"1004\" data-end=\"1162\">\n<p data-start=\"1006\" data-end=\"1162\"><strong data-start=\"1006\" data-end=\"1040\">Parfait pour les optiques 100G et 400G<\/strong><br data-start=\"1040\" data-end=\"1043\" \/>Enti\u00e8rement compatible avec <strong data-start=\"1067\" data-end=\"1107\">PSM4, DR4 et \u00e9metteurs-r\u00e9cepteurs breakout<\/strong>, ce qui en fait un outil id\u00e9al pour les architectures de type \"leaf-spine\" et \"DCI\".<\/p>\n<\/li>\n<li data-start=\"1164\" data-end=\"1307\">\n<p data-start=\"1166\" data-end=\"1307\"><strong data-start=\"1166\" data-end=\"1198\">Pr\u00e9cision des terminaisons d'usine<\/strong><br data-start=\"1198\" data-end=\"1201\" \/>Chaque connecteur est poli, align\u00e9 et test\u00e9 pour garantir des budgets optiques stables et une faible perte d'insertion.<\/p>\n<\/li>\n<\/ul>\n<hr data-start=\"1309\" data-end=\"1312\" \/>\n<h3 data-start=\"1314\" data-end=\"1340\"><strong data-start=\"1318\" data-end=\"1340\">Principales donn\u00e9es techniques<\/strong><\/h3>\n<div class=\"TyagGW_tableContainer\">\n<div class=\"group TyagGW_tableWrapper flex flex-col-reverse w-fit\" tabindex=\"-1\">\n<table class=\"w-fit min-w-(--thread-content-width)\" data-start=\"1342\" data-end=\"1757\">\n<thead data-start=\"1342\" data-end=\"1366\">\n<tr data-start=\"1342\" data-end=\"1366\">\n<th class=\"\" data-start=\"1342\" data-end=\"1349\" data-col-size=\"sm\">Objet<\/th>\n<th class=\"\" data-start=\"1349\" data-end=\"1366\" data-col-size=\"sm\">Sp\u00e9cifications<\/th>\n<\/tr>\n<\/thead>\n<tbody data-start=\"1393\" data-end=\"1757\">\n<tr data-start=\"1393\" data-end=\"1436\">\n<td data-start=\"1393\" data-end=\"1406\" data-col-size=\"sm\">Type de fibre<\/td>\n<td data-start=\"1406\" data-end=\"1436\" data-col-size=\"sm\">OS2 monomode (9\/125 \u00b5m)<\/td>\n<\/tr>\n<tr data-start=\"1437\" data-end=\"1456\">\n<td data-start=\"1437\" data-end=\"1451\" data-col-size=\"sm\">Nombre de fibres<\/td>\n<td data-start=\"1451\" data-end=\"1456\" data-col-size=\"sm\">8<\/td>\n<\/tr>\n<tr data-start=\"1457\" data-end=\"1494\">\n<td data-start=\"1457\" data-end=\"1473\" data-col-size=\"sm\">Connecteur MPO<\/td>\n<td data-start=\"1473\" data-end=\"1494\" data-col-size=\"sm\">MPO \/ MTP \u00e0 8 fibres<\/td>\n<\/tr>\n<tr data-start=\"1495\" data-end=\"1521\">\n<td data-start=\"1495\" data-end=\"1511\" data-col-size=\"sm\">Connecteurs LC<\/td>\n<td data-start=\"1511\" data-end=\"1521\" data-col-size=\"sm\">8 \u00d7 LC<\/td>\n<\/tr>\n<tr data-start=\"1522\" data-end=\"1567\">\n<td data-start=\"1522\" data-end=\"1546\" data-col-size=\"sm\">Longueurs d'onde de fonctionnement<\/td>\n<td data-start=\"1546\" data-end=\"1567\" data-col-size=\"sm\">1310 nm \/ 1550 nm<\/td>\n<\/tr>\n<tr data-start=\"1568\" data-end=\"1616\">\n<td data-start=\"1568\" data-end=\"1585\" data-col-size=\"sm\">Perte d'insertion<\/td>\n<td data-start=\"1585\" data-end=\"1616\" data-col-size=\"sm\">MPO \u2264 0,35 dB, LC \u2264 0,30 dB<\/td>\n<\/tr>\n<tr data-start=\"1617\" data-end=\"1642\">\n<td data-start=\"1617\" data-end=\"1631\" data-col-size=\"sm\">Perte de retour<\/td>\n<td data-start=\"1631\" data-end=\"1642\" data-col-size=\"sm\">\u2265 50 dB<\/td>\n<\/tr>\n<tr data-start=\"1643\" data-end=\"1673\">\n<td data-start=\"1643\" data-end=\"1658\" data-col-size=\"sm\">Gaine du c\u00e2ble<\/td>\n<td data-start=\"1658\" data-end=\"1673\" data-col-size=\"sm\">LSZH ou PVC<\/td>\n<\/tr>\n<tr data-start=\"1674\" data-end=\"1718\">\n<td data-start=\"1674\" data-end=\"1698\" data-col-size=\"sm\">Temp\u00e9rature de fonctionnement<\/td>\n<td data-start=\"1698\" data-end=\"1718\" data-col-size=\"sm\">De -10 \u00b0C \u00e0 +70 \u00b0C<\/td>\n<\/tr>\n<tr data-start=\"1719\" data-end=\"1757\">\n<td data-start=\"1719\" data-end=\"1732\" data-col-size=\"sm\">Conformit\u00e9<\/td>\n<td data-start=\"1732\" data-end=\"1757\" data-col-size=\"sm\">IEC, TIA, RoHS, REACH<\/td>\n<\/tr>\n<\/tbody>\n<\/table>\n<\/div>\n<\/div>\n<hr data-start=\"1759\" data-end=\"1762\" \/>\n<h3 data-start=\"1764\" data-end=\"1801\"><strong data-start=\"1768\" data-end=\"1801\">Domaines d'application de MPO-LC-SM-8Core<\/strong><\/h3>\n<p data-start=\"1803\" data-end=\"1836\">Ce c\u00e2ble est largement d\u00e9ploy\u00e9 dans les :<\/p>\n<ul data-start=\"1838\" data-end=\"2047\">\n<li data-start=\"1838\" data-end=\"1882\">\n<p data-start=\"1840\" data-end=\"1882\"><strong data-start=\"1840\" data-end=\"1880\">Architectures de centres de donn\u00e9es en forme d'\u00e9pine dorsale<\/strong><\/p>\n<\/li>\n<li data-start=\"1883\" data-end=\"1921\">\n<p data-start=\"1885\" data-end=\"1921\"><strong data-start=\"1885\" data-end=\"1919\">Interconnexion des centres de donn\u00e9es (DCI)<\/strong><\/p>\n<\/li>\n<li data-start=\"1922\" data-end=\"1956\">\n<p data-start=\"1924\" data-end=\"1956\"><strong data-start=\"1924\" data-end=\"1954\">R\u00e9seaux de t\u00e9l\u00e9communications et m\u00e9tropolitains<\/strong><\/p>\n<\/li>\n<li data-start=\"1957\" data-end=\"2000\">\n<p data-start=\"1959\" data-end=\"2000\"><strong data-start=\"1959\" data-end=\"1998\">D\u00e9ploiement de commutateurs monomodes 400G<\/strong><\/p>\n<\/li>\n<li data-start=\"2001\" data-end=\"2047\">\n<p data-start=\"2003\" data-end=\"2047\"><strong data-start=\"2003\" data-end=\"2047\">R\u00e9partiteurs optiques \u00e0 haute densit\u00e9<\/strong><\/p>\n<\/li>\n<\/ul>\n<hr data-start=\"2456\" data-end=\"2459\" \/>\n<h2 data-start=\"2461\" data-end=\"2484\"><strong data-start=\"2464\" data-end=\"2484\">Questions et r\u00e9ponses professionnelles<\/strong><\/h2>\n<p data-start=\"2486\" data-end=\"2653\"><strong data-start=\"2486\" data-end=\"2548\">Q1 : Ce c\u00e2ble est-il adapt\u00e9 \u00e0 la transmission sur de longues distances ?<\/strong><br data-start=\"2548\" data-end=\"2551\" \/>Oui. La fibre monomode OS2 supporte des distances de <strong data-start=\"2600\" data-end=\"2622\">plusieurs kilom\u00e8tres<\/strong>, selon l'\u00e9metteur-r\u00e9cepteur.<\/p>\n<p data-start=\"2655\" data-end=\"2777\"><strong data-start=\"2655\" data-end=\"2696\">Q2 : Peut-on l'utiliser avec des modules 400G ?<\/strong><br data-start=\"2696\" data-end=\"2699\" \/>Oui, il fonctionne avec <strong data-start=\"2718\" data-end=\"2739\">400G DR4 et PSM4<\/strong> optiques \u00e0 l'aide de connexions LC breakout.<\/p>\n<p data-start=\"2779\" data-end=\"2966\"><strong data-start=\"2779\" data-end=\"2844\">Q3 : Quel est l'avantage de MPO to LC au lieu de MPO to MPO ?<\/strong><br data-start=\"2844\" data-end=\"2847\" \/>MPO-LC vous permet de vous connecter directement \u00e0 <strong data-start=\"2888\" data-end=\"2933\">\u00e9metteurs-r\u00e9cepteurs et panneaux LC standard<\/strong> sans c\u00e2bles de conversion suppl\u00e9mentaires.<\/p>\n<p data-start=\"2968\" data-end=\"3089\"><strong data-start=\"2968\" data-end=\"3003\">Q4 : La polarit\u00e9 peut-elle \u00eatre personnalis\u00e9e ?<\/strong><br data-start=\"3003\" data-end=\"3006\" \/>Oui. Les types de polarit\u00e9 MPO (A, B ou C) peuvent \u00eatre sp\u00e9cifi\u00e9s pour s'adapter \u00e0 la conception de votre r\u00e9seau.<\/p>","protected":false},"excerpt":{"rendered":"<p data-start=\"72\" data-end=\"389\">Le <strong data-start=\"76\" data-end=\"95\">MPO-LC-SM-8Core<\/strong> est une haute densit\u00e9 <strong data-start=\"114\" data-end=\"153\">solution d'\u00e9clatement de la fibre monomode<\/strong> con\u00e7u pour les centres de donn\u00e9es modernes, les backbones de t\u00e9l\u00e9communications et les interconnexions cloud. Construit avec <strong data-start=\"245\" data-end=\"267\">OS2 9\/125 \u00b5m fibre<\/strong>, Il offre une att\u00e9nuation ultra-faible et une transmission longue distance tout en conservant un facteur de forme compact et adapt\u00e9 aux racks.<\/p>\n<p data-start=\"391\" data-end=\"625\">Un <strong data-start=\"395\" data-end=\"420\">Connecteur MPO 8 fibres<\/strong> sur le c\u00f4t\u00e9 du coffre s'ouvre en \u00e9ventail sur le c\u00f4t\u00e9 du coffre. <strong data-start=\"453\" data-end=\"487\">huit connecteurs LC individuels<\/strong>, vous permet d'\u00eatre directement compatible avec les <strong data-start=\"526\" data-end=\"574\">Optique monomode QSFP-DD, QSFP28 et SFP+<\/strong> sans qu'il soit n\u00e9cessaire d'ajouter du mat\u00e9riel de d\u00e9connexion.<\/p>","protected":false},"featured_media":567,"comment_status":"open","ping_status":"closed","template":"","meta":[],"product_brand":[],"product_cat":[42],"product_tag":[],"class_list":{"0":"post-566","1":"product","2":"type-product","3":"status-publish","4":"has-post-thumbnail","6":"product_cat-mpo-mtp-fiber-optic-patch-cord","8":"first","9":"instock","10":"shipping-taxable","11":"product-type-simple"},"_links":{"self":[{"href":"https:\/\/www.fenxifiber.com\/fr\/wp-json\/wp\/v2\/product\/566","targetHints":{"allow":["GET"]}}],"collection":[{"href":"https:\/\/www.fenxifiber.com\/fr\/wp-json\/wp\/v2\/product"}],"about":[{"href":"https:\/\/www.fenxifiber.com\/fr\/wp-json\/wp\/v2\/types\/product"}],"replies":[{"embeddable":true,"href":"https:\/\/www.fenxifiber.com\/fr\/wp-json\/wp\/v2\/comments?post=566"}],"wp:featuredmedia":[{"embeddable":true,"href":"https:\/\/www.fenxifiber.com\/fr\/wp-json\/wp\/v2\/media\/567"}],"wp:attachment":[{"href":"https:\/\/www.fenxifiber.com\/fr\/wp-json\/wp\/v2\/media?parent=566"}],"wp:term":[{"taxonomy":"product_brand","embeddable":true,"href":"https:\/\/www.fenxifiber.com\/fr\/wp-json\/wp\/v2\/product_brand?post=566"},{"taxonomy":"product_cat","embeddable":true,"href":"https:\/\/www.fenxifiber.com\/fr\/wp-json\/wp\/v2\/product_cat?post=566"},{"taxonomy":"product_tag","embeddable":true,"href":"https:\/\/www.fenxifiber.com\/fr\/wp-json\/wp\/v2\/product_tag?post=566"}],"curies":[{"name":"wp","href":"https:\/\/api.w.org\/{rel}","templated":true}]}}