{"id":568,"date":"2026-02-03T02:04:37","date_gmt":"2026-02-03T02:04:37","guid":{"rendered":"https:\/\/www.fenxifiber.com\/?post_type=product&#038;p=568"},"modified":"2026-02-04T01:18:57","modified_gmt":"2026-02-04T01:18:57","slug":"mpo-lc-3m-12core","status":"publish","type":"product","link":"https:\/\/www.fenxifiber.com\/fr\/product\/mpo-lc-3m-12core\/","title":{"rendered":"MPO-LC-3M-12Core - C\u00e2ble \u00e0 courte port\u00e9e MPO vers LC en \u00e9ventail"},"content":{"rendered":"<h3 data-start=\"620\" data-end=\"656\"><strong data-start=\"624\" data-end=\"656\">Ce pour quoi ce c\u00e2ble a \u00e9t\u00e9 con\u00e7u<\/strong><\/h3>\n<p data-start=\"658\" data-end=\"776\">Le MPO-LC-3M-12Core n'est pas seulement une question de nombre de fibres - il s'agit de <strong data-start=\"722\" data-end=\"751\">routage optique efficace<\/strong> dans des environnements encombr\u00e9s :<\/p>\n<ul data-start=\"778\" data-end=\"1262\">\n<li data-start=\"778\" data-end=\"929\">\n<p data-start=\"780\" data-end=\"929\"><strong data-start=\"780\" data-end=\"808\">Longueur optimis\u00e9e de 3 m\u00e8tres<\/strong><br data-start=\"808\" data-end=\"811\" \/>Suffisamment long pour les connexions de rack \u00e0 rack ou d'\u00e9tag\u00e8re \u00e0 commutateur, suffisamment court pour \u00e9viter le rel\u00e2chement des c\u00e2bles et l'obstruction des flux d'air.<\/p>\n<\/li>\n<li data-start=\"931\" data-end=\"1053\">\n<p data-start=\"933\" data-end=\"1053\"><strong data-start=\"933\" data-end=\"982\">Transition entre le r\u00e9seau f\u00e9d\u00e9rateur \u00e0 haute densit\u00e9 et l'\u00e9quipement<\/strong><br data-start=\"982\" data-end=\"985\" \/>Un tronc MPO alimente douze ports LC, r\u00e9duisant ainsi l'encombrement du panneau de brassage.<\/p>\n<\/li>\n<li data-start=\"1055\" data-end=\"1156\">\n<p data-start=\"1057\" data-end=\"1156\"><strong data-start=\"1057\" data-end=\"1076\">D\u00e9ploiement rapide<\/strong><br data-start=\"1076\" data-end=\"1079\" \/>Termin\u00e9 et test\u00e9 en usine, aucun polissage ou \u00e9pissage sur le terrain n'est n\u00e9cessaire.<\/p>\n<\/li>\n<li data-start=\"1158\" data-end=\"1262\">\n<p data-start=\"1160\" data-end=\"1262\"><strong data-start=\"1160\" data-end=\"1190\">Performance optique stable<\/strong><br data-start=\"1190\" data-end=\"1193\" \/>Con\u00e7u pour maintenir une faible perte d'insertion sur les douze canaux.<\/p>\n<\/li>\n<\/ul>\n<hr data-start=\"1264\" data-end=\"1267\" \/>\n<h3 data-start=\"1269\" data-end=\"1299\"><strong data-start=\"1273\" data-end=\"1299\">D\u00e9tails techniques de base<\/strong><\/h3>\n<div class=\"TyagGW_tableContainer\">\n<div class=\"group TyagGW_tableWrapper flex flex-col-reverse w-fit\" tabindex=\"-1\">\n<table class=\"w-fit min-w-(--thread-content-width)\" data-start=\"1301\" data-end=\"1687\">\n<thead data-start=\"1301\" data-end=\"1328\">\n<tr data-start=\"1301\" data-end=\"1328\">\n<th class=\"\" data-start=\"1301\" data-end=\"1308\" data-col-size=\"sm\">Objet<\/th>\n<th class=\"\" data-start=\"1308\" data-end=\"1328\" data-col-size=\"md\">MPO-LC-3M-12Core<\/th>\n<\/tr>\n<\/thead>\n<tbody data-start=\"1355\" data-end=\"1687\">\n<tr data-start=\"1355\" data-end=\"1382\">\n<td data-start=\"1355\" data-end=\"1370\" data-col-size=\"sm\">Longueur du c\u00e2ble<\/td>\n<td data-start=\"1370\" data-end=\"1382\" data-col-size=\"md\">3 m\u00e8tres<\/td>\n<\/tr>\n<tr data-start=\"1383\" data-end=\"1403\">\n<td data-start=\"1383\" data-end=\"1397\" data-col-size=\"sm\">Nombre de fibres<\/td>\n<td data-start=\"1397\" data-end=\"1403\" data-col-size=\"md\">12<\/td>\n<\/tr>\n<tr data-start=\"1404\" data-end=\"1442\">\n<td data-start=\"1404\" data-end=\"1418\" data-col-size=\"sm\">Connecteur A<\/td>\n<td data-start=\"1418\" data-end=\"1442\" data-col-size=\"md\">MPO \/ MTP (12 fibres)<\/td>\n<\/tr>\n<tr data-start=\"1443\" data-end=\"1468\">\n<td data-start=\"1443\" data-end=\"1457\" data-col-size=\"sm\">Connecteur B<\/td>\n<td data-start=\"1457\" data-end=\"1468\" data-col-size=\"md\">12 \u00d7 LC<\/td>\n<\/tr>\n<tr data-start=\"1469\" data-end=\"1535\">\n<td data-start=\"1469\" data-end=\"1482\" data-col-size=\"sm\">Type de fibre<\/td>\n<td data-start=\"1482\" data-end=\"1535\" data-col-size=\"md\">Multimode OM3 \/ OM4 ou monomode OS2 (en option)<\/td>\n<\/tr>\n<tr data-start=\"1536\" data-end=\"1584\">\n<td data-start=\"1536\" data-end=\"1553\" data-col-size=\"sm\">Perte d'insertion<\/td>\n<td data-start=\"1553\" data-end=\"1584\" data-col-size=\"md\">MPO \u2264 0,35 dB, LC \u2264 0,30 dB<\/td>\n<\/tr>\n<tr data-start=\"1585\" data-end=\"1609\">\n<td data-start=\"1585\" data-end=\"1594\" data-col-size=\"sm\">Veste<\/td>\n<td data-start=\"1594\" data-end=\"1609\" data-col-size=\"md\">LSZH ou PVC<\/td>\n<\/tr>\n<tr data-start=\"1610\" data-end=\"1648\">\n<td data-start=\"1610\" data-end=\"1628\" data-col-size=\"sm\">Temp. de fonctionnement.<\/td>\n<td data-col-size=\"md\" data-start=\"1628\" data-end=\"1648\">De -10 \u00b0C \u00e0 +70 \u00b0C<\/td>\n<\/tr>\n<tr data-start=\"1649\" data-end=\"1687\">\n<td data-start=\"1649\" data-end=\"1662\" data-col-size=\"sm\">Conformit\u00e9<\/td>\n<td data-col-size=\"md\" data-start=\"1662\" data-end=\"1687\">IEC, TIA, RoHS, REACH<\/td>\n<\/tr>\n<\/tbody>\n<\/table>\n<\/div>\n<\/div>\n<hr data-start=\"1689\" data-end=\"1692\" \/>\n<h3 data-start=\"1694\" data-end=\"1720\"><strong data-start=\"1698\" data-end=\"1720\">L\u00e0 o\u00f9 il convient le mieux<\/strong><\/h3>\n<p data-start=\"1722\" data-end=\"1751\">Ce c\u00e2ble est largement utilis\u00e9 dans :<\/p>\n<ul data-start=\"1753\" data-end=\"1949\">\n<li data-start=\"1753\" data-end=\"1791\">\n<p data-start=\"1755\" data-end=\"1791\"><strong data-start=\"1755\" data-end=\"1789\">Baies et armoires pour centres de donn\u00e9es<\/strong><\/p>\n<\/li>\n<li data-start=\"1792\" data-end=\"1828\">\n<p data-start=\"1794\" data-end=\"1828\"><strong data-start=\"1794\" data-end=\"1826\">MPO backbone to switch ports<\/strong><\/p>\n<\/li>\n<li data-start=\"1829\" data-end=\"1869\">\n<p data-start=\"1831\" data-end=\"1869\"><strong data-start=\"1831\" data-end=\"1867\">Liens d'interconnexion 40G \/ 100G \/ 400G<\/strong><\/p>\n<\/li>\n<li data-start=\"1870\" data-end=\"1915\">\n<p data-start=\"1872\" data-end=\"1915\"><strong data-start=\"1872\" data-end=\"1913\">Syst\u00e8mes de connexion crois\u00e9e et de panneaux de brassage<\/strong><\/p>\n<\/li>\n<li data-start=\"1916\" data-end=\"1949\">\n<p data-start=\"1918\" data-end=\"1949\"><strong data-start=\"1918\" data-end=\"1949\">Infrastructure de cloud et d'IA<\/strong><\/p>\n<\/li>\n<\/ul>\n<hr data-start=\"1951\" data-end=\"1954\" \/>\n<h3 data-start=\"1956\" data-end=\"1998\"><strong data-start=\"1960\" data-end=\"1998\">Con\u00e7u pour les r\u00e9seaux \u00e0 haute densit\u00e9<\/strong><\/h3>\n<p data-start=\"2000\" data-end=\"2272\">Les r\u00e9seaux \u00e0 haut d\u00e9bit n'ont pas seulement besoin d'une optique rapide, ils ont aussi besoin de <strong data-start=\"2060\" data-end=\"2085\">Acheminement ordonn\u00e9 des fibres<\/strong>. Les <strong data-start=\"2091\" data-end=\"2111\">MPO-LC-3M-12Core<\/strong> permet de maintenir les installations compactes, de minimiser les encombrements et de permettre aux techniciens d'identifier et d'entretenir rapidement les canaux individuels sans toucher \u00e0 l'ossature MPO.<\/p>\n<hr data-start=\"2274\" data-end=\"2277\" \/>\n<h2 data-start=\"2279\" data-end=\"2302\"><strong data-start=\"2282\" data-end=\"2302\">Questions et r\u00e9ponses professionnelles<\/strong><\/h2>\n<p data-start=\"2304\" data-end=\"2467\"><strong data-start=\"2304\" data-end=\"2353\">Q1 : 3 m\u00e8tres conviennent-ils pour une utilisation dans un centre de donn\u00e9es ?<\/strong><br data-start=\"2353\" data-end=\"2356\" \/>Oui. 3 m est l'une des longueurs de brassage les plus courantes, id\u00e9ale pour les connexions de rack \u00e0 rack et d'armoire \u00e0 armoire.<\/p>\n<p data-start=\"2469\" data-end=\"2642\"><strong data-start=\"2469\" data-end=\"2520\">Q2 : Ce c\u00e2ble peut-il supporter des liaisons 100G et 400G ?<\/strong><br data-start=\"2520\" data-end=\"2523\" \/>Oui. Lorsqu'il est associ\u00e9 aux bons \u00e9metteurs-r\u00e9cepteurs MPO et LC, il prend en charge les \u00e9l\u00e9ments suivants <strong data-start=\"2600\" data-end=\"2641\">les r\u00e9seaux 100G et 400G \u00e0 optique parall\u00e8le<\/strong>.<\/p>\n<p data-start=\"2644\" data-end=\"2813\"><strong data-start=\"2644\" data-end=\"2701\">Q3 : Fonctionne-t-il avec la fibre OM4 et la fibre monomode ?<\/strong><br data-start=\"2701\" data-end=\"2704\" \/>Oui. Le MPO-LC-3M-12Core peut \u00eatre fourni en <strong data-start=\"2749\" data-end=\"2781\">OM3, OM4 ou OS2 monomode<\/strong>, en fonction de votre demande.<\/p>\n<p data-start=\"2815\" data-end=\"2971\"><strong data-start=\"2815\" data-end=\"2861\">Q4 : Dois-je me pr\u00e9occuper de la polarit\u00e9 du MPO ?<\/strong><br data-start=\"2861\" data-end=\"2864\" \/>Oui. La polarit\u00e9 (type A, B ou C) doit \u00eatre s\u00e9lectionn\u00e9e pour s'assurer que les fibres de transmission et de r\u00e9ception s'alignent correctement.<\/p>","protected":false},"excerpt":{"rendered":"<p data-start=\"64\" data-end=\"472\">Con\u00e7ue pour des connexions propres et efficaces de rack \u00e0 rack et de plateau \u00e0 appareil, la gamme de produits <strong data-start=\"143\" data-end=\"163\">MPO-LC-3M-12Core<\/strong> est un <strong data-start=\"169\" data-end=\"211\">C\u00e2ble fibre de 3 m\u00e8tres MPO \u00e0 LC<\/strong> con\u00e7u pour les centres de donn\u00e9es \u00e0 haute densit\u00e9 et les r\u00e9seaux d'entreprise. Avec un seul <strong data-start=\"287\" data-end=\"313\">Connecteur MPO 12 fibres<\/strong> d'un c\u00f4t\u00e9 et <strong data-start=\"329\" data-end=\"353\">douze connecteurs LC<\/strong> d'autre part, il convertit le c\u00e2blage compact du backbone en ports LC faciles \u00e0 utiliser sans sacrifier la performance ou l'espace.<\/p>\n<p data-start=\"474\" data-end=\"613\">Cette longueur est id\u00e9ale pour <strong data-start=\"499\" data-end=\"553\">le rapi\u00e9\u00e7age \u00e0 l'int\u00e9rieur de l'armoire, d'une rang\u00e9e \u00e0 l'autre, et le rapi\u00e9\u00e7age transversal<\/strong>, Le syst\u00e8me d'alimentation en eau est un syst\u00e8me de contr\u00f4le de la qualit\u00e9 qui permet de garder les c\u00e2bles propres tout en pr\u00e9servant l'int\u00e9grit\u00e9 du signal.<\/p>","protected":false},"featured_media":569,"comment_status":"open","ping_status":"closed","template":"","meta":[],"product_brand":[],"product_cat":[42],"product_tag":[],"class_list":{"0":"post-568","1":"product","2":"type-product","3":"status-publish","4":"has-post-thumbnail","6":"product_cat-mpo-mtp-fiber-optic-patch-cord","8":"first","9":"instock","10":"shipping-taxable","11":"product-type-simple"},"_links":{"self":[{"href":"https:\/\/www.fenxifiber.com\/fr\/wp-json\/wp\/v2\/product\/568","targetHints":{"allow":["GET"]}}],"collection":[{"href":"https:\/\/www.fenxifiber.com\/fr\/wp-json\/wp\/v2\/product"}],"about":[{"href":"https:\/\/www.fenxifiber.com\/fr\/wp-json\/wp\/v2\/types\/product"}],"replies":[{"embeddable":true,"href":"https:\/\/www.fenxifiber.com\/fr\/wp-json\/wp\/v2\/comments?post=568"}],"wp:featuredmedia":[{"embeddable":true,"href":"https:\/\/www.fenxifiber.com\/fr\/wp-json\/wp\/v2\/media\/569"}],"wp:attachment":[{"href":"https:\/\/www.fenxifiber.com\/fr\/wp-json\/wp\/v2\/media?parent=568"}],"wp:term":[{"taxonomy":"product_brand","embeddable":true,"href":"https:\/\/www.fenxifiber.com\/fr\/wp-json\/wp\/v2\/product_brand?post=568"},{"taxonomy":"product_cat","embeddable":true,"href":"https:\/\/www.fenxifiber.com\/fr\/wp-json\/wp\/v2\/product_cat?post=568"},{"taxonomy":"product_tag","embeddable":true,"href":"https:\/\/www.fenxifiber.com\/fr\/wp-json\/wp\/v2\/product_tag?post=568"}],"curies":[{"name":"wp","href":"https:\/\/api.w.org\/{rel}","templated":true}]}}