{"id":570,"date":"2026-02-03T02:14:20","date_gmt":"2026-02-03T02:14:20","guid":{"rendered":"https:\/\/www.fenxifiber.com\/?post_type=product&#038;p=570"},"modified":"2026-02-04T00:10:03","modified_gmt":"2026-02-04T00:10:03","slug":"fc-apc-12-core-single-mode-fiber-pigtail","status":"publish","type":"product","link":"https:\/\/www.fenxifiber.com\/fr\/product\/fc-apc-12-core-single-mode-fiber-pigtail\/","title":{"rendered":"FC\/APC 12-Core Single-Mode Fiber Pigtail"},"content":{"rendered":"<h2>Caract\u00e9ristiques principales<\/h2>\n<h3>1. Excellente r\u00e9p\u00e9tabilit\u00e9 et grande stabilit\u00e9<\/h3>\n<ul>\n<li>\n<p class=\"ds-markdown-paragraph\">Fabriqu\u00e9s \u00e0 partir de nouveaux mat\u00e9riaux respectueux de l'environnement et r\u00e9sistants aux hautes temp\u00e9ratures, ils sont durables, ind\u00e9formables, incassables et ne s'effilochent pas.<\/p>\n<\/li>\n<li>\n<p class=\"ds-markdown-paragraph\">Ils sont produits selon des processus normalis\u00e9s enti\u00e8rement automatis\u00e9s afin de minimiser les interventions manuelles, ce qui garantit une qualit\u00e9 et une fiabilit\u00e9 constantes.<\/p>\n<\/li>\n<\/ul>\n<h3>2. Faible perte d'insertion et stabilit\u00e9 sup\u00e9rieure<\/h3>\n<ul>\n<li>\n<p class=\"ds-markdown-paragraph\">\u00c9quip\u00e9s de viroles de haute qualit\u00e9 qui offrent une fiabilit\u00e9, une stabilit\u00e9, une concentricit\u00e9 et une pr\u00e9cision dimensionnelle excellentes.<\/p>\n<\/li>\n<li>\n<p class=\"ds-markdown-paragraph\">Garantit des performances optiques stables et l'int\u00e9grit\u00e9 de la connexion \u00e0 long terme.<\/p>\n<\/li>\n<\/ul>\n<h3>3. C\u0153ur de fibre monomode haute performance<\/h3>\n<ul>\n<li>\n<p class=\"ds-markdown-paragraph\">Utilise des c\u0153urs de fibre monomode import\u00e9s de haute qualit\u00e9.<\/p>\n<\/li>\n<li>\n<p class=\"ds-markdown-paragraph\">Chaque unit\u00e9 est soumise \u00e0 un test 100% strict avant d'\u00eatre livr\u00e9e.<\/p>\n<\/li>\n<li>\n<p class=\"ds-markdown-paragraph\">Largement reconnu et salu\u00e9 par les professionnels de l'ing\u00e9nierie et des r\u00e9seaux.<\/p>\n<\/li>\n<li>\n<p class=\"ds-markdown-paragraph\">Le choix id\u00e9al pour la connectivit\u00e9 FTTH et les liaisons de donn\u00e9es.<\/p>\n<\/li>\n<\/ul>\n<h2>Sp\u00e9cifications techniques<\/h2>\n<div class=\"ds-scroll-area _1210dd7 c03cafe9\">\n<table>\n<thead>\n<tr>\n<th>Param\u00e8tres<\/th>\n<th>Sp\u00e9cifications<\/th>\n<\/tr>\n<\/thead>\n<tbody>\n<tr>\n<td>Nom du produit<\/td>\n<td>Fil de cuivre \u00e0 12 fils<\/td>\n<\/tr>\n<tr>\n<td>Type de connecteur<\/td>\n<td>FC\/APC (\u00e9galement disponible en SC\/UPC, SC\/APC, FC\/UPC, LC\/UPC, LC\/APC, ST\/UPC)<\/td>\n<\/tr>\n<tr>\n<td>Type de fibre<\/td>\n<td>monomode (SM)<\/td>\n<\/tr>\n<tr>\n<td>Couleur<\/td>\n<td>Jaune<\/td>\n<\/tr>\n<tr>\n<td>Longueur d'onde de fonctionnement<\/td>\n<td>1310 nm, 1490 nm, 1550 nm<\/td>\n<\/tr>\n<tr>\n<td>Perte d'insertion<\/td>\n<td>&lt; 0,3 dB<\/td>\n<\/tr>\n<tr>\n<td>Perte de retour<\/td>\n<td>&gt; 40 dB (APC)<\/td>\n<\/tr>\n<tr>\n<td>Durabilit\u00e9<\/td>\n<td>\u2265 1000 cycles d'accouplement<\/td>\n<\/tr>\n<tr>\n<td>Mat\u00e9riau du c\u00e2ble<\/td>\n<td>LSZH (Low Smoke Zero Halogen)<\/td>\n<\/tr>\n<tr>\n<td>R\u00e9sistance \u00e0 la traction<\/td>\n<td>Conforme aux exigences des normes industrielles<\/td>\n<\/tr>\n<tr>\n<td>Largeur de bande<\/td>\n<td>\u00b1 40 nm<\/td>\n<\/tr>\n<\/tbody>\n<\/table>\n<\/div>\n<h2>Applications<\/h2>\n<ul>\n<li>\n<p class=\"ds-markdown-paragraph\">R\u00e9partiteurs de fibres optiques<\/p>\n<\/li>\n<li>\n<p class=\"ds-markdown-paragraph\">Terminaux de ligne optique (OLT) et unit\u00e9s de r\u00e9seau optique (ONU)<\/p>\n<\/li>\n<li>\n<p class=\"ds-markdown-paragraph\">Interconnexions de centres de donn\u00e9es<\/p>\n<\/li>\n<li>\n<p class=\"ds-markdown-paragraph\">R\u00e9seaux f\u00e9d\u00e9rateurs de t\u00e9l\u00e9communications<\/p>\n<\/li>\n<li>\n<p class=\"ds-markdown-paragraph\">Syst\u00e8mes CATV et de radiodiffusion<\/p>\n<\/li>\n<li>\n<p class=\"ds-markdown-paragraph\">Installations d'essai et de mesure<\/p>\n<\/li>\n<\/ul>\n<hr \/>\n<h2>Questions et r\u00e9ponses professionnelles<\/h2>\n<p class=\"ds-markdown-paragraph\"><strong>Q1 : Pour quelles applications le pigtail FC\/APC 12-core single-mode fiber convient-il le mieux ?<\/strong><br \/>\n<strong>A :<\/strong>\u00a0Il est id\u00e9alement utilis\u00e9 dans les d\u00e9ploiements FTTH, les terminaisons des bureaux centraux et les panneaux de raccordement \u00e0 haute densit\u00e9 o\u00f9 une faible perte d'insertion et une perte de retour \u00e9lev\u00e9e sont essentielles. Le connecteur APC (Angled Physical Contact) est particuli\u00e8rement utile pour la transmission vid\u00e9o analogique et les syst\u00e8mes RF sur fibre en raison de sa r\u00e9flexion arri\u00e8re r\u00e9duite.<\/p>\n<p class=\"ds-markdown-paragraph\"><strong>Q2 : Pourquoi choisir FC\/APC plut\u00f4t que FC\/UPC pour les applications monomodes ?<\/strong><br \/>\n<strong>A :<\/strong>\u00a0Les connecteurs FC\/APC sont dot\u00e9s d'une face d'extr\u00e9mit\u00e9 inclin\u00e9e \u00e0 8 degr\u00e9s, qui r\u00e9duit la r\u00e9flexion arri\u00e8re \u00e0 &gt;40 dB, contre &gt;30 dB pour l'UPC. L'APC est donc pr\u00e9f\u00e9rable pour les syst\u00e8mes de haute pr\u00e9cision tels que le GPON, le CATV et le multiplexage par r\u00e9partition en longueur d'onde (WDM), o\u00f9 la r\u00e9flexion peut avoir un impact sur la qualit\u00e9 du signal.<\/p>\n<p class=\"ds-markdown-paragraph\"><strong>Q3 : Comment la fiabilit\u00e9 \u00e0 long terme de ces pigtails est-elle assur\u00e9e ?<\/strong><br \/>\n<strong>A :<\/strong>\u00a0Gr\u00e2ce \u00e0 une production enti\u00e8rement automatis\u00e9e, \u00e0 une gaine LSZH de haute qualit\u00e9 et \u00e0 des tests 100% avant livraison - comprenant la perte d'insertion, la perte de retour et les contr\u00f4les d'endurance - chaque unit\u00e9 garantit des performances constantes sur \u22651000 cycles d'accouplement et dans des conditions environnementales variables.<\/p>\n<p class=\"ds-markdown-paragraph\"><strong>Q4 : Ces pigtails sont-ils conformes aux normes industrielles actuelles ?<\/strong><br \/>\n<strong>A :<\/strong>\u00a0Oui, ils sont conformes aux normes IEC 61754-13, Telcordia GR-326 et ISO\/IEC 11801, ce qui garantit l'interop\u00e9rabilit\u00e9 et la coh\u00e9rence des performances dans les r\u00e9seaux optiques modernes.<\/p>\n<p class=\"ds-markdown-paragraph\"><strong>Q5 : Quels sont les \u00e9l\u00e9ments \u00e0 prendre en compte lors de l'installation pour maintenir les performances ?<\/strong><br \/>\n<strong>A :<\/strong>\u00a0Il faut toujours nettoyer les extr\u00e9mit\u00e9s des connecteurs APC \u00e0 l'aide de nettoyants pour fibres optiques approuv\u00e9s, \u00e9viter de les plier au-del\u00e0 du rayon de courbure minimal (g\u00e9n\u00e9ralement 30 mm) et veiller \u00e0 une d\u00e9charge de traction ad\u00e9quate lors de la gestion des c\u00e2bles afin d'\u00e9viter toute contrainte de traction sur les fibres.<\/p>","protected":false},"excerpt":{"rendered":"<h2>Vue d'ensemble<\/h2>\n<p class=\"ds-markdown-paragraph\">Le FC\/APC 12-core Single-Mode Fiber Pigtail est une solution de connectivit\u00e9 haute performance et fiable con\u00e7ue pour la fibre optique jusqu'\u00e0 la maison (FTTH), les centres de donn\u00e9es, les r\u00e9seaux de t\u00e9l\u00e9communication et les syst\u00e8mes de c\u00e2blage d'entreprise. Il appartient \u00e0 la cat\u00e9gorie\u00a0<strong>Cordon de raccordement pour fibre optique<\/strong>\u00a0notamment dans le cadre de la cat\u00e9gorie\u00a0<strong>Fil de cuivre \u00e0 12 fils<\/strong>\u00a0sous-cat\u00e9gorie. Ce produit assure une transmission stable du signal avec une faible perte d'insertion et une perte de retour \u00e9lev\u00e9e, ce qui le rend id\u00e9al pour les donn\u00e9es \u00e0 haut d\u00e9bit et les applications de r\u00e9seaux optiques.<\/p>","protected":false},"featured_media":632,"comment_status":"open","ping_status":"closed","template":"","meta":[],"product_brand":[],"product_cat":[43],"product_tag":[],"class_list":{"0":"post-570","1":"product","2":"type-product","3":"status-publish","4":"has-post-thumbnail","6":"product_cat-12-core-fiber-pigtail","8":"first","9":"instock","10":"shipping-taxable","11":"product-type-simple"},"_links":{"self":[{"href":"https:\/\/www.fenxifiber.com\/fr\/wp-json\/wp\/v2\/product\/570","targetHints":{"allow":["GET"]}}],"collection":[{"href":"https:\/\/www.fenxifiber.com\/fr\/wp-json\/wp\/v2\/product"}],"about":[{"href":"https:\/\/www.fenxifiber.com\/fr\/wp-json\/wp\/v2\/types\/product"}],"replies":[{"embeddable":true,"href":"https:\/\/www.fenxifiber.com\/fr\/wp-json\/wp\/v2\/comments?post=570"}],"wp:featuredmedia":[{"embeddable":true,"href":"https:\/\/www.fenxifiber.com\/fr\/wp-json\/wp\/v2\/media\/632"}],"wp:attachment":[{"href":"https:\/\/www.fenxifiber.com\/fr\/wp-json\/wp\/v2\/media?parent=570"}],"wp:term":[{"taxonomy":"product_brand","embeddable":true,"href":"https:\/\/www.fenxifiber.com\/fr\/wp-json\/wp\/v2\/product_brand?post=570"},{"taxonomy":"product_cat","embeddable":true,"href":"https:\/\/www.fenxifiber.com\/fr\/wp-json\/wp\/v2\/product_cat?post=570"},{"taxonomy":"product_tag","embeddable":true,"href":"https:\/\/www.fenxifiber.com\/fr\/wp-json\/wp\/v2\/product_tag?post=570"}],"curies":[{"name":"wp","href":"https:\/\/api.w.org\/{rel}","templated":true}]}}