{"id":572,"date":"2026-02-03T02:16:53","date_gmt":"2026-02-03T02:16:53","guid":{"rendered":"https:\/\/www.fenxifiber.com\/?post_type=product&#038;p=572"},"modified":"2026-02-04T00:14:10","modified_gmt":"2026-02-04T00:14:10","slug":"fc-upc-12-core-single-mode-fiber-pigtail","status":"publish","type":"product","link":"https:\/\/www.fenxifiber.com\/fr\/product\/fc-upc-12-core-single-mode-fiber-pigtail\/","title":{"rendered":"FC\/UPC 12-Core Single-Mode Fiber Pigtail"},"content":{"rendered":"<h2>Caract\u00e9ristiques principales<\/h2>\n<h3>1. Coh\u00e9rence sup\u00e9rieure de la fabrication<\/h3>\n<ul>\n<li>\n<p class=\"ds-markdown-paragraph\">Construit avec des mat\u00e9riaux avanc\u00e9s, durables et r\u00e9sistants aux facteurs environnementaux et au stress physique.<\/p>\n<\/li>\n<li>\n<p class=\"ds-markdown-paragraph\">Les processus de fabrication automatis\u00e9s garantissent la pr\u00e9cision des dimensions et la r\u00e9p\u00e9tabilit\u00e9 des performances.<\/p>\n<\/li>\n<li>\n<p class=\"ds-markdown-paragraph\">La r\u00e9duction des manipulations manuelles minimise la contamination et les variations de qualit\u00e9.<\/p>\n<\/li>\n<\/ul>\n<h3>2. Am\u00e9lioration des performances optiques<\/h3>\n<ul>\n<li>\n<p class=\"ds-markdown-paragraph\">Le polissage UPC de pr\u00e9cision permet une faible perte d'insertion et une transmission stable du signal.<\/p>\n<\/li>\n<li>\n<p class=\"ds-markdown-paragraph\">Les bagues en c\u00e9ramique de haute qualit\u00e9 garantissent un alignement pr\u00e9cis et des connexions fiables.<\/p>\n<\/li>\n<li>\n<p class=\"ds-markdown-paragraph\">Performances constantes sur les 12 canaux pour les applications parall\u00e8les<\/p>\n<\/li>\n<\/ul>\n<h3>3. Performance monomode de premi\u00e8re qualit\u00e9<\/h3>\n<ul>\n<li>\n<p class=\"ds-markdown-paragraph\">Fabriqu\u00e9 avec une fibre monomode conforme \u00e0 la norme G.652.D pour des performances optimales sur plusieurs longueurs d'onde.<\/p>\n<\/li>\n<li>\n<p class=\"ds-markdown-paragraph\">Chaque queue de cochon fait l'objet d'un test optique complet avant d'\u00eatre exp\u00e9di\u00e9e.<\/p>\n<\/li>\n<li>\n<p class=\"ds-markdown-paragraph\">Fiabilit\u00e9 \u00e9prouv\u00e9e dans des installations commerciales et de niveau op\u00e9rateur dans le monde entier<\/p>\n<\/li>\n<\/ul>\n<h2>Sp\u00e9cifications techniques<\/h2>\n<div class=\"ds-scroll-area _1210dd7 c03cafe9\">\n<table>\n<thead>\n<tr>\n<th>Param\u00e8tres<\/th>\n<th>Sp\u00e9cifications<\/th>\n<\/tr>\n<\/thead>\n<tbody>\n<tr>\n<td>Nom du produit<\/td>\n<td>C\u00e2ble de fibre \u00e0 12 fils (FC\/UPC)<\/td>\n<\/tr>\n<tr>\n<td>Type de connecteur<\/td>\n<td>FC\/UPC (\u00e9galement disponible en SC\/UPC, SC\/APC, FC\/APC, LC\/UPC, LC\/APC, ST\/UPC)<\/td>\n<\/tr>\n<tr>\n<td>Type de fibre<\/td>\n<td>monomode (SM), G.652.D<\/td>\n<\/tr>\n<tr>\n<td>Couleur<\/td>\n<td>Jaune<\/td>\n<\/tr>\n<tr>\n<td>Longueur d'onde de fonctionnement<\/td>\n<td>1310 nm, 1490 nm, 1550 nm<\/td>\n<\/tr>\n<tr>\n<td>Perte d'insertion<\/td>\n<td>&lt; 0,2 dB (typique), &lt; 0,3 dB (maximum)<\/td>\n<\/tr>\n<tr>\n<td>Perte de retour<\/td>\n<td>&gt; 50 dB<\/td>\n<\/tr>\n<tr>\n<td>Durabilit\u00e9<\/td>\n<td>\u2265 1000 cycles d'accouplement<\/td>\n<\/tr>\n<tr>\n<td>Mat\u00e9riau du c\u00e2ble<\/td>\n<td>LSZH (Low Smoke Zero Halogen)<\/td>\n<\/tr>\n<tr>\n<td>R\u00e9sistance \u00e0 la traction<\/td>\n<td>&gt; 100 N<\/td>\n<\/tr>\n<tr>\n<td>Temp\u00e9rature de fonctionnement<\/td>\n<td>-40\u00b0C \u00e0 +85\u00b0C<\/td>\n<\/tr>\n<\/tbody>\n<\/table>\n<\/div>\n<h2>Applications<\/h2>\n<ul>\n<li>\n<p class=\"ds-markdown-paragraph\">Interconnexions de centres de donn\u00e9es et c\u00e2blage structur\u00e9<\/p>\n<\/li>\n<li>\n<p class=\"ds-markdown-paragraph\">\u00c9quipement de bureau central de t\u00e9l\u00e9communications<\/p>\n<\/li>\n<li>\n<p class=\"ds-markdown-paragraph\">Points de distribution et n\u0153uds d'agr\u00e9gation FTTx<\/p>\n<\/li>\n<li>\n<p class=\"ds-markdown-paragraph\">R\u00e9seaux f\u00e9d\u00e9rateurs d'entreprises<\/p>\n<\/li>\n<li>\n<p class=\"ds-markdown-paragraph\">Interfaces des \u00e9quipements d'essai et de mesure<\/p>\n<\/li>\n<li>\n<p class=\"ds-markdown-paragraph\">Syst\u00e8mes de radiodiffusion num\u00e9rique et de transmission des m\u00e9dias<\/p>\n<\/li>\n<\/ul>\n<hr \/>\n<h2>Questions et r\u00e9ponses professionnelles<\/h2>\n<p class=\"ds-markdown-paragraph\"><strong>Q1 : Quels sont les principaux avantages des connecteurs FC\/UPC par rapport aux connecteurs FC\/APC dans des applications sp\u00e9cifiques ?<\/strong><br \/>\n<strong>A :<\/strong>\u00a0Les connecteurs FC\/UPC offrent des performances sup\u00e9rieures dans les syst\u00e8mes de communication num\u00e9rique o\u00f9 une faible perte d'insertion est prioritaire par rapport \u00e0 une r\u00e9flexion minimale. Avec une perte de retour typique &gt;50 dB et une perte d'insertion &lt;0,2 dB, ils sont id\u00e9aux pour les liaisons de donn\u00e9es Gigabit Ethernet, 10G-40G-100G, et la transmission vid\u00e9o num\u00e9rique o\u00f9 l&#039;att\u00e9nuation du signal est plus critique que le contr\u00f4le de la r\u00e9flexion.<\/p>\n<p class=\"ds-markdown-paragraph\"><strong>Q2 : Quels sont les avantages de la configuration \u00e0 12 c\u0153urs pour les d\u00e9ploiements de r\u00e9seaux modernes ?<\/strong><br \/>\n<strong>A :<\/strong>\u00a0La conception \u00e0 12 fils permet des installations \u00e0 haute densit\u00e9, r\u00e9duisant l'espace physique requis d'environ 60% par rapport aux pigtails individuels. Cette configuration est particuli\u00e8rement utile dans les centres de donn\u00e9es, les r\u00e9partiteurs de fibres et les installations GPON OLT o\u00f9 la densit\u00e9 des ports et la gestion des c\u00e2bles sont des consid\u00e9rations importantes.<\/p>\n<p class=\"ds-markdown-paragraph\"><strong>Q3 : Quels sont les protocoles de test qui garantissent la qualit\u00e9 de ces connecteurs UPC ?<\/strong><br \/>\n<strong>A :<\/strong>\u00a0Chaque connecteur est soumis \u00e0 un test d'interf\u00e9rom\u00e9trie 3D pour v\u00e9rifier la rugosit\u00e9 de la surface (&lt;20 nm) et le rayon de courbure (10-25 mm). Les tests optiques comprennent la v\u00e9rification de la perte d&#039;insertion TIA-455-107 et la mesure de la perte de retour IEC 61300-3-6. En outre, des essais environnementaux conformes \u00e0 la norme CEI 61300-2-22 permettent de valider les performances en fonction des variations de temp\u00e9rature et des conditions de contrainte m\u00e9canique.<\/p>\n<p class=\"ds-markdown-paragraph\"><strong>Q4 : Ces pigtails peuvent-ils \u00eatre utilis\u00e9s en ext\u00e9rieur ou dans des environnements difficiles ?<\/strong><br \/>\n<strong>A :<\/strong>\u00a0Oui, avec des panneaux de raccordement ou des bo\u00eetiers appropri\u00e9s pour l'ext\u00e9rieur. La gaine LSZH offre une r\u00e9sistance \u00e0 la flamme et une faible toxicit\u00e9, tandis que la temp\u00e9rature nominale (-40\u00b0C \u00e0 +85\u00b0C) permet un d\u00e9ploiement en ext\u00e9rieur. Pour l'enfouissement direct ou les installations a\u00e9riennes, il est recommand\u00e9 d'utiliser une gaine de protection suppl\u00e9mentaire ou des variantes blind\u00e9es.<\/p>\n<p class=\"ds-markdown-paragraph\"><strong>Q5 : Quelles sont les derni\u00e8res normes industrielles applicables \u00e0 ces composants ?<\/strong><br \/>\n<strong>A :<\/strong>\u00a0Ces pigtails sont conformes aux normes IEC 61754-15 (connecteurs FC), TIA-604-5 (FOCIS 5) et ISO\/IEC 11801-1 Ed 3.0 pour la compatibilit\u00e9 OM5. Ils sont conformes \u00e0 la norme GR-326-CORE Issue 4 pour la fiabilit\u00e9 et sont compatibles avec les sp\u00e9cifications ITU-T G.657.A2 pour les fibres insensibles \u00e0 la courbure pour les installations \u00e0 haute densit\u00e9.<\/p>","protected":false},"excerpt":{"rendered":"<p class=\"ds-markdown-paragraph\">Le FC\/UPC 12-core Single-Mode Fiber Pigtail est une solution de connectivit\u00e9 par fibre optique con\u00e7ue pour les syst\u00e8mes de communication num\u00e9rique \u00e0 haut d\u00e9bit, les centres de donn\u00e9es et les infrastructures de t\u00e9l\u00e9communication. Il fait partie de la gamme\u00a0<strong>Cordon de raccordement pour fibre optique<\/strong>\u00a0dans le cadre de la\u00a0<strong>Fil de cuivre \u00e0 12 fils<\/strong>\u00a0ce produit pr\u00e9sente des connecteurs polis \u00e0 contact ultra-physique (UPC) qui offrent d'excellentes performances en mati\u00e8re de transmission de signaux num\u00e9riques, avec une perte d'insertion minimale et des caract\u00e9ristiques de perte de retour optimis\u00e9es.<\/p>","protected":false},"featured_media":633,"comment_status":"open","ping_status":"closed","template":"","meta":[],"product_brand":[],"product_cat":[43],"product_tag":[],"class_list":{"0":"post-572","1":"product","2":"type-product","3":"status-publish","4":"has-post-thumbnail","6":"product_cat-12-core-fiber-pigtail","8":"first","9":"instock","10":"shipping-taxable","11":"product-type-simple"},"_links":{"self":[{"href":"https:\/\/www.fenxifiber.com\/fr\/wp-json\/wp\/v2\/product\/572","targetHints":{"allow":["GET"]}}],"collection":[{"href":"https:\/\/www.fenxifiber.com\/fr\/wp-json\/wp\/v2\/product"}],"about":[{"href":"https:\/\/www.fenxifiber.com\/fr\/wp-json\/wp\/v2\/types\/product"}],"replies":[{"embeddable":true,"href":"https:\/\/www.fenxifiber.com\/fr\/wp-json\/wp\/v2\/comments?post=572"}],"wp:featuredmedia":[{"embeddable":true,"href":"https:\/\/www.fenxifiber.com\/fr\/wp-json\/wp\/v2\/media\/633"}],"wp:attachment":[{"href":"https:\/\/www.fenxifiber.com\/fr\/wp-json\/wp\/v2\/media?parent=572"}],"wp:term":[{"taxonomy":"product_brand","embeddable":true,"href":"https:\/\/www.fenxifiber.com\/fr\/wp-json\/wp\/v2\/product_brand?post=572"},{"taxonomy":"product_cat","embeddable":true,"href":"https:\/\/www.fenxifiber.com\/fr\/wp-json\/wp\/v2\/product_cat?post=572"},{"taxonomy":"product_tag","embeddable":true,"href":"https:\/\/www.fenxifiber.com\/fr\/wp-json\/wp\/v2\/product_tag?post=572"}],"curies":[{"name":"wp","href":"https:\/\/api.w.org\/{rel}","templated":true}]}}