{"id":578,"date":"2026-02-03T02:27:56","date_gmt":"2026-02-03T02:27:56","guid":{"rendered":"https:\/\/www.fenxifiber.com\/?post_type=product&#038;p=578"},"modified":"2026-02-04T00:23:28","modified_gmt":"2026-02-04T00:23:28","slug":"lc-upc-12core-sm","status":"publish","type":"product","link":"https:\/\/www.fenxifiber.com\/fr\/product\/lc-upc-12core-sm\/","title":{"rendered":"LC\/UPC 12-Core Single Mode Fiber Pigtail"},"content":{"rendered":"<h2>Avantages principaux du LC\/UPC 12-Core SM Fiber Pigtail<\/h2>\n<h3>1. R\u00e9p\u00e9tabilit\u00e9 et stabilit\u00e9 in\u00e9gal\u00e9es<\/h3>\n<div>Fabriqu\u00e9 en <strong>nouveaux mat\u00e9riaux r\u00e9sistants aux hautes temp\u00e9ratures et respectueux de l'environnement<\/strong>, Notre queue de cochon en fibre \u00e0 12 fils est con\u00e7ue pour r\u00e9sister \u00e0 la d\u00e9formation, \u00e0 la rupture et au d\u00e9tachement. Le processus de production standardis\u00e9 enti\u00e8rement automatique r\u00e9duit au minimum les interventions manuelles, ce qui garantit une qualit\u00e9 constante pour chaque unit\u00e9. Cette stabilit\u00e9 garantit des performances uniformes m\u00eame dans des conditions environnementales difficiles, ce qui en fait un produit id\u00e9al pour les d\u00e9ploiements de r\u00e9seaux \u00e0 long terme.<\/div>\n<h3>2. Faible perte d'insertion et stabilit\u00e9 m\u00e9canique<\/h3>\n<div>Avec un <strong>virole de haute qualit\u00e9<\/strong>, Le connecteur LC\/UPC se caract\u00e9rise par une fiabilit\u00e9, une concentricit\u00e9 et une pr\u00e9cision dimensionnelle exceptionnelles. Ces attributs r\u00e9duisent directement la perte d'insertion (\u22640,3dB) et pr\u00e9servent l'int\u00e9grit\u00e9 du signal, garantissant une d\u00e9gradation minimale du signal au fil du temps. La conception m\u00e9canique stable r\u00e9siste \u00e9galement \u00e0 l'usure due aux accouplements r\u00e9p\u00e9t\u00e9s, ce qui le rend adapt\u00e9 aux environnements r\u00e9seau \u00e0 fort trafic.<\/div>\n<h3>3. C\u0153ur de fibre monomode haute performance<\/h3>\n<div>Au c\u0153ur de cette queue de cochon se trouve un <strong>c\u0153ur de fibre monomode import\u00e9 de haute qualit\u00e9<\/strong>. Chaque unit\u00e9 subit 100% des tests rigoureux avant d'\u00eatre livr\u00e9e, ce qui garantit la conformit\u00e9 avec les normes de performance de l'industrie. Reconnu par les ing\u00e9nieurs r\u00e9seau et les int\u00e9grateurs du monde entier, ce c\u0153ur de fibre offre une transmission de signal sup\u00e9rieure pour la connectivit\u00e9 de la fibre jusqu'\u00e0 la maison (FTTH) et des centres de donn\u00e9es, ce qui en fait le choix privil\u00e9gi\u00e9 pour les applications critiques.<\/div>\n<h2>Sp\u00e9cifications techniques<\/h2>\n<div>\n<div>\n<table>\n<thead>\n<tr>\n<th>Param\u00e8tres<\/th>\n<th>D\u00e9tails<\/th>\n<\/tr>\n<\/thead>\n<tbody>\n<tr>\n<td><strong>Nom du produit<\/strong><\/td>\n<td>queue de cochon en fibre \u00e0 12 fils (LC\/UPC-12core-SM)<\/td>\n<\/tr>\n<tr>\n<td><strong>Type de connecteur<\/strong><\/td>\n<td>LC\/UPC (compatible avec SC\/UPC, SC\/APC, FC\/UPC, FC\/APC, LC\/APC, ST\/UPC)<\/td>\n<\/tr>\n<tr>\n<td><strong>Type de fibre<\/strong><\/td>\n<td>Mode unique (SM)<\/td>\n<\/tr>\n<tr>\n<td><strong>Code couleur<\/strong><\/td>\n<td>SM : Jaune ; MM-OM3 : Aqua ; MM-OM4 : Magenta<\/td>\n<\/tr>\n<tr>\n<td><strong>R\u00e9sistance \u00e0 la traction<\/strong><\/td>\n<td>\u2265 1000N<\/td>\n<\/tr>\n<tr>\n<td><strong>Durabilit\u00e9<\/strong><\/td>\n<td>\u2265 1000 accouplements<\/td>\n<\/tr>\n<tr>\n<td><strong>Perte d'insertion<\/strong><\/td>\n<td>\u2264 0,3dB<\/td>\n<\/tr>\n<tr>\n<td><strong>Perte de retour<\/strong><\/td>\n<td>UPC\u226530dB ; APC\u226540dB<\/td>\n<\/tr>\n<tr>\n<td><strong>Largeur de bande<\/strong><\/td>\n<td>\u00b140nm<\/td>\n<\/tr>\n<tr>\n<td><strong>Longueur d'onde de fonctionnement<\/strong><\/td>\n<td>1310nm-1490nm, 1550nm-850nm<\/td>\n<\/tr>\n<tr>\n<td><strong>Mat\u00e9riau<\/strong><\/td>\n<td>LSZH (Low Smoke Zero Halogen)<\/td>\n<\/tr>\n<\/tbody>\n<\/table>\n<\/div>\n<\/div>\n<h2>Applications id\u00e9ales<\/h2>\n<div>Le LC\/UPC 12-Core Single Mode Fiber Pigtail est con\u00e7u pour divers sc\u00e9narios \u00e0 forte demande :<\/div>\n<div><\/div>\n<ul>\n<li><strong>Fibre optique jusqu'au domicile (FTTH)<\/strong>: Permet une connectivit\u00e9 fiable du dernier kilom\u00e8tre pour les utilisateurs r\u00e9sidentiels et professionnels.<\/li>\n<li><strong>Centres de donn\u00e9es<\/strong>: Prend en charge les interconnexions \u00e0 haute densit\u00e9 entre les serveurs, les commutateurs et les syst\u00e8mes de stockage.<\/li>\n<li><strong>R\u00e9seaux d'entreprise<\/strong>: Facilite la transmission s\u00e9curis\u00e9e de donn\u00e9es \u00e0 haut d\u00e9bit pour les campus de bureaux et les organisations multi-sites.<\/li>\n<li><strong>Infrastructure de t\u00e9l\u00e9communication<\/strong>: soutient les d\u00e9ploiements de r\u00e9seaux longue distance et m\u00e9tropolitains pour les fournisseurs de services.<\/li>\n<\/ul>\n<h2>Foire aux questions (FAQ)<\/h2>\n<h3>Q1 : Quelle est la principale diff\u00e9rence entre les connecteurs UPC et APC ?<\/h3>\n<div>R : Les connecteurs UPC (Ultra Physical Contact) pr\u00e9sentent une surface polie qui minimise la r\u00e9flexion du signal (perte de retour \u226530dB), ce qui les rend id\u00e9aux pour les r\u00e9seaux de donn\u00e9es \u00e0 haut d\u00e9bit. Les connecteurs APC (Angled Physical Contact) ont un polissage angulaire de 8 degr\u00e9s, r\u00e9duisant la perte de retour \u00e0 \u226540dB, ce qui est essentiel pour les applications analogiques et \u00e0 haute fr\u00e9quence comme la CATV. Nos pigtails LC\/UPC sont optimis\u00e9s pour la transmission de donn\u00e9es num\u00e9riques dans les centres de donn\u00e9es et FTTH.<\/div>\n<h3>Q2 : Quels sont les avantages de la conception \u00e0 12 c\u0153urs pour mon r\u00e9seau de fibres optiques ?<\/h3>\n<div>R : La conception \u00e0 12 fils regroupe 12 brins de fibres individuels dans un seul pigtail compact, ce qui r\u00e9duit l'encombrement des c\u00e2bles et simplifie l'installation dans les environnements \u00e0 haute densit\u00e9 tels que les centres de donn\u00e9es. Cette conception r\u00e9duit \u00e9galement le temps de d\u00e9ploiement et les co\u00fbts de main-d'\u0153uvre en permettant des connexions multifibres en une seule \u00e9tape.<\/div>\n<h3>Q3 : Quels sont les protocoles de test qui garantissent la fiabilit\u00e9 de vos pigtails de fibre ?<\/h3>\n<div>R : Chaque queue de cochon LC\/UPC SM \u00e0 12 fils subit des tests en usine 100%, y compris la perte d'insertion, la perte de retour et la v\u00e9rification de la r\u00e9sistance \u00e0 la traction. Nous adh\u00e9rons aux normes IEC 61753-1 et Telcordia GR-326, ce qui garantit la conformit\u00e9 aux normes mondiales de performance et de durabilit\u00e9.<\/div>\n<h3>Q4 : Pourquoi le mat\u00e9riau LSZH est-il utilis\u00e9 dans vos pigtails de fibres ?<\/h3>\n<div>R : Le mat\u00e9riau LSZH (Low Smoke Zero Halogen) \u00e9met un minimum de fum\u00e9e et de vapeurs toxiques lorsqu'il est expos\u00e9 au feu, ce qui renforce la s\u00e9curit\u00e9 dans les espaces clos tels que les centres de donn\u00e9es et les immeubles de bureaux. Nos pigtails sont donc conformes aux r\u00e9glementations strictes en mati\u00e8re de s\u00e9curit\u00e9 incendie dans le monde entier, y compris la directive RoHS de l'UE.<\/div>\n<h3>Q5 : Comment puis-je maintenir une performance optimale de mes pigtails de fibre LC\/UPC ?<\/h3>\n<div>R : Pour garantir des performances \u00e0 long terme :<\/div>\n<ul>\n<li>\u00c9vitez de plier le c\u00e2ble au-del\u00e0 de son rayon de courbure minimal (g\u00e9n\u00e9ralement \u226530mm pour les fibres monomodes).<\/li>\n<li>Nettoyez les extr\u00e9mit\u00e9s des connecteurs \u00e0 l'aide de lingettes non pelucheuses et d'alcool isopropylique.<\/li>\n<li>Stocker les pigtails \u00e0 l'abri de la poussi\u00e8re lorsqu'ils ne sont pas utilis\u00e9s.<\/li>\n<li>Utiliser des outils appropri\u00e9s pour la fibre optique pour l'accouplement et le d\u00e9saccouplement afin d'\u00e9viter d'endommager la virole.<\/li>\n<\/ul>","protected":false},"excerpt":{"rendered":"<h2>Fiable, durable et con\u00e7u avec pr\u00e9cision pour les infrastructures FTTH, les centres de donn\u00e9es et les t\u00e9l\u00e9communications<\/h2>\n<div>Dans le paysage en \u00e9volution rapide des communications par fibre optique, la <strong>LC\/UPC 12-Core Single Mode Fiber Pigtail<\/strong> est la pierre angulaire de la connectivit\u00e9 haute performance. Dans le cadre de la <em>Cordon de raccordement pour fibre optique<\/em> et class\u00e9e dans la cat\u00e9gorie des <em>Fil de cuivre \u00e0 12 fils<\/em>, Gr\u00e2ce \u00e0 la technologie de la fibre optique, ce composant offre une r\u00e9p\u00e9tabilit\u00e9 exceptionnelle, une faible perte d'insertion et une durabilit\u00e9 robuste pour prendre en charge les op\u00e9rations critiques du r\u00e9seau. Qu'il s'agisse de d\u00e9ploiements de fibre optique jusqu'au domicile (FTTH), d'interconnexions de centres de donn\u00e9es ou d'extensions de r\u00e9seaux d'entreprise, il garantit une transmission transparente des signaux et une fiabilit\u00e9 \u00e0 long terme.<\/div>","protected":false},"featured_media":635,"comment_status":"open","ping_status":"closed","template":"","meta":[],"product_brand":[],"product_cat":[43],"product_tag":[],"class_list":{"0":"post-578","1":"product","2":"type-product","3":"status-publish","4":"has-post-thumbnail","6":"product_cat-12-core-fiber-pigtail","8":"first","9":"instock","10":"shipping-taxable","11":"product-type-simple"},"_links":{"self":[{"href":"https:\/\/www.fenxifiber.com\/fr\/wp-json\/wp\/v2\/product\/578","targetHints":{"allow":["GET"]}}],"collection":[{"href":"https:\/\/www.fenxifiber.com\/fr\/wp-json\/wp\/v2\/product"}],"about":[{"href":"https:\/\/www.fenxifiber.com\/fr\/wp-json\/wp\/v2\/types\/product"}],"replies":[{"embeddable":true,"href":"https:\/\/www.fenxifiber.com\/fr\/wp-json\/wp\/v2\/comments?post=578"}],"wp:featuredmedia":[{"embeddable":true,"href":"https:\/\/www.fenxifiber.com\/fr\/wp-json\/wp\/v2\/media\/635"}],"wp:attachment":[{"href":"https:\/\/www.fenxifiber.com\/fr\/wp-json\/wp\/v2\/media?parent=578"}],"wp:term":[{"taxonomy":"product_brand","embeddable":true,"href":"https:\/\/www.fenxifiber.com\/fr\/wp-json\/wp\/v2\/product_brand?post=578"},{"taxonomy":"product_cat","embeddable":true,"href":"https:\/\/www.fenxifiber.com\/fr\/wp-json\/wp\/v2\/product_cat?post=578"},{"taxonomy":"product_tag","embeddable":true,"href":"https:\/\/www.fenxifiber.com\/fr\/wp-json\/wp\/v2\/product_tag?post=578"}],"curies":[{"name":"wp","href":"https:\/\/api.w.org\/{rel}","templated":true}]}}