{"id":639,"date":"2026-02-03T05:25:41","date_gmt":"2026-02-03T05:25:41","guid":{"rendered":"https:\/\/www.fenxifiber.com\/?post_type=product&#038;p=639"},"modified":"2026-02-04T00:57:12","modified_gmt":"2026-02-04T00:57:12","slug":"12-core-om3-fc-upc-fiber-pigtail","status":"publish","type":"product","link":"https:\/\/www.fenxifiber.com\/fr\/product\/12-core-om3-fc-upc-fiber-pigtail\/","title":{"rendered":"12-Core OM3 FC\/UPC Fiber Pigtail"},"content":{"rendered":"<h2 data-start=\"748\" data-end=\"781\">Principales caract\u00e9ristiques et avantages<\/h2>\n<ul data-start=\"783\" data-end=\"1913\">\n<li data-start=\"783\" data-end=\"1029\">\n<p data-start=\"785\" data-end=\"1029\"><strong data-start=\"785\" data-end=\"819\">Stabilit\u00e9 et r\u00e9p\u00e9tabilit\u00e9 \u00e9lev\u00e9es<\/strong> - Fabriqu\u00e9 avec des mat\u00e9riaux avanc\u00e9s et des processus de production automatiques pour garantir la pr\u00e9cision des dimensions, la r\u00e9sistance \u00e0 l'environnement et la stabilit\u00e9 des performances \u00e0 long terme.<\/p>\n<\/li>\n<li data-start=\"1030\" data-end=\"1292\">\n<p data-start=\"1032\" data-end=\"1292\"><strong data-start=\"1032\" data-end=\"1073\">Faible perte d'insertion et perte de retour \u00e9lev\u00e9e<\/strong> - Les ferrules c\u00e9ramiques FC\/UPC de haute qualit\u00e9 et le polissage pr\u00e9cis offrent une faible perte d'insertion et une excellente perte de retour, r\u00e9duisant les r\u00e9flexions du signal et maintenant une haute qualit\u00e9 de liaison.<\/p>\n<\/li>\n<li data-start=\"1293\" data-end=\"1523\">\n<p data-start=\"1295\" data-end=\"1523\"><strong data-start=\"1295\" data-end=\"1332\">C\u0153ur de fibre et connectivit\u00e9 de pr\u00e9cision<\/strong> - Utilise la fibre multimode OM3 50\/125 \u00b5m optimis\u00e9e pour les <strong data-start=\"1384\" data-end=\"1424\">R\u00e9seaux \u00e0 10 gigabits et plus<\/strong>, La fibre optique multimode, qui permet d'am\u00e9liorer la largeur de bande par rapport \u00e0 la fibre optique multimode traditionnelle, est une technologie de pointe.<\/p>\n<\/li>\n<li data-start=\"1524\" data-end=\"1770\">\n<p data-start=\"1526\" data-end=\"1770\"><strong data-start=\"1526\" data-end=\"1561\">Construction durable et flexible<\/strong> - La conception des faisceaux \u00e0 tampon serr\u00e9 permet un d\u00e9nudage facile, une organisation en \u00e9ventail et une terminaison d'\u00e9pissure s\u00e9curis\u00e9e \u00e0 l'int\u00e9rieur des r\u00e9partiteurs, des panneaux de brassage ou des armoires de t\u00e9l\u00e9communication.<\/p>\n<\/li>\n<li data-start=\"1771\" data-end=\"1913\">\n<p data-start=\"1773\" data-end=\"1913\"><strong data-start=\"1773\" data-end=\"1806\">Code couleur et facilit\u00e9 d'installation<\/strong> - La gaine du c\u00e2ble multimode Aqua et l'identification color\u00e9e des fibres simplifient l'installation et la gestion sur le terrain.<\/p>\n<\/li>\n<\/ul>\n<hr data-start=\"1915\" data-end=\"1918\" \/>\n<h2 data-start=\"1920\" data-end=\"1951\">Sp\u00e9cifications techniques<\/h2>\n<div class=\"TyagGW_tableContainer\">\n<div class=\"group TyagGW_tableWrapper flex flex-col-reverse w-fit\" tabindex=\"-1\">\n<table class=\"w-fit min-w-(--thread-content-width)\" data-start=\"1953\" data-end=\"2803\">\n<thead data-start=\"1953\" data-end=\"1990\">\n<tr data-start=\"1953\" data-end=\"1990\">\n<th class=\"\" data-start=\"1953\" data-end=\"1969\" data-col-size=\"sm\"><strong data-start=\"1955\" data-end=\"1968\">Param\u00e8tres<\/strong><\/th>\n<th class=\"\" data-start=\"1969\" data-end=\"1990\" data-col-size=\"md\"><strong data-start=\"1971\" data-end=\"1988\">Sp\u00e9cifications<\/strong><\/th>\n<\/tr>\n<\/thead>\n<tbody data-start=\"2029\" data-end=\"2803\">\n<tr data-start=\"2029\" data-end=\"2073\">\n<td data-start=\"2029\" data-end=\"2048\" data-col-size=\"sm\"><strong data-start=\"2031\" data-end=\"2047\">Nom du produit<\/strong><\/td>\n<td data-start=\"2048\" data-end=\"2073\" data-col-size=\"md\">Fil de cuivre \u00e0 12 fils<\/td>\n<\/tr>\n<tr data-start=\"2074\" data-end=\"2120\">\n<td data-start=\"2074\" data-end=\"2091\" data-col-size=\"sm\"><strong data-start=\"2076\" data-end=\"2090\">Type de fibre<\/strong><\/td>\n<td data-start=\"2091\" data-end=\"2120\" data-col-size=\"md\">OM3 Multimode (50\/125 \u00b5m)<\/td>\n<\/tr>\n<tr data-start=\"2121\" data-end=\"2152\">\n<td data-start=\"2121\" data-end=\"2142\" data-col-size=\"sm\"><strong data-start=\"2123\" data-end=\"2141\">Type de connecteur<\/strong><\/td>\n<td data-start=\"2142\" data-end=\"2152\" data-col-size=\"md\">FC\/UPC<\/td>\n<\/tr>\n<tr data-start=\"2153\" data-end=\"2254\">\n<td data-start=\"2153\" data-end=\"2184\" data-col-size=\"sm\"><strong data-start=\"2155\" data-end=\"2183\">Perte d'insertion (typique)<\/strong><\/td>\n<td data-start=\"2184\" data-end=\"2254\" data-col-size=\"md\">\u2264 0,2 - 0,3 dB par connecteur<\/td>\n<\/tr>\n<tr data-start=\"2255\" data-end=\"2334\">\n<td data-start=\"2255\" data-end=\"2273\" data-col-size=\"sm\"><strong data-start=\"2257\" data-end=\"2272\">Perte de retour<\/strong><\/td>\n<td data-start=\"2273\" data-end=\"2334\" data-col-size=\"md\">\u2265 35 dB (multimode)<\/td>\n<\/tr>\n<tr data-start=\"2335\" data-end=\"2422\">\n<td data-start=\"2335\" data-end=\"2368\" data-col-size=\"sm\"><strong data-start=\"2337\" data-end=\"2367\">Durabilit\u00e9 (cycles d'accouplement)<\/strong><\/td>\n<td data-start=\"2368\" data-end=\"2422\" data-col-size=\"md\">\u2265 1000 fois<\/td>\n<\/tr>\n<tr data-start=\"2423\" data-end=\"2493\">\n<td data-start=\"2423\" data-end=\"2443\" data-col-size=\"sm\"><strong data-start=\"2425\" data-end=\"2442\">R\u00e9p\u00e9tabilit\u00e9<\/strong><\/td>\n<td data-start=\"2443\" data-end=\"2493\" data-col-size=\"md\">\u2264 0,1 dB<\/td>\n<\/tr>\n<tr data-start=\"2494\" data-end=\"2598\">\n<td data-start=\"2494\" data-end=\"2521\" data-col-size=\"sm\"><strong data-start=\"2496\" data-end=\"2520\">Longueur d'onde de fonctionnement<\/strong><\/td>\n<td data-start=\"2521\" data-end=\"2598\" data-col-size=\"md\">850 nm, 1300 nm (typique pour OM3)<\/td>\n<\/tr>\n<tr data-start=\"2599\" data-end=\"2654\">\n<td data-start=\"2599\" data-end=\"2621\" data-col-size=\"sm\"><strong data-start=\"2601\" data-end=\"2620\">Mat\u00e9riau de la veste<\/strong><\/td>\n<td data-start=\"2621\" data-end=\"2654\" data-col-size=\"md\">LSZH (Low Smoke Zero Halogen)<\/td>\n<\/tr>\n<tr data-start=\"2655\" data-end=\"2711\">\n<td data-start=\"2655\" data-end=\"2676\" data-col-size=\"sm\"><strong data-start=\"2657\" data-end=\"2675\">Diam\u00e8tre du c\u00e2ble<\/strong><\/td>\n<td data-start=\"2676\" data-end=\"2711\" data-col-size=\"md\">Typiquement 0,9 mm avec tampon serr\u00e9<\/td>\n<\/tr>\n<tr data-start=\"2712\" data-end=\"2803\">\n<td data-start=\"2712\" data-end=\"2740\" data-col-size=\"sm\"><strong data-start=\"2714\" data-end=\"2739\">Temp\u00e9rature de fonctionnement<\/strong><\/td>\n<td data-start=\"2740\" data-end=\"2803\" data-col-size=\"md\">-40 \u00b0C \u00e0 +75\/80 \u00b0C<\/td>\n<\/tr>\n<\/tbody>\n<\/table>\n<\/div>\n<\/div>\n<hr data-start=\"2805\" data-end=\"2808\" \/>\n<h2 data-start=\"2810\" data-end=\"2829\">Applications<\/h2>\n<ul data-start=\"2831\" data-end=\"3082\">\n<li data-start=\"2831\" data-end=\"2892\">\n<p data-start=\"2833\" data-end=\"2892\">Interconnexions de centres de donn\u00e9es et distribution de fibres optiques<\/p>\n<\/li>\n<li data-start=\"2893\" data-end=\"2936\">\n<p data-start=\"2895\" data-end=\"2936\">R\u00e9seaux optiques LAN\/WAN et d'entreprise<\/p>\n<\/li>\n<li data-start=\"2937\" data-end=\"2976\">\n<p data-start=\"2939\" data-end=\"2976\">Installations de t\u00e9l\u00e9communications et FTTH\/FTTx<\/p>\n<\/li>\n<li data-start=\"2977\" data-end=\"3033\">\n<p data-start=\"2979\" data-end=\"3033\">Panneaux de brassage, bo\u00eetiers de fibres et armoires de t\u00e9l\u00e9communication<\/p>\n<\/li>\n<li data-start=\"3034\" data-end=\"3082\">\n<p data-start=\"3036\" data-end=\"3082\">Syst\u00e8mes d'\u00e9pissure et de distribution optiques int\u00e9rieurs<\/p>\n<\/li>\n<\/ul>\n<hr data-start=\"3084\" data-end=\"3087\" \/>\n<h2 data-start=\"3089\" data-end=\"3112\">Questions et r\u00e9ponses professionnelles<\/h2>\n<p data-start=\"3114\" data-end=\"3431\"><strong data-start=\"3114\" data-end=\"3159\">Q1 : Que signifie la d\u00e9signation \u201cOM3\u201d ?<\/strong><br data-start=\"3159\" data-end=\"3162\" \/><strong data-start=\"3162\" data-end=\"3168\">A :<\/strong> OM3 signifie <strong data-start=\"3184\" data-end=\"3207\">Multimode optique 3<\/strong>, est une fibre multimode optimis\u00e9e pour le laser, con\u00e7ue pour le transfert de donn\u00e9es \u00e0 grande vitesse (par exemple, 10 Gbps et plus). La taille du c\u0153ur est de 50\/125 \u00b5m et la couleur de la gaine est aqua, ce qui facilite l'identification.<\/p>\n<p data-start=\"3433\" data-end=\"3768\"><strong data-start=\"3433\" data-end=\"3484\">Q2 : Pourquoi choisir des connecteurs FC\/UPC pour un pigtail ?<\/strong><br data-start=\"3484\" data-end=\"3487\" \/><strong data-start=\"3487\" data-end=\"3493\">A :<\/strong> <strong data-start=\"3494\" data-end=\"3515\">Connecteurs FC\/UPC<\/strong> offrent une excellente durabilit\u00e9 m\u00e9canique et des performances optiques stables avec une conception de couplage filet\u00e9. Le poli \u00e0 contact ultra-physique (UPC) r\u00e9duit la r\u00e9tro-r\u00e9flexion et am\u00e9liore la perte de retour dans les syst\u00e8mes multimodes.<\/p>\n<p data-start=\"3770\" data-end=\"4093\"><strong data-start=\"3770\" data-end=\"3828\">Q3 : Pour quels environnements ces pigtails conviennent-ils ?<\/strong><br data-start=\"3828\" data-end=\"3831\" \/><strong data-start=\"3831\" data-end=\"3837\">A :<\/strong> Ces pigtails sont id\u00e9aux pour les environnements int\u00e9rieurs dans les t\u00e9l\u00e9coms, les centres de donn\u00e9es, les immeubles de bureaux et les baies de distribution r\u00e9seau. Les <strong data-start=\"3967\" data-end=\"3982\">Veste LSZH<\/strong> garantit la s\u00e9curit\u00e9 et la conformit\u00e9 avec les installations \u00e0 faible d\u00e9gagement de fum\u00e9e et \u00e0 s\u00e9curit\u00e9 incendie.<\/p>\n<p data-start=\"4095\" data-end=\"4408\"><strong data-start=\"4095\" data-end=\"4146\">Q4 : Quel est l'impact de la perte d'insertion sur les performances ?<\/strong><br data-start=\"4146\" data-end=\"4149\" \/><strong data-start=\"4149\" data-end=\"4155\">A :<\/strong> Une perte d'insertion plus faible signifie que moins de puissance de signal est perdue au point de connexion, ce qui permet une transmission de donn\u00e9es plus efficace, ce qui est essentiel dans les r\u00e9seaux optiques \u00e0 grande vitesse. Les valeurs typiques pour ces connecteurs sont \u2264 0,3 dB.<\/p>","protected":false},"excerpt":{"rendered":"<p>Le <strong data-start=\"313\" data-end=\"348\">FC\/UPC-12core-OM3 Pigtail en fibre optique<\/strong> est un pigtail de fibre optique multimode de premi\u00e8re qualit\u00e9 con\u00e7u pour les r\u00e9seaux optiques \u00e0 haut d\u00e9bit fiables et les applications de connectivit\u00e9 pr\u00e9cises. Con\u00e7u avec une gaine LSZH robuste mais l\u00e9g\u00e8re et des connecteurs FC\/UPC de haute pr\u00e9cision, ce pigtail 12 fibres offre <strong data-start=\"612\" data-end=\"672\">des performances constantes, une faible perte et une stabilit\u00e9 sup\u00e9rieure<\/strong> dans les syst\u00e8mes de communication exigeants.<\/p>","protected":false},"featured_media":640,"comment_status":"open","ping_status":"closed","template":"","meta":[],"product_brand":[],"product_cat":[43],"product_tag":[],"class_list":{"0":"post-639","1":"product","2":"type-product","3":"status-publish","4":"has-post-thumbnail","6":"product_cat-12-core-fiber-pigtail","8":"first","9":"instock","10":"shipping-taxable","11":"product-type-simple"},"_links":{"self":[{"href":"https:\/\/www.fenxifiber.com\/fr\/wp-json\/wp\/v2\/product\/639","targetHints":{"allow":["GET"]}}],"collection":[{"href":"https:\/\/www.fenxifiber.com\/fr\/wp-json\/wp\/v2\/product"}],"about":[{"href":"https:\/\/www.fenxifiber.com\/fr\/wp-json\/wp\/v2\/types\/product"}],"replies":[{"embeddable":true,"href":"https:\/\/www.fenxifiber.com\/fr\/wp-json\/wp\/v2\/comments?post=639"}],"wp:featuredmedia":[{"embeddable":true,"href":"https:\/\/www.fenxifiber.com\/fr\/wp-json\/wp\/v2\/media\/640"}],"wp:attachment":[{"href":"https:\/\/www.fenxifiber.com\/fr\/wp-json\/wp\/v2\/media?parent=639"}],"wp:term":[{"taxonomy":"product_brand","embeddable":true,"href":"https:\/\/www.fenxifiber.com\/fr\/wp-json\/wp\/v2\/product_brand?post=639"},{"taxonomy":"product_cat","embeddable":true,"href":"https:\/\/www.fenxifiber.com\/fr\/wp-json\/wp\/v2\/product_cat?post=639"},{"taxonomy":"product_tag","embeddable":true,"href":"https:\/\/www.fenxifiber.com\/fr\/wp-json\/wp\/v2\/product_tag?post=639"}],"curies":[{"name":"wp","href":"https:\/\/api.w.org\/{rel}","templated":true}]}}