{"id":641,"date":"2026-02-03T05:28:33","date_gmt":"2026-02-03T05:28:33","guid":{"rendered":"https:\/\/www.fenxifiber.com\/?post_type=product&#038;p=641"},"modified":"2026-02-04T00:58:59","modified_gmt":"2026-02-04T00:58:59","slug":"lc-upc-12core-om3-fiber-pigtail","status":"publish","type":"product","link":"https:\/\/www.fenxifiber.com\/fr\/product\/lc-upc-12core-om3-fiber-pigtail\/","title":{"rendered":"LC\/UPC-12core-OM3 Fiber Pigtail - Connectivit\u00e9 r\u00e9seau haute densit\u00e9"},"content":{"rendered":"<h2 data-start=\"639\" data-end=\"673\">\ud83d\udd0d <strong data-start=\"646\" data-end=\"673\">Principales caract\u00e9ristiques et avantages<\/strong><\/h2>\n<ul data-start=\"675\" data-end=\"1209\">\n<li data-start=\"675\" data-end=\"784\">\n<p data-start=\"677\" data-end=\"784\"><strong data-start=\"677\" data-end=\"701\">Connecteur LC compact<\/strong> pour les installations \u00e0 haute densit\u00e9 - id\u00e9al pour les centres de donn\u00e9es modernes et les panneaux de raccordement.<\/p>\n<\/li>\n<li data-start=\"785\" data-end=\"892\">\n<p data-start=\"787\" data-end=\"892\"><strong data-start=\"787\" data-end=\"828\">Faible perte d'insertion et perte de retour \u00e9lev\u00e9e<\/strong> assurent une transmission efficace du signal avec un minimum de r\u00e9flexion.<\/p>\n<\/li>\n<li data-start=\"893\" data-end=\"1010\">\n<p data-start=\"895\" data-end=\"1010\"><strong data-start=\"895\" data-end=\"931\">Fibre multimode OM3 de haute qualit\u00e9<\/strong> supporte une large bande passante et est optimis\u00e9e pour des applications de 10 Gbps et plus.<\/p>\n<\/li>\n<li data-start=\"1011\" data-end=\"1114\">\n<p data-start=\"1013\" data-end=\"1114\"><strong data-start=\"1013\" data-end=\"1052\">Construction stable et r\u00e9p\u00e9tabilit\u00e9<\/strong> gr\u00e2ce \u00e0 une production automatique et \u00e0 des contr\u00f4les de qualit\u00e9 stricts.<\/p>\n<\/li>\n<li data-start=\"1115\" data-end=\"1209\">\n<p data-start=\"1117\" data-end=\"1209\"><strong data-start=\"1117\" data-end=\"1141\">Conception conviviale<\/strong> avec gaine aqua OM3 pour une identification facile et un routage organis\u00e9.<\/p>\n<\/li>\n<\/ul>\n<hr data-start=\"1211\" data-end=\"1214\" \/>\n<h2 data-start=\"1216\" data-end=\"1267\">\ud83d\udcca <strong data-start=\"1222\" data-end=\"1267\">Sp\u00e9cification technique LC\/UPC-12core-OM3<\/strong><\/h2>\n<div class=\"TyagGW_tableContainer\">\n<div class=\"group TyagGW_tableWrapper flex flex-col-reverse w-fit\" tabindex=\"-1\">\n<table class=\"w-fit min-w-(--thread-content-width)\" data-start=\"1269\" data-end=\"1715\">\n<thead data-start=\"1269\" data-end=\"1306\">\n<tr data-start=\"1269\" data-end=\"1306\">\n<th class=\"\" data-start=\"1269\" data-end=\"1285\" data-col-size=\"sm\"><strong data-start=\"1271\" data-end=\"1284\">Param\u00e8tres<\/strong><\/th>\n<th class=\"\" data-start=\"1285\" data-end=\"1306\" data-col-size=\"sm\"><strong data-start=\"1287\" data-end=\"1304\">Sp\u00e9cifications<\/strong><\/th>\n<\/tr>\n<\/thead>\n<tbody data-start=\"1345\" data-end=\"1715\">\n<tr data-start=\"1345\" data-end=\"1392\">\n<td data-start=\"1345\" data-end=\"1360\" data-col-size=\"sm\">Nom du produit<\/td>\n<td data-start=\"1360\" data-end=\"1392\" data-col-size=\"sm\">LC\/UPC 12-core Fiber Pigtail<\/td>\n<\/tr>\n<tr data-start=\"1393\" data-end=\"1435\">\n<td data-start=\"1393\" data-end=\"1406\" data-col-size=\"sm\">Type de fibre<\/td>\n<td data-start=\"1406\" data-end=\"1435\" data-col-size=\"sm\">Multimode OM3 (50\/125 \u00b5m)<\/td>\n<\/tr>\n<tr data-start=\"1436\" data-end=\"1463\">\n<td data-start=\"1436\" data-end=\"1453\" data-col-size=\"sm\">Type de connecteur<\/td>\n<td data-start=\"1453\" data-end=\"1463\" data-col-size=\"sm\">LC\/UPC<\/td>\n<\/tr>\n<tr data-start=\"1464\" data-end=\"1499\">\n<td data-start=\"1464\" data-end=\"1481\" data-col-size=\"sm\">Perte d'insertion<\/td>\n<td data-start=\"1481\" data-end=\"1499\" data-col-size=\"sm\">\u2264 0,2 - 0,3 dB<\/td>\n<\/tr>\n<tr data-start=\"1500\" data-end=\"1525\">\n<td data-start=\"1500\" data-end=\"1514\" data-col-size=\"sm\">Perte de retour<\/td>\n<td data-start=\"1514\" data-end=\"1525\" data-col-size=\"sm\">\u2265 35 dB<\/td>\n<\/tr>\n<tr data-start=\"1526\" data-end=\"1563\">\n<td data-start=\"1526\" data-end=\"1539\" data-col-size=\"sm\">Durabilit\u00e9<\/td>\n<td data-start=\"1539\" data-end=\"1563\" data-col-size=\"sm\">\u2265 1000 cycles d'accouplement<\/td>\n<\/tr>\n<tr data-start=\"1564\" data-end=\"1607\">\n<td data-start=\"1564\" data-end=\"1587\" data-col-size=\"sm\">Longueur d'onde de fonctionnement<\/td>\n<td data-start=\"1587\" data-end=\"1607\" data-col-size=\"sm\">850 nm et 1300 nm<\/td>\n<\/tr>\n<tr data-start=\"1608\" data-end=\"1634\">\n<td data-start=\"1608\" data-end=\"1626\" data-col-size=\"sm\">Mat\u00e9riau de la veste<\/td>\n<td data-start=\"1626\" data-end=\"1634\" data-col-size=\"sm\">LSZH<\/td>\n<\/tr>\n<tr data-start=\"1635\" data-end=\"1677\">\n<td data-start=\"1635\" data-end=\"1652\" data-col-size=\"sm\">Diam\u00e8tre du c\u00e2ble<\/td>\n<td data-start=\"1652\" data-end=\"1677\" data-col-size=\"sm\">0,9 mm tamponn\u00e9 serr\u00e9<\/td>\n<\/tr>\n<tr data-start=\"1678\" data-end=\"1715\">\n<td data-start=\"1678\" data-end=\"1695\" data-col-size=\"sm\">Temp\u00e9rature de fonctionnement<\/td>\n<td data-start=\"1695\" data-end=\"1715\" data-col-size=\"sm\">De -40 \u00b0C \u00e0 +80 \u00b0C<\/td>\n<\/tr>\n<\/tbody>\n<\/table>\n<\/div>\n<\/div>","protected":false},"excerpt":{"rendered":"<p data-start=\"224\" data-end=\"637\">Le <strong data-start=\"228\" data-end=\"263\">LC\/UPC-12core-OM3 Pigtail en fibre optique<\/strong> est un assemblage de fibre optique multimode haute performance con\u00e7u pour les r\u00e9seaux de communication \u00e0 haut d\u00e9bit n\u00e9cessitant une connectivit\u00e9 compacte et fiable. \u00c9quip\u00e9 de connecteurs LC\/UPC de pr\u00e9cision et d'une fibre multimode OM3, ce pigtail offre <strong data-start=\"495\" data-end=\"551\">faible perte, stabilit\u00e9 \u00e9lev\u00e9e et r\u00e9p\u00e9tabilit\u00e9 sup\u00e9rieure<\/strong> dans les centres de donn\u00e9es, les r\u00e9seaux d'entreprise, les salles de t\u00e9l\u00e9communications et les r\u00e9partiteurs optiques.<\/p>\n<h3 data-start=\"639\" data-end=\"673\"><\/h3>","protected":false},"featured_media":642,"comment_status":"open","ping_status":"closed","template":"","meta":[],"product_brand":[],"product_cat":[43],"product_tag":[],"class_list":{"0":"post-641","1":"product","2":"type-product","3":"status-publish","4":"has-post-thumbnail","6":"product_cat-12-core-fiber-pigtail","8":"first","9":"instock","10":"shipping-taxable","11":"product-type-simple"},"_links":{"self":[{"href":"https:\/\/www.fenxifiber.com\/fr\/wp-json\/wp\/v2\/product\/641","targetHints":{"allow":["GET"]}}],"collection":[{"href":"https:\/\/www.fenxifiber.com\/fr\/wp-json\/wp\/v2\/product"}],"about":[{"href":"https:\/\/www.fenxifiber.com\/fr\/wp-json\/wp\/v2\/types\/product"}],"replies":[{"embeddable":true,"href":"https:\/\/www.fenxifiber.com\/fr\/wp-json\/wp\/v2\/comments?post=641"}],"wp:featuredmedia":[{"embeddable":true,"href":"https:\/\/www.fenxifiber.com\/fr\/wp-json\/wp\/v2\/media\/642"}],"wp:attachment":[{"href":"https:\/\/www.fenxifiber.com\/fr\/wp-json\/wp\/v2\/media?parent=641"}],"wp:term":[{"taxonomy":"product_brand","embeddable":true,"href":"https:\/\/www.fenxifiber.com\/fr\/wp-json\/wp\/v2\/product_brand?post=641"},{"taxonomy":"product_cat","embeddable":true,"href":"https:\/\/www.fenxifiber.com\/fr\/wp-json\/wp\/v2\/product_cat?post=641"},{"taxonomy":"product_tag","embeddable":true,"href":"https:\/\/www.fenxifiber.com\/fr\/wp-json\/wp\/v2\/product_tag?post=641"}],"curies":[{"name":"wp","href":"https:\/\/api.w.org\/{rel}","templated":true}]}}