{"id":643,"date":"2026-02-03T05:32:11","date_gmt":"2026-02-03T05:32:11","guid":{"rendered":"https:\/\/www.fenxifiber.com\/?post_type=product&#038;p=643"},"modified":"2026-02-04T00:59:40","modified_gmt":"2026-02-04T00:59:40","slug":"st-upc-12core-om3-fiber-pigtail","status":"publish","type":"product","link":"https:\/\/www.fenxifiber.com\/fr\/product\/st-upc-12core-om3-fiber-pigtail\/","title":{"rendered":"ST\/UPC-12core-OM3 Fiber Pigtail - Connectivit\u00e9 robuste sur le terrain"},"content":{"rendered":"<h2 data-start=\"2082\" data-end=\"2116\">\ud83d\udd0d <strong data-start=\"2089\" data-end=\"2116\">Principales caract\u00e9ristiques et avantages<\/strong><\/h2>\n<ul data-start=\"2118\" data-end=\"2551\">\n<li data-start=\"2118\" data-end=\"2206\">\n<p data-start=\"2120\" data-end=\"2206\"><strong data-start=\"2120\" data-end=\"2140\">Connecteur ST\/UPC<\/strong> avec verrouillage \u00e0 ba\u00efonnette permet une installation rapide et pr\u00eate \u00e0 l'emploi.<\/p>\n<\/li>\n<li data-start=\"2207\" data-end=\"2308\">\n<p data-start=\"2209\" data-end=\"2308\"><strong data-start=\"2209\" data-end=\"2244\">Connecteur poli de haute qualit\u00e9<\/strong> garantit une faible perte d'insertion et d'excellentes performances optiques.<\/p>\n<\/li>\n<li data-start=\"2309\" data-end=\"2392\">\n<p data-start=\"2311\" data-end=\"2392\"><strong data-start=\"2311\" data-end=\"2334\">Fibre multimode OM3<\/strong> offre une large bande passante sur des distances courtes \u00e0 moyennes.<\/p>\n<\/li>\n<li data-start=\"2393\" data-end=\"2468\">\n<p data-start=\"2395\" data-end=\"2468\"><strong data-start=\"2395\" data-end=\"2426\">Veste durable et flexible<\/strong> avec un mat\u00e9riau LSZH pour une s\u00e9curit\u00e9 accrue.<\/p>\n<\/li>\n<li data-start=\"2469\" data-end=\"2551\">\n<p data-start=\"2471\" data-end=\"2551\"><strong data-start=\"2471\" data-end=\"2489\">Conception \u00e0 12 noyaux<\/strong> prend en charge la transmission parall\u00e8le et la connectivit\u00e9 \u00e0 haute densit\u00e9.<\/p>\n<\/li>\n<\/ul>\n<hr data-start=\"2553\" data-end=\"2556\" \/>\n<h2 data-start=\"2558\" data-end=\"2609\">\ud83d\udcca <strong data-start=\"2564\" data-end=\"2609\">ST\/UPC-12core-OM3 Sp\u00e9cifications techniques<\/strong><\/h2>\n<div class=\"TyagGW_tableContainer\">\n<div class=\"group TyagGW_tableWrapper flex flex-col-reverse w-fit\" tabindex=\"-1\">\n<table class=\"w-fit min-w-(--thread-content-width)\" data-start=\"2611\" data-end=\"3051\">\n<thead data-start=\"2611\" data-end=\"2648\">\n<tr data-start=\"2611\" data-end=\"2648\">\n<th class=\"\" data-start=\"2611\" data-end=\"2627\" data-col-size=\"sm\"><strong data-start=\"2613\" data-end=\"2626\">Param\u00e8tres<\/strong><\/th>\n<th class=\"\" data-start=\"2627\" data-end=\"2648\" data-col-size=\"sm\"><strong data-start=\"2629\" data-end=\"2646\">Sp\u00e9cifications<\/strong><\/th>\n<\/tr>\n<\/thead>\n<tbody data-start=\"2687\" data-end=\"3051\">\n<tr data-start=\"2687\" data-end=\"2734\">\n<td data-start=\"2687\" data-end=\"2702\" data-col-size=\"sm\">Nom du produit<\/td>\n<td data-start=\"2702\" data-end=\"2734\" data-col-size=\"sm\">ST\/UPC 12-core Fiber Pigtail<\/td>\n<\/tr>\n<tr data-start=\"2735\" data-end=\"2777\">\n<td data-start=\"2735\" data-end=\"2748\" data-col-size=\"sm\">Type de fibre<\/td>\n<td data-start=\"2748\" data-end=\"2777\" data-col-size=\"sm\">Multimode OM3 (50\/125 \u00b5m)<\/td>\n<\/tr>\n<tr data-start=\"2778\" data-end=\"2805\">\n<td data-start=\"2778\" data-end=\"2795\" data-col-size=\"sm\">Type de connecteur<\/td>\n<td data-start=\"2795\" data-end=\"2805\" data-col-size=\"sm\">ST\/UPC<\/td>\n<\/tr>\n<tr data-start=\"2806\" data-end=\"2835\">\n<td data-start=\"2806\" data-end=\"2823\" data-col-size=\"sm\">Perte d'insertion<\/td>\n<td data-start=\"2823\" data-end=\"2835\" data-col-size=\"sm\">\u2264 0,3 dB<\/td>\n<\/tr>\n<tr data-start=\"2836\" data-end=\"2861\">\n<td data-start=\"2836\" data-end=\"2850\" data-col-size=\"sm\">Perte de retour<\/td>\n<td data-start=\"2850\" data-end=\"2861\" data-col-size=\"sm\">\u2265 30 dB<\/td>\n<\/tr>\n<tr data-start=\"2862\" data-end=\"2899\">\n<td data-start=\"2862\" data-end=\"2875\" data-col-size=\"sm\">Durabilit\u00e9<\/td>\n<td data-start=\"2875\" data-end=\"2899\" data-col-size=\"sm\">\u2265 1000 cycles d'accouplement<\/td>\n<\/tr>\n<tr data-start=\"2900\" data-end=\"2943\">\n<td data-start=\"2900\" data-end=\"2923\" data-col-size=\"sm\">Longueur d'onde de fonctionnement<\/td>\n<td data-start=\"2923\" data-end=\"2943\" data-col-size=\"sm\">850 nm et 1300 nm<\/td>\n<\/tr>\n<tr data-start=\"2944\" data-end=\"2970\">\n<td data-start=\"2944\" data-end=\"2962\" data-col-size=\"sm\">Mat\u00e9riau de la veste<\/td>\n<td data-start=\"2962\" data-end=\"2970\" data-col-size=\"sm\">LSZH<\/td>\n<\/tr>\n<tr data-start=\"2971\" data-end=\"3013\">\n<td data-start=\"2971\" data-end=\"2988\" data-col-size=\"sm\">Diam\u00e8tre du c\u00e2ble<\/td>\n<td data-start=\"2988\" data-end=\"3013\" data-col-size=\"sm\">0,9 mm tamponn\u00e9 serr\u00e9<\/td>\n<\/tr>\n<tr data-start=\"3014\" data-end=\"3051\">\n<td data-start=\"3014\" data-end=\"3031\" data-col-size=\"sm\">Temp\u00e9rature de fonctionnement<\/td>\n<td data-start=\"3031\" data-end=\"3051\" data-col-size=\"sm\">De -40 \u00b0C \u00e0 +80 \u00b0C<\/td>\n<\/tr>\n<\/tbody>\n<\/table>\n<\/div>\n<\/div>\n<hr data-start=\"3053\" data-end=\"3056\" \/>\n<h2 data-start=\"3058\" data-end=\"3091\">\ud83d\udccc <strong data-start=\"3064\" data-end=\"3091\">Questions et r\u00e9ponses professionnelles courantes<\/strong><\/h2>\n<p data-start=\"3093\" data-end=\"3324\"><strong data-start=\"3093\" data-end=\"3152\">Q1 : Quelle est la diff\u00e9rence entre les connecteurs LC et ST ?<\/strong><br data-start=\"3152\" data-end=\"3155\" \/><strong data-start=\"3155\" data-end=\"3161\">A :<\/strong> Les connecteurs LC sont plus petits et dot\u00e9s d'un syst\u00e8me de verrouillage \u00e0 loquet. <strong data-start=\"3211\" data-end=\"3234\">panneaux \u00e0 haute densit\u00e9<\/strong>, tandis que les connecteurs ST utilisent un <strong data-start=\"3262\" data-end=\"3284\">serrure \u00e0 ba\u00efonnette<\/strong> id\u00e9al pour le c\u00e2blage patrimonial ou industriel.<\/p>\n<p data-start=\"3326\" data-end=\"3532\"><strong data-start=\"3326\" data-end=\"3385\">Q2 : Pourquoi choisir OM3 multimode plut\u00f4t que OM1\/OM2 pour les pigtails ?<\/strong><br data-start=\"3385\" data-end=\"3388\" \/><strong data-start=\"3388\" data-end=\"3394\">A :<\/strong> OM3 est optimis\u00e9 pour <strong data-start=\"3416\" data-end=\"3444\">transmission par laser<\/strong>, Les r\u00e9seaux de t\u00e9l\u00e9communication sont de plus en plus complexes, car ils prennent en charge des vitesses plus \u00e9lev\u00e9es et des distances plus longues (par exemple, 10 Gbps+), avec une meilleure largeur de bande.<\/p>\n<p data-start=\"3534\" data-end=\"3709\"><strong data-start=\"3534\" data-end=\"3561\">Q3 : Que signifie CUP ?<\/strong><br data-start=\"3561\" data-end=\"3564\" \/><strong data-start=\"3564\" data-end=\"3570\">A :<\/strong> UPC signifie <strong data-start=\"3586\" data-end=\"3611\">Ultra Physics-Contact<\/strong> poli - il r\u00e9duit la r\u00e9tro-r\u00e9flexion et am\u00e9liore la perte de retour pour des performances optiques plus stables.<\/p>\n<p data-start=\"3711\" data-end=\"3939\"><strong data-start=\"3711\" data-end=\"3755\">Q4 : Ces pigtails peuvent-ils \u00eatre utilis\u00e9s \u00e0 l'ext\u00e9rieur ?<\/strong><br data-start=\"3755\" data-end=\"3758\" \/><strong data-start=\"3758\" data-end=\"3764\">A :<\/strong> Ces versions sp\u00e9cifiques sont g\u00e9n\u00e9ralement destin\u00e9es \u00e0 <strong data-start=\"3807\" data-end=\"3849\">coffrets int\u00e9rieurs ou ext\u00e9rieurs prot\u00e9g\u00e9s<\/strong> (gaines LSZH). Pour une utilisation \u00e0 l'ext\u00e9rieur, il est recommand\u00e9 d'utiliser des variantes de c\u00e2bles arm\u00e9s ou homologu\u00e9s pour l'ext\u00e9rieur.<\/p>","protected":false},"excerpt":{"rendered":"<p data-start=\"1792\" data-end=\"2080\">Le <strong data-start=\"1796\" data-end=\"1831\">ST\/UPC-12core-OM3 Pigtail en fibre optique<\/strong> combine les connecteurs traditionnels ST \u00e0 verrouillage \u00e0 ba\u00efonnette avec la fibre multimode moderne OM3. Con\u00e7u pour les installations o\u00f9 la facilit\u00e9 d'utilisation et la fiabilit\u00e9 des connexions sont essentielles, ce pigtail est id\u00e9al pour le c\u00e2blage structur\u00e9, les campus et les r\u00e9seaux industriels.<\/p>","protected":false},"featured_media":644,"comment_status":"open","ping_status":"closed","template":"","meta":[],"product_brand":[],"product_cat":[43],"product_tag":[],"class_list":{"0":"post-643","1":"product","2":"type-product","3":"status-publish","4":"has-post-thumbnail","6":"product_cat-12-core-fiber-pigtail","8":"first","9":"instock","10":"shipping-taxable","11":"product-type-simple"},"_links":{"self":[{"href":"https:\/\/www.fenxifiber.com\/fr\/wp-json\/wp\/v2\/product\/643","targetHints":{"allow":["GET"]}}],"collection":[{"href":"https:\/\/www.fenxifiber.com\/fr\/wp-json\/wp\/v2\/product"}],"about":[{"href":"https:\/\/www.fenxifiber.com\/fr\/wp-json\/wp\/v2\/types\/product"}],"replies":[{"embeddable":true,"href":"https:\/\/www.fenxifiber.com\/fr\/wp-json\/wp\/v2\/comments?post=643"}],"wp:featuredmedia":[{"embeddable":true,"href":"https:\/\/www.fenxifiber.com\/fr\/wp-json\/wp\/v2\/media\/644"}],"wp:attachment":[{"href":"https:\/\/www.fenxifiber.com\/fr\/wp-json\/wp\/v2\/media?parent=643"}],"wp:term":[{"taxonomy":"product_brand","embeddable":true,"href":"https:\/\/www.fenxifiber.com\/fr\/wp-json\/wp\/v2\/product_brand?post=643"},{"taxonomy":"product_cat","embeddable":true,"href":"https:\/\/www.fenxifiber.com\/fr\/wp-json\/wp\/v2\/product_cat?post=643"},{"taxonomy":"product_tag","embeddable":true,"href":"https:\/\/www.fenxifiber.com\/fr\/wp-json\/wp\/v2\/product_tag?post=643"}],"curies":[{"name":"wp","href":"https:\/\/api.w.org\/{rel}","templated":true}]}}