{"id":651,"date":"2026-02-03T05:41:15","date_gmt":"2026-02-03T05:41:15","guid":{"rendered":"https:\/\/www.fenxifiber.com\/?post_type=product&#038;p=651"},"modified":"2026-02-04T01:02:51","modified_gmt":"2026-02-04T01:02:51","slug":"lc-multimode-fiber-pigtail","status":"publish","type":"product","link":"https:\/\/www.fenxifiber.com\/fr\/product\/lc-multimode-fiber-pigtail\/","title":{"rendered":"LC Multimode Fiber Pigtail"},"content":{"rendered":"<h3>\ud83d\ude80 Avantages du centre de donn\u00e9es<\/h3>\n<ol>\n<li><strong>Densit\u00e9 in\u00e9gal\u00e9e<\/strong>: Le petit facteur de forme du connecteur LC permet de multiplier par deux le nombre de ports par panneau de brassage par rapport au SC\/ST, ce qui r\u00e9duit l'espace occup\u00e9 par les racks de 30% et diminue les co\u00fbts de refroidissement.<\/li>\n<li><strong>Pr\u00eat pour 40G\/100G<\/strong>: Optimis\u00e9 pour la fibre multimode OM3\/OM4, il prend en charge 40 Gbps (sur 100 m) et 100 Gbps (sur 100 m avec OM4) via une transmission par fibre parall\u00e8le, ce qui permet d'assurer la p\u00e9rennit\u00e9 des mises \u00e0 niveau des centres de donn\u00e9es.<\/li>\n<li><strong>Faible latence<\/strong>: La virole en c\u00e9ramique de pr\u00e9cision garantit un retard minimal du signal (\u22640,1\u03bcs\/m), essentiel pour le trading \u00e0 haute fr\u00e9quence, l'entra\u00eenement des mod\u00e8les d'IA et les services cloud en temps r\u00e9el.<\/li>\n<li><strong>Gestion facile des c\u00e2bles<\/strong>: Disponible en configuration ruban ou tube libre, il r\u00e9duit l'encombrement des c\u00e2bles dans les racks \u00e0 haute densit\u00e9, ce qui simplifie la maintenance et la circulation de l'air.<\/li>\n<\/ol>\n<hr \/>\n<h3>\ud83d\udcca Sp\u00e9cifications techniques<\/h3>\n<div>\n<div>\n<table>\n<thead>\n<tr>\n<th>Param\u00e8tres<\/th>\n<th>D\u00e9tails<\/th>\n<\/tr>\n<\/thead>\n<tbody>\n<tr>\n<td><strong>Nom du produit<\/strong><\/td>\n<td>LC Multimode Fiber Pigtail (LC-MM)<\/td>\n<\/tr>\n<tr>\n<td><strong>Type de connecteur<\/strong><\/td>\n<td>LC\/UPC (verrouillage, embout de 1,25 mm)<\/td>\n<\/tr>\n<tr>\n<td><strong>Type de fibre<\/strong><\/td>\n<td>Multimode (OM3\/OM4)<\/td>\n<\/tr>\n<tr>\n<td><strong>Longueur d'onde de fonctionnement<\/strong><\/td>\n<td>850nm (transmission parall\u00e8le pour 40G\/100G)<\/td>\n<\/tr>\n<tr>\n<td><strong>Perte d'insertion<\/strong><\/td>\n<td>\u2264 0,3dB (par canal)<\/td>\n<\/tr>\n<tr>\n<td><strong>Perte de retour<\/strong><\/td>\n<td>\u2265 25dB<\/td>\n<\/tr>\n<tr>\n<td><strong>R\u00e9sistance \u00e0 la traction<\/strong><\/td>\n<td>\u2265 1000N<\/td>\n<\/tr>\n<tr>\n<td><strong>Durabilit\u00e9<\/strong><\/td>\n<td>\u2265 1500 p\u00e9riodes d'accouplement<\/td>\n<\/tr>\n<tr>\n<td><strong>Mat\u00e9riau de la veste<\/strong><\/td>\n<td>LSZH (retardateur de flamme, faible d\u00e9gagement de fum\u00e9e)<\/td>\n<\/tr>\n<tr>\n<td><strong>Options de comptage des noyaux<\/strong><\/td>\n<td>4 c\u0153urs \/ 8 c\u0153urs \/ 12 c\u0153urs (pour 40G\/100G en parall\u00e8le)<\/td>\n<\/tr>\n<\/tbody>\n<\/table>\n<\/div>\n<\/div>\n<hr \/>\n<h3>Comparaison de la densit\u00e9 (LC vs. connecteurs traditionnels)<\/h3>\n<div>\n<div>\n<table>\n<thead>\n<tr>\n<th>Type de connecteur<\/th>\n<th>Densit\u00e9 des ports du panneau de brassage (par 1U)<\/th>\n<th>Gain d'espace de stockage (vs. SC)<\/th>\n<\/tr>\n<\/thead>\n<tbody>\n<tr>\n<td>LC<\/td>\n<td>96 ports<\/td>\n<td>30%<\/td>\n<\/tr>\n<tr>\n<td>SC<\/td>\n<td>48 ports<\/td>\n<td>\u2014<\/td>\n<\/tr>\n<tr>\n<td>ST<\/td>\n<td>48 ports<\/td>\n<td>\u2014<\/td>\n<\/tr>\n<\/tbody>\n<\/table>\n<\/div>\n<\/div>\n<hr \/>\n<h3>\ud83c\udfe2 Applications pour centres de donn\u00e9es<\/h3>\n<ul>\n<li><strong>Centres de donn\u00e9es \u00e0 grande \u00e9chelle<\/strong>: Prend en charge les connexions de commutateur serveur-top-of-rack (ToR) \u00e0 haute densit\u00e9 pour les fournisseurs de cloud (AWS, Azure, Google Cloud).<\/li>\n<li><strong>Installations de colocation<\/strong>: Maximise la densit\u00e9 des ports pour les environnements multi-locataires, augmentant ainsi le revenu par rack.<\/li>\n<li><strong>Centres de donn\u00e9es d'entreprise<\/strong>: Permet des mises \u00e0 niveau 40G\/100G pour les charges de travail d'IA, de big data et de virtualisation.<\/li>\n<li><strong>Centres de donn\u00e9es en p\u00e9riph\u00e9rie<\/strong>: La conception compacte s'adapte aux petits emplacements (par exemple, les magasins de d\u00e9tail, les stations de base 5G) tout en fournissant une bande passante \u00e9lev\u00e9e.<\/li>\n<\/ul>\n<hr \/>\n<h3>\u2753 FAQ sur les centres de donn\u00e9es<\/h3>\n<h4>Q1 : Comment LC-MM supporte-t-il l'Ethernet 100G ?<\/h4>\n<div>R : LC-MM utilise une fibre OM4 \u00e0 8 c\u0153urs (4 en \u00e9mission, 4 en r\u00e9ception) pour une transmission parall\u00e8le \u00e0 100 Gbps (norme IEEE 802.3bm), atteignant une port\u00e9e de 100 m - id\u00e9al pour les interconnexions de centres de donn\u00e9es \u00e0 courte port\u00e9e.<\/div>\n<h4>Q2 : Les pigtails LC-MM peuvent-ils \u00eatre utilis\u00e9s avec l'infrastructure 10G existante ?<\/h4>\n<div>R : Oui, ils sont enti\u00e8rement r\u00e9trocompatibles avec l'Ethernet 10G (IEEE 802.3ae) sur fibre OM3\/OM4, ce qui permet des mises \u00e0 niveau progressives sans remplacer le c\u00e2blage existant.<\/div>\n<h4>Q3 : Quelles sont les solutions de gestion des c\u00e2bles qui conviennent le mieux aux pigtails LC-MM ?<\/h4>\n<div>R : Utilisez des panneaux adaptateurs LC duplex et des organisateurs de c\u00e2bles \u00e0 haute densit\u00e9 (par exemple, des gestionnaires de c\u00e2bles avec un espacement de 1,25 mm entre les fentes) pour maximiser le flux d'air et r\u00e9duire les enchev\u00eatrements. Nous proposons des ensembles de gestion de c\u00e2bles personnalis\u00e9s pour les d\u00e9ploiements dans les centres de donn\u00e9es.<\/div>","protected":false},"excerpt":{"rendered":"<div>Alors que les centres de donn\u00e9es font la course pour prendre en charge l'explosion des charges de travail li\u00e9es au cloud, \u00e0 l'IA et au big data, le... <strong>LC Multimode Fiber Pigtail<\/strong> (LC-MM) s'impose comme la r\u00e9f\u00e9rence en mati\u00e8re de connectivit\u00e9 haute densit\u00e9. Avec son connecteur LC ultra-compact (50% plus petit que SC\/ST), cette solution multimode maximise l'utilisation de l'espace rack tout en offrant des performances 40G\/100G, essentielles pour les centres de donn\u00e9es \u00e0 grande \u00e9chelle et les installations de colocation.<\/div>\n<div><\/div>","protected":false},"featured_media":652,"comment_status":"open","ping_status":"closed","template":"","meta":[],"product_brand":[],"product_cat":[43],"product_tag":[],"class_list":{"0":"post-651","1":"product","2":"type-product","3":"status-publish","4":"has-post-thumbnail","6":"product_cat-12-core-fiber-pigtail","8":"first","9":"instock","10":"shipping-taxable","11":"product-type-simple"},"_links":{"self":[{"href":"https:\/\/www.fenxifiber.com\/fr\/wp-json\/wp\/v2\/product\/651","targetHints":{"allow":["GET"]}}],"collection":[{"href":"https:\/\/www.fenxifiber.com\/fr\/wp-json\/wp\/v2\/product"}],"about":[{"href":"https:\/\/www.fenxifiber.com\/fr\/wp-json\/wp\/v2\/types\/product"}],"replies":[{"embeddable":true,"href":"https:\/\/www.fenxifiber.com\/fr\/wp-json\/wp\/v2\/comments?post=651"}],"wp:featuredmedia":[{"embeddable":true,"href":"https:\/\/www.fenxifiber.com\/fr\/wp-json\/wp\/v2\/media\/652"}],"wp:attachment":[{"href":"https:\/\/www.fenxifiber.com\/fr\/wp-json\/wp\/v2\/media?parent=651"}],"wp:term":[{"taxonomy":"product_brand","embeddable":true,"href":"https:\/\/www.fenxifiber.com\/fr\/wp-json\/wp\/v2\/product_brand?post=651"},{"taxonomy":"product_cat","embeddable":true,"href":"https:\/\/www.fenxifiber.com\/fr\/wp-json\/wp\/v2\/product_cat?post=651"},{"taxonomy":"product_tag","embeddable":true,"href":"https:\/\/www.fenxifiber.com\/fr\/wp-json\/wp\/v2\/product_tag?post=651"}],"curies":[{"name":"wp","href":"https:\/\/api.w.org\/{rel}","templated":true}]}}