{"id":653,"date":"2026-02-03T05:49:41","date_gmt":"2026-02-03T05:49:41","guid":{"rendered":"https:\/\/www.fenxifiber.com\/?post_type=product&#038;p=653"},"modified":"2026-02-04T01:21:32","modified_gmt":"2026-02-04T01:21:32","slug":"fc-upc-fc-upc-50-125-dx","status":"publish","type":"product","link":"https:\/\/www.fenxifiber.com\/fr\/product\/fc-upc-fc-upc-50-125-dx\/","title":{"rendered":"Cordon de raccordement multimode en fibre optique FC\/UPC-FC\/UPC-50\/125-DX"},"content":{"rendered":"<h3 data-start=\"775\" data-end=\"825\"><strong data-start=\"779\" data-end=\"825\">Con\u00e7u pour des liaisons optiques propres et stables<\/strong><\/h3>\n<p data-start=\"827\" data-end=\"1143\">Contrairement aux connecteurs push-pull, les connecteurs FC utilisent une <strong data-start=\"876\" data-end=\"907\">coupleur de pr\u00e9cision \u00e0 visser<\/strong>, qui emp\u00eache les micro-mouvements susceptibles d'entra\u00eener une fluctuation du signal. Lorsqu'il est associ\u00e9 \u00e0 <strong data-start=\"991\" data-end=\"1033\">Polissage UPC (Ultra Physical Contact)<\/strong>, Les faces d'extr\u00e9mit\u00e9 des fibres forment un contact physique \u00e9troit et lisse qui minimise la r\u00e9flexion arri\u00e8re et la perte d'insertion.<\/p>\n<p data-start=\"1145\" data-end=\"1290\">Le r\u00e9sultat est un cordon de raccordement en fibre optique qui fournit <strong data-start=\"1192\" data-end=\"1226\">une performance optique constante<\/strong> m\u00eame dans des environnements \u00e9lectriquement bruyants ou m\u00e9caniquement actifs.<\/p>\n<hr data-start=\"1292\" data-end=\"1295\" \/>\n<h3 data-start=\"1297\" data-end=\"1333\"><strong data-start=\"1301\" data-end=\"1333\">Principales sp\u00e9cifications techniques<\/strong><\/h3>\n<div class=\"TyagGW_tableContainer\">\n<div class=\"group TyagGW_tableWrapper flex flex-col-reverse w-fit\" tabindex=\"-1\">\n<table class=\"w-fit min-w-(--thread-content-width)\" data-start=\"1335\" data-end=\"1859\">\n<thead data-start=\"1335\" data-end=\"1374\">\n<tr data-start=\"1335\" data-end=\"1374\">\n<th class=\"\" data-start=\"1335\" data-end=\"1347\" data-col-size=\"sm\">Param\u00e8tres<\/th>\n<th class=\"\" data-start=\"1347\" data-end=\"1374\" data-col-size=\"sm\">FC\/UPC\u2013FC\/UPC-50\/125-DX<\/th>\n<\/tr>\n<\/thead>\n<tbody data-start=\"1403\" data-end=\"1859\">\n<tr data-start=\"1403\" data-end=\"1439\">\n<td data-start=\"1403\" data-end=\"1416\" data-col-size=\"sm\">Type de fibre<\/td>\n<td data-col-size=\"sm\" data-start=\"1416\" data-end=\"1439\">Multimode 50\/125 \u03bcm<\/td>\n<\/tr>\n<tr data-start=\"1440\" data-end=\"1477\">\n<td data-start=\"1440\" data-end=\"1453\" data-col-size=\"sm\">Mode fibre<\/td>\n<td data-col-size=\"sm\" data-start=\"1453\" data-end=\"1477\">Compatible OM2 \/ OM3<\/td>\n<\/tr>\n<tr data-start=\"1478\" data-end=\"1509\">\n<td data-start=\"1478\" data-end=\"1494\" data-col-size=\"sm\">Configuration<\/td>\n<td data-col-size=\"sm\" data-start=\"1494\" data-end=\"1509\">Duplex (DX)<\/td>\n<\/tr>\n<tr data-start=\"1510\" data-end=\"1536\">\n<td data-start=\"1510\" data-end=\"1524\" data-col-size=\"sm\">Connecteur A<\/td>\n<td data-col-size=\"sm\" data-start=\"1524\" data-end=\"1536\">FC \/ UPC<\/td>\n<\/tr>\n<tr data-start=\"1537\" data-end=\"1563\">\n<td data-start=\"1537\" data-end=\"1551\" data-col-size=\"sm\">Connecteur B<\/td>\n<td data-col-size=\"sm\" data-start=\"1551\" data-end=\"1563\">FC \/ UPC<\/td>\n<\/tr>\n<tr data-start=\"1564\" data-end=\"1607\">\n<td data-start=\"1564\" data-end=\"1587\" data-col-size=\"sm\">Longueur d'onde de fonctionnement<\/td>\n<td data-start=\"1587\" data-end=\"1607\" data-col-size=\"sm\">850 nm \/ 1300 nm<\/td>\n<\/tr>\n<tr data-start=\"1608\" data-end=\"1638\">\n<td data-start=\"1608\" data-end=\"1625\" data-col-size=\"sm\">Perte d'insertion<\/td>\n<td data-col-size=\"sm\" data-start=\"1625\" data-end=\"1638\">\u2264 0,30 dB<\/td>\n<\/tr>\n<tr data-start=\"1639\" data-end=\"1670\">\n<td data-start=\"1639\" data-end=\"1653\" data-col-size=\"sm\">Perte de retour<\/td>\n<td data-col-size=\"sm\" data-start=\"1653\" data-end=\"1670\">\u2265 30 dB (UPC)<\/td>\n<\/tr>\n<tr data-start=\"1671\" data-end=\"1701\">\n<td data-start=\"1671\" data-end=\"1686\" data-col-size=\"sm\">Gaine du c\u00e2ble<\/td>\n<td data-col-size=\"sm\" data-start=\"1686\" data-end=\"1701\">LSZH ou PVC<\/td>\n<\/tr>\n<tr data-start=\"1702\" data-end=\"1732\">\n<td data-start=\"1702\" data-end=\"1721\" data-col-size=\"sm\">R\u00e9sistance \u00e0 la traction<\/td>\n<td data-col-size=\"sm\" data-start=\"1721\" data-end=\"1732\">\u2265 200 N<\/td>\n<\/tr>\n<tr data-start=\"1733\" data-end=\"1771\">\n<td data-start=\"1733\" data-end=\"1746\" data-col-size=\"sm\">Durabilit\u00e9<\/td>\n<td data-col-size=\"sm\" data-start=\"1746\" data-end=\"1771\">\u2265 1 000 cycles d'accouplement<\/td>\n<\/tr>\n<tr data-start=\"1772\" data-end=\"1816\">\n<td data-start=\"1772\" data-end=\"1796\" data-col-size=\"sm\">Temp\u00e9rature de fonctionnement<\/td>\n<td data-col-size=\"sm\" data-start=\"1796\" data-end=\"1816\">De -10 \u00b0C \u00e0 +70 \u00b0C<\/td>\n<\/tr>\n<tr data-start=\"1817\" data-end=\"1859\">\n<td data-start=\"1817\" data-end=\"1830\" data-col-size=\"sm\">Conformit\u00e9<\/td>\n<td data-col-size=\"sm\" data-start=\"1830\" data-end=\"1859\">IEC, TIA-568, RoHS, REACH<\/td>\n<\/tr>\n<\/tbody>\n<\/table>\n<\/div>\n<\/div>\n<hr data-start=\"1861\" data-end=\"1864\" \/>\n<h3 data-start=\"1866\" data-end=\"1906\"><strong data-start=\"1870\" data-end=\"1906\">Performances dans les r\u00e9seaux r\u00e9els<\/strong><\/h3>\n<p data-start=\"1908\" data-end=\"1977\">Au <strong data-start=\"1911\" data-end=\"1921\">850 nm<\/strong>, la fibre multimode 50\/125 \u03bcm prend en charge des d\u00e9bits de donn\u00e9es tels que :<\/p>\n<ul data-start=\"1979\" data-end=\"2066\">\n<li data-start=\"1979\" data-end=\"2017\">\n<p data-start=\"1981\" data-end=\"2017\"><strong data-start=\"1981\" data-end=\"2015\">10G Ethernet jusqu'\u00e0 300 m (OM3)<\/strong><\/p>\n<\/li>\n<li data-start=\"2018\" data-end=\"2066\">\n<p data-start=\"2020\" data-end=\"2066\"><strong data-start=\"2020\" data-end=\"2066\">Optique parall\u00e8le 40G \/ 100G jusqu'\u00e0 100-150 m<\/strong><\/p>\n<\/li>\n<\/ul>\n<p data-start=\"2068\" data-end=\"2116\">Le c\u00e2ble FC\/UPC-FC\/UPC-DX est donc id\u00e9al pour :<\/p>\n<ul data-start=\"2118\" data-end=\"2255\">\n<li data-start=\"2118\" data-end=\"2146\">\n<p data-start=\"2120\" data-end=\"2146\"><strong data-start=\"2120\" data-end=\"2146\">\u00c9quipement de test optique<\/strong><\/p>\n<\/li>\n<li data-start=\"2147\" data-end=\"2172\">\n<p data-start=\"2149\" data-end=\"2172\"><strong data-start=\"2149\" data-end=\"2172\">Ethernet industriel<\/strong><\/p>\n<\/li>\n<li data-start=\"2173\" data-end=\"2194\">\n<p data-start=\"2175\" data-end=\"2194\"><strong data-start=\"2175\" data-end=\"2194\">R\u00e9seaux de campus<\/strong><\/p>\n<\/li>\n<li data-start=\"2195\" data-end=\"2223\">\n<p data-start=\"2197\" data-end=\"2223\"><strong data-start=\"2197\" data-end=\"2223\">Anciens syst\u00e8mes de t\u00e9l\u00e9communications<\/strong><\/p>\n<\/li>\n<li data-start=\"2224\" data-end=\"2255\">\n<p data-start=\"2226\" data-end=\"2255\"><strong data-start=\"2226\" data-end=\"2255\">R\u00e9partiteurs de fibres<\/strong><\/p>\n<\/li>\n<\/ul>\n<hr data-start=\"2257\" data-end=\"2260\" \/>\n<h3 data-start=\"2262\" data-end=\"2309\"><strong data-start=\"2266\" data-end=\"2309\">Construit pour la fiabilit\u00e9 et la r\u00e9p\u00e9tabilit\u00e9<\/strong><\/h3>\n<p data-start=\"2311\" data-end=\"2473\">Chaque cordon de raccordement est termin\u00e9 en usine et poli avec des <strong data-start=\"2368\" data-end=\"2403\">bagues en c\u00e9ramique de haute pr\u00e9cision<\/strong> et subit <strong data-start=\"2418\" data-end=\"2442\">100% essais optiques<\/strong> avant l'exp\u00e9dition. Cela permet de garantir :<\/p>\n<ul data-start=\"2475\" data-end=\"2615\">\n<li data-start=\"2475\" data-end=\"2508\">\n<p data-start=\"2477\" data-end=\"2508\">Alignement pr\u00e9cis du c\u0153ur de la fibre<\/p>\n<\/li>\n<li data-start=\"2509\" data-end=\"2552\">\n<p data-start=\"2511\" data-end=\"2552\">Faible perte d'insertion sur les deux canaux<\/p>\n<\/li>\n<li data-start=\"2553\" data-end=\"2615\">\n<p data-start=\"2555\" data-end=\"2615\">Performances constantes dans les syst\u00e8mes critiques ou \u00e0 haute densit\u00e9<\/p>\n<\/li>\n<\/ul>\n<p data-start=\"2617\" data-end=\"2731\">L'option de la veste LSZH prend \u00e9galement en charge <strong data-start=\"2654\" data-end=\"2689\">les exigences modernes en mati\u00e8re de s\u00e9curit\u00e9 incendie<\/strong> dans les centres de donn\u00e9es et les b\u00e2timents commerciaux.<\/p>\n<hr data-start=\"2733\" data-end=\"2736\" \/>\n<h2 data-start=\"2738\" data-end=\"2761\"><strong data-start=\"2741\" data-end=\"2761\">Questions et r\u00e9ponses professionnelles<\/strong><\/h2>\n<p data-start=\"2763\" data-end=\"2975\"><strong data-start=\"2763\" data-end=\"2814\">Q1 : Que signifie \u201c50\/125\u201d dans ce cordon de raccordement ?<\/strong><br data-start=\"2814\" data-end=\"2817\" \/>Il s'agit de la taille du c\u0153ur de la fibre et de la gaine - <strong data-start=\"2865\" data-end=\"2899\">Noyau de 50 \u03bcm et gaine de 125 \u03bcm<\/strong>, la norme pour la fibre multimode utilis\u00e9e dans les environnements de r\u00e9seaux locaux et de centres de donn\u00e9es.<\/p>\n<p data-start=\"2977\" data-end=\"3169\"><strong data-start=\"2977\" data-end=\"3027\">Q2 : Pourquoi utiliser des connecteurs FC plut\u00f4t que LC ou SC ?<\/strong><br data-start=\"3027\" data-end=\"3030\" \/>Les connecteurs FC fournissent <strong data-start=\"3052\" data-end=\"3072\">verrouillage filet\u00e9<\/strong>, qui emp\u00eache tout mouvement et est id\u00e9al pour <strong data-start=\"3115\" data-end=\"3168\">les connexions sensibles aux vibrations ou les connexions d'\u00e9quipements d'essai<\/strong>.<\/p>\n<p data-start=\"3171\" data-end=\"3312\"><strong data-start=\"3171\" data-end=\"3219\">Q3 : Ce c\u00e2ble est-il adapt\u00e9 aux r\u00e9seaux 10G ?<\/strong><br data-start=\"3219\" data-end=\"3222\" \/>Oui. Avec la fibre 50\/125 de qualit\u00e9 OM3, il prend en charge <strong data-start=\"3268\" data-end=\"3311\">10G Ethernet jusqu'\u00e0 300 m\u00e8tres \u00e0 850 nm<\/strong>.<\/p>\n<p data-start=\"3314\" data-end=\"3517\"><strong data-start=\"3314\" data-end=\"3364\">Q4 : Peut-on l'utiliser dans des environnements industriels ?<\/strong><br data-start=\"3364\" data-end=\"3367\" \/>Absolument. La conception viss\u00e9e du FC offre une excellente r\u00e9sistance aux vibrations, ce qui le rend bien adapt\u00e9 pour <strong data-start=\"3470\" data-end=\"3516\">les sols d'usine, les laboratoires et les armoires ext\u00e9rieures<\/strong>.<\/p>","protected":false},"excerpt":{"rendered":"<p data-start=\"65\" data-end=\"499\">Le <strong data-start=\"69\" data-end=\"96\">FC\/UPC\u2013FC\/UPC-50\/125-DX<\/strong> est un appareil de pr\u00e9cision <strong data-start=\"118\" data-end=\"154\">cordon de raccordement en fibre optique multimode<\/strong> con\u00e7u pour des connexions optiques stables et \u00e0 faible perte dans les salles de t\u00e9l\u00e9communications, les laboratoires, les r\u00e9seaux industriels et les anciens syst\u00e8mes de r\u00e9seau f\u00e9d\u00e9rateur qui d\u00e9pendent encore de la technologie de la fibre optique. <strong data-start=\"305\" data-end=\"331\">Connecteurs filet\u00e9s FC<\/strong>.<br data-start=\"332\" data-end=\"335\" \/>Utilisation <strong data-start=\"341\" data-end=\"370\">Fibre multimode 50\/125 \u03bcm<\/strong>, Ce cordon de raccordement duplex (DX) assure une transmission fiable \u00e0 courte et moyenne distance pour les applications suivantes <strong data-start=\"460\" data-end=\"482\">850 nm et 1300 nm<\/strong> les syst\u00e8mes optiques.<\/p>\n<p data-start=\"501\" data-end=\"768\">Les connecteurs FC sont largement reconnus pour leur <strong data-start=\"547\" data-end=\"606\">excellente r\u00e9sistance aux vibrations et stabilit\u00e9 m\u00e9canique<\/strong>, Ce mod\u00e8le est donc particuli\u00e8rement adapt\u00e9 aux <strong data-start=\"650\" data-end=\"728\">instruments de test, r\u00e9partiteurs optiques et environnements industriels<\/strong> lorsqu'un verrouillage s\u00e9curis\u00e9 des fibres est n\u00e9cessaire.<\/p>","protected":false},"featured_media":655,"comment_status":"open","ping_status":"closed","template":"","meta":[],"product_brand":[],"product_cat":[44],"product_tag":[],"class_list":{"0":"post-653","1":"product","2":"type-product","3":"status-publish","4":"has-post-thumbnail","6":"product_cat-multimode-fiber-optic-patch-cord","8":"first","9":"instock","10":"shipping-taxable","11":"product-type-simple"},"_links":{"self":[{"href":"https:\/\/www.fenxifiber.com\/fr\/wp-json\/wp\/v2\/product\/653","targetHints":{"allow":["GET"]}}],"collection":[{"href":"https:\/\/www.fenxifiber.com\/fr\/wp-json\/wp\/v2\/product"}],"about":[{"href":"https:\/\/www.fenxifiber.com\/fr\/wp-json\/wp\/v2\/types\/product"}],"replies":[{"embeddable":true,"href":"https:\/\/www.fenxifiber.com\/fr\/wp-json\/wp\/v2\/comments?post=653"}],"wp:featuredmedia":[{"embeddable":true,"href":"https:\/\/www.fenxifiber.com\/fr\/wp-json\/wp\/v2\/media\/655"}],"wp:attachment":[{"href":"https:\/\/www.fenxifiber.com\/fr\/wp-json\/wp\/v2\/media?parent=653"}],"wp:term":[{"taxonomy":"product_brand","embeddable":true,"href":"https:\/\/www.fenxifiber.com\/fr\/wp-json\/wp\/v2\/product_brand?post=653"},{"taxonomy":"product_cat","embeddable":true,"href":"https:\/\/www.fenxifiber.com\/fr\/wp-json\/wp\/v2\/product_cat?post=653"},{"taxonomy":"product_tag","embeddable":true,"href":"https:\/\/www.fenxifiber.com\/fr\/wp-json\/wp\/v2\/product_tag?post=653"}],"curies":[{"name":"wp","href":"https:\/\/api.w.org\/{rel}","templated":true}]}}