{"id":656,"date":"2026-02-03T05:55:05","date_gmt":"2026-02-03T05:55:05","guid":{"rendered":"https:\/\/www.fenxifiber.com\/?post_type=product&#038;p=656"},"modified":"2026-02-04T01:22:27","modified_gmt":"2026-02-04T01:22:27","slug":"fc-upc-lc-upc-50-125-dx","status":"publish","type":"product","link":"https:\/\/www.fenxifiber.com\/fr\/product\/fc-upc-lc-upc-50-125-dx\/","title":{"rendered":"Cordon de raccordement multimode en fibre optique FC\/UPC-LC\/UPC-50\/125-DX"},"content":{"rendered":"<h3 data-start=\"620\" data-end=\"671\"><strong data-start=\"624\" data-end=\"671\">Un pont intelligent entre deux mondes de connecteurs<\/strong><\/h3>\n<p data-start=\"673\" data-end=\"938\">De nombreux appareils de test optique, OTDR et dispositifs de t\u00e9l\u00e9communication anciens utilisent encore des <strong data-start=\"741\" data-end=\"753\">Ports FC<\/strong>, alors que les commutateurs, les panneaux de brassage et les \u00e9metteurs-r\u00e9cepteurs modernes reposent sur les technologies de l'information et de la communication. <strong data-start=\"817\" data-end=\"834\">Interfaces LC<\/strong>. Ce c\u00e2ble permet une int\u00e9gration transparente entre les deux - sans adaptateur, sans instabilit\u00e9 du signal.<\/p>\n<p data-start=\"940\" data-end=\"1142\">Le <strong data-start=\"944\" data-end=\"970\">faces d'extr\u00e9mit\u00e9 polies UPC<\/strong> assurent un contact physique \u00e9troit entre les fibres, ce qui <strong data-start=\"1025\" data-end=\"1077\">perte d'insertion faible et r\u00e9flexions ma\u00eetris\u00e9es<\/strong>, ce qui est essentiel pour une transmission et un test pr\u00e9cis des signaux.<\/p>\n<hr data-start=\"1144\" data-end=\"1147\" \/>\n<h3 data-start=\"1149\" data-end=\"1192\"><strong data-start=\"1153\" data-end=\"1192\">Aper\u00e7u des performances et de la construction<\/strong><\/h3>\n<div class=\"TyagGW_tableContainer\">\n<div class=\"group TyagGW_tableWrapper flex flex-col-reverse w-fit\" tabindex=\"-1\">\n<table class=\"w-fit min-w-(--thread-content-width)\" data-start=\"1194\" data-end=\"1705\">\n<thead data-start=\"1194\" data-end=\"1233\">\n<tr data-start=\"1194\" data-end=\"1233\">\n<th class=\"\" data-start=\"1194\" data-end=\"1206\" data-col-size=\"sm\">Param\u00e8tres<\/th>\n<th class=\"\" data-start=\"1206\" data-end=\"1233\" data-col-size=\"sm\">FC\/UPC\u2013LC\/UPC-50\/125-DX<\/th>\n<\/tr>\n<\/thead>\n<tbody data-start=\"1262\" data-end=\"1705\">\n<tr data-start=\"1262\" data-end=\"1298\">\n<td data-start=\"1262\" data-end=\"1275\" data-col-size=\"sm\">Type de fibre<\/td>\n<td data-col-size=\"sm\" data-start=\"1275\" data-end=\"1298\">Multimode 50\/125 \u03bcm<\/td>\n<\/tr>\n<tr data-start=\"1299\" data-end=\"1330\">\n<td data-start=\"1299\" data-end=\"1306\" data-col-size=\"sm\">Mode<\/td>\n<td data-start=\"1306\" data-end=\"1330\" data-col-size=\"sm\">Compatible OM2 \/ OM3<\/td>\n<\/tr>\n<tr data-start=\"1331\" data-end=\"1362\">\n<td data-start=\"1331\" data-end=\"1347\" data-col-size=\"sm\">Configuration<\/td>\n<td data-start=\"1347\" data-end=\"1362\" data-col-size=\"sm\">Duplex (DX)<\/td>\n<\/tr>\n<tr data-start=\"1363\" data-end=\"1389\">\n<td data-start=\"1363\" data-end=\"1377\" data-col-size=\"sm\">Connecteur A<\/td>\n<td data-start=\"1377\" data-end=\"1389\" data-col-size=\"sm\">FC \/ UPC<\/td>\n<\/tr>\n<tr data-start=\"1390\" data-end=\"1416\">\n<td data-start=\"1390\" data-end=\"1404\" data-col-size=\"sm\">Connecteur B<\/td>\n<td data-start=\"1404\" data-end=\"1416\" data-col-size=\"sm\">LC \/ UPC<\/td>\n<\/tr>\n<tr data-start=\"1417\" data-end=\"1460\">\n<td data-start=\"1417\" data-end=\"1440\" data-col-size=\"sm\">Longueur d'onde de fonctionnement<\/td>\n<td data-start=\"1440\" data-end=\"1460\" data-col-size=\"sm\">850 nm \/ 1300 nm<\/td>\n<\/tr>\n<tr data-start=\"1461\" data-end=\"1491\">\n<td data-start=\"1461\" data-end=\"1478\" data-col-size=\"sm\">Perte d'insertion<\/td>\n<td data-col-size=\"sm\" data-start=\"1478\" data-end=\"1491\">\u2264 0,30 dB<\/td>\n<\/tr>\n<tr data-start=\"1492\" data-end=\"1517\">\n<td data-start=\"1492\" data-end=\"1506\" data-col-size=\"sm\">Perte de retour<\/td>\n<td data-col-size=\"sm\" data-start=\"1506\" data-end=\"1517\">\u2265 30 dB<\/td>\n<\/tr>\n<tr data-start=\"1518\" data-end=\"1548\">\n<td data-start=\"1518\" data-end=\"1533\" data-col-size=\"sm\">Gaine du c\u00e2ble<\/td>\n<td data-col-size=\"sm\" data-start=\"1533\" data-end=\"1548\">LSZH ou PVC<\/td>\n<\/tr>\n<tr data-start=\"1549\" data-end=\"1579\">\n<td data-start=\"1549\" data-end=\"1568\" data-col-size=\"sm\">R\u00e9sistance \u00e0 la traction<\/td>\n<td data-col-size=\"sm\" data-start=\"1568\" data-end=\"1579\">\u2265 200 N<\/td>\n<\/tr>\n<tr data-start=\"1580\" data-end=\"1618\">\n<td data-start=\"1580\" data-end=\"1600\" data-col-size=\"sm\">Durabilit\u00e9 de l'accouplement<\/td>\n<td data-col-size=\"sm\" data-start=\"1600\" data-end=\"1618\">\u2265 1 000 cycles<\/td>\n<\/tr>\n<tr data-start=\"1619\" data-end=\"1663\">\n<td data-start=\"1619\" data-end=\"1643\" data-col-size=\"sm\">Temp\u00e9rature de fonctionnement<\/td>\n<td data-col-size=\"sm\" data-start=\"1643\" data-end=\"1663\">De -10 \u00b0C \u00e0 +70 \u00b0C<\/td>\n<\/tr>\n<tr data-start=\"1664\" data-end=\"1705\">\n<td data-start=\"1664\" data-end=\"1676\" data-col-size=\"sm\">Normes<\/td>\n<td data-col-size=\"sm\" data-start=\"1676\" data-end=\"1705\">IEC, TIA-568, RoHS, REACH<\/td>\n<\/tr>\n<\/tbody>\n<\/table>\n<\/div>\n<\/div>\n<hr data-start=\"1707\" data-end=\"1710\" \/>\n<h3 data-start=\"1712\" data-end=\"1751\"><strong data-start=\"1716\" data-end=\"1751\">Ce que vous pouvez attendre d'une utilisation r\u00e9elle<\/strong><\/h3>\n<p data-start=\"1753\" data-end=\"1803\">Au <strong data-start=\"1756\" data-end=\"1766\">850 nm<\/strong>, Supports de fibre multimode 50\/125 \u00b5m :<\/p>\n<ul data-start=\"1805\" data-end=\"1896\">\n<li data-start=\"1805\" data-end=\"1841\">\n<p data-start=\"1807\" data-end=\"1841\"><strong data-start=\"1807\" data-end=\"1841\">10G Ethernet jusqu'\u00e0 300 m (OM3)<\/strong><\/p>\n<\/li>\n<li data-start=\"1842\" data-end=\"1896\">\n<p data-start=\"1844\" data-end=\"1896\"><strong data-start=\"1844\" data-end=\"1874\">40G \/ 100G jusqu'\u00e0 100-150 m<\/strong> l'utilisation de l'optique parall\u00e8le<\/p>\n<\/li>\n<\/ul>\n<p data-start=\"1898\" data-end=\"1956\">Le c\u00e2ble duplex FC-to-LC est donc parfaitement adapt\u00e9 :<\/p>\n<ul data-start=\"1958\" data-end=\"2126\">\n<li data-start=\"1958\" data-end=\"2002\">\n<p data-start=\"1960\" data-end=\"2002\"><strong data-start=\"1960\" data-end=\"2002\">\u00c9quipement de test et de mesure optique<\/strong><\/p>\n<\/li>\n<li data-start=\"2003\" data-end=\"2029\">\n<p data-start=\"2005\" data-end=\"2029\"><strong data-start=\"2005\" data-end=\"2029\">Patchs pour les centres de donn\u00e9es<\/strong><\/p>\n<\/li>\n<li data-start=\"2030\" data-end=\"2060\">\n<p data-start=\"2032\" data-end=\"2060\"><strong data-start=\"2032\" data-end=\"2060\">R\u00e9seaux locaux d'entreprise<\/strong><\/p>\n<\/li>\n<li data-start=\"2061\" data-end=\"2086\">\n<p data-start=\"2063\" data-end=\"2086\"><strong data-start=\"2063\" data-end=\"2086\">Ethernet industriel<\/strong><\/p>\n<\/li>\n<li data-start=\"2087\" data-end=\"2126\">\n<p data-start=\"2089\" data-end=\"2126\"><strong data-start=\"2089\" data-end=\"2126\">R\u00e9seaux d'acc\u00e8s aux t\u00e9l\u00e9communications et au m\u00e9tro<\/strong><\/p>\n<\/li>\n<\/ul>\n<hr data-start=\"2128\" data-end=\"2131\" \/>\n<h3 data-start=\"2133\" data-end=\"2166\"><strong data-start=\"2137\" data-end=\"2166\">Une pr\u00e9cision sur laquelle vous pouvez compter<\/strong><\/h3>\n<p data-start=\"2168\" data-end=\"2459\">Chaque cordon de raccordement FC\/UPC-LC\/UPC-DX est assembl\u00e9 \u00e0 l'aide de <strong data-start=\"2220\" data-end=\"2251\">bagues en c\u00e9ramique de haute qualit\u00e9<\/strong>, Les c\u00e2bles sont fabriqu\u00e9s \u00e0 partir de noyaux align\u00e9s au laser, et les processus de polissage et d'inspection sont enti\u00e8rement automatis\u00e9s. Chaque c\u00e2ble est <strong data-start=\"2345\" data-end=\"2370\">100% test\u00e9 optiquement<\/strong> avant la livraison afin de garantir une perte constante et des performances stables sur les deux canaux de fibre.<\/p>\n<p data-start=\"2461\" data-end=\"2579\">Le r\u00e9sultat est un cavalier de fibre qui se comporte de la m\u00eame mani\u00e8re au premier jour et apr\u00e8s des ann\u00e9es de branchement, de d\u00e9branchement et de r\u00e9acheminement.<\/p>\n<hr data-start=\"2581\" data-end=\"2584\" \/>\n<h2 data-start=\"2586\" data-end=\"2609\"><strong data-start=\"2589\" data-end=\"2609\">Questions et r\u00e9ponses professionnelles<\/strong><\/h2>\n<p data-start=\"2611\" data-end=\"2822\"><strong data-start=\"2611\" data-end=\"2661\">Q1 : Pourquoi m\u00e9langer des connecteurs FC et LC sur un m\u00eame c\u00e2ble ?<\/strong><br data-start=\"2661\" data-end=\"2664\" \/>Il permet <strong data-start=\"2674\" data-end=\"2733\">connexion directe entre les \u00e9quipements patrimoniaux ou d'essai (FC)<\/strong> et <strong data-start=\"2738\" data-end=\"2778\">des commutateurs modernes ou des panneaux de brassage (LC)<\/strong> sans adaptateurs qui introduisent des pertes suppl\u00e9mentaires.<\/p>\n<p data-start=\"2824\" data-end=\"3006\"><strong data-start=\"2824\" data-end=\"2879\">Q2 : Ce c\u00e2ble est-il adapt\u00e9 aux r\u00e9seaux \u00e0 haut d\u00e9bit ?<\/strong><br data-start=\"2879\" data-end=\"2882\" \/>Oui. Avec la fibre 50\/125 de qualit\u00e9 OM3, il prend en charge <strong data-start=\"2928\" data-end=\"2950\">10G, 40G et 100G<\/strong> les applications multimodes dans les limites de la distance standard.<\/p>\n<p data-start=\"3008\" data-end=\"3186\"><strong data-start=\"3008\" data-end=\"3053\">Q3 : Quel est l'avantage du polissage UPC ?<\/strong><br data-start=\"3053\" data-end=\"3056\" \/>La CUP fournit une <strong data-start=\"3071\" data-end=\"3098\">contact physique harmonieux<\/strong> entre les fibres, r\u00e9duisant la perte d'insertion et maintenant la perte de retour \u00e0 un niveau stable. <strong data-start=\"3175\" data-end=\"3185\">\u226530 dB<\/strong>.<\/p>\n<p data-start=\"3188\" data-end=\"3368\"><strong data-start=\"3188\" data-end=\"3227\">Q4 : Peut-on l'utiliser dans les centres de donn\u00e9es ?<\/strong><br data-start=\"3227\" data-end=\"3230\" \/>Absolument. L'extr\u00e9mit\u00e9 LC s'adapte aux panneaux et aux commutateurs \u00e0 haute densit\u00e9, tandis que l'extr\u00e9mit\u00e9 FC se connecte facilement aux panneaux et aux commutateurs \u00e0 haute densit\u00e9. <strong data-start=\"3328\" data-end=\"3367\">les ensembles de test, les ODF ou les \u00e9quipements plus anciens<\/strong>.<\/p>","protected":false},"excerpt":{"rendered":"<p data-start=\"65\" data-end=\"445\">Le <strong data-start=\"69\" data-end=\"96\">FC\/UPC\u2013LC\/UPC-50\/125-DX<\/strong> est un <strong data-start=\"102\" data-end=\"139\">cordon de raccordement en fibre multimode duplex<\/strong> con\u00e7u pour relier <strong data-start=\"160\" data-end=\"189\">ports FC de qualit\u00e9 instrumentale<\/strong> avec <strong data-start=\"195\" data-end=\"225\">interfaces LC haute densit\u00e9<\/strong> dans les r\u00e9seaux modernes. Il combine les <strong data-start=\"262\" data-end=\"312\">stabilit\u00e9 m\u00e9canique des connecteurs filet\u00e9s FC<\/strong> avec le <strong data-start=\"322\" data-end=\"349\">l'empreinte compacte du LC<\/strong>, ce qui le rend id\u00e9al pour les laboratoires, les centres de donn\u00e9es, les salles de t\u00e9l\u00e9communications et les syst\u00e8mes optiques industriels.<\/p>\n<p data-start=\"447\" data-end=\"613\">Construit sur <strong data-start=\"456\" data-end=\"485\">Fibre multimode 50\/125 \u00b5m<\/strong>, Ce c\u00e2ble est compatible avec les technologies les plus utilis\u00e9es aujourd'hui. <strong data-start=\"532\" data-end=\"554\">850 nm et 1300 nm<\/strong> des longueurs d'onde optiques pour la transmission \u00e0 courte et moyenne distance.<\/p>","protected":false},"featured_media":657,"comment_status":"open","ping_status":"closed","template":"","meta":[],"product_brand":[],"product_cat":[44],"product_tag":[],"class_list":{"0":"post-656","1":"product","2":"type-product","3":"status-publish","4":"has-post-thumbnail","6":"product_cat-multimode-fiber-optic-patch-cord","8":"first","9":"instock","10":"shipping-taxable","11":"product-type-simple"},"_links":{"self":[{"href":"https:\/\/www.fenxifiber.com\/fr\/wp-json\/wp\/v2\/product\/656","targetHints":{"allow":["GET"]}}],"collection":[{"href":"https:\/\/www.fenxifiber.com\/fr\/wp-json\/wp\/v2\/product"}],"about":[{"href":"https:\/\/www.fenxifiber.com\/fr\/wp-json\/wp\/v2\/types\/product"}],"replies":[{"embeddable":true,"href":"https:\/\/www.fenxifiber.com\/fr\/wp-json\/wp\/v2\/comments?post=656"}],"wp:featuredmedia":[{"embeddable":true,"href":"https:\/\/www.fenxifiber.com\/fr\/wp-json\/wp\/v2\/media\/657"}],"wp:attachment":[{"href":"https:\/\/www.fenxifiber.com\/fr\/wp-json\/wp\/v2\/media?parent=656"}],"wp:term":[{"taxonomy":"product_brand","embeddable":true,"href":"https:\/\/www.fenxifiber.com\/fr\/wp-json\/wp\/v2\/product_brand?post=656"},{"taxonomy":"product_cat","embeddable":true,"href":"https:\/\/www.fenxifiber.com\/fr\/wp-json\/wp\/v2\/product_cat?post=656"},{"taxonomy":"product_tag","embeddable":true,"href":"https:\/\/www.fenxifiber.com\/fr\/wp-json\/wp\/v2\/product_tag?post=656"}],"curies":[{"name":"wp","href":"https:\/\/api.w.org\/{rel}","templated":true}]}}