{"id":658,"date":"2026-02-03T05:59:20","date_gmt":"2026-02-03T05:59:20","guid":{"rendered":"https:\/\/www.fenxifiber.com\/?post_type=product&#038;p=658"},"modified":"2026-02-04T01:23:37","modified_gmt":"2026-02-04T01:23:37","slug":"fc-upc-st-upc-50-125-dx","status":"publish","type":"product","link":"https:\/\/www.fenxifiber.com\/fr\/product\/fc-upc-st-upc-50-125-dx\/","title":{"rendered":"Cordon de raccordement multimode en fibre optique FC\/UPC-ST\/UPC-50\/125-DX"},"content":{"rendered":"<h3 data-start=\"615\" data-end=\"672\"><strong data-start=\"619\" data-end=\"672\">Con\u00e7u pour la stabilit\u00e9 dans les installations exigeantes<\/strong><\/h3>\n<p data-start=\"674\" data-end=\"946\">Les connecteurs FC et ST sont tous deux connus pour leur <strong data-start=\"720\" data-end=\"751\">des m\u00e9canismes de verrouillage positifs<\/strong>. L'extr\u00e9mit\u00e9 FC utilise un <strong data-start=\"771\" data-end=\"792\">raccord filet\u00e9<\/strong> pour \u00e9viter les micro-mouvements, tandis que l'extr\u00e9mit\u00e9 ST se verrouille avec un <strong data-start=\"850\" data-end=\"877\">ba\u00efonnette twist-and-click<\/strong>, Le c\u00e2ble est donc r\u00e9sistant aux vibrations et aux d\u00e9connexions accidentelles.<\/p>\n<p data-start=\"948\" data-end=\"1144\">Avec <strong data-start=\"953\" data-end=\"970\">Polissage CUP<\/strong> aux deux extr\u00e9mit\u00e9s, les c\u0153urs de fibre \u00e9tablissent un contact physique harmonieux, ce qui permet de maintenir le contact entre les c\u0153urs de fibre et les autres fibres. <strong data-start=\"1035\" data-end=\"1080\">faible perte d'insertion et perte de retour stable<\/strong>, ce qui est particuli\u00e8rement important pour les syst\u00e8mes d'essai et de surveillance.<\/p>\n<hr data-start=\"1146\" data-end=\"1149\" \/>\n<h3 data-start=\"1151\" data-end=\"1176\"><strong data-start=\"1155\" data-end=\"1176\">Profil technique<\/strong><\/h3>\n<div class=\"TyagGW_tableContainer\">\n<div class=\"group TyagGW_tableWrapper flex flex-col-reverse w-fit\" tabindex=\"-1\">\n<table class=\"w-fit min-w-(--thread-content-width)\" data-start=\"1178\" data-end=\"1695\">\n<thead data-start=\"1178\" data-end=\"1217\">\n<tr data-start=\"1178\" data-end=\"1217\">\n<th class=\"\" data-start=\"1178\" data-end=\"1190\" data-col-size=\"sm\">Param\u00e8tres<\/th>\n<th class=\"\" data-start=\"1190\" data-end=\"1217\" data-col-size=\"sm\">FC\/UPC\u2013ST\/UPC-50\/125-DX<\/th>\n<\/tr>\n<\/thead>\n<tbody data-start=\"1246\" data-end=\"1695\">\n<tr data-start=\"1246\" data-end=\"1282\">\n<td data-start=\"1246\" data-end=\"1259\" data-col-size=\"sm\">Type de fibre<\/td>\n<td data-start=\"1259\" data-end=\"1282\" data-col-size=\"sm\">Multimode 50\/125 \u03bcm<\/td>\n<\/tr>\n<tr data-start=\"1283\" data-end=\"1320\">\n<td data-start=\"1283\" data-end=\"1296\" data-col-size=\"sm\">Mode fibre<\/td>\n<td data-start=\"1296\" data-end=\"1320\" data-col-size=\"sm\">Compatible OM2 \/ OM3<\/td>\n<\/tr>\n<tr data-start=\"1321\" data-end=\"1352\">\n<td data-start=\"1321\" data-end=\"1337\" data-col-size=\"sm\">Configuration<\/td>\n<td data-start=\"1337\" data-end=\"1352\" data-col-size=\"sm\">Duplex (DX)<\/td>\n<\/tr>\n<tr data-start=\"1353\" data-end=\"1379\">\n<td data-start=\"1353\" data-end=\"1367\" data-col-size=\"sm\">Connecteur A<\/td>\n<td data-start=\"1367\" data-end=\"1379\" data-col-size=\"sm\">FC \/ UPC<\/td>\n<\/tr>\n<tr data-start=\"1380\" data-end=\"1406\">\n<td data-start=\"1380\" data-end=\"1394\" data-col-size=\"sm\">Connecteur B<\/td>\n<td data-start=\"1394\" data-end=\"1406\" data-col-size=\"sm\">ST \/ UPC<\/td>\n<\/tr>\n<tr data-start=\"1407\" data-end=\"1450\">\n<td data-start=\"1407\" data-end=\"1430\" data-col-size=\"sm\">Longueur d'onde de fonctionnement<\/td>\n<td data-start=\"1430\" data-end=\"1450\" data-col-size=\"sm\">850 nm \/ 1300 nm<\/td>\n<\/tr>\n<tr data-start=\"1451\" data-end=\"1481\">\n<td data-start=\"1451\" data-end=\"1468\" data-col-size=\"sm\">Perte d'insertion<\/td>\n<td data-start=\"1468\" data-end=\"1481\" data-col-size=\"sm\">\u2264 0,30 dB<\/td>\n<\/tr>\n<tr data-start=\"1482\" data-end=\"1507\">\n<td data-start=\"1482\" data-end=\"1496\" data-col-size=\"sm\">Perte de retour<\/td>\n<td data-start=\"1496\" data-end=\"1507\" data-col-size=\"sm\">\u2265 30 dB<\/td>\n<\/tr>\n<tr data-start=\"1508\" data-end=\"1538\">\n<td data-start=\"1508\" data-end=\"1523\" data-col-size=\"sm\">Gaine du c\u00e2ble<\/td>\n<td data-col-size=\"sm\" data-start=\"1523\" data-end=\"1538\">LSZH ou PVC<\/td>\n<\/tr>\n<tr data-start=\"1539\" data-end=\"1569\">\n<td data-start=\"1539\" data-end=\"1558\" data-col-size=\"sm\">R\u00e9sistance \u00e0 la traction<\/td>\n<td data-col-size=\"sm\" data-start=\"1558\" data-end=\"1569\">\u2265 200 N<\/td>\n<\/tr>\n<tr data-start=\"1570\" data-end=\"1608\">\n<td data-start=\"1570\" data-end=\"1583\" data-col-size=\"sm\">Durabilit\u00e9<\/td>\n<td data-col-size=\"sm\" data-start=\"1583\" data-end=\"1608\">\u2265 1 000 cycles d'accouplement<\/td>\n<\/tr>\n<tr data-start=\"1609\" data-end=\"1653\">\n<td data-start=\"1609\" data-end=\"1633\" data-col-size=\"sm\">Temp\u00e9rature de fonctionnement<\/td>\n<td data-col-size=\"sm\" data-start=\"1633\" data-end=\"1653\">De -10 \u00b0C \u00e0 +70 \u00b0C<\/td>\n<\/tr>\n<tr data-start=\"1654\" data-end=\"1695\">\n<td data-start=\"1654\" data-end=\"1666\" data-col-size=\"sm\">Normes<\/td>\n<td data-col-size=\"sm\" data-start=\"1666\" data-end=\"1695\">IEC, TIA-568, RoHS, REACH<\/td>\n<\/tr>\n<\/tbody>\n<\/table>\n<\/div>\n<\/div>\n<hr data-start=\"1697\" data-end=\"1700\" \/>\n<h3 data-start=\"1702\" data-end=\"1732\"><strong data-start=\"1706\" data-end=\"1732\">Performances dans le monde r\u00e9el<\/strong><\/h3>\n<p data-start=\"1734\" data-end=\"1805\">Utilisation <strong data-start=\"1740\" data-end=\"1769\">Fibre multimode 50\/125 \u00b5m<\/strong> \u00e0 <strong data-start=\"1773\" data-end=\"1783\">850 nm<\/strong>, ce c\u00e2ble prend en charge :<\/p>\n<ul data-start=\"1807\" data-end=\"1894\">\n<li data-start=\"1807\" data-end=\"1843\">\n<p data-start=\"1809\" data-end=\"1843\"><strong data-start=\"1809\" data-end=\"1843\">10G Ethernet jusqu'\u00e0 300 m (OM3)<\/strong><\/p>\n<\/li>\n<li data-start=\"1844\" data-end=\"1894\">\n<p data-start=\"1846\" data-end=\"1894\"><strong data-start=\"1846\" data-end=\"1894\">Liaisons multimodes 40G et 100G jusqu'\u00e0 100-150 m<\/strong><\/p>\n<\/li>\n<\/ul>\n<p data-start=\"1896\" data-end=\"1923\">Il convient donc pour :<\/p>\n<ul data-start=\"1925\" data-end=\"2094\">\n<li data-start=\"1925\" data-end=\"1959\">\n<p data-start=\"1927\" data-end=\"1959\"><strong data-start=\"1927\" data-end=\"1959\">R\u00e9seaux Ethernet industriels<\/strong><\/p>\n<\/li>\n<li data-start=\"1960\" data-end=\"1995\">\n<p data-start=\"1962\" data-end=\"1995\"><strong data-start=\"1962\" data-end=\"1995\">Backbones des campus et des b\u00e2timents<\/strong><\/p>\n<\/li>\n<li data-start=\"1996\" data-end=\"2022\">\n<p data-start=\"1998\" data-end=\"2022\"><strong data-start=\"1998\" data-end=\"2022\">\u00c9quipement de test des fibres<\/strong><\/p>\n<\/li>\n<li data-start=\"2023\" data-end=\"2056\">\n<p data-start=\"2025\" data-end=\"2056\"><strong data-start=\"2025\" data-end=\"2056\">R\u00e9partiteurs optiques<\/strong><\/p>\n<\/li>\n<li data-start=\"2057\" data-end=\"2094\">\n<p data-start=\"2059\" data-end=\"2094\"><strong data-start=\"2059\" data-end=\"2094\">Syst\u00e8mes de s\u00e9curit\u00e9 et de surveillance<\/strong><\/p>\n<\/li>\n<\/ul>\n<hr data-start=\"2096\" data-end=\"2099\" \/>\n<h3 data-start=\"2101\" data-end=\"2140\"><strong data-start=\"2105\" data-end=\"2140\">Construit pour une fiabilit\u00e9 \u00e0 long terme<\/strong><\/h3>\n<p data-start=\"2142\" data-end=\"2442\">Chaque cordon de raccordement est assembl\u00e9 avec <strong data-start=\"2176\" data-end=\"2211\">bagues en c\u00e9ramique de haute pr\u00e9cision<\/strong> et inspect\u00e9s par interf\u00e9rom\u00e9trie automatis\u00e9e et test de perte d'insertion. Cela permet de garantir <strong data-start=\"2298\" data-end=\"2330\">alignement optique coh\u00e9rent<\/strong> et <strong data-start=\"2335\" data-end=\"2361\">performance reproductible<\/strong> sur des milliers de cycles de connexion, m\u00eame dans des environnements de correctifs \u00e0 fort trafic.<\/p>\n<p data-start=\"2444\" data-end=\"2597\">Le <strong data-start=\"2448\" data-end=\"2470\">Option veste LSZH<\/strong> soutient en outre les installations dans les centres de donn\u00e9es et les b\u00e2timents publics o\u00f9 les <strong data-start=\"2545\" data-end=\"2583\">s\u00e9curit\u00e9 incendie et faible \u00e9mission de fum\u00e9e<\/strong> sont n\u00e9cessaires.<\/p>\n<hr data-start=\"2599\" data-end=\"2602\" \/>\n<h2 data-start=\"2604\" data-end=\"2627\"><strong data-start=\"2607\" data-end=\"2627\">Questions et r\u00e9ponses professionnelles<\/strong><\/h2>\n<p data-start=\"2629\" data-end=\"2828\"><strong data-start=\"2629\" data-end=\"2693\">Q1 : Qu'est-ce qui fait que les connecteurs FC et ST sont adapt\u00e9s \u00e0 une utilisation industrielle ?<\/strong><br data-start=\"2693\" data-end=\"2696\" \/>Les deux utilisent <strong data-start=\"2705\" data-end=\"2727\">les m\u00e9canismes de verrouillage<\/strong> qui r\u00e9sistent aux vibrations et aux d\u00e9branchements accidentels, ce qui les rend id\u00e9ales pour les environnements difficiles ou actifs.<\/p>\n<p data-start=\"2830\" data-end=\"2968\"><strong data-start=\"2830\" data-end=\"2878\">Q2 : Ce c\u00e2ble est-il adapt\u00e9 \u00e0 l'Ethernet 10G ?<\/strong><br data-start=\"2878\" data-end=\"2881\" \/>Oui. Avec la fibre 50\/125 de qualit\u00e9 OM3, il prend en charge <strong data-start=\"2927\" data-end=\"2957\">Liaisons 10G jusqu'\u00e0 300 m\u00e8tres<\/strong> \u00e0 850 nm.<\/p>\n<p data-start=\"2970\" data-end=\"3149\"><strong data-start=\"2970\" data-end=\"3023\">Q3 : Ce c\u00e2ble peut-il \u00eatre utilis\u00e9 avec des instruments de test ?<\/strong><br data-start=\"3023\" data-end=\"3026\" \/>Absolument. Les connecteurs FC sont courants sur les <strong data-start=\"3066\" data-end=\"3100\">OTDR et mesureurs de puissance optique<\/strong>, tandis que le ST est largement utilis\u00e9 sur les r\u00e9partiteurs.<\/p>\n<p data-start=\"3151\" data-end=\"3342\"><strong data-start=\"3151\" data-end=\"3200\">Q4 : Le polissage de la CUP affecte-t-il la qualit\u00e9 du signal ?<\/strong><br data-start=\"3200\" data-end=\"3203\" \/>Oui. La CUP pr\u00e9voit <strong data-start=\"3221\" data-end=\"3275\">faible perte d'insertion et perte de retour stable (\u226530 dB)<\/strong>, ce qui am\u00e9liore la pr\u00e9cision des mesures et la fiabilit\u00e9 de la transmission.<\/p>","protected":false},"excerpt":{"rendered":"<p data-start=\"65\" data-end=\"432\">Le <strong data-start=\"69\" data-end=\"96\">FC\/UPC\u2013ST\/UPC-50\/125-DX<\/strong> est un robuste <strong data-start=\"109\" data-end=\"146\">cordon de raccordement en fibre multimode duplex<\/strong> cr\u00e9\u00e9 pour des environnements o\u00f9 <strong data-start=\"178\" data-end=\"242\">verrouillage s\u00fbr, stabilit\u00e9 du signal et fiabilit\u00e9 m\u00e9canique<\/strong> mati\u00e8re. Il \u00e9tablit un lien entre <strong data-start=\"260\" data-end=\"281\">Ports FC-threaded<\/strong> \u00e0 <strong data-start=\"285\" data-end=\"316\">Connecteurs ST \u00e0 ba\u00efonnette<\/strong>, Il s'agit donc d'une solution pratique pour <strong data-start=\"353\" data-end=\"431\">les salles de t\u00e9l\u00e9communications, les r\u00e9seaux industriels, les laboratoires et les syst\u00e8mes de fibre optique des campus<\/strong>.<\/p>\n<p data-start=\"434\" data-end=\"608\">Construit avec <strong data-start=\"445\" data-end=\"474\">Fibre multimode 50\/125 \u03bcm<\/strong>, Ce cordon de raccordement est optimis\u00e9 pour <strong data-start=\"509\" data-end=\"531\">850 nm et 1300 nm<\/strong> l'\u00e9pine dorsale de la communication optique \u00e0 courte et moyenne port\u00e9e.<\/p>","protected":false},"featured_media":659,"comment_status":"open","ping_status":"closed","template":"","meta":[],"product_brand":[],"product_cat":[44],"product_tag":[],"class_list":{"0":"post-658","1":"product","2":"type-product","3":"status-publish","4":"has-post-thumbnail","6":"product_cat-multimode-fiber-optic-patch-cord","8":"first","9":"instock","10":"shipping-taxable","11":"product-type-simple"},"_links":{"self":[{"href":"https:\/\/www.fenxifiber.com\/fr\/wp-json\/wp\/v2\/product\/658","targetHints":{"allow":["GET"]}}],"collection":[{"href":"https:\/\/www.fenxifiber.com\/fr\/wp-json\/wp\/v2\/product"}],"about":[{"href":"https:\/\/www.fenxifiber.com\/fr\/wp-json\/wp\/v2\/types\/product"}],"replies":[{"embeddable":true,"href":"https:\/\/www.fenxifiber.com\/fr\/wp-json\/wp\/v2\/comments?post=658"}],"wp:featuredmedia":[{"embeddable":true,"href":"https:\/\/www.fenxifiber.com\/fr\/wp-json\/wp\/v2\/media\/659"}],"wp:attachment":[{"href":"https:\/\/www.fenxifiber.com\/fr\/wp-json\/wp\/v2\/media?parent=658"}],"wp:term":[{"taxonomy":"product_brand","embeddable":true,"href":"https:\/\/www.fenxifiber.com\/fr\/wp-json\/wp\/v2\/product_brand?post=658"},{"taxonomy":"product_cat","embeddable":true,"href":"https:\/\/www.fenxifiber.com\/fr\/wp-json\/wp\/v2\/product_cat?post=658"},{"taxonomy":"product_tag","embeddable":true,"href":"https:\/\/www.fenxifiber.com\/fr\/wp-json\/wp\/v2\/product_tag?post=658"}],"curies":[{"name":"wp","href":"https:\/\/api.w.org\/{rel}","templated":true}]}}