{"id":660,"date":"2026-02-03T06:02:31","date_gmt":"2026-02-03T06:02:31","guid":{"rendered":"https:\/\/www.fenxifiber.com\/?post_type=product&#038;p=660"},"modified":"2026-02-04T01:25:04","modified_gmt":"2026-02-04T01:25:04","slug":"lc-upc-lc-upc-50-125-dx","status":"publish","type":"product","link":"https:\/\/www.fenxifiber.com\/fr\/product\/lc-upc-lc-upc-50-125-dx\/","title":{"rendered":"Cordon de raccordement duplex multimode haute densit\u00e9 LC\/UPC-LC\/UPC-50\/125-DX"},"content":{"rendered":"<h2 data-start=\"731\" data-end=\"755\">Aper\u00e7u des performances<\/h2>\n<div class=\"TyagGW_tableContainer\">\n<div class=\"group TyagGW_tableWrapper flex flex-col-reverse w-fit\" tabindex=\"-1\">\n<table class=\"w-fit min-w-(--thread-content-width)\" data-start=\"757\" data-end=\"992\">\n<thead data-start=\"757\" data-end=\"773\">\n<tr data-start=\"757\" data-end=\"773\">\n<th class=\"\" data-start=\"757\" data-end=\"764\" data-col-size=\"sm\">Objet<\/th>\n<th class=\"\" data-start=\"764\" data-end=\"773\" data-col-size=\"sm\">Valeur<\/th>\n<\/tr>\n<\/thead>\n<tbody data-start=\"791\" data-end=\"992\">\n<tr data-start=\"791\" data-end=\"834\">\n<td data-start=\"791\" data-end=\"799\" data-col-size=\"sm\">Fibre<\/td>\n<td data-col-size=\"sm\" data-start=\"799\" data-end=\"834\">Multimode 50\/125 \u00b5m (OM2 \/ OM3)<\/td>\n<\/tr>\n<tr data-start=\"835\" data-end=\"867\">\n<td data-start=\"835\" data-end=\"848\" data-col-size=\"sm\">Connecteurs<\/td>\n<td data-col-size=\"sm\" data-start=\"848\" data-end=\"867\">LC\/UPC \u2194 LC\/UPC<\/td>\n<\/tr>\n<tr data-start=\"868\" data-end=\"898\">\n<td data-start=\"868\" data-end=\"885\" data-col-size=\"sm\">Perte d'insertion<\/td>\n<td data-col-size=\"sm\" data-start=\"885\" data-end=\"898\">\u2264 0,30 dB<\/td>\n<\/tr>\n<tr data-start=\"899\" data-end=\"924\">\n<td data-start=\"899\" data-end=\"913\" data-col-size=\"sm\">Perte de retour<\/td>\n<td data-col-size=\"sm\" data-start=\"913\" data-end=\"924\">\u2265 30 dB<\/td>\n<\/tr>\n<tr data-start=\"925\" data-end=\"958\">\n<td data-start=\"925\" data-end=\"938\" data-col-size=\"sm\">Longueur d'onde<\/td>\n<td data-col-size=\"sm\" data-start=\"938\" data-end=\"958\">850 nm \/ 1300 nm<\/td>\n<\/tr>\n<tr data-start=\"959\" data-end=\"992\">\n<td data-start=\"959\" data-end=\"971\" data-col-size=\"sm\">Port\u00e9e 10G<\/td>\n<td data-col-size=\"sm\" data-start=\"971\" data-end=\"992\">jusqu'\u00e0 300 m (OM3)<\/td>\n<\/tr>\n<\/tbody>\n<\/table>\n<\/div>\n<\/div>\n<p data-start=\"994\" data-end=\"1076\"><strong data-start=\"994\" data-end=\"1009\">Utilisation typique<\/strong>Les solutions d'interconnexion sont les suivantes : patching de commutateur \u00e0 commutateur, cartes d'interface r\u00e9seau de serveur, plateaux de fibre optique \u00e0 haute densit\u00e9.<\/p>\n<hr data-start=\"1078\" data-end=\"1081\" \/>\n<h2 data-start=\"1083\" data-end=\"1113\"><strong data-start=\"1086\" data-end=\"1113\">SC\/UPC\u2013FC\/UPC-50\/125-DX<\/strong><\/h2>\n<h3 data-start=\"1114\" data-end=\"1153\"><em data-start=\"1118\" data-end=\"1153\">Pont multimode de qualit\u00e9 industrielle<\/em><\/h3>\n<p data-start=\"1155\" data-end=\"1429\">Le <strong data-start=\"1159\" data-end=\"1186\">SC\/UPC\u2013FC\/UPC-50\/125-DX<\/strong> est con\u00e7u pour les environnements o\u00f9 <strong data-start=\"1218\" data-end=\"1275\">la stabilit\u00e9 du connecteur est aussi importante que la qualit\u00e9 du signal<\/strong>. Les <strong data-start=\"1281\" data-end=\"1292\">C\u00f4t\u00e9 SC<\/strong> permet d'effectuer des connexions push-pull rapides dans les panneaux de connexion, tandis que le <strong data-start=\"1355\" data-end=\"1366\">C\u00f4t\u00e9 FC<\/strong> se verrouille sur les instruments ou les ODF \u00e0 l'aide d'une virole m\u00e9tallique filet\u00e9e.<\/p>\n<p data-start=\"1431\" data-end=\"1591\">Cette conception hybride est courante dans les <strong data-start=\"1463\" data-end=\"1527\">les salles de t\u00e9l\u00e9communications, les laboratoires et les r\u00e9seaux de contr\u00f4le industriel<\/strong> lorsqu'il faut s'attendre \u00e0 des vibrations de l'\u00e9quipement ou \u00e0 des reconnexions r\u00e9p\u00e9t\u00e9es.<\/p>\n<p data-start=\"1593\" data-end=\"1618\"><strong data-start=\"1593\" data-end=\"1618\">Pourquoi ce c\u00e2ble existe-t-il ?<\/strong><\/p>\n<ul data-start=\"1620\" data-end=\"1760\">\n<li data-start=\"1620\" data-end=\"1669\">\n<p data-start=\"1622\" data-end=\"1669\">FC emp\u00eache les micro-mouvements pendant la mesure<\/p>\n<\/li>\n<li data-start=\"1670\" data-end=\"1707\">\n<p data-start=\"1672\" data-end=\"1707\">SC acc\u00e9l\u00e8re le routage des panneaux de brassage<\/p>\n<\/li>\n<li data-start=\"1708\" data-end=\"1760\">\n<p data-start=\"1710\" data-end=\"1760\">Le multimode 50\/125 permet de r\u00e9duire les co\u00fbts pour les liaisons courtes<\/p>\n<\/li>\n<\/ul>\n<p data-start=\"1762\" data-end=\"1778\"><strong data-start=\"1762\" data-end=\"1778\">Donn\u00e9es optiques<\/strong><\/p>\n<div class=\"TyagGW_tableContainer\">\n<div class=\"group TyagGW_tableWrapper flex flex-col-reverse w-fit\" tabindex=\"-1\">\n<table class=\"w-fit min-w-(--thread-content-width)\" data-start=\"1780\" data-end=\"1938\">\n<thead data-start=\"1780\" data-end=\"1800\">\n<tr data-start=\"1780\" data-end=\"1800\">\n<th class=\"\" data-start=\"1780\" data-end=\"1792\" data-col-size=\"sm\">Param\u00e8tres<\/th>\n<th class=\"\" data-start=\"1792\" data-end=\"1800\" data-col-size=\"sm\">Spec<\/th>\n<\/tr>\n<\/thead>\n<tbody data-start=\"1819\" data-end=\"1938\">\n<tr data-start=\"1819\" data-end=\"1843\">\n<td data-start=\"1819\" data-end=\"1827\" data-col-size=\"sm\">Fibre<\/td>\n<td data-start=\"1827\" data-end=\"1843\" data-col-size=\"sm\">50\/125 \u00b5m MM<\/td>\n<\/tr>\n<tr data-start=\"1844\" data-end=\"1861\">\n<td data-start=\"1844\" data-end=\"1849\" data-col-size=\"sm\">IL<\/td>\n<td data-start=\"1849\" data-end=\"1861\" data-col-size=\"sm\">\u22640.30 dB<\/td>\n<\/tr>\n<tr data-start=\"1862\" data-end=\"1877\">\n<td data-start=\"1862\" data-end=\"1867\" data-col-size=\"sm\">RL<\/td>\n<td data-start=\"1867\" data-end=\"1877\" data-col-size=\"sm\">\u226530 dB<\/td>\n<\/tr>\n<tr data-start=\"1878\" data-end=\"1907\">\n<td data-start=\"1878\" data-end=\"1891\" data-col-size=\"sm\">D\u00e9bits de donn\u00e9es<\/td>\n<td data-col-size=\"sm\" data-start=\"1891\" data-end=\"1907\">1G, 10G, 40G<\/td>\n<\/tr>\n<tr data-start=\"1908\" data-end=\"1938\">\n<td data-start=\"1908\" data-end=\"1921\" data-col-size=\"sm\">Longueur d'onde<\/td>\n<td data-col-size=\"sm\" data-start=\"1921\" data-end=\"1938\">850 \/ 1300 nm<\/td>\n<\/tr>\n<\/tbody>\n<\/table>\n<\/div>\n<\/div>","protected":false},"excerpt":{"rendered":"<p data-start=\"243\" data-end=\"570\">Con\u00e7ue pour les centres de donn\u00e9es modernes et les r\u00e9seaux d'entreprise, la <strong data-start=\"305\" data-end=\"332\">LC\/UPC\u2013LC\/UPC-50\/125-DX<\/strong> est un <strong data-start=\"338\" data-end=\"379\">cavalier compact duplex pour fibre multimode<\/strong> qui offre une large bande passante tout en \u00e9conomisant l'espace pr\u00e9cieux du rack. Avec <strong data-start=\"448\" data-end=\"478\">Connecteurs LC aux deux extr\u00e9mit\u00e9s<\/strong>, Il se branche directement sur <strong data-start=\"503\" data-end=\"541\">Ports d'\u00e9clatement SFP, SFP+ et QSFP<\/strong>, \u00e9liminant ainsi les adaptateurs encombrants.<\/p>\n<p data-start=\"572\" data-end=\"729\">Utilisation <strong data-start=\"578\" data-end=\"607\">Fibre multimode 50\/125 \u00b5m<\/strong>, ce c\u00e2ble prend en charge <strong data-start=\"629\" data-end=\"658\">Optique \u00e0 base de VCSEL 850 nm<\/strong>, qui dominent aujourd'hui les <strong data-start=\"683\" data-end=\"710\">10G, 25G, 40G et 100G<\/strong> les liens de courte port\u00e9e.<\/p>","protected":false},"featured_media":662,"comment_status":"open","ping_status":"closed","template":"","meta":[],"product_brand":[],"product_cat":[44],"product_tag":[],"class_list":{"0":"post-660","1":"product","2":"type-product","3":"status-publish","4":"has-post-thumbnail","6":"product_cat-multimode-fiber-optic-patch-cord","8":"first","9":"instock","10":"shipping-taxable","11":"product-type-simple"},"_links":{"self":[{"href":"https:\/\/www.fenxifiber.com\/fr\/wp-json\/wp\/v2\/product\/660","targetHints":{"allow":["GET"]}}],"collection":[{"href":"https:\/\/www.fenxifiber.com\/fr\/wp-json\/wp\/v2\/product"}],"about":[{"href":"https:\/\/www.fenxifiber.com\/fr\/wp-json\/wp\/v2\/types\/product"}],"replies":[{"embeddable":true,"href":"https:\/\/www.fenxifiber.com\/fr\/wp-json\/wp\/v2\/comments?post=660"}],"wp:featuredmedia":[{"embeddable":true,"href":"https:\/\/www.fenxifiber.com\/fr\/wp-json\/wp\/v2\/media\/662"}],"wp:attachment":[{"href":"https:\/\/www.fenxifiber.com\/fr\/wp-json\/wp\/v2\/media?parent=660"}],"wp:term":[{"taxonomy":"product_brand","embeddable":true,"href":"https:\/\/www.fenxifiber.com\/fr\/wp-json\/wp\/v2\/product_brand?post=660"},{"taxonomy":"product_cat","embeddable":true,"href":"https:\/\/www.fenxifiber.com\/fr\/wp-json\/wp\/v2\/product_cat?post=660"},{"taxonomy":"product_tag","embeddable":true,"href":"https:\/\/www.fenxifiber.com\/fr\/wp-json\/wp\/v2\/product_tag?post=660"}],"curies":[{"name":"wp","href":"https:\/\/api.w.org\/{rel}","templated":true}]}}