{"id":663,"date":"2026-02-03T06:05:05","date_gmt":"2026-02-03T06:05:05","guid":{"rendered":"https:\/\/www.fenxifiber.com\/?post_type=product&#038;p=663"},"modified":"2026-02-04T01:25:30","modified_gmt":"2026-02-04T01:25:30","slug":"sc-upc-fc-upc-50-125-dx","status":"publish","type":"product","link":"https:\/\/www.fenxifiber.com\/fr\/product\/sc-upc-fc-upc-50-125-dx\/","title":{"rendered":"SC\/UPC-LC\/UPC-62.5\/125-DX Syst\u00e8mes multimodes h\u00e9rit\u00e9s aux syst\u00e8mes LC modernes"},"content":{"rendered":"<p data-start=\"2356\" data-end=\"2386\"><strong data-start=\"2356\" data-end=\"2386\">Pourquoi la norme 62.5\/125 est toujours d'actualit\u00e9<\/strong><\/p>\n<p data-start=\"2388\" data-end=\"2464\">Aujourd'hui encore, de nombreux b\u00e2timents fonctionnent <strong data-start=\"2425\" data-end=\"2440\">C\u00e2blage OM1<\/strong>. \u00c0 850 nm, il prend en charge :<\/p>\n<ul data-start=\"2466\" data-end=\"2526\">\n<li data-start=\"2466\" data-end=\"2495\">\n<p data-start=\"2468\" data-end=\"2495\"><strong data-start=\"2468\" data-end=\"2495\">1G Ethernet jusqu'\u00e0 275 m<\/strong><\/p>\n<\/li>\n<li data-start=\"2496\" data-end=\"2526\">\n<p data-start=\"2498\" data-end=\"2526\"><strong data-start=\"2498\" data-end=\"2526\">Fast Ethernet jusqu'\u00e0 2 km<\/strong><\/p>\n<\/li>\n<\/ul>\n<p data-start=\"2528\" data-end=\"2624\">Ce cordon correcteur permet \u00e0 ces syst\u00e8mes de continuer \u00e0 fonctionner avec <strong data-start=\"2587\" data-end=\"2623\">commutateurs et \u00e9metteurs-r\u00e9cepteurs modernes<\/strong>.<\/p>\n<hr data-start=\"2626\" data-end=\"2629\" \/>\n<h2 data-start=\"2631\" data-end=\"2663\"><strong data-start=\"2634\" data-end=\"2663\">SC\/UPC\u2013SC\/UPC-62.5\/125-DX<\/strong><\/h2>\n<h3 data-start=\"2664\" data-end=\"2719\"><em data-start=\"2668\" data-end=\"2719\">Pont duplex fiable pour les r\u00e9seaux \u00e0 fibres classiques<\/em><\/h3>\n<p data-start=\"2721\" data-end=\"3021\">Le <strong data-start=\"2725\" data-end=\"2754\">SC\/UPC\u2013SC\/UPC-62.5\/125-DX<\/strong> est un produit traditionnel <strong data-start=\"2772\" data-end=\"2803\">cordon de raccordement duplex multimode<\/strong> largement utilis\u00e9 dans <strong data-start=\"2819\" data-end=\"2875\">les anciens r\u00e9seaux locaux, les liaisons par fibre optique pour la t\u00e9l\u00e9vision en circuit ferm\u00e9 et les r\u00e9seaux f\u00e9d\u00e9rateurs des b\u00e2timents<\/strong>. Le grand noyau <strong data-start=\"2892\" data-end=\"2909\">Fibre de 62,5 \u00b5m<\/strong> fournit <strong data-start=\"2919\" data-end=\"2974\">excellente tol\u00e9rance \u00e0 l'alignement et \u00e0 l'usure des connecteurs<\/strong>, ce qui le rend populaire dans les installations \u00e0 long terme.<\/p>\n<p data-start=\"3023\" data-end=\"3156\">Les connecteurs SC offrent <strong data-start=\"3043\" data-end=\"3073\">un alignement ferme et carr\u00e9<\/strong>, Ce c\u00e2ble est donc particuli\u00e8rement facile \u00e0 manipuler dans les <strong data-start=\"3122\" data-end=\"3155\">panneaux de fibres et prises murales<\/strong>.<\/p>\n<p data-start=\"3158\" data-end=\"3181\"><strong data-start=\"3158\" data-end=\"3181\">Sp\u00e9cifications de base<\/strong><\/p>\n<div class=\"TyagGW_tableContainer\">\n<div class=\"group TyagGW_tableWrapper flex flex-col-reverse w-fit\" tabindex=\"-1\">\n<table class=\"w-fit min-w-(--thread-content-width)\" data-start=\"3183\" data-end=\"3362\">\n<thead data-start=\"3183\" data-end=\"3199\">\n<tr data-start=\"3183\" data-end=\"3199\">\n<th class=\"\" data-start=\"3183\" data-end=\"3190\" data-col-size=\"sm\">Objet<\/th>\n<th class=\"\" data-start=\"3190\" data-end=\"3199\" data-col-size=\"sm\">Valeur<\/th>\n<\/tr>\n<\/thead>\n<tbody data-start=\"3216\" data-end=\"3362\">\n<tr data-start=\"3216\" data-end=\"3243\">\n<td data-start=\"3216\" data-end=\"3224\" data-col-size=\"sm\">Fibre<\/td>\n<td data-start=\"3224\" data-end=\"3243\" data-col-size=\"sm\">62,5\/125 \u00b5m OM1<\/td>\n<\/tr>\n<tr data-start=\"3244\" data-end=\"3276\">\n<td data-start=\"3244\" data-end=\"3257\" data-col-size=\"sm\">Connecteurs<\/td>\n<td data-start=\"3257\" data-end=\"3276\" data-col-size=\"sm\">SC\/UPC \u2194 SC\/UPC<\/td>\n<\/tr>\n<tr data-start=\"3277\" data-end=\"3306\">\n<td data-start=\"3277\" data-end=\"3294\" data-col-size=\"sm\">Perte d'insertion<\/td>\n<td data-start=\"3294\" data-end=\"3306\" data-col-size=\"sm\">\u22640.30 dB<\/td>\n<\/tr>\n<tr data-start=\"3307\" data-end=\"3331\">\n<td data-start=\"3307\" data-end=\"3321\" data-col-size=\"sm\">Perte de retour<\/td>\n<td data-start=\"3321\" data-end=\"3331\" data-col-size=\"sm\">\u226530 dB<\/td>\n<\/tr>\n<tr data-start=\"3332\" data-end=\"3362\">\n<td data-start=\"3332\" data-end=\"3345\" data-col-size=\"sm\">Durabilit\u00e9<\/td>\n<td data-col-size=\"sm\" data-start=\"3345\" data-end=\"3362\">&gt;1000 accouplements<\/td>\n<\/tr>\n<\/tbody>\n<\/table>\n<\/div>\n<\/div>\n<hr data-start=\"3364\" data-end=\"3367\" \/>\n<h2 data-start=\"3369\" data-end=\"3392\"><strong data-start=\"3372\" data-end=\"3392\">Questions et r\u00e9ponses professionnelles<\/strong><\/h2>\n<p data-start=\"3394\" data-end=\"3549\"><strong data-start=\"3394\" data-end=\"3439\">Q1 : 50\/125 vs 62,5\/125 - quelle est la meilleure solution ?<\/strong><br data-start=\"3439\" data-end=\"3442\" \/>Supports 50\/125 <strong data-start=\"3458\" data-end=\"3483\">une largeur de bande beaucoup plus \u00e9lev\u00e9e<\/strong> (10G-100G), tandis que la norme 62,5\/125 est utilis\u00e9e principalement pour les r\u00e9seaux de t\u00e9l\u00e9communications. <strong data-start=\"3529\" data-end=\"3548\">r\u00e9seaux existants<\/strong>.<\/p>\n<p data-start=\"3551\" data-end=\"3666\"><strong data-start=\"3551\" data-end=\"3591\">Q2 : Puis-je combiner SC et LC dans un m\u00eame lien ?<\/strong><br data-start=\"3591\" data-end=\"3594\" \/>Oui, c'est exactement ce que sont les c\u00e2bles hybrides <strong data-start=\"3639\" data-end=\"3648\">SC-LC<\/strong> sont con\u00e7us pour.<\/p>\n<p data-start=\"3668\" data-end=\"3794\"><strong data-start=\"3668\" data-end=\"3706\">Q3 : Ces appareils prennent-ils en charge l'Ethernet 10G ?<\/strong><br data-start=\"3706\" data-end=\"3709\" \/>50\/125 (OM3) supports <strong data-start=\"3731\" data-end=\"3750\">10G jusqu'\u00e0 300 m<\/strong>.<br data-start=\"3751\" data-end=\"3754\" \/>62,5\/125 est g\u00e9n\u00e9ralement limit\u00e9 \u00e0 <strong data-start=\"3787\" data-end=\"3793\">1G<\/strong>.<\/p>\n<p data-start=\"3796\" data-end=\"3915\"><strong data-start=\"3796\" data-end=\"3829\">Q4 : Ces produits sont-ils test\u00e9s en usine ?<\/strong><br data-start=\"3829\" data-end=\"3832\" \/>Oui. Tous les mod\u00e8les sont <strong data-start=\"3852\" data-end=\"3898\">100% : perte d'insertion et perte de retour test\u00e9es<\/strong> avant l'exp\u00e9dition.<\/p>","protected":false},"excerpt":{"rendered":"<p data-start=\"2023\" data-end=\"2217\">Le <strong data-start=\"2027\" data-end=\"2056\">SC\/UPC\u2013LC\/UPC-62.5\/125-DX<\/strong> est sp\u00e9cialement con\u00e7u pour <strong data-start=\"2083\" data-end=\"2113\">une infrastructure de fibre optique plus ancienne<\/strong> qui utilise encore <strong data-start=\"2130\" data-end=\"2163\">Fibre multimode 62,5 \u00b5m (OM1)<\/strong> mais doit se connecter \u00e0 <strong data-start=\"2188\" data-end=\"2216\">les \u00e9quipements plus r\u00e9cents bas\u00e9s sur la technologie LC<\/strong>.<\/p>\n<p data-start=\"2219\" data-end=\"2354\">Il est donc id\u00e9al pour <strong data-start=\"2243\" data-end=\"2302\">les r\u00e9seaux de campus, les usines et les r\u00e9seaux f\u00e9d\u00e9rateurs des b\u00e2timents<\/strong> o\u00f9 le remplacement de la fibre install\u00e9e serait co\u00fbteux.<\/p>","protected":false},"featured_media":664,"comment_status":"open","ping_status":"closed","template":"","meta":[],"product_brand":[],"product_cat":[44],"product_tag":[],"class_list":{"0":"post-663","1":"product","2":"type-product","3":"status-publish","4":"has-post-thumbnail","6":"product_cat-multimode-fiber-optic-patch-cord","8":"first","9":"instock","10":"shipping-taxable","11":"product-type-simple"},"_links":{"self":[{"href":"https:\/\/www.fenxifiber.com\/fr\/wp-json\/wp\/v2\/product\/663","targetHints":{"allow":["GET"]}}],"collection":[{"href":"https:\/\/www.fenxifiber.com\/fr\/wp-json\/wp\/v2\/product"}],"about":[{"href":"https:\/\/www.fenxifiber.com\/fr\/wp-json\/wp\/v2\/types\/product"}],"replies":[{"embeddable":true,"href":"https:\/\/www.fenxifiber.com\/fr\/wp-json\/wp\/v2\/comments?post=663"}],"wp:featuredmedia":[{"embeddable":true,"href":"https:\/\/www.fenxifiber.com\/fr\/wp-json\/wp\/v2\/media\/664"}],"wp:attachment":[{"href":"https:\/\/www.fenxifiber.com\/fr\/wp-json\/wp\/v2\/media?parent=663"}],"wp:term":[{"taxonomy":"product_brand","embeddable":true,"href":"https:\/\/www.fenxifiber.com\/fr\/wp-json\/wp\/v2\/product_brand?post=663"},{"taxonomy":"product_cat","embeddable":true,"href":"https:\/\/www.fenxifiber.com\/fr\/wp-json\/wp\/v2\/product_cat?post=663"},{"taxonomy":"product_tag","embeddable":true,"href":"https:\/\/www.fenxifiber.com\/fr\/wp-json\/wp\/v2\/product_tag?post=663"}],"curies":[{"name":"wp","href":"https:\/\/api.w.org\/{rel}","templated":true}]}}