{"id":665,"date":"2026-02-03T06:10:32","date_gmt":"2026-02-03T06:10:32","guid":{"rendered":"https:\/\/www.fenxifiber.com\/?post_type=product&#038;p=665"},"modified":"2026-02-04T01:26:59","modified_gmt":"2026-02-04T01:26:59","slug":"sc-upc-lc-upc-62-5-125-dx","status":"publish","type":"product","link":"https:\/\/www.fenxifiber.com\/fr\/product\/sc-upc-lc-upc-62-5-125-dx\/","title":{"rendered":"Cordon de raccordement en fibre optique multimode SC\/UPC-LC\/UPC-62.5\/125-DX"},"content":{"rendered":"<h3 data-start=\"699\" data-end=\"757\"><strong data-start=\"703\" data-end=\"757\">Con\u00e7u pour les fibres anciennes, pr\u00eat pour les \u00e9quipements modernes<\/strong><\/h3>\n<p data-start=\"759\" data-end=\"1046\">OM1 <strong data-start=\"763\" data-end=\"794\">Fibre multimode 62,5\/125 \u03bcm<\/strong> a \u00e9t\u00e9 largement d\u00e9ploy\u00e9 dans les premiers temps des r\u00e9seaux locaux \u00e0 fibre optique et est encore courant dans les h\u00f4pitaux, les a\u00e9roports, les universit\u00e9s et les sites industriels. Bien que les r\u00e9seaux plus r\u00e9cents utilisent des ports LC plus petits, la fibre elle-m\u00eame reste parfaitement utilisable pour les applications suivantes <strong data-start=\"1021\" data-end=\"1045\">1G et Fast Ethernet<\/strong>.<\/p>\n<p data-start=\"1048\" data-end=\"1168\">Ce cordon de raccordement permet \u00e0 ces r\u00e9seaux de fonctionner efficacement tout en leur permettant de se connecter directement \u00e0 l'ordinateur. <strong data-start=\"1148\" data-end=\"1167\">Optique \u00e0 base de LC<\/strong>.<\/p>\n<hr data-start=\"1170\" data-end=\"1173\" \/>\n<h3 data-start=\"1175\" data-end=\"1207\"><strong data-start=\"1179\" data-end=\"1207\">Sp\u00e9cifications techniques<\/strong><\/h3>\n<div class=\"TyagGW_tableContainer\">\n<div class=\"group TyagGW_tableWrapper flex flex-col-reverse w-fit\" tabindex=\"-1\">\n<table class=\"w-fit min-w-(--thread-content-width)\" data-start=\"1209\" data-end=\"1687\">\n<thead data-start=\"1209\" data-end=\"1250\">\n<tr data-start=\"1209\" data-end=\"1250\">\n<th class=\"\" data-start=\"1209\" data-end=\"1221\" data-col-size=\"sm\">Param\u00e8tres<\/th>\n<th class=\"\" data-start=\"1221\" data-end=\"1250\" data-col-size=\"sm\">SC\/UPC\u2013LC\/UPC-62.5\/125-DX<\/th>\n<\/tr>\n<\/thead>\n<tbody data-start=\"1279\" data-end=\"1687\">\n<tr data-start=\"1279\" data-end=\"1323\">\n<td data-start=\"1279\" data-end=\"1292\" data-col-size=\"sm\">Type de fibre<\/td>\n<td data-start=\"1292\" data-end=\"1323\" data-col-size=\"sm\">Multimode 62,5\/125 \u03bcm (OM1)<\/td>\n<\/tr>\n<tr data-start=\"1324\" data-end=\"1355\">\n<td data-start=\"1324\" data-end=\"1340\" data-col-size=\"sm\">Configuration<\/td>\n<td data-col-size=\"sm\" data-start=\"1340\" data-end=\"1355\">Duplex (DX)<\/td>\n<\/tr>\n<tr data-start=\"1356\" data-end=\"1382\">\n<td data-start=\"1356\" data-end=\"1370\" data-col-size=\"sm\">Connecteur A<\/td>\n<td data-start=\"1370\" data-end=\"1382\" data-col-size=\"sm\">SC \/ UPC<\/td>\n<\/tr>\n<tr data-start=\"1383\" data-end=\"1409\">\n<td data-start=\"1383\" data-end=\"1397\" data-col-size=\"sm\">Connecteur B<\/td>\n<td data-start=\"1397\" data-end=\"1409\" data-col-size=\"sm\">LC \/ UPC<\/td>\n<\/tr>\n<tr data-start=\"1410\" data-end=\"1453\">\n<td data-start=\"1410\" data-end=\"1433\" data-col-size=\"sm\">Longueur d'onde de fonctionnement<\/td>\n<td data-col-size=\"sm\" data-start=\"1433\" data-end=\"1453\">850 nm \/ 1300 nm<\/td>\n<\/tr>\n<tr data-start=\"1454\" data-end=\"1484\">\n<td data-start=\"1454\" data-end=\"1471\" data-col-size=\"sm\">Perte d'insertion<\/td>\n<td data-start=\"1471\" data-end=\"1484\" data-col-size=\"sm\">\u2264 0,30 dB<\/td>\n<\/tr>\n<tr data-start=\"1485\" data-end=\"1510\">\n<td data-start=\"1485\" data-end=\"1499\" data-col-size=\"sm\">Perte de retour<\/td>\n<td data-start=\"1499\" data-end=\"1510\" data-col-size=\"sm\">\u2265 30 dB<\/td>\n<\/tr>\n<tr data-start=\"1511\" data-end=\"1569\">\n<td data-start=\"1511\" data-end=\"1531\" data-col-size=\"sm\">Taux de donn\u00e9es typique<\/td>\n<td data-start=\"1531\" data-end=\"1569\" data-col-size=\"sm\">1G Ethernet (jusqu'\u00e0 275 m @ 850 nm)<\/td>\n<\/tr>\n<tr data-start=\"1570\" data-end=\"1600\">\n<td data-start=\"1570\" data-end=\"1585\" data-col-size=\"sm\">Gaine du c\u00e2ble<\/td>\n<td data-start=\"1585\" data-end=\"1600\" data-col-size=\"sm\">LSZH ou PVC<\/td>\n<\/tr>\n<tr data-start=\"1601\" data-end=\"1645\">\n<td data-start=\"1601\" data-end=\"1625\" data-col-size=\"sm\">Temp\u00e9rature de fonctionnement<\/td>\n<td data-start=\"1625\" data-end=\"1645\" data-col-size=\"sm\">De -10 \u00b0C \u00e0 +70 \u00b0C<\/td>\n<\/tr>\n<tr data-start=\"1646\" data-end=\"1687\">\n<td data-start=\"1646\" data-end=\"1658\" data-col-size=\"sm\">Normes<\/td>\n<td data-start=\"1658\" data-end=\"1687\" data-col-size=\"sm\">IEC, TIA-568, RoHS, REACH<\/td>\n<\/tr>\n<\/tbody>\n<\/table>\n<\/div>\n<\/div>\n<hr data-start=\"1689\" data-end=\"1692\" \/>\n<h3 data-start=\"1694\" data-end=\"1734\"><strong data-start=\"1698\" data-end=\"1734\">Performances dans les r\u00e9seaux r\u00e9els<\/strong><\/h3>\n<p data-start=\"1736\" data-end=\"1778\">Au <strong data-start=\"1739\" data-end=\"1749\">850 nm<\/strong>, Supports de fibres 62,5\/125 \u03bcm :<\/p>\n<ul data-start=\"1780\" data-end=\"1847\">\n<li data-start=\"1780\" data-end=\"1816\">\n<p data-start=\"1782\" data-end=\"1816\"><strong data-start=\"1782\" data-end=\"1814\">1G Ethernet jusqu'\u00e0 275 m\u00e8tres<\/strong><\/p>\n<\/li>\n<li data-start=\"1817\" data-end=\"1847\">\n<p data-start=\"1819\" data-end=\"1847\"><strong data-start=\"1819\" data-end=\"1847\">Fast Ethernet jusqu'\u00e0 2 km<\/strong><\/p>\n<\/li>\n<\/ul>\n<p data-start=\"1849\" data-end=\"1891\">Le cavalier SC-LC OM1 est donc id\u00e9al pour :<\/p>\n<ul data-start=\"1893\" data-end=\"2045\">\n<li data-start=\"1893\" data-end=\"1934\">\n<p data-start=\"1895\" data-end=\"1934\"><strong data-start=\"1895\" data-end=\"1934\">R\u00e9seaux de campus et d'immeubles de bureaux<\/strong><\/p>\n<\/li>\n<li data-start=\"1935\" data-end=\"1970\">\n<p data-start=\"1937\" data-end=\"1970\"><strong data-start=\"1937\" data-end=\"1970\">Syst\u00e8mes d'automatisation industrielle<\/strong><\/p>\n<\/li>\n<li data-start=\"1971\" data-end=\"2006\">\n<p data-start=\"1973\" data-end=\"2006\"><strong data-start=\"1973\" data-end=\"2006\">Liaisons par fibre optique pour la s\u00e9curit\u00e9 et la t\u00e9l\u00e9vision en circuit ferm\u00e9<\/strong><\/p>\n<\/li>\n<li data-start=\"2007\" data-end=\"2045\">\n<p data-start=\"2009\" data-end=\"2045\"><strong data-start=\"2009\" data-end=\"2045\">R\u00e9partiteurs de fibre optique h\u00e9rit\u00e9s<\/strong><\/p>\n<\/li>\n<\/ul>\n<hr data-start=\"2047\" data-end=\"2050\" \/>\n<h3 data-start=\"2052\" data-end=\"2097\"><strong data-start=\"2056\" data-end=\"2097\">Une fabrication de pr\u00e9cision en laquelle vous pouvez avoir confiance<\/strong><\/h3>\n<p data-start=\"2099\" data-end=\"2366\">Chaque c\u00e2ble est fabriqu\u00e9 en utilisant <strong data-start=\"2132\" data-end=\"2208\">ferrules en c\u00e9ramique, polissage UPC de pr\u00e9cision et tests optiques automatis\u00e9s<\/strong>. Les deux canaux de fibres sont inspect\u00e9s pour <strong data-start=\"2248\" data-end=\"2287\">perte d'insertion et qualit\u00e9 de la surface d'extr\u00e9mit\u00e9<\/strong>, La transmission des donn\u00e9es est donc fiable, m\u00eame apr\u00e8s l'arr\u00eat de la production. <strong data-start=\"2331\" data-end=\"2365\">des milliers de cycles de connexion<\/strong>.<\/p>\n<p data-start=\"2368\" data-end=\"2477\">L'option de la veste LSZH r\u00e9pond \u00e9galement aux exigences modernes en mati\u00e8re de s\u00e9curit\u00e9. <strong data-start=\"2409\" data-end=\"2451\">exigences en mati\u00e8re de s\u00e9curit\u00e9 incendie et de faible d\u00e9gagement de fum\u00e9e<\/strong> pour les installations int\u00e9rieures.<\/p>\n<hr data-start=\"2479\" data-end=\"2482\" \/>\n<h2 data-start=\"2484\" data-end=\"2507\"><strong data-start=\"2487\" data-end=\"2507\">Questions et r\u00e9ponses professionnelles<\/strong><\/h2>\n<p data-start=\"2509\" data-end=\"2706\"><strong data-start=\"2509\" data-end=\"2554\">Q1 : La fibre 62,5\/125 est-elle encore utilisable aujourd'hui ?<\/strong><br data-start=\"2554\" data-end=\"2557\" \/>Oui. Bien qu'il ne prenne pas en charge le 10G sur de longues distances, il reste tout \u00e0 fait adapt\u00e9 aux besoins des utilisateurs. <strong data-start=\"2641\" data-end=\"2665\">1G et Fast Ethernet<\/strong> qui sont encore largement d\u00e9ploy\u00e9s.<\/p>\n<p data-start=\"2708\" data-end=\"2913\"><strong data-start=\"2708\" data-end=\"2761\">Q2 : Pourquoi choisir SC d'un c\u00f4t\u00e9 et LC de l'autre ?<\/strong><br data-start=\"2761\" data-end=\"2764\" \/>SC se connecte facilement \u00e0 <strong data-start=\"2786\" data-end=\"2808\">anciens panneaux de brassage<\/strong>, tandis que LC s'adapte <strong data-start=\"2824\" data-end=\"2864\">les commutateurs modernes et les \u00e9metteurs-r\u00e9cepteurs SFP<\/strong>, ce qui rend ce c\u00e2ble id\u00e9al pour les environnements mixtes.<\/p>\n<p data-start=\"2915\" data-end=\"3095\"><strong data-start=\"2915\" data-end=\"2962\">Q3 : Ce c\u00e2ble peut-il \u00eatre utilis\u00e9 dans les centres de donn\u00e9es ?<\/strong><br data-start=\"2962\" data-end=\"2965\" \/>Il est g\u00e9n\u00e9ralement utilis\u00e9 au niveau de la <strong data-start=\"2993\" data-end=\"3034\">bord des centres de donn\u00e9es ou des salles de t\u00e9l\u00e9communications<\/strong> lorsque la fibre OM1 traditionnelle est connect\u00e9e \u00e0 un \u00e9quipement LC plus r\u00e9cent.<\/p>\n<p data-start=\"3097\" data-end=\"3270\"><strong data-start=\"3097\" data-end=\"3137\">Q4 : Quels sont les avantages du polissage UPC ?<\/strong><br data-start=\"3137\" data-end=\"3140\" \/>L'UPC cr\u00e9e un <strong data-start=\"3154\" data-end=\"3181\">contact physique harmonieux<\/strong> entre les faces d'extr\u00e9mit\u00e9 des fibres, en gardant <strong data-start=\"3215\" data-end=\"3269\">perte d'insertion faible et r\u00e9flexions stables (\u226530 dB)<\/strong>.<\/p>","protected":false},"excerpt":{"rendered":"<p data-start=\"67\" data-end=\"456\">Le <strong data-start=\"71\" data-end=\"100\">SC\/UPC\u2013LC\/UPC-62.5\/125-DX<\/strong> est un centre d'information sur les <strong data-start=\"120\" data-end=\"157\">cordon de raccordement en fibre multimode duplex<\/strong> con\u00e7u pour relier <strong data-start=\"178\" data-end=\"221\">infrastructure de fibre OM1 62,5 \u03bcm h\u00e9rit\u00e9e du pass\u00e9<\/strong> avec les <strong data-start=\"235\" data-end=\"288\">Commutateurs, \u00e9metteurs-r\u00e9cepteurs et panneaux de connexion bas\u00e9s sur la technologie LC<\/strong>. Il est largement utilis\u00e9 dans <strong data-start=\"311\" data-end=\"390\">r\u00e9seaux de campus, planchers d'usine, syst\u00e8mes de fibres optiques pour la t\u00e9l\u00e9vision en circuit ferm\u00e9 et r\u00e9seaux f\u00e9d\u00e9rateurs de b\u00e2timents<\/strong> o\u00f9 les anciennes installations de fibre optique offrent encore des ann\u00e9es de service fiable.<\/p>\n<p data-start=\"458\" data-end=\"692\">En combinant un <strong data-start=\"473\" data-end=\"498\">connecteur SC standard<\/strong> \u00e0 une extr\u00e9mit\u00e9 avec un <strong data-start=\"517\" data-end=\"541\">connecteur LC compact<\/strong> d'autre part, ce c\u00e2ble offre un chemin de mise \u00e0 niveau propre entre les panneaux de fibre traditionnels et l'\u00e9quipement de r\u00e9seau moderne - sans remplacer le c\u00e2blage install\u00e9.<\/p>","protected":false},"featured_media":666,"comment_status":"open","ping_status":"closed","template":"","meta":[],"product_brand":[],"product_cat":[44],"product_tag":[],"class_list":{"0":"post-665","1":"product","2":"type-product","3":"status-publish","4":"has-post-thumbnail","6":"product_cat-multimode-fiber-optic-patch-cord","8":"first","9":"instock","10":"shipping-taxable","11":"product-type-simple"},"_links":{"self":[{"href":"https:\/\/www.fenxifiber.com\/fr\/wp-json\/wp\/v2\/product\/665","targetHints":{"allow":["GET"]}}],"collection":[{"href":"https:\/\/www.fenxifiber.com\/fr\/wp-json\/wp\/v2\/product"}],"about":[{"href":"https:\/\/www.fenxifiber.com\/fr\/wp-json\/wp\/v2\/types\/product"}],"replies":[{"embeddable":true,"href":"https:\/\/www.fenxifiber.com\/fr\/wp-json\/wp\/v2\/comments?post=665"}],"wp:featuredmedia":[{"embeddable":true,"href":"https:\/\/www.fenxifiber.com\/fr\/wp-json\/wp\/v2\/media\/666"}],"wp:attachment":[{"href":"https:\/\/www.fenxifiber.com\/fr\/wp-json\/wp\/v2\/media?parent=665"}],"wp:term":[{"taxonomy":"product_brand","embeddable":true,"href":"https:\/\/www.fenxifiber.com\/fr\/wp-json\/wp\/v2\/product_brand?post=665"},{"taxonomy":"product_cat","embeddable":true,"href":"https:\/\/www.fenxifiber.com\/fr\/wp-json\/wp\/v2\/product_cat?post=665"},{"taxonomy":"product_tag","embeddable":true,"href":"https:\/\/www.fenxifiber.com\/fr\/wp-json\/wp\/v2\/product_tag?post=665"}],"curies":[{"name":"wp","href":"https:\/\/api.w.org\/{rel}","templated":true}]}}