{"id":667,"date":"2026-02-03T06:12:34","date_gmt":"2026-02-03T06:12:34","guid":{"rendered":"https:\/\/www.fenxifiber.com\/?post_type=product&#038;p=667"},"modified":"2026-02-04T01:27:46","modified_gmt":"2026-02-04T01:27:46","slug":"sc-upc-sc-upc-62-5-125-dx","status":"publish","type":"product","link":"https:\/\/www.fenxifiber.com\/fr\/product\/sc-upc-sc-upc-62-5-125-dx\/","title":{"rendered":"Cordon de raccordement SC\/UPC-SC\/UPC-62.5\/125-DX en fibre optique multimode"},"content":{"rendered":"<h3 data-start=\"612\" data-end=\"664\"><strong data-start=\"616\" data-end=\"664\">Optimis\u00e9 pour les infrastructures en fibre install\u00e9es<\/strong><\/h3>\n<p data-start=\"666\" data-end=\"946\">De grandes quantit\u00e9s de <strong data-start=\"683\" data-end=\"714\">Fibre multimode 62,5\/125 \u03bcm<\/strong> sont toujours install\u00e9s dans le monde entier dans les \u00e9coles, les h\u00f4pitaux, les usines et les immeubles de bureaux. Ce cordon de raccordement permet \u00e0 ces r\u00e9seaux de rester op\u00e9rationnels sans rec\u00e2blage co\u00fbteux, tout en conservant les caract\u00e9ristiques suivantes <strong data-start=\"899\" data-end=\"945\">qualit\u00e9 de signal propre \u00e0 850 nm et 1300 nm<\/strong>.<\/p>\n<hr data-start=\"948\" data-end=\"951\" \/>\n<h3 data-start=\"953\" data-end=\"986\"><strong data-start=\"957\" data-end=\"986\">Caract\u00e9ristiques techniques<\/strong><\/h3>\n<div class=\"TyagGW_tableContainer\">\n<div class=\"group TyagGW_tableWrapper flex flex-col-reverse w-fit\" tabindex=\"-1\">\n<table class=\"w-fit min-w-(--thread-content-width)\" data-start=\"988\" data-end=\"1456\">\n<thead data-start=\"988\" data-end=\"1029\">\n<tr data-start=\"988\" data-end=\"1029\">\n<th class=\"\" data-start=\"988\" data-end=\"1000\" data-col-size=\"sm\">Param\u00e8tres<\/th>\n<th class=\"\" data-start=\"1000\" data-end=\"1029\" data-col-size=\"sm\">SC\/UPC\u2013SC\/UPC-62.5\/125-DX<\/th>\n<\/tr>\n<\/thead>\n<tbody data-start=\"1058\" data-end=\"1456\">\n<tr data-start=\"1058\" data-end=\"1102\">\n<td data-start=\"1058\" data-end=\"1071\" data-col-size=\"sm\">Type de fibre<\/td>\n<td data-start=\"1071\" data-end=\"1102\" data-col-size=\"sm\">Multimode 62,5\/125 \u03bcm (OM1)<\/td>\n<\/tr>\n<tr data-start=\"1103\" data-end=\"1134\">\n<td data-start=\"1103\" data-end=\"1119\" data-col-size=\"sm\">Configuration<\/td>\n<td data-start=\"1119\" data-end=\"1134\" data-col-size=\"sm\">Duplex (DX)<\/td>\n<\/tr>\n<tr data-start=\"1135\" data-end=\"1161\">\n<td data-start=\"1135\" data-end=\"1149\" data-col-size=\"sm\">Connecteur A<\/td>\n<td data-start=\"1149\" data-end=\"1161\" data-col-size=\"sm\">SC \/ UPC<\/td>\n<\/tr>\n<tr data-start=\"1162\" data-end=\"1188\">\n<td data-start=\"1162\" data-end=\"1176\" data-col-size=\"sm\">Connecteur B<\/td>\n<td data-start=\"1176\" data-end=\"1188\" data-col-size=\"sm\">SC \/ UPC<\/td>\n<\/tr>\n<tr data-start=\"1189\" data-end=\"1232\">\n<td data-start=\"1189\" data-end=\"1212\" data-col-size=\"sm\">Longueur d'onde de fonctionnement<\/td>\n<td data-start=\"1212\" data-end=\"1232\" data-col-size=\"sm\">850 nm \/ 1300 nm<\/td>\n<\/tr>\n<tr data-start=\"1233\" data-end=\"1263\">\n<td data-start=\"1233\" data-end=\"1250\" data-col-size=\"sm\">Perte d'insertion<\/td>\n<td data-col-size=\"sm\" data-start=\"1250\" data-end=\"1263\">\u2264 0,30 dB<\/td>\n<\/tr>\n<tr data-start=\"1264\" data-end=\"1289\">\n<td data-start=\"1264\" data-end=\"1278\" data-col-size=\"sm\">Perte de retour<\/td>\n<td data-start=\"1278\" data-end=\"1289\" data-col-size=\"sm\">\u2265 30 dB<\/td>\n<\/tr>\n<tr data-start=\"1290\" data-end=\"1337\">\n<td data-start=\"1290\" data-end=\"1310\" data-col-size=\"sm\">Taux de donn\u00e9es typique<\/td>\n<td data-start=\"1310\" data-end=\"1337\" data-col-size=\"sm\">1G Ethernet jusqu'\u00e0 275 m<\/td>\n<\/tr>\n<tr data-start=\"1338\" data-end=\"1368\">\n<td data-start=\"1338\" data-end=\"1353\" data-col-size=\"sm\">Gaine du c\u00e2ble<\/td>\n<td data-start=\"1353\" data-end=\"1368\" data-col-size=\"sm\">LSZH ou PVC<\/td>\n<\/tr>\n<tr data-start=\"1369\" data-end=\"1413\">\n<td data-start=\"1369\" data-end=\"1393\" data-col-size=\"sm\">Temp\u00e9rature de fonctionnement<\/td>\n<td data-col-size=\"sm\" data-start=\"1393\" data-end=\"1413\">De -10 \u00b0C \u00e0 +70 \u00b0C<\/td>\n<\/tr>\n<tr data-start=\"1414\" data-end=\"1456\">\n<td data-start=\"1414\" data-end=\"1427\" data-col-size=\"sm\">Conformit\u00e9<\/td>\n<td data-col-size=\"sm\" data-start=\"1427\" data-end=\"1456\">IEC, TIA-568, RoHS, REACH<\/td>\n<\/tr>\n<\/tbody>\n<\/table>\n<\/div>\n<\/div>\n<hr data-start=\"1458\" data-end=\"1461\" \/>\n<h3 data-start=\"1463\" data-end=\"1498\"><strong data-start=\"1467\" data-end=\"1498\">Ce pour quoi il est couramment utilis\u00e9<\/strong><\/h3>\n<p data-start=\"1500\" data-end=\"1533\">Ce c\u00e2ble est largement d\u00e9ploy\u00e9 dans les :<\/p>\n<ul data-start=\"1535\" data-end=\"1747\">\n<li data-start=\"1535\" data-end=\"1576\">\n<p data-start=\"1537\" data-end=\"1576\"><strong data-start=\"1537\" data-end=\"1576\">Panneaux de raccordement et prises murales en fibre optique<\/strong><\/p>\n<\/li>\n<li data-start=\"1577\" data-end=\"1613\">\n<p data-start=\"1579\" data-end=\"1613\"><strong data-start=\"1579\" data-end=\"1613\">R\u00e9seaux d'entreprise et de campus<\/strong><\/p>\n<\/li>\n<li data-start=\"1614\" data-end=\"1659\">\n<p data-start=\"1616\" data-end=\"1659\"><strong data-start=\"1616\" data-end=\"1659\">Syst\u00e8mes de s\u00e9curit\u00e9 et de surveillance par fibre optique<\/strong><\/p>\n<\/li>\n<li data-start=\"1660\" data-end=\"1708\">\n<p data-start=\"1662\" data-end=\"1708\"><strong data-start=\"1662\" data-end=\"1708\">R\u00e9seaux de contr\u00f4le et de surveillance industriels<\/strong><\/p>\n<\/li>\n<li data-start=\"1709\" data-end=\"1747\">\n<p data-start=\"1711\" data-end=\"1747\"><strong data-start=\"1711\" data-end=\"1747\">R\u00e9seaux de t\u00e9l\u00e9communication et r\u00e9seaux locaux h\u00e9rit\u00e9s<\/strong><\/p>\n<\/li>\n<\/ul>\n<p data-start=\"1749\" data-end=\"1890\">Son <strong data-start=\"1753\" data-end=\"1769\">Noyau de 62,5 \u00b5m<\/strong> offre une excellente tol\u00e9rance \u00e0 l'alignement des connecteurs, ce qui le rend particuli\u00e8rement tol\u00e9rant dans les environnements \u00e0 cycles de battage \u00e9lev\u00e9s.<\/p>\n<hr data-start=\"1892\" data-end=\"1895\" \/>\n<h3 data-start=\"1897\" data-end=\"1936\"><strong data-start=\"1901\" data-end=\"1936\">Construit pour une fiabilit\u00e9 \u00e0 long terme<\/strong><\/h3>\n<p data-start=\"1938\" data-end=\"2217\">Chaque cordon de raccordement SC\/UPC-SC\/UPC-DX est fabriqu\u00e9 \u00e0 partir des mat\u00e9riaux suivants <strong data-start=\"1994\" data-end=\"2029\">bagues en c\u00e9ramique de haute pr\u00e9cision<\/strong> et <strong data-start=\"2034\" data-end=\"2060\">Surfaces d'extr\u00e9mit\u00e9 polies UPC<\/strong>, puis test\u00e9 pour <strong data-start=\"2078\" data-end=\"2132\">perte d'insertion, perte de retour et g\u00e9om\u00e9trie de la face d'extr\u00e9mit\u00e9<\/strong>. Cela garantit des performances optiques constantes, m\u00eame apr\u00e8s <strong data-start=\"2189\" data-end=\"2216\">des milliers d'insertions<\/strong>.<\/p>\n<p data-start=\"2219\" data-end=\"2336\">L'option de la veste LSZH prend \u00e9galement en charge <strong data-start=\"2256\" data-end=\"2290\">les r\u00e9glementations modernes en mati\u00e8re de s\u00e9curit\u00e9 incendie<\/strong> pour les installations \u00e0 l'int\u00e9rieur et dans les b\u00e2timents publics.<\/p>\n<hr data-start=\"2338\" data-end=\"2341\" \/>\n<h2 data-start=\"2343\" data-end=\"2366\"><strong data-start=\"2346\" data-end=\"2366\">Questions et r\u00e9ponses professionnelles<\/strong><\/h2>\n<p data-start=\"2368\" data-end=\"2495\"><strong data-start=\"2368\" data-end=\"2416\">Q1 : Ce c\u00e2ble peut-il prendre en charge le Gigabit Ethernet ?<\/strong><br data-start=\"2416\" data-end=\"2419\" \/>Oui. La fibre OM1 62,5\/125 supporte <strong data-start=\"2452\" data-end=\"2494\">1G Ethernet jusqu'\u00e0 275 m\u00e8tres \u00e0 850 nm<\/strong>.<\/p>\n<p data-start=\"2497\" data-end=\"2672\"><strong data-start=\"2497\" data-end=\"2544\">Q2 : Pourquoi le SC est-il encore utilis\u00e9 dans de nombreux b\u00e2timents ?<\/strong><br data-start=\"2544\" data-end=\"2547\" \/>Les connecteurs SC sont <strong data-start=\"2565\" data-end=\"2613\">durable, facile \u00e0 manipuler et tr\u00e8s fiable<\/strong>, Ils sont donc tr\u00e8s appr\u00e9ci\u00e9s dans les pays suivants <strong data-start=\"2638\" data-end=\"2671\">panneaux de connexion et prises murales<\/strong>.<\/p>\n<p data-start=\"2674\" data-end=\"2826\"><strong data-start=\"2674\" data-end=\"2707\">Q3 : Ce syst\u00e8me est-il adapt\u00e9 \u00e0 la technologie 10G ?<\/strong><br data-start=\"2707\" data-end=\"2710\" \/>Non. La fibre OM1 n'est pas con\u00e7ue pour l'Ethernet 10G sur des distances standard. Elle est destin\u00e9e \u00e0 <strong data-start=\"2801\" data-end=\"2825\">Fast Ethernet et 1G<\/strong>.<\/p>\n<p data-start=\"2828\" data-end=\"2982\"><strong data-start=\"2828\" data-end=\"2876\">Q4 : Peut-on l'installer dans des b\u00e2timents modernes ?<\/strong><br data-start=\"2876\" data-end=\"2879\" \/>Oui, surtout en <strong data-start=\"2898\" data-end=\"2928\">r\u00e9novations et agrandissements<\/strong> o\u00f9 la fibre 62,5\/125 existante est r\u00e9utilis\u00e9e pour r\u00e9duire les co\u00fbts.<\/p>","protected":false},"excerpt":{"rendered":"<p data-start=\"67\" data-end=\"439\">Le <strong data-start=\"71\" data-end=\"100\">SC\/UPC\u2013SC\/UPC-62.5\/125-DX<\/strong> est un classique <strong data-start=\"114\" data-end=\"151\">cordon de raccordement en fibre multimode duplex<\/strong> con\u00e7u pour <strong data-start=\"167\" data-end=\"245\">les r\u00e9seaux locaux existants, les r\u00e9seaux de base des b\u00e2timents, les liaisons par fibre optique pour la t\u00e9l\u00e9vision en circuit ferm\u00e9 et les r\u00e9seaux industriels.<\/strong> qui continuent \u00e0 fonctionner sur <strong data-start=\"270\" data-end=\"291\">Fibre OM1 de 62,5 \u03bcm<\/strong>. Avec <strong data-start=\"298\" data-end=\"328\">Connecteurs SC aux deux extr\u00e9mit\u00e9s<\/strong>, Il permet d'\u00e9tablir une connexion directe et stable entre l'ordinateur et l'ordinateur. <strong data-start=\"387\" data-end=\"438\">panneaux de fibres, prises murales et dispositifs optiques<\/strong>.<\/p>\n<p data-start=\"441\" data-end=\"605\">Bien que les r\u00e9seaux plus r\u00e9cents privil\u00e9gient les connecteurs plus petits, le SC reste une norme fiable gr\u00e2ce \u00e0 ses caract\u00e9ristiques suivantes <strong data-start=\"536\" data-end=\"571\">conception robuste du verrouillage push-pull<\/strong> et une excellente pr\u00e9cision d'alignement.<\/p>","protected":false},"featured_media":668,"comment_status":"open","ping_status":"closed","template":"","meta":[],"product_brand":[],"product_cat":[44],"product_tag":[],"class_list":{"0":"post-667","1":"product","2":"type-product","3":"status-publish","4":"has-post-thumbnail","6":"product_cat-multimode-fiber-optic-patch-cord","8":"first","9":"instock","10":"shipping-taxable","11":"product-type-simple"},"_links":{"self":[{"href":"https:\/\/www.fenxifiber.com\/fr\/wp-json\/wp\/v2\/product\/667","targetHints":{"allow":["GET"]}}],"collection":[{"href":"https:\/\/www.fenxifiber.com\/fr\/wp-json\/wp\/v2\/product"}],"about":[{"href":"https:\/\/www.fenxifiber.com\/fr\/wp-json\/wp\/v2\/types\/product"}],"replies":[{"embeddable":true,"href":"https:\/\/www.fenxifiber.com\/fr\/wp-json\/wp\/v2\/comments?post=667"}],"wp:featuredmedia":[{"embeddable":true,"href":"https:\/\/www.fenxifiber.com\/fr\/wp-json\/wp\/v2\/media\/668"}],"wp:attachment":[{"href":"https:\/\/www.fenxifiber.com\/fr\/wp-json\/wp\/v2\/media?parent=667"}],"wp:term":[{"taxonomy":"product_brand","embeddable":true,"href":"https:\/\/www.fenxifiber.com\/fr\/wp-json\/wp\/v2\/product_brand?post=667"},{"taxonomy":"product_cat","embeddable":true,"href":"https:\/\/www.fenxifiber.com\/fr\/wp-json\/wp\/v2\/product_cat?post=667"},{"taxonomy":"product_tag","embeddable":true,"href":"https:\/\/www.fenxifiber.com\/fr\/wp-json\/wp\/v2\/product_tag?post=667"}],"curies":[{"name":"wp","href":"https:\/\/api.w.org\/{rel}","templated":true}]}}