{"id":676,"date":"2026-02-03T06:20:06","date_gmt":"2026-02-03T06:20:06","guid":{"rendered":"https:\/\/www.fenxifiber.com\/?post_type=product&#038;p=676"},"modified":"2026-02-04T01:29:46","modified_gmt":"2026-02-04T01:29:46","slug":"lc-upc-lc-upc-62-5-125-dx","status":"publish","type":"product","link":"https:\/\/www.fenxifiber.com\/fr\/product\/lc-upc-lc-upc-62-5-125-dx\/","title":{"rendered":"Cordon de raccordement en fibre optique multimode LC\/UPC-LC\/UPC-62.5\/125-DX"},"content":{"rendered":"<h3 data-start=\"634\" data-end=\"670\"><strong data-start=\"638\" data-end=\"670\">Pourquoi ce c\u00e2ble est toujours d'actualit\u00e9<\/strong><\/h3>\n<p data-start=\"672\" data-end=\"1046\">De nombreux b\u00e2timents \u00e9taient \u00e0 l'origine \u00e9quip\u00e9s d'un c\u00e2blage <strong data-start=\"714\" data-end=\"745\">Fibre multimode 62,5\/125 \u03bcm<\/strong>, qui reste parfaitement capable de g\u00e9rer <strong data-start=\"791\" data-end=\"829\">Fast Ethernet et Gigabit Ethernet<\/strong>. En utilisant des connecteurs LC aux deux extr\u00e9mit\u00e9s, ce c\u00e2ble permet \u00e0 ces r\u00e9seaux de se connecter directement \u00e0 <strong data-start=\"924\" data-end=\"955\">mat\u00e9riel moderne \u00e9quip\u00e9 de LC<\/strong>, Les r\u00e9seaux de fibres optiques sont des \u00e9l\u00e9ments essentiels de l'infrastructure de fibre optique, ce qui permet de prolonger la dur\u00e9e de vie de l'infrastructure existante tout en limitant les co\u00fbts de mise \u00e0 niveau.<\/p>\n<hr data-start=\"1048\" data-end=\"1051\" \/>\n<h3 data-start=\"1053\" data-end=\"1085\"><strong data-start=\"1057\" data-end=\"1085\">Sp\u00e9cifications techniques<\/strong><\/h3>\n<div class=\"TyagGW_tableContainer\">\n<div class=\"group TyagGW_tableWrapper flex flex-col-reverse w-fit\" tabindex=\"-1\">\n<table class=\"w-fit min-w-(--thread-content-width)\" data-start=\"1087\" data-end=\"1554\">\n<thead data-start=\"1087\" data-end=\"1128\">\n<tr data-start=\"1087\" data-end=\"1128\">\n<th class=\"\" data-start=\"1087\" data-end=\"1099\" data-col-size=\"sm\">Param\u00e8tres<\/th>\n<th class=\"\" data-start=\"1099\" data-end=\"1128\" data-col-size=\"sm\">LC\/UPC\u2013LC\/UPC-62.5\/125-DX<\/th>\n<\/tr>\n<\/thead>\n<tbody data-start=\"1157\" data-end=\"1554\">\n<tr data-start=\"1157\" data-end=\"1201\">\n<td data-start=\"1157\" data-end=\"1170\" data-col-size=\"sm\">Type de fibre<\/td>\n<td data-start=\"1170\" data-end=\"1201\" data-col-size=\"sm\">Multimode 62,5\/125 \u03bcm (OM1)<\/td>\n<\/tr>\n<tr data-start=\"1202\" data-end=\"1233\">\n<td data-start=\"1202\" data-end=\"1218\" data-col-size=\"sm\">Configuration<\/td>\n<td data-start=\"1218\" data-end=\"1233\" data-col-size=\"sm\">Duplex (DX)<\/td>\n<\/tr>\n<tr data-start=\"1234\" data-end=\"1260\">\n<td data-start=\"1234\" data-end=\"1248\" data-col-size=\"sm\">Connecteur A<\/td>\n<td data-start=\"1248\" data-end=\"1260\" data-col-size=\"sm\">LC \/ UPC<\/td>\n<\/tr>\n<tr data-start=\"1261\" data-end=\"1287\">\n<td data-start=\"1261\" data-end=\"1275\" data-col-size=\"sm\">Connecteur B<\/td>\n<td data-start=\"1275\" data-end=\"1287\" data-col-size=\"sm\">LC \/ UPC<\/td>\n<\/tr>\n<tr data-start=\"1288\" data-end=\"1331\">\n<td data-start=\"1288\" data-end=\"1311\" data-col-size=\"sm\">Longueur d'onde de fonctionnement<\/td>\n<td data-start=\"1311\" data-end=\"1331\" data-col-size=\"sm\">850 nm \/ 1300 nm<\/td>\n<\/tr>\n<tr data-start=\"1332\" data-end=\"1362\">\n<td data-start=\"1332\" data-end=\"1349\" data-col-size=\"sm\">Perte d'insertion<\/td>\n<td data-start=\"1349\" data-end=\"1362\" data-col-size=\"sm\">\u2264 0,30 dB<\/td>\n<\/tr>\n<tr data-start=\"1363\" data-end=\"1388\">\n<td data-start=\"1363\" data-end=\"1377\" data-col-size=\"sm\">Perte de retour<\/td>\n<td data-start=\"1377\" data-end=\"1388\" data-col-size=\"sm\">\u2265 30 dB<\/td>\n<\/tr>\n<tr data-start=\"1389\" data-end=\"1436\">\n<td data-start=\"1389\" data-end=\"1409\" data-col-size=\"sm\">Taux de donn\u00e9es typique<\/td>\n<td data-start=\"1409\" data-end=\"1436\" data-col-size=\"sm\">1G Ethernet jusqu'\u00e0 275 m<\/td>\n<\/tr>\n<tr data-start=\"1437\" data-end=\"1467\">\n<td data-start=\"1437\" data-end=\"1452\" data-col-size=\"sm\">Gaine du c\u00e2ble<\/td>\n<td data-start=\"1452\" data-end=\"1467\" data-col-size=\"sm\">LSZH ou PVC<\/td>\n<\/tr>\n<tr data-start=\"1468\" data-end=\"1512\">\n<td data-start=\"1468\" data-end=\"1492\" data-col-size=\"sm\">Temp\u00e9rature de fonctionnement<\/td>\n<td data-start=\"1492\" data-end=\"1512\" data-col-size=\"sm\">De -10 \u00b0C \u00e0 +70 \u00b0C<\/td>\n<\/tr>\n<tr data-start=\"1513\" data-end=\"1554\">\n<td data-start=\"1513\" data-end=\"1525\" data-col-size=\"sm\">Normes<\/td>\n<td data-start=\"1525\" data-end=\"1554\" data-col-size=\"sm\">IEC, TIA-568, RoHS, REACH<\/td>\n<\/tr>\n<\/tbody>\n<\/table>\n<\/div>\n<\/div>\n<hr data-start=\"1556\" data-end=\"1559\" \/>\n<h3 data-start=\"1561\" data-end=\"1589\"><strong data-start=\"1565\" data-end=\"1589\">Applications typiques<\/strong><\/h3>\n<ul data-start=\"1591\" data-end=\"1776\">\n<li data-start=\"1591\" data-end=\"1640\">\n<p data-start=\"1593\" data-end=\"1640\"><strong data-start=\"1593\" data-end=\"1640\">Liens entre commutateurs et entre commutateurs et serveurs<\/strong><\/p>\n<\/li>\n<li data-start=\"1641\" data-end=\"1669\">\n<p data-start=\"1643\" data-end=\"1669\"><strong data-start=\"1643\" data-end=\"1669\">Convertisseurs de m\u00e9dia \u00e0 fibre optique<\/strong><\/p>\n<\/li>\n<li data-start=\"1670\" data-end=\"1702\">\n<p data-start=\"1672\" data-end=\"1702\"><strong data-start=\"1672\" data-end=\"1702\">R\u00e9seaux locaux de campus et d'entreprise<\/strong><\/p>\n<\/li>\n<li data-start=\"1703\" data-end=\"1740\">\n<p data-start=\"1705\" data-end=\"1740\"><strong data-start=\"1705\" data-end=\"1740\">Syst\u00e8mes de s\u00e9curit\u00e9 et de vid\u00e9osurveillance par fibre optique<\/strong><\/p>\n<\/li>\n<li data-start=\"1741\" data-end=\"1776\">\n<p data-start=\"1743\" data-end=\"1776\"><strong data-start=\"1743\" data-end=\"1776\">Salles de t\u00e9l\u00e9communications et armoires IDF<\/strong><\/p>\n<\/li>\n<\/ul>\n<p data-start=\"1778\" data-end=\"1913\">Le <strong data-start=\"1782\" data-end=\"1805\">noyau plus large de 62,5 \u03bcm<\/strong> rend le c\u00e2ble plus tol\u00e9rant \u00e0 l'alignement et \u00e0 la poussi\u00e8re, ce qui est utile dans les environnements \u00e0 fort trafic.<\/p>\n<hr data-start=\"1915\" data-end=\"1918\" \/>\n<h3 data-start=\"1920\" data-end=\"1971\"><strong data-start=\"1924\" data-end=\"1971\">Fabriqu\u00e9 pour une performance optique stable<\/strong><\/h3>\n<p data-start=\"1973\" data-end=\"2239\">Chaque cordon de raccordement LC\/UPC-LC\/UPC est fabriqu\u00e9 \u00e0 partir des \u00e9l\u00e9ments suivants <strong data-start=\"2018\" data-end=\"2080\">embouts c\u00e9ramiques de haute pr\u00e9cision et faces d'extr\u00e9mit\u00e9 polies UPC<\/strong>, suivi de <strong data-start=\"2094\" data-end=\"2140\">100% inspection et test de perte d'insertion<\/strong>. Cela garantit des performances fiables et une qualit\u00e9 de signal constante pendant toute la dur\u00e9e de vie du c\u00e2ble.<\/p>\n<p data-start=\"2241\" data-end=\"2364\">L'option <strong data-start=\"2254\" data-end=\"2269\">Veste LSZH<\/strong> soutient la modernit\u00e9 <strong data-start=\"2286\" data-end=\"2328\">exigences en mati\u00e8re de s\u00e9curit\u00e9 incendie et de faible d\u00e9gagement de fum\u00e9e<\/strong> dans les b\u00e2timents publics et commerciaux.<\/p>\n<hr data-start=\"2366\" data-end=\"2369\" \/>\n<h2 data-start=\"2371\" data-end=\"2394\"><strong data-start=\"2374\" data-end=\"2394\">Questions et r\u00e9ponses professionnelles<\/strong><\/h2>\n<p data-start=\"2396\" data-end=\"2527\"><strong data-start=\"2396\" data-end=\"2448\">Q1 : Ce c\u00e2ble peut-il \u00eatre utilis\u00e9 pour le Gigabit Ethernet ?<\/strong><br data-start=\"2448\" data-end=\"2451\" \/>Oui. La fibre OM1 62,5\/125 supporte <strong data-start=\"2484\" data-end=\"2526\">1G Ethernet jusqu'\u00e0 275 m\u00e8tres \u00e0 850 nm<\/strong>.<\/p>\n<p data-start=\"2529\" data-end=\"2671\"><strong data-start=\"2529\" data-end=\"2581\">Q2 : LC est-il compatible avec les anciennes fibres multimodes ?<\/strong><br data-start=\"2581\" data-end=\"2584\" \/>Oui. LC n'est que le type de connecteur - il fonctionne parfaitement avec <strong data-start=\"2645\" data-end=\"2670\">Fibre OM1 62,5\/125 \u03bcm<\/strong>.<\/p>\n<p data-start=\"2673\" data-end=\"2790\"><strong data-start=\"2673\" data-end=\"2706\">Q3 : Ce syst\u00e8me est-il adapt\u00e9 \u00e0 la technologie 10G ?<\/strong><br data-start=\"2706\" data-end=\"2709\" \/>Non. La fibre OM1 est destin\u00e9e \u00e0 <strong data-start=\"2739\" data-end=\"2763\">Fast Ethernet et 1G<\/strong>, mais pas pour la transmission 10G.<\/p>\n<p data-start=\"2792\" data-end=\"2967\"><strong data-start=\"2792\" data-end=\"2834\">Q4 : Pourquoi choisir LC-LC au lieu de SC-SC ?<\/strong><br data-start=\"2834\" data-end=\"2837\" \/>Les connecteurs LC sont <strong data-start=\"2855\" data-end=\"2898\">plus petits et supportent une plus grande densit\u00e9 de ports<\/strong>, Ils sont donc id\u00e9aux pour <strong data-start=\"2922\" data-end=\"2966\">commutateurs modernes et panneaux de brassage compacts<\/strong>.<\/p>","protected":false},"excerpt":{"rendered":"<p data-start=\"67\" data-end=\"462\">Le <strong data-start=\"71\" data-end=\"100\">LC\/UPC\u2013LC\/UPC-62.5\/125-DX<\/strong> est un <strong data-start=\"106\" data-end=\"151\">cordon de raccordement compact duplex en fibre multimode<\/strong> con\u00e7u pour des environnements qui fonctionnent encore sur <strong data-start=\"200\" data-end=\"221\">Fibre OM1 62,5 \u03bcm<\/strong> mais exigent que le <strong data-start=\"238\" data-end=\"272\">interface LC \u00e0 faible encombrement<\/strong> utilis\u00e9 par les commutateurs, les routeurs et les \u00e9metteurs-r\u00e9cepteurs modernes. Il s'agit d'un moyen propre et efficace de connecter <strong data-start=\"374\" data-end=\"400\">liaisons multimodes h\u00e9rit\u00e9es<\/strong> directement \u00e0 <strong data-start=\"413\" data-end=\"444\">Ports SFP et SFP+ \u00e0 base de LC<\/strong> sans adaptateur.<\/p>\n<p data-start=\"464\" data-end=\"627\">Ce mod\u00e8le est largement utilis\u00e9 dans <strong data-start=\"493\" data-end=\"574\">les r\u00e9seaux de campus, les r\u00e9seaux de base des b\u00e2timents, les convertisseurs de m\u00e9dias \u00e0 fibre optique et les syst\u00e8mes de t\u00e9l\u00e9vision en circuit ferm\u00e9<\/strong> o\u00f9 le c\u00e2blage OM1 reste install\u00e9 et op\u00e9rationnel.<\/p>","protected":false},"featured_media":677,"comment_status":"open","ping_status":"closed","template":"","meta":[],"product_brand":[],"product_cat":[44],"product_tag":[],"class_list":{"0":"post-676","1":"product","2":"type-product","3":"status-publish","4":"has-post-thumbnail","6":"product_cat-multimode-fiber-optic-patch-cord","8":"first","9":"instock","10":"shipping-taxable","11":"product-type-simple"},"_links":{"self":[{"href":"https:\/\/www.fenxifiber.com\/fr\/wp-json\/wp\/v2\/product\/676","targetHints":{"allow":["GET"]}}],"collection":[{"href":"https:\/\/www.fenxifiber.com\/fr\/wp-json\/wp\/v2\/product"}],"about":[{"href":"https:\/\/www.fenxifiber.com\/fr\/wp-json\/wp\/v2\/types\/product"}],"replies":[{"embeddable":true,"href":"https:\/\/www.fenxifiber.com\/fr\/wp-json\/wp\/v2\/comments?post=676"}],"wp:featuredmedia":[{"embeddable":true,"href":"https:\/\/www.fenxifiber.com\/fr\/wp-json\/wp\/v2\/media\/677"}],"wp:attachment":[{"href":"https:\/\/www.fenxifiber.com\/fr\/wp-json\/wp\/v2\/media?parent=676"}],"wp:term":[{"taxonomy":"product_brand","embeddable":true,"href":"https:\/\/www.fenxifiber.com\/fr\/wp-json\/wp\/v2\/product_brand?post=676"},{"taxonomy":"product_cat","embeddable":true,"href":"https:\/\/www.fenxifiber.com\/fr\/wp-json\/wp\/v2\/product_cat?post=676"},{"taxonomy":"product_tag","embeddable":true,"href":"https:\/\/www.fenxifiber.com\/fr\/wp-json\/wp\/v2\/product_tag?post=676"}],"curies":[{"name":"wp","href":"https:\/\/api.w.org\/{rel}","templated":true}]}}