{"id":680,"date":"2026-02-03T06:55:42","date_gmt":"2026-02-03T06:55:42","guid":{"rendered":"https:\/\/www.fenxifiber.com\/?post_type=product&#038;p=680"},"modified":"2026-02-04T01:30:51","modified_gmt":"2026-02-04T01:30:51","slug":"fc-upc-lc-upc-om3-dx","status":"publish","type":"product","link":"https:\/\/www.fenxifiber.com\/fr\/product\/fc-upc-lc-upc-om3-dx\/","title":{"rendered":"Cordon de raccordement multimode en fibre optique FC\/UPC-LC\/UPC-OM3-DX"},"content":{"rendered":"<h3 data-start=\"616\" data-end=\"667\"><strong data-start=\"620\" data-end=\"667\">Quand la stabilit\u00e9 rencontre le r\u00e9seau \u00e0 grande vitesse<\/strong><\/h3>\n<p data-start=\"669\" data-end=\"987\">Les connecteurs FC utilisent un <strong data-start=\"689\" data-end=\"716\">raccord m\u00e9tallique filet\u00e9<\/strong>, Ils sont donc tr\u00e8s r\u00e9sistants aux vibrations et aux micro-mouvements, ce qui les rend parfaits pour l'utilisation en milieu hospitalier. <strong data-start=\"791\" data-end=\"839\">OTDR, analyseurs optiques et liaisons critiques<\/strong>.<br data-start=\"840\" data-end=\"843\" \/>Les connecteurs LC, quant \u00e0 eux, fournissent <strong data-start=\"885\" data-end=\"923\">connectivit\u00e9 compacte et \u00e0 haute densit\u00e9<\/strong>, qui est standard sur <strong data-start=\"946\" data-end=\"986\">\u00c9metteurs-r\u00e9cepteurs SFP+, QSFP et QSFP-DD<\/strong>.<\/p>\n<p data-start=\"989\" data-end=\"1120\">Cette conception hybride vous permet de connecter <strong data-start=\"1025\" data-end=\"1088\">l'\u00e9quipement de pr\u00e9cision directement au mat\u00e9riel du r\u00e9seau \u00e0 grande vitesse<\/strong> sans adaptateur ni perte suppl\u00e9mentaire.<\/p>\n<hr data-start=\"1122\" data-end=\"1125\" \/>\n<h3 data-start=\"1127\" data-end=\"1159\"><strong data-start=\"1131\" data-end=\"1159\">Sp\u00e9cifications techniques<\/strong><\/h3>\n<div class=\"TyagGW_tableContainer\">\n<div class=\"group TyagGW_tableWrapper flex flex-col-reverse w-fit\" tabindex=\"-1\">\n<table class=\"w-fit min-w-(--thread-content-width)\" data-start=\"1161\" data-end=\"1631\">\n<thead data-start=\"1161\" data-end=\"1197\">\n<tr data-start=\"1161\" data-end=\"1197\">\n<th class=\"\" data-start=\"1161\" data-end=\"1173\" data-col-size=\"sm\">Param\u00e8tres<\/th>\n<th class=\"\" data-start=\"1173\" data-end=\"1197\" data-col-size=\"sm\">FC\/UPC-LC\/UPC-OM3-DX<\/th>\n<\/tr>\n<\/thead>\n<tbody data-start=\"1226\" data-end=\"1631\">\n<tr data-start=\"1226\" data-end=\"1266\">\n<td data-start=\"1226\" data-end=\"1239\" data-col-size=\"sm\">Type de fibre<\/td>\n<td data-start=\"1239\" data-end=\"1266\" data-col-size=\"sm\">OM3 Multimode 50\/125 \u03bcm<\/td>\n<\/tr>\n<tr data-start=\"1267\" data-end=\"1298\">\n<td data-start=\"1267\" data-end=\"1283\" data-col-size=\"sm\">Configuration<\/td>\n<td data-start=\"1283\" data-end=\"1298\" data-col-size=\"sm\">Duplex (DX)<\/td>\n<\/tr>\n<tr data-start=\"1299\" data-end=\"1325\">\n<td data-start=\"1299\" data-end=\"1313\" data-col-size=\"sm\">Connecteur A<\/td>\n<td data-start=\"1313\" data-end=\"1325\" data-col-size=\"sm\">FC \/ UPC<\/td>\n<\/tr>\n<tr data-start=\"1326\" data-end=\"1352\">\n<td data-start=\"1326\" data-end=\"1340\" data-col-size=\"sm\">Connecteur B<\/td>\n<td data-start=\"1340\" data-end=\"1352\" data-col-size=\"sm\">LC \/ UPC<\/td>\n<\/tr>\n<tr data-start=\"1353\" data-end=\"1396\">\n<td data-start=\"1353\" data-end=\"1376\" data-col-size=\"sm\">Longueur d'onde de fonctionnement<\/td>\n<td data-start=\"1376\" data-end=\"1396\" data-col-size=\"sm\">850 nm \/ 1300 nm<\/td>\n<\/tr>\n<tr data-start=\"1397\" data-end=\"1427\">\n<td data-start=\"1397\" data-end=\"1414\" data-col-size=\"sm\">Perte d'insertion<\/td>\n<td data-start=\"1414\" data-end=\"1427\" data-col-size=\"sm\">\u2264 0,30 dB<\/td>\n<\/tr>\n<tr data-start=\"1428\" data-end=\"1453\">\n<td data-start=\"1428\" data-end=\"1442\" data-col-size=\"sm\">Perte de retour<\/td>\n<td data-start=\"1442\" data-end=\"1453\" data-col-size=\"sm\">\u2265 30 dB<\/td>\n<\/tr>\n<tr data-start=\"1454\" data-end=\"1484\">\n<td data-start=\"1454\" data-end=\"1469\" data-col-size=\"sm\">Ethernet 10G<\/td>\n<td data-start=\"1469\" data-end=\"1484\" data-col-size=\"sm\">Jusqu'\u00e0 300 m<\/td>\n<\/tr>\n<tr data-start=\"1485\" data-end=\"1513\">\n<td data-start=\"1485\" data-end=\"1498\" data-col-size=\"sm\">40G \/ 100G<\/td>\n<td data-start=\"1498\" data-end=\"1513\" data-col-size=\"sm\">Jusqu'\u00e0 100 m<\/td>\n<\/tr>\n<tr data-start=\"1514\" data-end=\"1544\">\n<td data-start=\"1514\" data-end=\"1529\" data-col-size=\"sm\">Gaine du c\u00e2ble<\/td>\n<td data-start=\"1529\" data-end=\"1544\" data-col-size=\"sm\">LSZH ou PVC<\/td>\n<\/tr>\n<tr data-start=\"1545\" data-end=\"1589\">\n<td data-start=\"1545\" data-end=\"1569\" data-col-size=\"sm\">Temp\u00e9rature de fonctionnement<\/td>\n<td data-start=\"1569\" data-end=\"1589\" data-col-size=\"sm\">De -10 \u00b0C \u00e0 +70 \u00b0C<\/td>\n<\/tr>\n<tr data-start=\"1590\" data-end=\"1631\">\n<td data-start=\"1590\" data-end=\"1602\" data-col-size=\"sm\">Normes<\/td>\n<td data-start=\"1602\" data-end=\"1631\" data-col-size=\"sm\">IEC, TIA-568, RoHS, REACH<\/td>\n<\/tr>\n<\/tbody>\n<\/table>\n<\/div>\n<\/div>\n<hr data-start=\"1633\" data-end=\"1636\" \/>\n<h3 data-start=\"1638\" data-end=\"1682\"><strong data-start=\"1642\" data-end=\"1682\">Utilisation courante de ce c\u00e2ble<\/strong><\/h3>\n<ul data-start=\"1684\" data-end=\"1859\">\n<li data-start=\"1684\" data-end=\"1726\">\n<p data-start=\"1686\" data-end=\"1726\"><strong data-start=\"1686\" data-end=\"1726\">Syst\u00e8mes de test et de mesure optiques<\/strong><\/p>\n<\/li>\n<li data-start=\"1727\" data-end=\"1752\">\n<p data-start=\"1729\" data-end=\"1752\"><strong data-start=\"1729\" data-end=\"1752\">Ethernet industriel<\/strong><\/p>\n<\/li>\n<li data-start=\"1753\" data-end=\"1785\">\n<p data-start=\"1755\" data-end=\"1785\"><strong data-start=\"1755\" data-end=\"1785\">R\u00e9seaux de t\u00e9l\u00e9communications et m\u00e9tropolitains<\/strong><\/p>\n<\/li>\n<li data-start=\"1786\" data-end=\"1818\">\n<p data-start=\"1788\" data-end=\"1818\"><strong data-start=\"1788\" data-end=\"1818\">Connexions crois\u00e9es pour centres de donn\u00e9es<\/strong><\/p>\n<\/li>\n<li data-start=\"1819\" data-end=\"1859\">\n<p data-start=\"1821\" data-end=\"1859\"><strong data-start=\"1821\" data-end=\"1859\">Liaisons \u00e0 haut d\u00e9bit entre serveurs et commutateurs<\/strong><\/p>\n<\/li>\n<\/ul>\n<p data-start=\"1861\" data-end=\"1989\">Avec les OM3 <strong data-start=\"1872\" data-end=\"1907\">Largeur de bande de 2000 MHz-km \u00e0 850 nm<\/strong>, Il fournit un budget optique solide pour les <strong data-start=\"1949\" data-end=\"1988\">applications haute vitesse \u00e0 courte port\u00e9e<\/strong>.<\/p>\n<hr data-start=\"1991\" data-end=\"1994\" \/>\n<h3 data-start=\"1996\" data-end=\"2039\"><strong data-start=\"2000\" data-end=\"2039\">Construit pour la pr\u00e9cision et la fiabilit\u00e9<\/strong><\/h3>\n<p data-start=\"2041\" data-end=\"2347\">Chaque cordon de raccordement FC-LC OM3 est produit en utilisant <strong data-start=\"2086\" data-end=\"2156\">des viroles en c\u00e9ramique, le polissage UPC et l'inspection automatis\u00e9e de la surface d'extr\u00e9mit\u00e9<\/strong>, puis enti\u00e8rement test\u00e9 pour <strong data-start=\"2180\" data-end=\"2214\">perte d'insertion et perte de retour<\/strong>. Cela permet de garantir <strong data-start=\"2229\" data-end=\"2259\">performance optique stable<\/strong> m\u00eame dans des environnements o\u00f9 l'on trouve des <strong data-start=\"2286\" data-end=\"2346\">les vibrations, les changements de temp\u00e9rature ou les reconnexions fr\u00e9quentes<\/strong>.<\/p>\n<p data-start=\"2349\" data-end=\"2469\">L'option <strong data-start=\"2362\" data-end=\"2377\">Veste LSZH<\/strong> r\u00e9pond \u00e9galement aux exigences modernes en mati\u00e8re de <strong data-start=\"2396\" data-end=\"2424\">exigences en mati\u00e8re de s\u00e9curit\u00e9 incendie<\/strong> dans les installations commerciales et les centres de donn\u00e9es.<\/p>\n<hr data-start=\"2471\" data-end=\"2474\" \/>\n<h2 data-start=\"2476\" data-end=\"2499\"><strong data-start=\"2479\" data-end=\"2499\">Questions et r\u00e9ponses professionnelles<\/strong><\/h2>\n<p data-start=\"2501\" data-end=\"2670\"><strong data-start=\"2501\" data-end=\"2561\">Q1 : Qu'est-ce qui fait que la fibre OM3 est meilleure que la fibre multimode standard ?<\/strong><br data-start=\"2561\" data-end=\"2564\" \/>OM3 est <strong data-start=\"2571\" data-end=\"2590\">optimis\u00e9 pour le laser<\/strong>, qui offre une largeur de bande beaucoup plus importante et prend en charge <strong data-start=\"2638\" data-end=\"2653\">10G \u00e0 100G<\/strong> \u00e0 850 nm.<\/p>\n<p data-start=\"2672\" data-end=\"2837\"><strong data-start=\"2672\" data-end=\"2722\">Q2 : Pourquoi utiliser des connecteurs FC sur les liaisons \u00e0 haut d\u00e9bit ?<\/strong><br data-start=\"2722\" data-end=\"2725\" \/>FC's <strong data-start=\"2730\" data-end=\"2755\">conception en m\u00e9tal filet\u00e9<\/strong> emp\u00eache les mouvements susceptibles de provoquer des fluctuations du signal dans les syst\u00e8mes optiques sensibles.<\/p>\n<p data-start=\"2839\" data-end=\"2987\"><strong data-start=\"2839\" data-end=\"2886\">Q3 : Ce c\u00e2ble peut-il \u00eatre utilis\u00e9 dans les centres de donn\u00e9es ?<\/strong><br data-start=\"2886\" data-end=\"2889\" \/>Oui. La fibre OM3 est largement utilis\u00e9e pour <strong data-start=\"2923\" data-end=\"2963\">Liaisons \u00e0 courte port\u00e9e 10G, 40G et 100G<\/strong> dans les centres de donn\u00e9es modernes.<\/p>\n<p data-start=\"2989\" data-end=\"3134\"><strong data-start=\"2989\" data-end=\"3049\">Q4 : Ce c\u00e2ble est-il compatible avec les modules SFP+ et QSFP ?<\/strong><br data-start=\"3049\" data-end=\"3052\" \/>Oui. <strong data-start=\"3061\" data-end=\"3071\">Fin LC<\/strong> se connecte directement \u00e0 <strong data-start=\"3093\" data-end=\"3133\">\u00c9metteurs-r\u00e9cepteurs SFP+, QSFP et QSFP-DD<\/strong>.<\/p>","protected":false},"excerpt":{"rendered":"<p data-start=\"62\" data-end=\"444\">Le <strong data-start=\"66\" data-end=\"90\">FC\/UPC-LC\/UPC-OM3-DX<\/strong> est un <strong data-start=\"96\" data-end=\"137\">cordon de raccordement duplex en fibre multimode OM3<\/strong> construit pour se connecter <strong data-start=\"155\" data-end=\"184\">ports FC de qualit\u00e9 instrumentale<\/strong> avec <strong data-start=\"190\" data-end=\"220\">interfaces LC haute densit\u00e9<\/strong> utilis\u00e9s dans les commutateurs et les \u00e9metteurs-r\u00e9cepteurs modernes. C'est une solution id\u00e9ale pour <strong data-start=\"290\" data-end=\"375\">salles de t\u00e9l\u00e9communications, laboratoires d'essais optiques, Ethernet industriel et liaisons de p\u00e9riph\u00e9rie des centres de donn\u00e9es<\/strong> o\u00f9 les deux <strong data-start=\"387\" data-end=\"430\">stabilit\u00e9 m\u00e9canique et grande largeur de bande<\/strong> sont n\u00e9cessaires.<\/p>\n<p data-start=\"446\" data-end=\"609\">Utilisation <strong data-start=\"452\" data-end=\"491\">Fibre OM3 50\/125 \u03bcm optimis\u00e9e pour le laser<\/strong>, Ce c\u00e2ble est compatible avec les technologies de l'information et de la communication (TIC) d'aujourd'hui. <strong data-start=\"521\" data-end=\"550\">Optique \u00e0 base de VCSEL 850 nm<\/strong>, permettant <strong data-start=\"561\" data-end=\"608\">Transmission \u00e0 courte port\u00e9e 10G, 40G et 100G<\/strong>.<\/p>","protected":false},"featured_media":681,"comment_status":"open","ping_status":"closed","template":"","meta":[],"product_brand":[],"product_cat":[44],"product_tag":[],"class_list":{"0":"post-680","1":"product","2":"type-product","3":"status-publish","4":"has-post-thumbnail","6":"product_cat-multimode-fiber-optic-patch-cord","8":"first","9":"instock","10":"shipping-taxable","11":"product-type-simple"},"_links":{"self":[{"href":"https:\/\/www.fenxifiber.com\/fr\/wp-json\/wp\/v2\/product\/680","targetHints":{"allow":["GET"]}}],"collection":[{"href":"https:\/\/www.fenxifiber.com\/fr\/wp-json\/wp\/v2\/product"}],"about":[{"href":"https:\/\/www.fenxifiber.com\/fr\/wp-json\/wp\/v2\/types\/product"}],"replies":[{"embeddable":true,"href":"https:\/\/www.fenxifiber.com\/fr\/wp-json\/wp\/v2\/comments?post=680"}],"wp:featuredmedia":[{"embeddable":true,"href":"https:\/\/www.fenxifiber.com\/fr\/wp-json\/wp\/v2\/media\/681"}],"wp:attachment":[{"href":"https:\/\/www.fenxifiber.com\/fr\/wp-json\/wp\/v2\/media?parent=680"}],"wp:term":[{"taxonomy":"product_brand","embeddable":true,"href":"https:\/\/www.fenxifiber.com\/fr\/wp-json\/wp\/v2\/product_brand?post=680"},{"taxonomy":"product_cat","embeddable":true,"href":"https:\/\/www.fenxifiber.com\/fr\/wp-json\/wp\/v2\/product_cat?post=680"},{"taxonomy":"product_tag","embeddable":true,"href":"https:\/\/www.fenxifiber.com\/fr\/wp-json\/wp\/v2\/product_tag?post=680"}],"curies":[{"name":"wp","href":"https:\/\/api.w.org\/{rel}","templated":true}]}}