{"id":685,"date":"2026-02-03T07:01:26","date_gmt":"2026-02-03T07:01:26","guid":{"rendered":"https:\/\/www.fenxifiber.com\/?post_type=product&#038;p=685"},"modified":"2026-02-04T01:32:04","modified_gmt":"2026-02-04T01:32:04","slug":"sc-upc-st-upc-om3-dx","status":"publish","type":"product","link":"https:\/\/www.fenxifiber.com\/fr\/product\/sc-upc-st-upc-om3-dx\/","title":{"rendered":"Cordon de raccordement multimode en fibre optique SC\/UPC-ST\/UPC-OM3-DX"},"content":{"rendered":"<h3 data-start=\"612\" data-end=\"661\"><strong data-start=\"616\" data-end=\"661\">Con\u00e7u pour la migration et l'expansion du r\u00e9seau<\/strong><\/h3>\n<p data-start=\"663\" data-end=\"966\">De nombreux \u00e9tablissements s'appuient encore sur les <strong data-start=\"693\" data-end=\"710\">Connecteurs ST<\/strong> dans les panneaux de brassage ou les liaisons dorsales, tandis que <strong data-start=\"752\" data-end=\"769\">Connecteurs SC<\/strong> sur les commutateurs et les r\u00e9partiteurs optiques. Cette configuration SC-to-ST \u00e9limine le besoin d'adaptateurs, ce qui r\u00e9duit les co\u00fbts d'exploitation. <strong data-start=\"895\" data-end=\"965\">perte d'insertion, points de r\u00e9flexion et risques de maintenance \u00e0 long terme<\/strong>.<\/p>\n<p data-start=\"968\" data-end=\"1106\">La fibre OM3 garantit d'excellentes performances avec <strong data-start=\"1013\" data-end=\"1042\">\u00c9metteurs-r\u00e9cepteurs VCSEL 850 nm<\/strong>, qui sont la norme dans les syst\u00e8mes d'information et de communication d'aujourd'hui. <strong data-start=\"1074\" data-end=\"1105\">optique multimode \u00e0 haut d\u00e9bit<\/strong>.<\/p>\n<hr data-start=\"1108\" data-end=\"1111\" \/>\n<h3 data-start=\"1113\" data-end=\"1147\"><strong data-start=\"1117\" data-end=\"1147\">Sp\u00e9cifications de performance<\/strong><\/h3>\n<div class=\"TyagGW_tableContainer\">\n<div class=\"group TyagGW_tableWrapper flex flex-col-reverse w-fit\" tabindex=\"-1\">\n<table class=\"w-fit min-w-(--thread-content-width)\" data-start=\"1149\" data-end=\"1602\">\n<thead data-start=\"1149\" data-end=\"1180\">\n<tr data-start=\"1149\" data-end=\"1180\">\n<th class=\"\" data-start=\"1149\" data-end=\"1156\" data-col-size=\"sm\">Objet<\/th>\n<th class=\"\" data-start=\"1156\" data-end=\"1180\" data-col-size=\"sm\">SC\/UPC-ST\/UPC-OM3-DX<\/th>\n<\/tr>\n<\/thead>\n<tbody data-start=\"1207\" data-end=\"1602\">\n<tr data-start=\"1207\" data-end=\"1247\">\n<td data-start=\"1207\" data-end=\"1220\" data-col-size=\"sm\">Type de fibre<\/td>\n<td data-start=\"1220\" data-end=\"1247\" data-col-size=\"sm\">OM3 Multimode 50\/125 \u03bcm<\/td>\n<\/tr>\n<tr data-start=\"1248\" data-end=\"1277\">\n<td data-start=\"1248\" data-end=\"1262\" data-col-size=\"sm\">Nombre de fibres<\/td>\n<td data-start=\"1262\" data-end=\"1277\" data-col-size=\"sm\">Duplex (DX)<\/td>\n<\/tr>\n<tr data-start=\"1278\" data-end=\"1304\">\n<td data-start=\"1278\" data-end=\"1292\" data-col-size=\"sm\">Connecteur A<\/td>\n<td data-start=\"1292\" data-end=\"1304\" data-col-size=\"sm\">SC \/ UPC<\/td>\n<\/tr>\n<tr data-start=\"1305\" data-end=\"1331\">\n<td data-start=\"1305\" data-end=\"1319\" data-col-size=\"sm\">Connecteur B<\/td>\n<td data-start=\"1319\" data-end=\"1331\" data-col-size=\"sm\">ST \/ UPC<\/td>\n<\/tr>\n<tr data-start=\"1332\" data-end=\"1375\">\n<td data-start=\"1332\" data-end=\"1355\" data-col-size=\"sm\">Longueur d'onde de fonctionnement<\/td>\n<td data-col-size=\"sm\" data-start=\"1355\" data-end=\"1375\">850 nm \/ 1300 nm<\/td>\n<\/tr>\n<tr data-start=\"1376\" data-end=\"1412\">\n<td data-start=\"1376\" data-end=\"1397\" data-col-size=\"sm\">Largeur de bande \u00e0 850 nm<\/td>\n<td data-col-size=\"sm\" data-start=\"1397\" data-end=\"1412\">2000 MHz-km<\/td>\n<\/tr>\n<tr data-start=\"1413\" data-end=\"1443\">\n<td data-start=\"1413\" data-end=\"1430\" data-col-size=\"sm\">Perte d'insertion<\/td>\n<td data-start=\"1430\" data-end=\"1443\" data-col-size=\"sm\">\u2264 0,30 dB<\/td>\n<\/tr>\n<tr data-start=\"1444\" data-end=\"1469\">\n<td data-start=\"1444\" data-end=\"1458\" data-col-size=\"sm\">Perte de retour<\/td>\n<td data-start=\"1458\" data-end=\"1469\" data-col-size=\"sm\">\u2265 30 dB<\/td>\n<\/tr>\n<tr data-start=\"1470\" data-end=\"1500\">\n<td data-start=\"1470\" data-end=\"1485\" data-col-size=\"sm\">Ethernet 10G<\/td>\n<td data-col-size=\"sm\" data-start=\"1485\" data-end=\"1500\">Jusqu'\u00e0 300 m<\/td>\n<\/tr>\n<tr data-start=\"1501\" data-end=\"1529\">\n<td data-start=\"1501\" data-end=\"1514\" data-col-size=\"sm\">40G \/ 100G<\/td>\n<td data-col-size=\"sm\" data-start=\"1514\" data-end=\"1529\">Jusqu'\u00e0 100 m<\/td>\n<\/tr>\n<tr data-start=\"1530\" data-end=\"1559\">\n<td data-start=\"1530\" data-end=\"1544\" data-col-size=\"sm\">Type de veste<\/td>\n<td data-col-size=\"sm\" data-start=\"1544\" data-end=\"1559\">LSZH ou PVC<\/td>\n<\/tr>\n<tr data-start=\"1560\" data-end=\"1602\">\n<td data-start=\"1560\" data-end=\"1573\" data-col-size=\"sm\">Conformit\u00e9<\/td>\n<td data-col-size=\"sm\" data-start=\"1573\" data-end=\"1602\">TIA-568, IEC, RoHS, REACH<\/td>\n<\/tr>\n<\/tbody>\n<\/table>\n<\/div>\n<\/div>\n<hr data-start=\"1604\" data-end=\"1607\" \/>\n<h3 data-start=\"1609\" data-end=\"1643\"><strong data-start=\"1613\" data-end=\"1643\">O\u00f9 ce c\u00e2ble convient-il le mieux ?<\/strong><\/h3>\n<ul data-start=\"1645\" data-end=\"1855\">\n<li data-start=\"1645\" data-end=\"1701\">\n<p data-start=\"1647\" data-end=\"1701\"><strong data-start=\"1647\" data-end=\"1701\">Mise \u00e0 niveau des r\u00e9seaux ST existants vers du mat\u00e9riel SC moderne<\/strong><\/p>\n<\/li>\n<li data-start=\"1702\" data-end=\"1739\">\n<p data-start=\"1704\" data-end=\"1739\"><strong data-start=\"1704\" data-end=\"1739\">Backbones d'entreprise et de campus<\/strong><\/p>\n<\/li>\n<li data-start=\"1740\" data-end=\"1788\">\n<p data-start=\"1742\" data-end=\"1788\"><strong data-start=\"1742\" data-end=\"1788\">Ethernet industriel et automatisation des usines<\/strong><\/p>\n<\/li>\n<li data-start=\"1789\" data-end=\"1822\">\n<p data-start=\"1791\" data-end=\"1822\"><strong data-start=\"1791\" data-end=\"1822\">R\u00e9partiteurs de t\u00e9l\u00e9communications<\/strong><\/p>\n<\/li>\n<li data-start=\"1823\" data-end=\"1855\">\n<p data-start=\"1825\" data-end=\"1855\"><strong data-start=\"1825\" data-end=\"1855\">Connexions crois\u00e9es pour centres de donn\u00e9es<\/strong><\/p>\n<\/li>\n<\/ul>\n<p data-start=\"1857\" data-end=\"1965\">La fibre OM3 offre la marge de man\u0153uvre optique n\u00e9cessaire pour <strong data-start=\"1908\" data-end=\"1964\">commutation \u00e0 haute densit\u00e9 et futures mises \u00e0 niveau de la bande passante<\/strong>.<\/p>\n<hr data-start=\"1967\" data-end=\"1970\" \/>\n<h3 data-start=\"1972\" data-end=\"2013\"><strong data-start=\"1976\" data-end=\"2013\">Fabriqu\u00e9 pour l'int\u00e9grit\u00e9 du signal<\/strong><\/h3>\n<p data-start=\"2015\" data-end=\"2269\">Chaque cordon de raccordement est produit avec <strong data-start=\"2048\" data-end=\"2119\">ferrules c\u00e9ramiques de pr\u00e9cision, polissage UPC et test optique 100%<\/strong>. Cela garantit <strong data-start=\"2137\" data-end=\"2206\">transmission stable de la lumi\u00e8re, faible r\u00e9flectance et longue dur\u00e9e de vie<\/strong>, m\u00eame dans des environnements soumis \u00e0 de fortes vibrations ou dans des environnements o\u00f9 les correctifs sont fr\u00e9quents.<\/p>\n<p data-start=\"2271\" data-end=\"2393\">L'option <strong data-start=\"2284\" data-end=\"2299\">Veste LSZH<\/strong> soutiens <strong data-start=\"2309\" data-end=\"2351\">exigences en mati\u00e8re de s\u00e9curit\u00e9 incendie et de faible d\u00e9gagement de fum\u00e9e<\/strong> dans les b\u00e2timents commerciaux et les centres de donn\u00e9es.<\/p>\n<hr data-start=\"2395\" data-end=\"2398\" \/>\n<h2 data-start=\"2400\" data-end=\"2423\"><strong data-start=\"2403\" data-end=\"2423\">Questions et r\u00e9ponses professionnelles<\/strong><\/h2>\n<p data-start=\"2425\" data-end=\"2579\"><strong data-start=\"2425\" data-end=\"2481\">Q1 : Pourquoi choisir OM3 au lieu de l'ancienne fibre multimode ?<\/strong><br data-start=\"2481\" data-end=\"2484\" \/>OM3 est <strong data-start=\"2491\" data-end=\"2510\">optimis\u00e9 pour le laser<\/strong> et soutient <strong data-start=\"2524\" data-end=\"2539\">10G \u00e0 100G<\/strong> contrairement aux anciennes fibres OM1 ou OM2.<\/p>\n<p data-start=\"2581\" data-end=\"2725\"><strong data-start=\"2581\" data-end=\"2634\">Q2 : Ce c\u00e2ble peut-il \u00eatre utilis\u00e9 pour les liaisons avec les centres de donn\u00e9es ?<\/strong><br data-start=\"2634\" data-end=\"2637\" \/>Oui. OM3 est largement utilis\u00e9 pour <strong data-start=\"2665\" data-end=\"2708\">Ethernet \u00e0 courte port\u00e9e 10G, 40G et 100G<\/strong> dans les centres de donn\u00e9es.<\/p>\n<p data-start=\"2727\" data-end=\"2886\"><strong data-start=\"2727\" data-end=\"2777\">Q3 : Quel est l'avantage du polissage UPC ?<\/strong><br data-start=\"2777\" data-end=\"2780\" \/>Les connecteurs UPC r\u00e9duisent la r\u00e9flexion sur l'arri\u00e8re-plan, ce qui permet de maintenir la qualit\u00e9 de l'air \u00e0 un niveau \u00e9lev\u00e9. <strong data-start=\"2827\" data-end=\"2854\">perte de retour sup\u00e9rieure \u00e0 30 dB<\/strong>, ce qui am\u00e9liore la stabilit\u00e9 du lien.<\/p>\n<p data-start=\"2888\" data-end=\"3053\"><strong data-start=\"2888\" data-end=\"2947\">Q4 : Ce c\u00e2ble est-il adapt\u00e9 aux environnements industriels ?<\/strong><br data-start=\"2947\" data-end=\"2950\" \/>Oui. <strong data-start=\"2959\" data-end=\"2990\">Verrouillage \u00e0 ba\u00efonnette du connecteur ST<\/strong> et <strong data-start=\"2995\" data-end=\"3016\">Le loquet s\u00e9curis\u00e9 de SC<\/strong> offrent une grande stabilit\u00e9 m\u00e9canique.<\/p>","protected":false},"excerpt":{"rendered":"<p data-start=\"62\" data-end=\"410\">Le <strong data-start=\"66\" data-end=\"90\">SC\/UPC-ST\/UPC-OM3-DX<\/strong> est un <strong data-start=\"96\" data-end=\"131\">cordon de raccordement multimode duplex OM3<\/strong> con\u00e7u pour faire le lien entre <strong data-start=\"151\" data-end=\"191\">l'ancienne infrastructure \u00e0 fibres optiques bas\u00e9e sur la technologie ST<\/strong> avec <strong data-start=\"197\" data-end=\"228\">l'\u00e9quipement moderne du r\u00e9seau SC<\/strong>. En utilisant <strong data-start=\"236\" data-end=\"275\">Fibre OM3 50\/125 \u03bcm optimis\u00e9e pour le laser<\/strong>, Il fournit la largeur de bande n\u00e9cessaire pour <strong data-start=\"316\" data-end=\"340\">Ethernet 10G et 40G<\/strong> tout en maintenant une compatibilit\u00e9 totale avec les syst\u00e8mes multimodes existants.<\/p>\n<p data-start=\"412\" data-end=\"605\">Cette conception de connecteur hybride en fait un choix pratique pour <strong data-start=\"473\" data-end=\"557\">modernisation des centres de donn\u00e9es, r\u00e9seaux de campus, salles de t\u00e9l\u00e9communications et liaisons industrielles par fibre optique<\/strong> o\u00f9 l'ancien et le nouveau mat\u00e9riel doivent fonctionner ensemble.<\/p>","protected":false},"featured_media":686,"comment_status":"open","ping_status":"closed","template":"","meta":[],"product_brand":[],"product_cat":[44],"product_tag":[],"class_list":{"0":"post-685","1":"product","2":"type-product","3":"status-publish","4":"has-post-thumbnail","6":"product_cat-multimode-fiber-optic-patch-cord","8":"first","9":"instock","10":"shipping-taxable","11":"product-type-simple"},"_links":{"self":[{"href":"https:\/\/www.fenxifiber.com\/fr\/wp-json\/wp\/v2\/product\/685","targetHints":{"allow":["GET"]}}],"collection":[{"href":"https:\/\/www.fenxifiber.com\/fr\/wp-json\/wp\/v2\/product"}],"about":[{"href":"https:\/\/www.fenxifiber.com\/fr\/wp-json\/wp\/v2\/types\/product"}],"replies":[{"embeddable":true,"href":"https:\/\/www.fenxifiber.com\/fr\/wp-json\/wp\/v2\/comments?post=685"}],"wp:featuredmedia":[{"embeddable":true,"href":"https:\/\/www.fenxifiber.com\/fr\/wp-json\/wp\/v2\/media\/686"}],"wp:attachment":[{"href":"https:\/\/www.fenxifiber.com\/fr\/wp-json\/wp\/v2\/media?parent=685"}],"wp:term":[{"taxonomy":"product_brand","embeddable":true,"href":"https:\/\/www.fenxifiber.com\/fr\/wp-json\/wp\/v2\/product_brand?post=685"},{"taxonomy":"product_cat","embeddable":true,"href":"https:\/\/www.fenxifiber.com\/fr\/wp-json\/wp\/v2\/product_cat?post=685"},{"taxonomy":"product_tag","embeddable":true,"href":"https:\/\/www.fenxifiber.com\/fr\/wp-json\/wp\/v2\/product_tag?post=685"}],"curies":[{"name":"wp","href":"https:\/\/api.w.org\/{rel}","templated":true}]}}