{"id":689,"date":"2026-02-03T07:04:43","date_gmt":"2026-02-03T07:04:43","guid":{"rendered":"https:\/\/www.fenxifiber.com\/?post_type=product&#038;p=689"},"modified":"2026-02-04T01:33:03","modified_gmt":"2026-02-04T01:33:03","slug":"fc-upc-sc-upc-om3-dx","status":"publish","type":"product","link":"https:\/\/www.fenxifiber.com\/fr\/product\/fc-upc-sc-upc-om3-dx\/","title":{"rendered":"Cordon de raccordement multimode en fibre optique FC\/UPC-SC\/UPC-OM3-DX"},"content":{"rendered":"<h3 data-start=\"576\" data-end=\"608\"><strong data-start=\"580\" data-end=\"608\">Pourquoi le passage de la FC \u00e0 la SC est judicieux<\/strong><\/h3>\n<p data-start=\"610\" data-end=\"919\">Les connecteurs FC sont privil\u00e9gi\u00e9s dans <strong data-start=\"639\" data-end=\"685\">les \u00e9quipements de mesure et les r\u00e9seaux d'op\u00e9rateurs<\/strong> parce que leur <strong data-start=\"700\" data-end=\"747\">le corps m\u00e9tallique viss\u00e9 emp\u00eache les micro-mouvements<\/strong> qui peut provoquer une instabilit\u00e9 optique.<br data-start=\"783\" data-end=\"786\" \/>Les connecteurs SC, en revanche, sont standard dans les <strong data-start=\"830\" data-end=\"866\">ODF, panneaux de connexion et commutateurs<\/strong> pour leur <strong data-start=\"877\" data-end=\"918\">fiabilit\u00e9 de l'encliquetage et facilit\u00e9 d'utilisation<\/strong>.<\/p>\n<p data-start=\"921\" data-end=\"1075\">Cette conception hybride vous permet de connecter <strong data-start=\"957\" data-end=\"987\">dispositifs FC de pr\u00e9cision<\/strong> directement \u00e0 <strong data-start=\"1000\" data-end=\"1035\">Infrastructure de r\u00e9seau bas\u00e9e sur le SC<\/strong> sans adaptateur ni d\u00e9gradation du signal.<\/p>\n<hr data-start=\"1077\" data-end=\"1080\" \/>\n<h3 data-start=\"1082\" data-end=\"1125\"><strong data-start=\"1086\" data-end=\"1125\">Sp\u00e9cifications optiques et m\u00e9caniques<\/strong><\/h3>\n<div class=\"TyagGW_tableContainer\">\n<div class=\"group TyagGW_tableWrapper flex flex-col-reverse w-fit\" tabindex=\"-1\">\n<table class=\"w-fit min-w-(--thread-content-width)\" data-start=\"1127\" data-end=\"1588\">\n<thead data-start=\"1127\" data-end=\"1161\">\n<tr data-start=\"1127\" data-end=\"1161\">\n<th class=\"\" data-start=\"1127\" data-end=\"1137\" data-col-size=\"sm\">Fonctionnalit\u00e9<\/th>\n<th class=\"\" data-start=\"1137\" data-end=\"1161\" data-col-size=\"sm\">FC\/UPC-SC\/UPC-OM3-DX<\/th>\n<\/tr>\n<\/thead>\n<tbody data-start=\"1190\" data-end=\"1588\">\n<tr data-start=\"1190\" data-end=\"1230\">\n<td data-start=\"1190\" data-end=\"1203\" data-col-size=\"sm\">Type de fibre<\/td>\n<td data-start=\"1203\" data-end=\"1230\" data-col-size=\"sm\">OM3 Multimode 50\/125 \u03bcm<\/td>\n<\/tr>\n<tr data-start=\"1231\" data-end=\"1260\">\n<td data-start=\"1231\" data-end=\"1245\" data-col-size=\"sm\">Nombre de fibres<\/td>\n<td data-col-size=\"sm\" data-start=\"1245\" data-end=\"1260\">Duplex (DX)<\/td>\n<\/tr>\n<tr data-start=\"1261\" data-end=\"1287\">\n<td data-start=\"1261\" data-end=\"1275\" data-col-size=\"sm\">Connecteur A<\/td>\n<td data-start=\"1275\" data-end=\"1287\" data-col-size=\"sm\">FC \/ UPC<\/td>\n<\/tr>\n<tr data-start=\"1288\" data-end=\"1314\">\n<td data-start=\"1288\" data-end=\"1302\" data-col-size=\"sm\">Connecteur B<\/td>\n<td data-start=\"1302\" data-end=\"1314\" data-col-size=\"sm\">SC \/ UPC<\/td>\n<\/tr>\n<tr data-start=\"1315\" data-end=\"1358\">\n<td data-start=\"1315\" data-end=\"1338\" data-col-size=\"sm\">Longueur d'onde de fonctionnement<\/td>\n<td data-start=\"1338\" data-end=\"1358\" data-col-size=\"sm\">850 nm \/ 1300 nm<\/td>\n<\/tr>\n<tr data-start=\"1359\" data-end=\"1395\">\n<td data-start=\"1359\" data-end=\"1380\" data-col-size=\"sm\">Largeur de bande \u00e0 850 nm<\/td>\n<td data-col-size=\"sm\" data-start=\"1380\" data-end=\"1395\">2000 MHz-km<\/td>\n<\/tr>\n<tr data-start=\"1396\" data-end=\"1426\">\n<td data-start=\"1396\" data-end=\"1413\" data-col-size=\"sm\">Perte d'insertion<\/td>\n<td data-start=\"1413\" data-end=\"1426\" data-col-size=\"sm\">\u2264 0,30 dB<\/td>\n<\/tr>\n<tr data-start=\"1427\" data-end=\"1452\">\n<td data-start=\"1427\" data-end=\"1441\" data-col-size=\"sm\">Perte de retour<\/td>\n<td data-start=\"1441\" data-end=\"1452\" data-col-size=\"sm\">\u2265 30 dB<\/td>\n<\/tr>\n<tr data-start=\"1453\" data-end=\"1483\">\n<td data-start=\"1453\" data-end=\"1468\" data-col-size=\"sm\">Ethernet 10G<\/td>\n<td data-start=\"1468\" data-end=\"1483\" data-col-size=\"sm\">Jusqu'\u00e0 300 m<\/td>\n<\/tr>\n<tr data-start=\"1484\" data-end=\"1512\">\n<td data-start=\"1484\" data-end=\"1497\" data-col-size=\"sm\">40G \/ 100G<\/td>\n<td data-col-size=\"sm\" data-start=\"1497\" data-end=\"1512\">Jusqu'\u00e0 100 m<\/td>\n<\/tr>\n<tr data-start=\"1513\" data-end=\"1545\">\n<td data-start=\"1513\" data-end=\"1530\" data-col-size=\"sm\">Options de la veste<\/td>\n<td data-start=\"1530\" data-end=\"1545\" data-col-size=\"sm\">LSZH ou PVC<\/td>\n<\/tr>\n<tr data-start=\"1546\" data-end=\"1588\">\n<td data-start=\"1546\" data-end=\"1559\" data-col-size=\"sm\">Conformit\u00e9<\/td>\n<td data-start=\"1559\" data-end=\"1588\" data-col-size=\"sm\">IEC, TIA-568, RoHS, REACH<\/td>\n<\/tr>\n<\/tbody>\n<\/table>\n<\/div>\n<\/div>\n<hr data-start=\"1590\" data-end=\"1593\" \/>\n<h3 data-start=\"1595\" data-end=\"1631\"><strong data-start=\"1599\" data-end=\"1631\">O\u00f9 il est le plus souvent d\u00e9ploy\u00e9<\/strong><\/h3>\n<ul data-start=\"1633\" data-end=\"1808\">\n<li data-start=\"1633\" data-end=\"1662\">\n<p data-start=\"1635\" data-end=\"1662\"><strong data-start=\"1635\" data-end=\"1662\">Bureaux centraux de t\u00e9l\u00e9communications<\/strong><\/p>\n<\/li>\n<li data-start=\"1663\" data-end=\"1706\">\n<p data-start=\"1665\" data-end=\"1706\"><strong data-start=\"1665\" data-end=\"1706\">OTDR, wattm\u00e8tres et bancs d'essai<\/strong><\/p>\n<\/li>\n<li data-start=\"1707\" data-end=\"1739\">\n<p data-start=\"1709\" data-end=\"1739\"><strong data-start=\"1709\" data-end=\"1739\">Connexions crois\u00e9es pour centres de donn\u00e9es<\/strong><\/p>\n<\/li>\n<li data-start=\"1740\" data-end=\"1768\">\n<p data-start=\"1742\" data-end=\"1768\"><strong data-start=\"1742\" data-end=\"1768\">Fibres optiques sur le campus<\/strong><\/p>\n<\/li>\n<li data-start=\"1769\" data-end=\"1808\">\n<p data-start=\"1771\" data-end=\"1808\"><strong data-start=\"1771\" data-end=\"1808\">R\u00e9seaux industriels et de radiodiffusion<\/strong><\/p>\n<\/li>\n<\/ul>\n<p data-start=\"1810\" data-end=\"1914\">La grande largeur de bande de l'OM3 garantit <strong data-start=\"1839\" data-end=\"1868\">transmission propre du signal<\/strong> m\u00eame lorsque plusieurs points d'ancrage sont concern\u00e9s.<\/p>\n<hr data-start=\"1916\" data-end=\"1919\" \/>\n<h3 data-start=\"1921\" data-end=\"1963\"><strong data-start=\"1925\" data-end=\"1963\">Con\u00e7u pour une coh\u00e9rence optique<\/strong><\/h3>\n<p data-start=\"1965\" data-end=\"2208\">Chaque cavalier FC-SC OM3 est assembl\u00e9 avec <strong data-start=\"2005\" data-end=\"2052\">bagues en c\u00e9ramique et faces d'extr\u00e9mit\u00e9 polies selon la norme UPC<\/strong>, alors <strong data-start=\"2059\" data-end=\"2074\">100% test\u00e9<\/strong> pour la perte d'insertion, la r\u00e9flectance et la g\u00e9om\u00e9trie. Cela permet de s'assurer que <strong data-start=\"2135\" data-end=\"2207\">faible r\u00e9flexion arri\u00e8re, efficacit\u00e9 \u00e9lev\u00e9e du couplage et longue dur\u00e9e de vie<\/strong>.<\/p>\n<p data-start=\"2210\" data-end=\"2340\">Le <strong data-start=\"2214\" data-end=\"2236\">Option veste LSZH<\/strong> rencontre moderne <strong data-start=\"2250\" data-end=\"2289\">normes de s\u00e9curit\u00e9 incendie et de faible d\u00e9gagement de fum\u00e9e<\/strong> dans les b\u00e2timents commerciaux et les centres de donn\u00e9es.<\/p>\n<hr data-start=\"2342\" data-end=\"2345\" \/>\n<h2 data-start=\"2347\" data-end=\"2370\"><strong data-start=\"2350\" data-end=\"2370\">Questions et r\u00e9ponses professionnelles<\/strong><\/h2>\n<p data-start=\"2372\" data-end=\"2544\"><strong data-start=\"2372\" data-end=\"2421\">Q1 : Pourquoi utiliser des connecteurs FC dans les r\u00e9seaux modernes ?<\/strong><br data-start=\"2421\" data-end=\"2424\" \/>Les connecteurs FC offrent <strong data-start=\"2444\" data-end=\"2469\">une stabilit\u00e9 exceptionnelle<\/strong> et sont encore largement utilis\u00e9s dans les <strong data-start=\"2499\" data-end=\"2543\">les \u00e9quipements d'essai et les syst\u00e8mes de niveau transporteur<\/strong>.<\/p>\n<p data-start=\"2546\" data-end=\"2667\"><strong data-start=\"2546\" data-end=\"2584\">Q2 : OM3 peut-il prendre en charge l'Ethernet 100G ?<\/strong><br data-start=\"2584\" data-end=\"2587\" \/>Oui. OM3 prend en charge <strong data-start=\"2605\" data-end=\"2630\">100G jusqu'\u00e0 100 m\u00e8tres<\/strong> en utilisant des \u00e9metteurs-r\u00e9cepteurs multimodes de 850 nm.<\/p>\n<p data-start=\"2669\" data-end=\"2804\"><strong data-start=\"2669\" data-end=\"2717\">Q3 : Ce c\u00e2ble est-il adapt\u00e9 aux panneaux de connexion ?<\/strong><br data-start=\"2717\" data-end=\"2720\" \/>Absolument. Les <strong data-start=\"2736\" data-end=\"2746\">Fin du CS<\/strong> se branche directement sur les <strong data-start=\"2776\" data-end=\"2803\">ODF et panneaux de r\u00e9seau<\/strong>.<\/p>\n<p data-start=\"2806\" data-end=\"2947\"><strong data-start=\"2806\" data-end=\"2840\">Q4 : Le polissage de la CUP est-il important ?<\/strong><br data-start=\"2840\" data-end=\"2843\" \/>Oui. Le polissage UPC r\u00e9duit les reflets et maintient les <strong data-start=\"2895\" data-end=\"2918\">perte de retour \u2265 30 dB<\/strong>, am\u00e9liorant ainsi la fiabilit\u00e9 de la liaison.<\/p>","protected":false},"excerpt":{"rendered":"<p data-start=\"62\" data-end=\"431\">Le <strong data-start=\"66\" data-end=\"90\">FC\/UPC-SC\/UPC-OM3-DX<\/strong> est un <strong data-start=\"96\" data-end=\"131\">cordon de raccordement multimode duplex OM3<\/strong> con\u00e7u pour les environnements qui requi\u00e8rent <strong data-start=\"173\" data-end=\"251\">stabilit\u00e9 m\u00e9canique d'un c\u00f4t\u00e9 et connectivit\u00e9 \u00e0 haute densit\u00e9 de l'autre<\/strong>. Avec un <strong data-start=\"260\" data-end=\"285\">connecteur FC filet\u00e9<\/strong> jumel\u00e9 \u00e0 un <strong data-start=\"298\" data-end=\"324\">interface SC push-pull<\/strong>, Ce c\u00e2ble est largement utilis\u00e9 dans les domaines suivants <strong data-start=\"355\" data-end=\"430\">les salles de t\u00e9l\u00e9communications, les installations de test optique et les r\u00e9partiteurs des centres de donn\u00e9es<\/strong>.<\/p>\n<p data-start=\"433\" data-end=\"569\">Construit avec <strong data-start=\"444\" data-end=\"483\">Fibre OM3 50\/125 \u03bcm optimis\u00e9e pour le laser<\/strong>, Il soutient pleinement <strong data-start=\"503\" data-end=\"534\">Ethernet 10G, 40G et 100G<\/strong> sur des optiques multimodes \u00e0 courte port\u00e9e.<\/p>","protected":false},"featured_media":690,"comment_status":"open","ping_status":"closed","template":"","meta":[],"product_brand":[],"product_cat":[44],"product_tag":[],"class_list":{"0":"post-689","1":"product","2":"type-product","3":"status-publish","4":"has-post-thumbnail","6":"product_cat-multimode-fiber-optic-patch-cord","8":"first","9":"instock","10":"shipping-taxable","11":"product-type-simple"},"_links":{"self":[{"href":"https:\/\/www.fenxifiber.com\/fr\/wp-json\/wp\/v2\/product\/689","targetHints":{"allow":["GET"]}}],"collection":[{"href":"https:\/\/www.fenxifiber.com\/fr\/wp-json\/wp\/v2\/product"}],"about":[{"href":"https:\/\/www.fenxifiber.com\/fr\/wp-json\/wp\/v2\/types\/product"}],"replies":[{"embeddable":true,"href":"https:\/\/www.fenxifiber.com\/fr\/wp-json\/wp\/v2\/comments?post=689"}],"wp:featuredmedia":[{"embeddable":true,"href":"https:\/\/www.fenxifiber.com\/fr\/wp-json\/wp\/v2\/media\/690"}],"wp:attachment":[{"href":"https:\/\/www.fenxifiber.com\/fr\/wp-json\/wp\/v2\/media?parent=689"}],"wp:term":[{"taxonomy":"product_brand","embeddable":true,"href":"https:\/\/www.fenxifiber.com\/fr\/wp-json\/wp\/v2\/product_brand?post=689"},{"taxonomy":"product_cat","embeddable":true,"href":"https:\/\/www.fenxifiber.com\/fr\/wp-json\/wp\/v2\/product_cat?post=689"},{"taxonomy":"product_tag","embeddable":true,"href":"https:\/\/www.fenxifiber.com\/fr\/wp-json\/wp\/v2\/product_tag?post=689"}],"curies":[{"name":"wp","href":"https:\/\/api.w.org\/{rel}","templated":true}]}}