{"id":694,"date":"2026-02-03T07:07:19","date_gmt":"2026-02-03T07:07:19","guid":{"rendered":"https:\/\/www.fenxifiber.com\/?post_type=product&#038;p=694"},"modified":"2026-02-04T01:34:11","modified_gmt":"2026-02-04T01:34:11","slug":"sc-upc-sc-upc-om3-dx","status":"publish","type":"product","link":"https:\/\/www.fenxifiber.com\/fr\/product\/sc-upc-sc-upc-om3-dx\/","title":{"rendered":"Cordon de raccordement multimode en fibre optique SC\/UPC-SC\/UPC-OM3-DX"},"content":{"rendered":"<h3 data-start=\"598\" data-end=\"629\"><strong data-start=\"602\" data-end=\"629\">Pourquoi SC-SC est toujours d'actualit\u00e9<\/strong><\/h3>\n<p data-start=\"631\" data-end=\"917\">Alors que LC domine les ports des \u00e9metteurs-r\u00e9cepteurs, <strong data-start=\"669\" data-end=\"761\">Les connecteurs SC restent largement utilis\u00e9s dans les panneaux de raccordement, les ODF et les r\u00e9partiteurs de la dorsale.<\/strong>. Les connecteurs SC offrent une <strong data-start=\"785\" data-end=\"823\">une bague plus large pour un accouplement robuste<\/strong> et un <strong data-start=\"830\" data-end=\"858\">m\u00e9canisme de verrouillage positif<\/strong> ce qui les rend id\u00e9ales pour <strong data-start=\"885\" data-end=\"916\">armoires \u00e0 fibres optiques \u00e0 fort trafic<\/strong>.<\/p>\n<p data-start=\"919\" data-end=\"1034\">L'association d'une fibre SC et d'une fibre OM3 permet d'obtenir une <strong data-start=\"957\" data-end=\"984\">une dorsale optique solide<\/strong> qui est \u00e0 la fois <strong data-start=\"998\" data-end=\"1033\">facile \u00e0 g\u00e9rer et pr\u00eat pour l'avenir<\/strong>.<\/p>\n<hr data-start=\"1036\" data-end=\"1039\" \/>\n<h3 data-start=\"1041\" data-end=\"1083\"><strong data-start=\"1045\" data-end=\"1083\">Caract\u00e9ristiques optiques et physiques<\/strong><\/h3>\n<div class=\"TyagGW_tableContainer\">\n<div class=\"group TyagGW_tableWrapper flex flex-col-reverse w-fit\" tabindex=\"-1\">\n<table class=\"w-fit min-w-(--thread-content-width)\" data-start=\"1085\" data-end=\"1527\">\n<thead data-start=\"1085\" data-end=\"1119\">\n<tr data-start=\"1085\" data-end=\"1119\">\n<th class=\"\" data-start=\"1085\" data-end=\"1095\" data-col-size=\"sm\">Fonctionnalit\u00e9<\/th>\n<th class=\"\" data-start=\"1095\" data-end=\"1119\" data-col-size=\"sm\">SC\/UPC-SC\/UPC-OM3-DX<\/th>\n<\/tr>\n<\/thead>\n<tbody data-start=\"1147\" data-end=\"1527\">\n<tr data-start=\"1147\" data-end=\"1187\">\n<td data-start=\"1147\" data-end=\"1160\" data-col-size=\"sm\">Type de fibre<\/td>\n<td data-start=\"1160\" data-end=\"1187\" data-col-size=\"sm\">OM3 Multimode 50\/125 \u03bcm<\/td>\n<\/tr>\n<tr data-start=\"1188\" data-end=\"1219\">\n<td data-start=\"1188\" data-end=\"1204\" data-col-size=\"sm\">Configuration<\/td>\n<td data-start=\"1204\" data-end=\"1219\" data-col-size=\"sm\">Duplex (DX)<\/td>\n<\/tr>\n<tr data-start=\"1220\" data-end=\"1261\">\n<td data-start=\"1220\" data-end=\"1237\" data-col-size=\"sm\">Type de connecteur<\/td>\n<td data-start=\"1237\" data-end=\"1261\" data-col-size=\"sm\">SC \/ UPC vers SC \/ UPC<\/td>\n<\/tr>\n<tr data-start=\"1262\" data-end=\"1305\">\n<td data-start=\"1262\" data-end=\"1285\" data-col-size=\"sm\">Longueur d'onde de fonctionnement<\/td>\n<td data-start=\"1285\" data-end=\"1305\" data-col-size=\"sm\">850 nm \/ 1300 nm<\/td>\n<\/tr>\n<tr data-start=\"1306\" data-end=\"1342\">\n<td data-start=\"1306\" data-end=\"1327\" data-col-size=\"sm\">Largeur de bande \u00e0 850 nm<\/td>\n<td data-start=\"1327\" data-end=\"1342\" data-col-size=\"sm\">2000 MHz-km<\/td>\n<\/tr>\n<tr data-start=\"1343\" data-end=\"1373\">\n<td data-start=\"1343\" data-end=\"1360\" data-col-size=\"sm\">Perte d'insertion<\/td>\n<td data-start=\"1360\" data-end=\"1373\" data-col-size=\"sm\">\u2264 0,30 dB<\/td>\n<\/tr>\n<tr data-start=\"1374\" data-end=\"1399\">\n<td data-start=\"1374\" data-end=\"1388\" data-col-size=\"sm\">Perte de retour<\/td>\n<td data-start=\"1388\" data-end=\"1399\" data-col-size=\"sm\">\u2265 30 dB<\/td>\n<\/tr>\n<tr data-start=\"1400\" data-end=\"1430\">\n<td data-start=\"1400\" data-end=\"1415\" data-col-size=\"sm\">Ethernet 10G<\/td>\n<td data-start=\"1415\" data-end=\"1430\" data-col-size=\"sm\">Jusqu'\u00e0 300 m<\/td>\n<\/tr>\n<tr data-start=\"1431\" data-end=\"1459\">\n<td data-start=\"1431\" data-end=\"1444\" data-col-size=\"sm\">40G \/ 100G<\/td>\n<td data-start=\"1444\" data-end=\"1459\" data-col-size=\"sm\">Jusqu'\u00e0 100 m<\/td>\n<\/tr>\n<tr data-start=\"1460\" data-end=\"1484\">\n<td data-start=\"1460\" data-end=\"1469\" data-col-size=\"sm\">Veste<\/td>\n<td data-start=\"1469\" data-end=\"1484\" data-col-size=\"sm\">LSZH ou PVC<\/td>\n<\/tr>\n<tr data-start=\"1485\" data-end=\"1527\">\n<td data-start=\"1485\" data-end=\"1498\" data-col-size=\"sm\">Conformit\u00e9<\/td>\n<td data-start=\"1498\" data-end=\"1527\" data-col-size=\"sm\">IEC, TIA-568, RoHS, REACH<\/td>\n<\/tr>\n<\/tbody>\n<\/table>\n<\/div>\n<\/div>\n<hr data-start=\"1529\" data-end=\"1532\" \/>\n<h3 data-start=\"1534\" data-end=\"1561\"><strong data-start=\"1538\" data-end=\"1561\">Sc\u00e9narios d'utilisation id\u00e9ale<\/strong><\/h3>\n<ul data-start=\"1563\" data-end=\"1761\">\n<li data-start=\"1563\" data-end=\"1601\">\n<p data-start=\"1565\" data-end=\"1601\"><strong data-start=\"1565\" data-end=\"1601\">Liaisons entre panneaux de brassage<\/strong><\/p>\n<\/li>\n<li data-start=\"1602\" data-end=\"1651\">\n<p data-start=\"1604\" data-end=\"1651\"><strong data-start=\"1604\" data-end=\"1651\">Cadres de distribution pour les t\u00e9l\u00e9communications et les centres de donn\u00e9es<\/strong><\/p>\n<\/li>\n<li data-start=\"1652\" data-end=\"1682\">\n<p data-start=\"1654\" data-end=\"1682\"><strong data-start=\"1654\" data-end=\"1682\">R\u00e9seaux locaux d'entreprise<\/strong><\/p>\n<\/li>\n<li data-start=\"1683\" data-end=\"1721\">\n<p data-start=\"1685\" data-end=\"1721\"><strong data-start=\"1685\" data-end=\"1721\">Armoires optiques et salles de fibres<\/strong><\/p>\n<\/li>\n<li data-start=\"1722\" data-end=\"1761\">\n<p data-start=\"1724\" data-end=\"1761\"><strong data-start=\"1724\" data-end=\"1761\">Connexions crois\u00e9es de r\u00e9seaux \u00e0 haut d\u00e9bit<\/strong><\/p>\n<\/li>\n<\/ul>\n<p data-start=\"1763\" data-end=\"1878\">OM3\u2019s <strong data-start=\"1769\" data-end=\"1813\">faible att\u00e9nuation et grande largeur de bande modale<\/strong> maintenir les signaux propres, m\u00eame lorsque plusieurs points de connexion sont impliqu\u00e9s.<\/p>\n<hr data-start=\"1880\" data-end=\"1883\" \/>\n<h3 data-start=\"1885\" data-end=\"1919\"><strong data-start=\"1889\" data-end=\"1919\">Con\u00e7u pour la pr\u00e9cision optique<\/strong><\/h3>\n<p data-start=\"1921\" data-end=\"2182\">Chaque cavalier SC-SC OM3 est assembl\u00e9 avec <strong data-start=\"1961\" data-end=\"2023\">embouts c\u00e9ramiques de haute pr\u00e9cision et faces d'extr\u00e9mit\u00e9 polies UPC<\/strong>, puis inspect\u00e9 \u00e0 l'aide de <strong data-start=\"2046\" data-end=\"2091\">interf\u00e9rom\u00e9trie et test de perte d'insertion<\/strong>. Cela permet de garantir <strong data-start=\"2106\" data-end=\"2181\">r\u00e9flexion minimale, couplage coh\u00e9rent et fiabilit\u00e9 \u00e0 long terme<\/strong>.<\/p>\n<p data-start=\"2184\" data-end=\"2333\">Le <strong data-start=\"2188\" data-end=\"2210\">Option veste LSZH<\/strong> rencontre \u00e9galement <strong data-start=\"2222\" data-end=\"2268\">des normes modernes de s\u00e9curit\u00e9 incendie et de r\u00e9duction des fum\u00e9es<\/strong>, ce qui le rend adapt\u00e9 aux centres de donn\u00e9es denses et aux immeubles de bureaux.<\/p>\n<hr data-start=\"2335\" data-end=\"2338\" \/>\n<h2 data-start=\"2340\" data-end=\"2363\"><strong data-start=\"2343\" data-end=\"2363\">Questions et r\u00e9ponses professionnelles<\/strong><\/h2>\n<p data-start=\"2365\" data-end=\"2541\"><strong data-start=\"2365\" data-end=\"2417\">Q1 : SC-SC est-il toujours adapt\u00e9 aux r\u00e9seaux modernes ?<\/strong><br data-start=\"2417\" data-end=\"2420\" \/>Oui. Les connecteurs SC sont encore largement utilis\u00e9s dans les pays de l'UE. <strong data-start=\"2464\" data-end=\"2506\">ODF, panneaux de brassage et liaisons dorsales<\/strong> dans les centres de donn\u00e9es et les salles de t\u00e9l\u00e9communications.<\/p>\n<p data-start=\"2543\" data-end=\"2679\"><strong data-start=\"2543\" data-end=\"2588\">Q2 : L'OM3 peut-il prendre en charge l'Ethernet 40G et 100G ?<\/strong><br data-start=\"2588\" data-end=\"2591\" \/>Oui. OM3 prend en charge <strong data-start=\"2609\" data-end=\"2642\">40G et 100G jusqu'\u00e0 100 m\u00e8tres<\/strong> en utilisant des \u00e9metteurs-r\u00e9cepteurs multimodes de 850 nm.<\/p>\n<p data-start=\"2681\" data-end=\"2824\"><strong data-start=\"2681\" data-end=\"2729\">Q3 : Quel est l'avantage du polissage UPC ?<\/strong><br data-start=\"2729\" data-end=\"2732\" \/>L'UPC r\u00e9duit la r\u00e9flexion sur l'arri\u00e8re-plan et maintient <strong data-start=\"2770\" data-end=\"2797\">perte de retour sup\u00e9rieure \u00e0 30 dB<\/strong>, am\u00e9liorant ainsi la stabilit\u00e9 du lien.<\/p>\n<p data-start=\"2826\" data-end=\"2998\"><strong data-start=\"2826\" data-end=\"2897\">Q4 : Ce c\u00e2ble est-il r\u00e9trocompatible avec les anciens syst\u00e8mes multimodes ?<\/strong><br data-start=\"2897\" data-end=\"2900\" \/>Oui. OM3 fonctionne avec <strong data-start=\"2920\" data-end=\"2945\">\u00c9quipement OM2 et OM1<\/strong>, tout en offrant une largeur de bande beaucoup plus importante pour les mises \u00e0 niveau.<\/p>","protected":false},"excerpt":{"rendered":"<p data-start=\"62\" data-end=\"409\">Le <strong data-start=\"66\" data-end=\"90\">SC\/UPC-SC\/UPC-OM3-DX<\/strong> est un <strong data-start=\"96\" data-end=\"137\">cordon de raccordement duplex en fibre multimode OM3<\/strong> cr\u00e9\u00e9 pour <strong data-start=\"150\" data-end=\"188\">des liaisons optiques fiables et \u00e0 haut d\u00e9bit<\/strong> dans les r\u00e9seaux d'entreprise, les centres de donn\u00e9es et les installations de t\u00e9l\u00e9communications. Avec <strong data-start=\"261\" data-end=\"291\">Connecteurs SC aux deux extr\u00e9mit\u00e9s<\/strong>, il d\u00e9livre un <strong data-start=\"307\" data-end=\"339\">connexion s\u00fbre, push-pull<\/strong> facile \u00e0 installer et tr\u00e8s r\u00e9sistant aux d\u00e9branchements accidentels.<\/p>\n<p data-start=\"411\" data-end=\"591\">Construit sur <strong data-start=\"420\" data-end=\"459\">Fibre OM3 50\/125 \u03bcm optimis\u00e9e pour le laser<\/strong>, Ce cordon de raccordement est compatible avec les technologies de l'information et de la communication (TIC) d'aujourd'hui. <strong data-start=\"494\" data-end=\"545\">Normes Ethernet multimode 10G, 40G et 100G<\/strong> avec une faible perte et une excellente stabilit\u00e9 du signal.<\/p>","protected":false},"featured_media":695,"comment_status":"open","ping_status":"closed","template":"","meta":[],"product_brand":[],"product_cat":[44],"product_tag":[],"class_list":{"0":"post-694","1":"product","2":"type-product","3":"status-publish","4":"has-post-thumbnail","6":"product_cat-multimode-fiber-optic-patch-cord","8":"first","9":"instock","10":"shipping-taxable","11":"product-type-simple"},"_links":{"self":[{"href":"https:\/\/www.fenxifiber.com\/fr\/wp-json\/wp\/v2\/product\/694","targetHints":{"allow":["GET"]}}],"collection":[{"href":"https:\/\/www.fenxifiber.com\/fr\/wp-json\/wp\/v2\/product"}],"about":[{"href":"https:\/\/www.fenxifiber.com\/fr\/wp-json\/wp\/v2\/types\/product"}],"replies":[{"embeddable":true,"href":"https:\/\/www.fenxifiber.com\/fr\/wp-json\/wp\/v2\/comments?post=694"}],"wp:featuredmedia":[{"embeddable":true,"href":"https:\/\/www.fenxifiber.com\/fr\/wp-json\/wp\/v2\/media\/695"}],"wp:attachment":[{"href":"https:\/\/www.fenxifiber.com\/fr\/wp-json\/wp\/v2\/media?parent=694"}],"wp:term":[{"taxonomy":"product_brand","embeddable":true,"href":"https:\/\/www.fenxifiber.com\/fr\/wp-json\/wp\/v2\/product_brand?post=694"},{"taxonomy":"product_cat","embeddable":true,"href":"https:\/\/www.fenxifiber.com\/fr\/wp-json\/wp\/v2\/product_cat?post=694"},{"taxonomy":"product_tag","embeddable":true,"href":"https:\/\/www.fenxifiber.com\/fr\/wp-json\/wp\/v2\/product_tag?post=694"}],"curies":[{"name":"wp","href":"https:\/\/api.w.org\/{rel}","templated":true}]}}