{"id":700,"date":"2026-02-03T07:17:09","date_gmt":"2026-02-03T07:17:09","guid":{"rendered":"https:\/\/www.fenxifiber.com\/?post_type=product&#038;p=700"},"modified":"2026-02-04T01:35:28","modified_gmt":"2026-02-04T01:35:28","slug":"fc-apc-fc-apc-blinde","status":"publish","type":"product","link":"https:\/\/www.fenxifiber.com\/fr\/product\/fc-apc-fc-apc-armoured\/","title":{"rendered":"Cordon de raccordement arm\u00e9 en fibre optique monomode FC\/APC-FC\/APC"},"content":{"rendered":"<h3 data-start=\"716\" data-end=\"755\"><strong data-start=\"720\" data-end=\"755\">Ce qui diff\u00e9rencie ce c\u00e2ble<\/strong><\/h3>\n<p data-start=\"757\" data-end=\"876\">La plupart des cordons de raccordement se concentrent uniquement sur les performances optiques.<br data-start=\"808\" data-end=\"811\" \/>Celui-ci est con\u00e7u pour <strong data-start=\"833\" data-end=\"875\">performance optique et capacit\u00e9 de survie<\/strong>.<\/p>\n<p data-start=\"878\" data-end=\"1234\">Le <strong data-start=\"882\" data-end=\"915\">APC (contact physique angulaire)<\/strong> Les ferrules minimisent la r\u00e9flexion arri\u00e8re, ce qui rend le c\u00e2ble id\u00e9al pour les applications de <strong data-start=\"978\" data-end=\"1003\">Syst\u00e8mes laser \u00e0 1550 nm<\/strong>, RF sur fibre, et <strong data-start=\"1024\" data-end=\"1059\">transmission optique \u00e0 haute puissance<\/strong>.<br data-start=\"1060\" data-end=\"1063\" \/>Le <strong data-start=\"1067\" data-end=\"1085\">couche blind\u00e9e<\/strong> prot\u00e8ge la fibre contre <strong data-start=\"1113\" data-end=\"1172\">l'arrachement, la flexion, les morsures de rongeurs et les dommages caus\u00e9s par l'installation<\/strong> - un avantage majeur pour les <strong data-start=\"1197\" data-end=\"1233\">d\u00e9ploiement \u00e0 l'ext\u00e9rieur ou dans l'industrie<\/strong>.<\/p>\n<p data-start=\"1236\" data-end=\"1392\">Entre-temps, le <strong data-start=\"1251\" data-end=\"1276\">Connecteur filet\u00e9 FC<\/strong> assure le maintien de la virole <strong data-start=\"1303\" data-end=\"1322\">bloqu\u00e9 en place<\/strong>, Le syst\u00e8me d'enregistrement de l'image permet d'\u00e9viter les micro-mouvements qui peuvent d\u00e9grader la qualit\u00e9 du signal au fil du temps.<\/p>\n<hr data-start=\"1394\" data-end=\"1397\" \/>\n<h3 data-start=\"1399\" data-end=\"1431\"><strong data-start=\"1403\" data-end=\"1431\">Sp\u00e9cifications techniques<\/strong><\/h3>\n<div class=\"TyagGW_tableContainer\">\n<div class=\"group TyagGW_tableWrapper flex flex-col-reverse w-fit\" tabindex=\"-1\">\n<table class=\"w-fit min-w-(--thread-content-width)\" data-start=\"1433\" data-end=\"1977\">\n<thead data-start=\"1433\" data-end=\"1471\">\n<tr data-start=\"1433\" data-end=\"1471\">\n<th class=\"\" data-start=\"1433\" data-end=\"1445\" data-col-size=\"sm\">Param\u00e8tres<\/th>\n<th class=\"\" data-start=\"1445\" data-end=\"1471\" data-col-size=\"md\">FC\/APC-FC\/APC Blind\u00e9<\/th>\n<\/tr>\n<\/thead>\n<tbody data-start=\"1500\" data-end=\"1977\">\n<tr data-start=\"1500\" data-end=\"1543\">\n<td data-start=\"1500\" data-end=\"1513\" data-col-size=\"sm\">Type de fibre<\/td>\n<td data-start=\"1513\" data-end=\"1543\" data-col-size=\"md\">OS2 monomode (9\/125 \u03bcm)<\/td>\n<\/tr>\n<tr data-start=\"1544\" data-end=\"1570\">\n<td data-start=\"1544\" data-end=\"1558\" data-col-size=\"sm\">Connecteur A<\/td>\n<td data-col-size=\"md\" data-start=\"1558\" data-end=\"1570\">FC \/ APC<\/td>\n<\/tr>\n<tr data-start=\"1571\" data-end=\"1597\">\n<td data-start=\"1571\" data-end=\"1585\" data-col-size=\"sm\">Connecteur B<\/td>\n<td data-start=\"1585\" data-end=\"1597\" data-col-size=\"md\">FC \/ APC<\/td>\n<\/tr>\n<tr data-start=\"1598\" data-end=\"1631\">\n<td data-start=\"1598\" data-end=\"1612\" data-col-size=\"sm\">Type de polissage<\/td>\n<td data-start=\"1612\" data-end=\"1631\" data-col-size=\"md\">APC (coud\u00e9 \u00e0 8\u00b0)<\/td>\n<\/tr>\n<tr data-start=\"1632\" data-end=\"1688\">\n<td data-start=\"1632\" data-end=\"1650\" data-col-size=\"sm\">Structure du c\u00e2ble<\/td>\n<td data-start=\"1650\" data-end=\"1688\" data-col-size=\"md\">Blind\u00e9 (acier ou alliage d'aluminium)<\/td>\n<\/tr>\n<tr data-start=\"1689\" data-end=\"1733\">\n<td data-start=\"1689\" data-end=\"1712\" data-col-size=\"sm\">Longueur d'onde de fonctionnement<\/td>\n<td data-start=\"1712\" data-end=\"1733\" data-col-size=\"md\">1310 nm \/ 1550 nm<\/td>\n<\/tr>\n<tr data-start=\"1734\" data-end=\"1764\">\n<td data-start=\"1734\" data-end=\"1751\" data-col-size=\"sm\">Perte d'insertion<\/td>\n<td data-start=\"1751\" data-end=\"1764\" data-col-size=\"md\">\u2264 0,30 dB<\/td>\n<\/tr>\n<tr data-start=\"1765\" data-end=\"1796\">\n<td data-start=\"1765\" data-end=\"1779\" data-col-size=\"sm\">Perte de retour<\/td>\n<td data-start=\"1779\" data-end=\"1796\" data-col-size=\"md\">\u2265 60 dB (APC)<\/td>\n<\/tr>\n<tr data-start=\"1797\" data-end=\"1835\">\n<td data-start=\"1797\" data-end=\"1811\" data-col-size=\"sm\">Rayon de courbure<\/td>\n<td data-start=\"1811\" data-end=\"1835\" data-col-size=\"md\">\u2265 10\u00d7 diam\u00e8tre du c\u00e2ble<\/td>\n<\/tr>\n<tr data-start=\"1836\" data-end=\"1905\">\n<td data-start=\"1836\" data-end=\"1855\" data-col-size=\"sm\">R\u00e9sistance \u00e0 la traction<\/td>\n<td data-start=\"1855\" data-end=\"1905\" data-col-size=\"md\">Nettement plus \u00e9lev\u00e9 que les cordons de raccordement standard<\/td>\n<\/tr>\n<tr data-start=\"1906\" data-end=\"1934\">\n<td data-start=\"1906\" data-end=\"1915\" data-col-size=\"sm\">Veste<\/td>\n<td data-start=\"1915\" data-end=\"1934\" data-col-size=\"md\">LSZH \/ PVC \/ PE<\/td>\n<\/tr>\n<tr data-start=\"1935\" data-end=\"1977\">\n<td data-start=\"1935\" data-end=\"1948\" data-col-size=\"sm\">Conformit\u00e9<\/td>\n<td data-start=\"1948\" data-end=\"1977\" data-col-size=\"md\">IEC, TIA-568, RoHS, REACH<\/td>\n<\/tr>\n<\/tbody>\n<\/table>\n<\/div>\n<\/div>\n<hr data-start=\"1979\" data-end=\"1982\" \/>\n<h3 data-start=\"1984\" data-end=\"2016\"><strong data-start=\"1988\" data-end=\"2016\">Lieu d'utilisation de ce c\u00e2ble<\/strong><\/h3>\n<ul data-start=\"2018\" data-end=\"2218\">\n<li data-start=\"2018\" data-end=\"2054\">\n<p data-start=\"2020\" data-end=\"2054\"><strong data-start=\"2020\" data-end=\"2054\">Bureaux centraux FTTx et t\u00e9l\u00e9coms<\/strong><\/p>\n<\/li>\n<li data-start=\"2055\" data-end=\"2090\">\n<p data-start=\"2057\" data-end=\"2090\"><strong data-start=\"2057\" data-end=\"2090\">R\u00e9seaux CATV et RF sur fibre<\/strong><\/p>\n<\/li>\n<li data-start=\"2091\" data-end=\"2118\">\n<p data-start=\"2093\" data-end=\"2118\"><strong data-start=\"2093\" data-end=\"2118\">Stations de base ext\u00e9rieures<\/strong><\/p>\n<\/li>\n<li data-start=\"2119\" data-end=\"2169\">\n<p data-start=\"2121\" data-end=\"2169\"><strong data-start=\"2121\" data-end=\"2169\">Syst\u00e8mes de communication ferroviaires et industriels<\/strong><\/p>\n<\/li>\n<li data-start=\"2170\" data-end=\"2218\">\n<p data-start=\"2172\" data-end=\"2218\"><strong data-start=\"2172\" data-end=\"2218\">R\u00e9seaux militaires, de radiodiffusion et de s\u00e9curit\u00e9<\/strong><\/p>\n<\/li>\n<\/ul>\n<p data-start=\"2220\" data-end=\"2412\">La combinaison de <strong data-start=\"2239\" data-end=\"2280\">Polissage APC + construction blind\u00e9e<\/strong> Le syst\u00e8me est particuli\u00e8rement adapt\u00e9 aux <strong data-start=\"2314\" data-end=\"2356\">liaisons optiques longue distance et haute puissance<\/strong> o\u00f9 les reflets et les dommages physiques doivent \u00eatre r\u00e9duits au minimum.<\/p>\n<hr data-start=\"2414\" data-end=\"2417\" \/>\n<h3 data-start=\"2419\" data-end=\"2471\"><strong data-start=\"2423\" data-end=\"2471\">L'importance de l'APC dans les r\u00e9seaux \u00e0 haute performance<\/strong><\/h3>\n<p data-start=\"2473\" data-end=\"2641\">Contrairement aux connecteurs UPC, <strong data-start=\"2496\" data-end=\"2546\">Les bagues APC sont polies \u00e0 un angle de 8 degr\u00e9s.<\/strong>, La lumi\u00e8re r\u00e9fl\u00e9chie est alors dirig\u00e9e vers la gaine de la fibre au lieu d'\u00eatre renvoy\u00e9e vers le laser. Cela r\u00e9duit :<\/p>\n<ul data-start=\"2643\" data-end=\"2713\">\n<li data-start=\"2643\" data-end=\"2662\">\n<p data-start=\"2645\" data-end=\"2662\"><strong data-start=\"2645\" data-end=\"2662\">Bruit optique<\/strong><\/p>\n<\/li>\n<li data-start=\"2663\" data-end=\"2686\">\n<p data-start=\"2665\" data-end=\"2686\"><strong data-start=\"2665\" data-end=\"2686\">Instabilit\u00e9 du laser<\/strong><\/p>\n<\/li>\n<li data-start=\"2687\" data-end=\"2713\">\n<p data-start=\"2689\" data-end=\"2713\"><strong data-start=\"2689\" data-end=\"2713\">Taux d'erreur sur les bits (BER)<\/strong><\/p>\n<\/li>\n<\/ul>\n<p data-start=\"2715\" data-end=\"2822\">Avec <strong data-start=\"2720\" data-end=\"2743\">perte de retour \u2265 60 dB<\/strong>, Les connecteurs APC sont la norme en mati\u00e8re de <strong data-start=\"2781\" data-end=\"2821\">Syst\u00e8mes CATV, PON et RF sur fibre<\/strong>.<\/p>\n<hr data-start=\"2824\" data-end=\"2827\" \/>\n<h3 data-start=\"2829\" data-end=\"2870\"><strong data-start=\"2833\" data-end=\"2870\">Con\u00e7u pour les environnements difficiles<\/strong><\/h3>\n<p data-start=\"2872\" data-end=\"2900\">La structure blind\u00e9e ajoute :<\/p>\n<ul data-start=\"2902\" data-end=\"3008\">\n<li data-start=\"2902\" data-end=\"2924\">\n<p data-start=\"2904\" data-end=\"2924\"><strong data-start=\"2904\" data-end=\"2924\">R\u00e9sistance \u00e0 l'\u00e9crasement<\/strong><\/p>\n<\/li>\n<li data-start=\"2925\" data-end=\"2948\">\n<p data-start=\"2927\" data-end=\"2948\"><strong data-start=\"2927\" data-end=\"2948\">Protection contre les rongeurs<\/strong><\/p>\n<\/li>\n<li data-start=\"2949\" data-end=\"2976\">\n<p data-start=\"2951\" data-end=\"2976\"><strong data-start=\"2951\" data-end=\"2976\">R\u00e9sistance \u00e9lev\u00e9e \u00e0 la traction<\/strong><\/p>\n<\/li>\n<li data-start=\"2977\" data-end=\"3008\">\n<p data-start=\"2979\" data-end=\"3008\"><strong data-start=\"2979\" data-end=\"3008\">Meilleure r\u00e9sistance \u00e0 la flexion<\/strong><\/p>\n<\/li>\n<\/ul>\n<p data-start=\"3010\" data-end=\"3157\">Cela permet d'acheminer le c\u00e2ble \u00e0 travers <strong data-start=\"3053\" data-end=\"3110\">chemins de c\u00e2bles, conduits ext\u00e9rieurs et bo\u00eetiers industriels<\/strong> sans la fragilit\u00e9 des cordons de raccordement standard.<\/p>\n<hr data-start=\"3159\" data-end=\"3162\" \/>\n<h2 data-start=\"3164\" data-end=\"3187\"><strong data-start=\"3167\" data-end=\"3187\">Questions et r\u00e9ponses professionnelles<\/strong><\/h2>\n<p data-start=\"3189\" data-end=\"3351\"><strong data-start=\"3189\" data-end=\"3242\">Q1 : Les connecteurs FC\/APC peuvent-ils \u00eatre utilis\u00e9s avec les ports UPC ?<\/strong><br data-start=\"3242\" data-end=\"3245\" \/>Non. <strong data-start=\"3249\" data-end=\"3284\">APC et UPC ne doivent jamais \u00eatre m\u00e9lang\u00e9s<\/strong> - Cela risque d'endommager les connecteurs et de d\u00e9grader gravement les performances.<\/p>\n<p data-start=\"3353\" data-end=\"3533\"><strong data-start=\"3353\" data-end=\"3412\">Q2 : Pourquoi ce c\u00e2ble est-il id\u00e9al pour la CATV et la RF sur fibre ?<\/strong><br data-start=\"3412\" data-end=\"3415\" \/>Parce que les connecteurs APC fournissent <strong data-start=\"3446\" data-end=\"3475\">r\u00e9flexion arri\u00e8re ultra-faible<\/strong>, ce qui est essentiel pour <strong data-start=\"3499\" data-end=\"3532\">les signaux optiques analogiques et RF<\/strong>.<\/p>\n<p data-start=\"3535\" data-end=\"3743\"><strong data-start=\"3535\" data-end=\"3590\">Q3 : Quel est l'avantage du c\u00e2ble arm\u00e9 ?<\/strong><br data-start=\"3590\" data-end=\"3593\" \/>Il prot\u00e8ge la fibre contre <strong data-start=\"3623\" data-end=\"3690\">l'\u00e9crasement, la traction, les rongeurs et les environnements d'installation difficiles<\/strong>, Il s'agit donc d'une solution id\u00e9ale pour <strong data-start=\"3712\" data-end=\"3742\">utilisation ext\u00e9rieure et industrielle<\/strong>.<\/p>\n<p data-start=\"3745\" data-end=\"3885\"><strong data-start=\"3745\" data-end=\"3800\">Q4 : Ce c\u00e2ble est-il adapt\u00e9 aux syst\u00e8mes 10G et PON ?<\/strong><br data-start=\"3800\" data-end=\"3803\" \/>Oui, il est enti\u00e8rement compatible avec <strong data-start=\"3826\" data-end=\"3884\">R\u00e9seaux 10G, GPON, XG-PON, XGS-PON et RF-sur-fibre<\/strong>.<\/p>","protected":false},"excerpt":{"rendered":"<p data-start=\"66\" data-end=\"487\">Le <strong data-start=\"70\" data-end=\"113\">FC\/APC-FC\/APC Cordon de raccordement en fibre arm\u00e9<\/strong> est con\u00e7u pour <strong data-start=\"132\" data-end=\"166\">liaisons optiques critiques<\/strong> o\u00f9 <strong data-start=\"173\" data-end=\"237\">la puret\u00e9 du signal, la stabilit\u00e9 m\u00e9canique et la protection physique<\/strong> tout compte. Avec <strong data-start=\"260\" data-end=\"314\">Connecteurs FC filet\u00e9s avec APC (polissage angulaire 8\u00b0)<\/strong> aux deux extr\u00e9mit\u00e9s et un <strong data-start=\"334\" data-end=\"368\">structure de c\u00e2ble \u00e0 armature m\u00e9tallique<\/strong>, ce cavalier est con\u00e7u pour <strong data-start=\"398\" data-end=\"486\">r\u00e9seaux de t\u00e9l\u00e9communications, t\u00eates de r\u00e9seau CATV, armoires ext\u00e9rieures et environnements industriels difficiles<\/strong>.<\/p>\n<p data-start=\"489\" data-end=\"709\">En combinant <strong data-start=\"502\" data-end=\"541\">polissage APC \u00e0 tr\u00e8s faible r\u00e9flectance<\/strong> avec <strong data-start=\"547\" data-end=\"576\">blindage r\u00e9sistant \u00e0 l'\u00e9crasement<\/strong>, ce c\u00e2ble offre <strong data-start=\"598\" data-end=\"628\">performance optique stable<\/strong> m\u00eame dans les endroits expos\u00e9s aux <strong data-start=\"658\" data-end=\"708\">les vibrations, les rongeurs, la poussi\u00e8re ou les contraintes m\u00e9caniques<\/strong>.<\/p>","protected":false},"featured_media":701,"comment_status":"open","ping_status":"closed","template":"","meta":[],"product_brand":[],"product_cat":[44],"product_tag":[],"class_list":{"0":"post-700","1":"product","2":"type-product","3":"status-publish","4":"has-post-thumbnail","6":"product_cat-multimode-fiber-optic-patch-cord","8":"first","9":"instock","10":"shipping-taxable","11":"product-type-simple"},"_links":{"self":[{"href":"https:\/\/www.fenxifiber.com\/fr\/wp-json\/wp\/v2\/product\/700","targetHints":{"allow":["GET"]}}],"collection":[{"href":"https:\/\/www.fenxifiber.com\/fr\/wp-json\/wp\/v2\/product"}],"about":[{"href":"https:\/\/www.fenxifiber.com\/fr\/wp-json\/wp\/v2\/types\/product"}],"replies":[{"embeddable":true,"href":"https:\/\/www.fenxifiber.com\/fr\/wp-json\/wp\/v2\/comments?post=700"}],"wp:featuredmedia":[{"embeddable":true,"href":"https:\/\/www.fenxifiber.com\/fr\/wp-json\/wp\/v2\/media\/701"}],"wp:attachment":[{"href":"https:\/\/www.fenxifiber.com\/fr\/wp-json\/wp\/v2\/media?parent=700"}],"wp:term":[{"taxonomy":"product_brand","embeddable":true,"href":"https:\/\/www.fenxifiber.com\/fr\/wp-json\/wp\/v2\/product_brand?post=700"},{"taxonomy":"product_cat","embeddable":true,"href":"https:\/\/www.fenxifiber.com\/fr\/wp-json\/wp\/v2\/product_cat?post=700"},{"taxonomy":"product_tag","embeddable":true,"href":"https:\/\/www.fenxifiber.com\/fr\/wp-json\/wp\/v2\/product_tag?post=700"}],"curies":[{"name":"wp","href":"https:\/\/api.w.org\/{rel}","templated":true}]}}