{"id":705,"date":"2026-02-03T07:19:53","date_gmt":"2026-02-03T07:19:53","guid":{"rendered":"https:\/\/www.fenxifiber.com\/?post_type=product&#038;p=705"},"modified":"2026-02-04T01:36:56","modified_gmt":"2026-02-04T01:36:56","slug":"lc-apc-lc-apc-blinde","status":"publish","type":"product","link":"https:\/\/www.fenxifiber.com\/fr\/product\/lc-apc-lc-apc-armoured\/","title":{"rendered":"Cordon de raccordement arm\u00e9 en fibre optique monomode LC\/APC-LC\/APC"},"content":{"rendered":"<h3 data-start=\"653\" data-end=\"718\"><strong data-start=\"657\" data-end=\"718\">Pourquoi ce mod\u00e8le est pr\u00e9f\u00e9r\u00e9 par les int\u00e9grateurs et les distributeurs<\/strong><\/h3>\n<p data-start=\"720\" data-end=\"967\">Les connecteurs APC sont la norme industrielle pour <strong data-start=\"765\" data-end=\"823\">Syst\u00e8mes PON, RF sur fibre, CATV et laser haute puissance<\/strong> parce qu'ils fournissent <strong data-start=\"845\" data-end=\"874\">r\u00e9flexion arri\u00e8re ultra-faible<\/strong>.<br data-start=\"875\" data-end=\"878\" \/>Lorsqu'il est associ\u00e9 \u00e0 un <strong data-start=\"900\" data-end=\"918\">c\u00e2ble arm\u00e9<\/strong>, Ce cordon de raccordement est la solution id\u00e9ale pour :<\/p>\n<ul data-start=\"969\" data-end=\"1112\">\n<li data-start=\"969\" data-end=\"999\">\n<p data-start=\"971\" data-end=\"999\"><strong data-start=\"971\" data-end=\"999\">Armoires de t\u00e9l\u00e9communication pour l'ext\u00e9rieur<\/strong><\/p>\n<\/li>\n<li data-start=\"1000\" data-end=\"1028\">\n<p data-start=\"1002\" data-end=\"1028\"><strong data-start=\"1002\" data-end=\"1028\">R\u00e9seaux FTTH et FTTx<\/strong><\/p>\n<\/li>\n<li data-start=\"1029\" data-end=\"1062\">\n<p data-start=\"1031\" data-end=\"1062\"><strong data-start=\"1031\" data-end=\"1062\">Stations de base et cabines de donn\u00e9es<\/strong><\/p>\n<\/li>\n<li data-start=\"1063\" data-end=\"1112\">\n<p data-start=\"1065\" data-end=\"1112\"><strong data-start=\"1065\" data-end=\"1112\">Syst\u00e8mes de fibres ferroviaires, \u00e9nerg\u00e9tiques et de s\u00e9curit\u00e9<\/strong><\/p>\n<\/li>\n<\/ul>\n<p data-start=\"1114\" data-end=\"1341\">Le <strong data-start=\"1118\" data-end=\"1131\">Format LC<\/strong> permet <strong data-start=\"1139\" data-end=\"1164\">patches \u00e0 haute densit\u00e9<\/strong>, tandis que le <strong data-start=\"1176\" data-end=\"1193\">tube blind\u00e9<\/strong> prot\u00e8ge contre <strong data-start=\"1211\" data-end=\"1265\">\u00e9crasement, rongeurs, flexion et traction accidentelle<\/strong>-un avantage majeur pour les <strong data-start=\"1288\" data-end=\"1340\">les int\u00e9grateurs de syst\u00e8mes et les d\u00e9ploiements bas\u00e9s sur des projets<\/strong>.<\/p>\n<hr data-start=\"1343\" data-end=\"1346\" \/>\n<h3 data-start=\"1348\" data-end=\"1380\"><strong data-start=\"1352\" data-end=\"1380\">Sp\u00e9cifications techniques<\/strong><\/h3>\n<div class=\"TyagGW_tableContainer\">\n<div class=\"group TyagGW_tableWrapper flex flex-col-reverse w-fit\" tabindex=\"-1\">\n<table class=\"w-fit min-w-(--thread-content-width)\" data-start=\"1382\" data-end=\"1899\">\n<thead data-start=\"1382\" data-end=\"1420\">\n<tr data-start=\"1382\" data-end=\"1420\">\n<th class=\"\" data-start=\"1382\" data-end=\"1394\" data-col-size=\"sm\">Param\u00e8tres<\/th>\n<th class=\"\" data-start=\"1394\" data-end=\"1420\" data-col-size=\"sm\">LC\/APC-LC\/APC Blind\u00e9<\/th>\n<\/tr>\n<\/thead>\n<tbody data-start=\"1449\" data-end=\"1899\">\n<tr data-start=\"1449\" data-end=\"1492\">\n<td data-start=\"1449\" data-end=\"1462\" data-col-size=\"sm\">Type de fibre<\/td>\n<td data-start=\"1462\" data-end=\"1492\" data-col-size=\"sm\">OS2 monomode (9\/125 \u03bcm)<\/td>\n<\/tr>\n<tr data-start=\"1493\" data-end=\"1534\">\n<td data-start=\"1493\" data-end=\"1510\" data-col-size=\"sm\">Type de connecteur<\/td>\n<td data-start=\"1510\" data-end=\"1534\" data-col-size=\"sm\">LC \/ APC vers LC \/ APC<\/td>\n<\/tr>\n<tr data-start=\"1535\" data-end=\"1563\">\n<td data-start=\"1535\" data-end=\"1544\" data-col-size=\"sm\">Polonais<\/td>\n<td data-start=\"1544\" data-end=\"1563\" data-col-size=\"sm\">APC (coud\u00e9 \u00e0 8\u00b0)<\/td>\n<\/tr>\n<tr data-start=\"1564\" data-end=\"1626\">\n<td data-start=\"1564\" data-end=\"1582\" data-col-size=\"sm\">Structure du c\u00e2ble<\/td>\n<td data-start=\"1582\" data-end=\"1626\" data-col-size=\"sm\">Blind\u00e9 en m\u00e9tal (acier ou alliage d'aluminium)<\/td>\n<\/tr>\n<tr data-start=\"1627\" data-end=\"1671\">\n<td data-start=\"1627\" data-end=\"1650\" data-col-size=\"sm\">Longueur d'onde de fonctionnement<\/td>\n<td data-start=\"1650\" data-end=\"1671\" data-col-size=\"sm\">1310 nm \/ 1550 nm<\/td>\n<\/tr>\n<tr data-start=\"1672\" data-end=\"1702\">\n<td data-start=\"1672\" data-end=\"1689\" data-col-size=\"sm\">Perte d'insertion<\/td>\n<td data-start=\"1689\" data-end=\"1702\" data-col-size=\"sm\">\u2264 0,30 dB<\/td>\n<\/tr>\n<tr data-start=\"1703\" data-end=\"1728\">\n<td data-start=\"1703\" data-end=\"1717\" data-col-size=\"sm\">Perte de retour<\/td>\n<td data-start=\"1717\" data-end=\"1728\" data-col-size=\"sm\">\u2265 60 dB<\/td>\n<\/tr>\n<tr data-start=\"1729\" data-end=\"1788\">\n<td data-start=\"1729\" data-end=\"1748\" data-col-size=\"sm\">R\u00e9sistance \u00e0 la traction<\/td>\n<td data-col-size=\"sm\" data-start=\"1748\" data-end=\"1788\">Bien plus \u00e9lev\u00e9 que les cordons de raccordement standard<\/td>\n<\/tr>\n<tr data-start=\"1789\" data-end=\"1827\">\n<td data-start=\"1789\" data-end=\"1803\" data-col-size=\"sm\">Rayon de courbure<\/td>\n<td data-start=\"1803\" data-end=\"1827\" data-col-size=\"sm\">\u2265 10\u00d7 diam\u00e8tre du c\u00e2ble<\/td>\n<\/tr>\n<tr data-start=\"1828\" data-end=\"1856\">\n<td data-start=\"1828\" data-end=\"1837\" data-col-size=\"sm\">Veste<\/td>\n<td data-start=\"1837\" data-end=\"1856\" data-col-size=\"sm\">LSZH \/ PE \/ PVC<\/td>\n<\/tr>\n<tr data-start=\"1857\" data-end=\"1899\">\n<td data-start=\"1857\" data-end=\"1870\" data-col-size=\"sm\">Conformit\u00e9<\/td>\n<td data-col-size=\"sm\" data-start=\"1870\" data-end=\"1899\">IEC, TIA-568, RoHS, REACH<\/td>\n<\/tr>\n<\/tbody>\n<\/table>\n<\/div>\n<\/div>\n<hr data-start=\"1901\" data-end=\"1904\" \/>\n<h3 data-start=\"1906\" data-end=\"1953\"><strong data-start=\"1910\" data-end=\"1953\">Con\u00e7u pour la vente en gros et l'approvisionnement de projets<\/strong><\/h3>\n<p data-start=\"1955\" data-end=\"2010\">Ce cordon de raccordement blind\u00e9 LC\/APC est largement achet\u00e9 par :<\/p>\n<ul data-start=\"2012\" data-end=\"2157\">\n<li data-start=\"2012\" data-end=\"2048\">\n<p data-start=\"2014\" data-end=\"2048\"><strong data-start=\"2014\" data-end=\"2048\">Distributeurs d'\u00e9quipements de t\u00e9l\u00e9communications<\/strong><\/p>\n<\/li>\n<li data-start=\"2049\" data-end=\"2074\">\n<p data-start=\"2051\" data-end=\"2074\"><strong data-start=\"2051\" data-end=\"2074\">Int\u00e9grateurs de r\u00e9seaux<\/strong><\/p>\n<\/li>\n<li data-start=\"2075\" data-end=\"2097\">\n<p data-start=\"2077\" data-end=\"2097\"><strong data-start=\"2077\" data-end=\"2097\">Entrepreneurs FTTH<\/strong><\/p>\n<\/li>\n<li data-start=\"2098\" data-end=\"2118\">\n<p data-start=\"2100\" data-end=\"2118\"><strong data-start=\"2100\" data-end=\"2118\">Op\u00e9rateurs CATV<\/strong><\/p>\n<\/li>\n<li data-start=\"2119\" data-end=\"2157\">\n<p data-start=\"2121\" data-end=\"2157\"><strong data-start=\"2121\" data-end=\"2157\">Constructeurs de syst\u00e8mes de fibres industriels<\/strong><\/p>\n<\/li>\n<\/ul>\n<p data-start=\"2159\" data-end=\"2170\">Nous soutenons :<\/p>\n<ul data-start=\"2171\" data-end=\"2304\">\n<li data-start=\"2171\" data-end=\"2188\">\n<p data-start=\"2173\" data-end=\"2188\"><strong data-start=\"2173\" data-end=\"2188\">Commandes en gros<\/strong><\/p>\n<\/li>\n<li data-start=\"2189\" data-end=\"2209\">\n<p data-start=\"2191\" data-end=\"2209\"><strong data-start=\"2191\" data-end=\"2209\">Longueurs sur mesure<\/strong><\/p>\n<\/li>\n<li data-start=\"2210\" data-end=\"2234\">\n<p data-start=\"2212\" data-end=\"2234\"><strong data-start=\"2212\" data-end=\"2234\">Marquage OEM \/ ODM<\/strong><\/p>\n<\/li>\n<li data-start=\"2235\" data-end=\"2267\">\n<p data-start=\"2237\" data-end=\"2267\"><strong data-start=\"2237\" data-end=\"2267\">Faible MOQ pour les essais d'approvisionnement<\/strong><\/p>\n<\/li>\n<li data-start=\"2268\" data-end=\"2304\">\n<p data-start=\"2270\" data-end=\"2304\"><strong data-start=\"2270\" data-end=\"2304\">Exportation rapide et logistique mondiale<\/strong><\/p>\n<\/li>\n<\/ul>\n<p data-start=\"2306\" data-end=\"2471\">En tant que <strong data-start=\"2311\" data-end=\"2357\">fabricant et exportateur de cordons de raccordement en fibre optique<\/strong>, nous aidons <strong data-start=\"2367\" data-end=\"2414\">les agents, les grossistes et les soci\u00e9t\u00e9s de sour\u00e7age<\/strong> r\u00e9duire les co\u00fbts tout en maintenant <strong data-start=\"2445\" data-end=\"2470\">qualit\u00e9 de transporteur<\/strong>.<\/p>\n<hr data-start=\"2473\" data-end=\"2476\" \/>\n<h3 data-start=\"2478\" data-end=\"2526\"><strong data-start=\"2482\" data-end=\"2526\">Pourquoi APC + Armoured est une solution de premi\u00e8re qualit\u00e9<\/strong><\/h3>\n<p data-start=\"2528\" data-end=\"2611\">Les connecteurs APC r\u00e9duisent <strong data-start=\"2550\" data-end=\"2573\">perte de retour optique<\/strong> \u00e0 <strong data-start=\"2577\" data-end=\"2587\">\u226560 dB<\/strong>, ce qui est essentiel pour :<\/p>\n<ul data-start=\"2612\" data-end=\"2722\">\n<li data-start=\"2612\" data-end=\"2647\">\n<p data-start=\"2614\" data-end=\"2647\"><strong data-start=\"2614\" data-end=\"2647\">PON (GPON \/ XG-PON \/ XGS-PON)<\/strong><\/p>\n<\/li>\n<li data-start=\"2648\" data-end=\"2667\">\n<p data-start=\"2650\" data-end=\"2667\"><strong data-start=\"2650\" data-end=\"2667\">RF sur fibre<\/strong><\/p>\n<\/li>\n<li data-start=\"2668\" data-end=\"2691\">\n<p data-start=\"2670\" data-end=\"2691\"><strong data-start=\"2670\" data-end=\"2691\">Transmission CATV<\/strong><\/p>\n<\/li>\n<li data-start=\"2692\" data-end=\"2722\">\n<p data-start=\"2694\" data-end=\"2722\"><strong data-start=\"2694\" data-end=\"2722\">Liaisons optiques \u00e0 haute puissance<\/strong><\/p>\n<\/li>\n<\/ul>\n<p data-start=\"2724\" data-end=\"2774\">Le <strong data-start=\"2728\" data-end=\"2746\">couche blind\u00e9e<\/strong> assure la survie du c\u00e2ble :<\/p>\n<ul data-start=\"2775\" data-end=\"2870\">\n<li data-start=\"2775\" data-end=\"2790\">\n<p data-start=\"2777\" data-end=\"2790\">Chemins de c\u00e2bles<\/p>\n<\/li>\n<li data-start=\"2791\" data-end=\"2810\">\n<p data-start=\"2793\" data-end=\"2810\">Acheminement ext\u00e9rieur<\/p>\n<\/li>\n<li data-start=\"2811\" data-end=\"2836\">\n<p data-start=\"2813\" data-end=\"2836\">Installation des armoires<\/p>\n<\/li>\n<li data-start=\"2837\" data-end=\"2870\">\n<p data-start=\"2839\" data-end=\"2870\">Environnements industriels difficiles<\/p>\n<\/li>\n<\/ul>\n<p data-start=\"2872\" data-end=\"2965\">Cela permet de r\u00e9duire consid\u00e9rablement <strong data-start=\"2897\" data-end=\"2934\">le taux de d\u00e9faillance et le co\u00fbt de la maintenance<\/strong> pour les op\u00e9rateurs et les int\u00e9grateurs.<\/p>\n<hr data-start=\"2967\" data-end=\"2970\" \/>\n<h2 data-start=\"2972\" data-end=\"2995\"><strong data-start=\"2975\" data-end=\"2995\">Questions et r\u00e9ponses professionnelles<\/strong><\/h2>\n<p data-start=\"2997\" data-end=\"3149\"><strong data-start=\"2997\" data-end=\"3052\">Q1 : Ce syst\u00e8me est-il adapt\u00e9 aux projets de t\u00e9l\u00e9communications et de FTTH ?<\/strong><br data-start=\"3052\" data-end=\"3055\" \/>Oui. Les c\u00e2bles arm\u00e9s LC\/APC sont largement utilis\u00e9s dans les domaines suivants <strong data-start=\"3102\" data-end=\"3148\">FTTx, PON et d\u00e9ploiements de t\u00e9l\u00e9communications en ext\u00e9rieur<\/strong>.<\/p>\n<p data-start=\"3151\" data-end=\"3314\"><strong data-start=\"3151\" data-end=\"3213\">Q2 : Ce produit peut-il \u00eatre fourni en vrac aux distributeurs ou aux \u00e9quipementiers ?<\/strong><br data-start=\"3213\" data-end=\"3216\" \/>Absolument. Nous fournissons <strong data-start=\"3239\" data-end=\"3304\">vente en gros en usine, OEM\/ODM, \u00e9tiquetage priv\u00e9 et exportation en vrac<\/strong> les services.<\/p>\n<p data-start=\"3316\" data-end=\"3437\"><strong data-start=\"3316\" data-end=\"3348\">Q3 : Quelle est la qualit\u00e9 de fabrication habituelle ?<\/strong><br data-start=\"3348\" data-end=\"3351\" \/>Le MOQ est flexible et prend en charge <strong data-start=\"3380\" data-end=\"3436\">les petites commandes d'essai ainsi que l'approvisionnement pour des projets de grande envergure<\/strong>.<\/p>\n<p data-start=\"3439\" data-end=\"3598\"><strong data-start=\"3439\" data-end=\"3499\">Q4 : Pourquoi les r\u00e9seaux CATV et PON ont-ils besoin de connecteurs APC ?<\/strong><br data-start=\"3499\" data-end=\"3502\" \/>APC fournit <strong data-start=\"3515\" data-end=\"3539\">tr\u00e8s faible r\u00e9flexion<\/strong>, qui est essentiel pour <strong data-start=\"3564\" data-end=\"3597\">les signaux optiques analogiques et RF<\/strong>.<\/p>","protected":false},"excerpt":{"rendered":"<p data-start=\"66\" data-end=\"491\">Le <strong data-start=\"70\" data-end=\"113\">LC\/APC-LC\/APC Cordon de raccordement en fibre arm\u00e9<\/strong> est un <strong data-start=\"119\" data-end=\"164\">cavalier optique monomode de qualit\u00e9 op\u00e9rateur<\/strong> con\u00e7u pour <strong data-start=\"180\" data-end=\"250\">installations \u00e0 haute puissance, \u00e0 faible r\u00e9flexion et physiquement exigeantes<\/strong>. Con\u00e7u avec <strong data-start=\"266\" data-end=\"299\">8\u00b0 Connecteurs LC polis APC<\/strong> et un <strong data-start=\"306\" data-end=\"340\">structure de c\u00e2ble \u00e0 armature m\u00e9tallique<\/strong>, Il fournit \u00e0 la fois <strong data-start=\"359\" data-end=\"380\">pr\u00e9cision optique<\/strong> et <strong data-start=\"385\" data-end=\"411\">durabilit\u00e9 pr\u00eate \u00e0 l'emploi<\/strong> pour <strong data-start=\"416\" data-end=\"490\">les op\u00e9rateurs de t\u00e9l\u00e9communications, les int\u00e9grateurs de syst\u00e8mes et les projets de r\u00e9seaux industriels<\/strong>.<\/p>\n<p data-start=\"493\" data-end=\"646\">En tant que <strong data-start=\"498\" data-end=\"550\">fabricant direct et fournisseur OEM\/ODM<\/strong>, Nous fournissons ce mod\u00e8le pour <strong data-start=\"578\" data-end=\"645\">le commerce de gros, les commandes en vrac, l'approvisionnement aupr\u00e8s des distributeurs et l'exportation \u00e0 l'\u00e9chelle mondiale<\/strong>.<\/p>","protected":false},"featured_media":706,"comment_status":"open","ping_status":"closed","template":"","meta":[],"product_brand":[],"product_cat":[44],"product_tag":[],"class_list":{"0":"post-705","1":"product","2":"type-product","3":"status-publish","4":"has-post-thumbnail","6":"product_cat-multimode-fiber-optic-patch-cord","8":"first","9":"instock","10":"shipping-taxable","11":"product-type-simple"},"_links":{"self":[{"href":"https:\/\/www.fenxifiber.com\/fr\/wp-json\/wp\/v2\/product\/705","targetHints":{"allow":["GET"]}}],"collection":[{"href":"https:\/\/www.fenxifiber.com\/fr\/wp-json\/wp\/v2\/product"}],"about":[{"href":"https:\/\/www.fenxifiber.com\/fr\/wp-json\/wp\/v2\/types\/product"}],"replies":[{"embeddable":true,"href":"https:\/\/www.fenxifiber.com\/fr\/wp-json\/wp\/v2\/comments?post=705"}],"wp:featuredmedia":[{"embeddable":true,"href":"https:\/\/www.fenxifiber.com\/fr\/wp-json\/wp\/v2\/media\/706"}],"wp:attachment":[{"href":"https:\/\/www.fenxifiber.com\/fr\/wp-json\/wp\/v2\/media?parent=705"}],"wp:term":[{"taxonomy":"product_brand","embeddable":true,"href":"https:\/\/www.fenxifiber.com\/fr\/wp-json\/wp\/v2\/product_brand?post=705"},{"taxonomy":"product_cat","embeddable":true,"href":"https:\/\/www.fenxifiber.com\/fr\/wp-json\/wp\/v2\/product_cat?post=705"},{"taxonomy":"product_tag","embeddable":true,"href":"https:\/\/www.fenxifiber.com\/fr\/wp-json\/wp\/v2\/product_tag?post=705"}],"curies":[{"name":"wp","href":"https:\/\/api.w.org\/{rel}","templated":true}]}}