{"id":707,"date":"2026-02-03T07:22:20","date_gmt":"2026-02-03T07:22:20","guid":{"rendered":"https:\/\/www.fenxifiber.com\/?post_type=product&#038;p=707"},"modified":"2026-02-04T01:37:27","modified_gmt":"2026-02-04T01:37:27","slug":"fc-upc-lc-upc-blinde","status":"publish","type":"product","link":"https:\/\/www.fenxifiber.com\/fr\/product\/fc-upc-lc-upc-armoured\/","title":{"rendered":"Cordon de raccordement arm\u00e9 en fibre optique monomode FC\/UPC-LC\/UPC"},"content":{"rendered":"<h3 data-start=\"696\" data-end=\"738\"><strong data-start=\"700\" data-end=\"738\">Pourquoi FC to LC avec Armoured Design ?<\/strong><\/h3>\n<p data-start=\"740\" data-end=\"1047\">Le <strong data-start=\"744\" data-end=\"760\">Connecteur FC<\/strong> fournit <strong data-start=\"770\" data-end=\"794\">stabilit\u00e9 de la vis<\/strong>, Le syst\u00e8me d'\u00e9clairage de l'appareil permet d'\u00e9viter les micro-mouvements susceptibles d'entra\u00eener des fluctuations optiques - critiques pour les syst\u00e8mes d'\u00e9clairage de l'appareil. <strong data-start=\"870\" data-end=\"922\">\u00e9quipement de test, baies de t\u00e9l\u00e9communication et liaisons porteuses<\/strong>.<br data-start=\"923\" data-end=\"926\" \/>Le <strong data-start=\"930\" data-end=\"946\">Connecteur LC<\/strong> soutiens <strong data-start=\"956\" data-end=\"981\">patches \u00e0 haute densit\u00e9<\/strong> et une connexion directe avec <strong data-start=\"1007\" data-end=\"1046\">\u00c9metteurs-r\u00e9cepteurs SFP+, QSFP et modernes<\/strong>.<\/p>\n<p data-start=\"1049\" data-end=\"1095\">Le <strong data-start=\"1053\" data-end=\"1070\">tube blind\u00e9<\/strong> prot\u00e8ge la fibre de :<\/p>\n<ul data-start=\"1096\" data-end=\"1199\">\n<li data-start=\"1096\" data-end=\"1122\">\n<p data-start=\"1098\" data-end=\"1122\"><strong data-start=\"1098\" data-end=\"1122\">\u00c9crasement et traction<\/strong><\/p>\n<\/li>\n<li data-start=\"1123\" data-end=\"1141\">\n<p data-start=\"1125\" data-end=\"1141\"><strong data-start=\"1125\" data-end=\"1141\">Morsures de rongeurs<\/strong><\/p>\n<\/li>\n<li data-start=\"1142\" data-end=\"1161\">\n<p data-start=\"1144\" data-end=\"1161\"><strong data-start=\"1144\" data-end=\"1161\">Pliage net<\/strong><\/p>\n<\/li>\n<li data-start=\"1162\" data-end=\"1199\">\n<p data-start=\"1164\" data-end=\"1199\"><strong data-start=\"1164\" data-end=\"1199\">Environnements d'installation difficiles<\/strong><\/p>\n<\/li>\n<\/ul>\n<p data-start=\"1201\" data-end=\"1314\">Le cordon de raccordement blind\u00e9 FC-LC est donc parfait pour <strong data-start=\"1254\" data-end=\"1313\">routage ext\u00e9rieur, chemins de c\u00e2bles et bo\u00eetiers industriels<\/strong>.<\/p>\n<hr data-start=\"1316\" data-end=\"1319\" \/>\n<h3 data-start=\"1321\" data-end=\"1353\"><strong data-start=\"1325\" data-end=\"1353\">Sp\u00e9cifications techniques<\/strong><\/h3>\n<div class=\"TyagGW_tableContainer\">\n<div class=\"group TyagGW_tableWrapper flex flex-col-reverse w-fit\" tabindex=\"-1\">\n<table class=\"w-fit min-w-(--thread-content-width)\" data-start=\"1355\" data-end=\"1865\">\n<thead data-start=\"1355\" data-end=\"1393\">\n<tr data-start=\"1355\" data-end=\"1393\">\n<th class=\"\" data-start=\"1355\" data-end=\"1367\" data-col-size=\"sm\">Param\u00e8tres<\/th>\n<th class=\"\" data-start=\"1367\" data-end=\"1393\" data-col-size=\"sm\">FC\/UPC-LC\/UPC Blind\u00e9<\/th>\n<\/tr>\n<\/thead>\n<tbody data-start=\"1422\" data-end=\"1865\">\n<tr data-start=\"1422\" data-end=\"1465\">\n<td data-start=\"1422\" data-end=\"1435\" data-col-size=\"sm\">Type de fibre<\/td>\n<td data-start=\"1435\" data-end=\"1465\" data-col-size=\"sm\">OS2 monomode (9\/125 \u03bcm)<\/td>\n<\/tr>\n<tr data-start=\"1466\" data-end=\"1492\">\n<td data-start=\"1466\" data-end=\"1480\" data-col-size=\"sm\">Connecteur A<\/td>\n<td data-start=\"1480\" data-end=\"1492\" data-col-size=\"sm\">FC \/ UPC<\/td>\n<\/tr>\n<tr data-start=\"1493\" data-end=\"1519\">\n<td data-start=\"1493\" data-end=\"1507\" data-col-size=\"sm\">Connecteur B<\/td>\n<td data-start=\"1507\" data-end=\"1519\" data-col-size=\"sm\">LC \/ UPC<\/td>\n<\/tr>\n<tr data-start=\"1520\" data-end=\"1581\">\n<td data-start=\"1520\" data-end=\"1538\" data-col-size=\"sm\">Structure du c\u00e2ble<\/td>\n<td data-start=\"1538\" data-end=\"1581\" data-col-size=\"sm\">Blind\u00e9 m\u00e9tallique (tube d'acier ou d'aluminium)<\/td>\n<\/tr>\n<tr data-start=\"1582\" data-end=\"1626\">\n<td data-start=\"1582\" data-end=\"1605\" data-col-size=\"sm\">Longueur d'onde de fonctionnement<\/td>\n<td data-start=\"1605\" data-end=\"1626\" data-col-size=\"sm\">1310 nm \/ 1550 nm<\/td>\n<\/tr>\n<tr data-start=\"1627\" data-end=\"1657\">\n<td data-start=\"1627\" data-end=\"1644\" data-col-size=\"sm\">Perte d'insertion<\/td>\n<td data-start=\"1644\" data-end=\"1657\" data-col-size=\"sm\">\u2264 0,30 dB<\/td>\n<\/tr>\n<tr data-start=\"1658\" data-end=\"1683\">\n<td data-start=\"1658\" data-end=\"1672\" data-col-size=\"sm\">Perte de retour<\/td>\n<td data-start=\"1672\" data-end=\"1683\" data-col-size=\"sm\">\u2265 50 dB<\/td>\n<\/tr>\n<tr data-start=\"1684\" data-end=\"1747\">\n<td data-start=\"1684\" data-end=\"1703\" data-col-size=\"sm\">R\u00e9sistance \u00e0 la traction<\/td>\n<td data-start=\"1703\" data-end=\"1747\" data-col-size=\"sm\">Nettement plus \u00e9lev\u00e9 que les cordons standard<\/td>\n<\/tr>\n<tr data-start=\"1748\" data-end=\"1794\">\n<td data-start=\"1748\" data-end=\"1770\" data-col-size=\"sm\">Rayon de courbure minimal<\/td>\n<td data-start=\"1770\" data-end=\"1794\" data-col-size=\"sm\">\u2265 10\u00d7 diam\u00e8tre du c\u00e2ble<\/td>\n<\/tr>\n<tr data-start=\"1795\" data-end=\"1823\">\n<td data-start=\"1795\" data-end=\"1804\" data-col-size=\"sm\">Veste<\/td>\n<td data-start=\"1804\" data-end=\"1823\" data-col-size=\"sm\">LSZH \/ PE \/ PVC<\/td>\n<\/tr>\n<tr data-start=\"1824\" data-end=\"1865\">\n<td data-start=\"1824\" data-end=\"1836\" data-col-size=\"sm\">Normes<\/td>\n<td data-start=\"1836\" data-end=\"1865\" data-col-size=\"sm\">IEC, TIA-568, RoHS, REACH<\/td>\n<\/tr>\n<\/tbody>\n<\/table>\n<\/div>\n<\/div>\n<hr data-start=\"1867\" data-end=\"1870\" \/>\n<h3 data-start=\"1872\" data-end=\"1921\"><strong data-start=\"1876\" data-end=\"1921\">Con\u00e7u pour le commerce de gros, les OEM et la fourniture de projets<\/strong><\/h3>\n<p data-start=\"1923\" data-end=\"1955\">Ce mod\u00e8le est largement fourni par :<\/p>\n<ul data-start=\"1957\" data-end=\"2113\">\n<li data-start=\"1957\" data-end=\"1983\">\n<p data-start=\"1959\" data-end=\"1983\"><strong data-start=\"1959\" data-end=\"1983\">Distributeurs de t\u00e9l\u00e9communications<\/strong><\/p>\n<\/li>\n<li data-start=\"1984\" data-end=\"2008\">\n<p data-start=\"1986\" data-end=\"2008\"><strong data-start=\"1986\" data-end=\"2008\">Int\u00e9grateurs de syst\u00e8mes<\/strong><\/p>\n<\/li>\n<li data-start=\"2009\" data-end=\"2040\">\n<p data-start=\"2011\" data-end=\"2040\"><strong data-start=\"2011\" data-end=\"2040\">Entrepreneurs FTTH et FTTx<\/strong><\/p>\n<\/li>\n<li data-start=\"2041\" data-end=\"2074\">\n<p data-start=\"2043\" data-end=\"2074\"><strong data-start=\"2043\" data-end=\"2074\">Constructeurs de r\u00e9seaux industriels<\/strong><\/p>\n<\/li>\n<li data-start=\"2075\" data-end=\"2113\">\n<p data-start=\"2077\" data-end=\"2113\"><strong data-start=\"2077\" data-end=\"2113\">Exportateurs et soci\u00e9t\u00e9s de sourcing<\/strong><\/p>\n<\/li>\n<\/ul>\n<p data-start=\"2115\" data-end=\"2126\">Nous soutenons :<\/p>\n<ul data-start=\"2127\" data-end=\"2264\">\n<li data-start=\"2127\" data-end=\"2144\">\n<p data-start=\"2129\" data-end=\"2144\"><strong data-start=\"2129\" data-end=\"2144\">Commandes en gros<\/strong><\/p>\n<\/li>\n<li data-start=\"2145\" data-end=\"2176\">\n<p data-start=\"2147\" data-end=\"2176\"><strong data-start=\"2147\" data-end=\"2176\">Longueurs et \u00e9tiquetage sur mesure<\/strong><\/p>\n<\/li>\n<li data-start=\"2177\" data-end=\"2206\">\n<p data-start=\"2179\" data-end=\"2206\"><strong data-start=\"2179\" data-end=\"2206\">Fabrication OEM \/ ODM<\/strong><\/p>\n<\/li>\n<li data-start=\"2207\" data-end=\"2237\">\n<p data-start=\"2209\" data-end=\"2237\"><strong data-start=\"2209\" data-end=\"2237\">Faible MOQ pour les commandes d'essai<\/strong><\/p>\n<\/li>\n<li data-start=\"2238\" data-end=\"2264\">\n<p data-start=\"2240\" data-end=\"2264\"><strong data-start=\"2240\" data-end=\"2264\">Exp\u00e9dition rapide \u00e0 l'\u00e9chelle mondiale<\/strong><\/p>\n<\/li>\n<\/ul>\n<p data-start=\"2266\" data-end=\"2437\">En tant que <strong data-start=\"2271\" data-end=\"2317\">fabricant et fournisseur de cordons de raccordement en fibre optique<\/strong>, Nous aidons nos <strong data-start=\"2331\" data-end=\"2379\">les agents, les grossistes et les partenaires int\u00e9grateurs<\/strong> r\u00e9duire les co\u00fbts tout en garantissant <strong data-start=\"2407\" data-end=\"2436\">performance de niveau op\u00e9rateur<\/strong>.<\/p>\n<hr data-start=\"2439\" data-end=\"2442\" \/>\n<h3 data-start=\"2444\" data-end=\"2472\"><strong data-start=\"2448\" data-end=\"2472\">Pourquoi l'OS2 monomode ?<\/strong><\/h3>\n<p data-start=\"2474\" data-end=\"2493\">Les fibres OS2 sont prises en charge :<\/p>\n<ul data-start=\"2494\" data-end=\"2645\">\n<li data-start=\"2494\" data-end=\"2526\">\n<p data-start=\"2496\" data-end=\"2526\"><strong data-start=\"2496\" data-end=\"2526\">Transmission \u00e0 longue distance<\/strong><\/p>\n<\/li>\n<li data-start=\"2527\" data-end=\"2563\">\n<p data-start=\"2529\" data-end=\"2563\"><strong data-start=\"2529\" data-end=\"2563\">10G, 25G, 40G, 100G et au-del\u00e0<\/strong><\/p>\n<\/li>\n<li data-start=\"2564\" data-end=\"2599\">\n<p data-start=\"2566\" data-end=\"2599\"><strong data-start=\"2566\" data-end=\"2599\">Longueurs d'onde de 1310 nm et 1550 nm<\/strong><\/p>\n<\/li>\n<li data-start=\"2600\" data-end=\"2645\">\n<p data-start=\"2602\" data-end=\"2645\"><strong data-start=\"2602\" data-end=\"2645\">R\u00e9seaux FTTH, PON, m\u00e9tropolitains et dorsaux<\/strong><\/p>\n<\/li>\n<\/ul>\n<p data-start=\"2647\" data-end=\"2715\">C'est le choix standard pour <strong data-start=\"2676\" data-end=\"2714\">cordons de raccordement blind\u00e9s de qualit\u00e9 t\u00e9l\u00e9com<\/strong>.<\/p>\n<hr data-start=\"2717\" data-end=\"2720\" \/>\n<h2 data-start=\"2722\" data-end=\"2745\"><strong data-start=\"2725\" data-end=\"2745\">Questions et r\u00e9ponses professionnelles<\/strong><\/h2>\n<p data-start=\"2747\" data-end=\"2908\"><strong data-start=\"2747\" data-end=\"2801\">Q1 : Ce produit est-il adapt\u00e9 aux armoires de t\u00e9l\u00e9communication ext\u00e9rieures ?<\/strong><br data-start=\"2801\" data-end=\"2804\" \/>Oui. <strong data-start=\"2813\" data-end=\"2835\">structure blind\u00e9e<\/strong> prot\u00e8ge contre <strong data-start=\"2853\" data-end=\"2907\">les contraintes m\u00e9caniques, les rongeurs et les environnements difficiles<\/strong>.<\/p>\n<p data-start=\"2910\" data-end=\"3048\"><strong data-start=\"2910\" data-end=\"2971\">Q2 : Ce produit peut-il \u00eatre fourni pour le marquage d'un OEM ou d'un distributeur ?<\/strong><br data-start=\"2971\" data-end=\"2974\" \/>Oui. Nous fournissons <strong data-start=\"2990\" data-end=\"3047\">OEM\/ODM, marque priv\u00e9e et production en gros<\/strong>.<\/p>\n<p data-start=\"3050\" data-end=\"3217\"><strong data-start=\"3050\" data-end=\"3116\">Q3 : Quels types de projets utilisent g\u00e9n\u00e9ralement les c\u00e2bles arm\u00e9s FC-LC ?<\/strong><br data-start=\"3116\" data-end=\"3119\" \/>Ils sont couramment utilis\u00e9s dans <strong data-start=\"3145\" data-end=\"3216\">FTTx, stations de base, syst\u00e8mes de fibre optique industriels et r\u00e9seaux d'op\u00e9rateurs<\/strong>.<\/p>\n<p data-start=\"3219\" data-end=\"3344\"><strong data-start=\"3219\" data-end=\"3261\">Q4 : Quelle est la quantit\u00e9 minimale d'achat (MOQ) pour l'approvisionnement en vrac ?<\/strong><br data-start=\"3261\" data-end=\"3264\" \/>MOQ flexible, supportant \u00e0 la fois <strong data-start=\"3297\" data-end=\"3343\">les commandes d'\u00e9chantillons et l'approvisionnement en grandes quantit\u00e9s<\/strong>.<\/p>","protected":false},"excerpt":{"rendered":"<p data-start=\"66\" data-end=\"524\">Le <strong data-start=\"70\" data-end=\"113\">FC\/UPC-LC\/UPC Cordon de raccordement en fibre arm\u00e9<\/strong> est con\u00e7u pour <strong data-start=\"132\" data-end=\"162\">connectivit\u00e9 de niveau op\u00e9rateur<\/strong> o\u00f9 <strong data-start=\"169\" data-end=\"232\">s\u00e9curit\u00e9 m\u00e9canique, faible perte optique et durabilit\u00e9 sur le terrain<\/strong> sont n\u00e9cessaires. Avec un <strong data-start=\"263\" data-end=\"288\">connecteur FC filet\u00e9<\/strong> d'un c\u00f4t\u00e9 et un <strong data-start=\"306\" data-end=\"335\">connecteur LC haute densit\u00e9<\/strong> d'autre part, combin\u00e9e \u00e0 une <strong data-start=\"366\" data-end=\"400\">structure de c\u00e2ble \u00e0 armature m\u00e9tallique<\/strong>, Ce pull est id\u00e9al pour <strong data-start=\"427\" data-end=\"523\">les r\u00e9seaux de t\u00e9l\u00e9communications, les armoires ext\u00e9rieures, les connexions transversales des centres de donn\u00e9es et les syst\u00e8mes de fibre optique industriels<\/strong>.<\/p>\n<p data-start=\"526\" data-end=\"689\">En tant que <strong data-start=\"531\" data-end=\"578\">fabricant d'usine et exportateur en gros<\/strong>, nous fournissons ce mod\u00e8le pour <strong data-start=\"605\" data-end=\"678\">Projets OEM\/ODM, int\u00e9grateurs de syst\u00e8mes, distributeurs et approvisionnement en vrac<\/strong> dans le monde entier.<\/p>","protected":false},"featured_media":708,"comment_status":"open","ping_status":"closed","template":"","meta":[],"product_brand":[],"product_cat":[44],"product_tag":[],"class_list":{"0":"post-707","1":"product","2":"type-product","3":"status-publish","4":"has-post-thumbnail","6":"product_cat-multimode-fiber-optic-patch-cord","8":"first","9":"instock","10":"shipping-taxable","11":"product-type-simple"},"_links":{"self":[{"href":"https:\/\/www.fenxifiber.com\/fr\/wp-json\/wp\/v2\/product\/707","targetHints":{"allow":["GET"]}}],"collection":[{"href":"https:\/\/www.fenxifiber.com\/fr\/wp-json\/wp\/v2\/product"}],"about":[{"href":"https:\/\/www.fenxifiber.com\/fr\/wp-json\/wp\/v2\/types\/product"}],"replies":[{"embeddable":true,"href":"https:\/\/www.fenxifiber.com\/fr\/wp-json\/wp\/v2\/comments?post=707"}],"wp:featuredmedia":[{"embeddable":true,"href":"https:\/\/www.fenxifiber.com\/fr\/wp-json\/wp\/v2\/media\/708"}],"wp:attachment":[{"href":"https:\/\/www.fenxifiber.com\/fr\/wp-json\/wp\/v2\/media?parent=707"}],"wp:term":[{"taxonomy":"product_brand","embeddable":true,"href":"https:\/\/www.fenxifiber.com\/fr\/wp-json\/wp\/v2\/product_brand?post=707"},{"taxonomy":"product_cat","embeddable":true,"href":"https:\/\/www.fenxifiber.com\/fr\/wp-json\/wp\/v2\/product_cat?post=707"},{"taxonomy":"product_tag","embeddable":true,"href":"https:\/\/www.fenxifiber.com\/fr\/wp-json\/wp\/v2\/product_tag?post=707"}],"curies":[{"name":"wp","href":"https:\/\/api.w.org\/{rel}","templated":true}]}}