{"id":711,"date":"2026-02-03T07:26:58","date_gmt":"2026-02-03T07:26:58","guid":{"rendered":"https:\/\/www.fenxifiber.com\/?post_type=product&#038;p=711"},"modified":"2026-02-04T01:38:47","modified_gmt":"2026-02-04T01:38:47","slug":"sc-upc-lc-upc-blinde","status":"publish","type":"product","link":"https:\/\/www.fenxifiber.com\/fr\/product\/sc-upc-lc-upc-armoured\/","title":{"rendered":"Cordon de raccordement arm\u00e9 en fibre optique monomode SC\/UPC-LC\/UPC"},"content":{"rendered":"<h3 data-start=\"854\" data-end=\"903\"><strong data-start=\"858\" data-end=\"903\">Pourquoi choisir SC pour LC dans une conception blind\u00e9e ?<\/strong><\/h3>\n<p data-start=\"905\" data-end=\"1119\">Les connecteurs SC sont largement utilis\u00e9s dans <strong data-start=\"938\" data-end=\"963\">ODF et panneaux de connexion<\/strong>, offrant une <strong data-start=\"976\" data-end=\"1010\">fermeture solide et manipulation ais\u00e9e<\/strong>.<br data-start=\"1011\" data-end=\"1014\" \/>Les connecteurs LC dominent <strong data-start=\"1037\" data-end=\"1081\">Ports SFP+, QSFP et transceivers modernes<\/strong>, permettant <strong data-start=\"1092\" data-end=\"1118\">commutation \u00e0 haute densit\u00e9<\/strong>.<\/p>\n<p data-start=\"1121\" data-end=\"1332\">En combinant <strong data-start=\"1134\" data-end=\"1154\">Interfaces SC-LC<\/strong> avec <strong data-start=\"1160\" data-end=\"1183\">protection blind\u00e9e<\/strong>, Ce cordon de raccordement permet aux int\u00e9grateurs et aux op\u00e9rateurs de <strong data-start=\"1237\" data-end=\"1331\">d\u00e9ployer la fibre OS2 dans des environnements r\u00e9els sans risquer de dommages physiques ou de perte de signal<\/strong>.<\/p>\n<hr data-start=\"1334\" data-end=\"1337\" \/>\n<h3 data-start=\"1339\" data-end=\"1371\"><strong data-start=\"1343\" data-end=\"1371\">Sp\u00e9cifications techniques<\/strong><\/h3>\n<div class=\"TyagGW_tableContainer\">\n<div class=\"group TyagGW_tableWrapper flex flex-col-reverse w-fit\" tabindex=\"-1\">\n<table class=\"w-fit min-w-(--thread-content-width)\" data-start=\"1373\" data-end=\"1894\">\n<thead data-start=\"1373\" data-end=\"1411\">\n<tr data-start=\"1373\" data-end=\"1411\">\n<th class=\"\" data-start=\"1373\" data-end=\"1385\" data-col-size=\"sm\">Param\u00e8tres<\/th>\n<th class=\"\" data-start=\"1385\" data-end=\"1411\" data-col-size=\"md\">SC\/UPC-LC\/UPC Blind\u00e9<\/th>\n<\/tr>\n<\/thead>\n<tbody data-start=\"1440\" data-end=\"1894\">\n<tr data-start=\"1440\" data-end=\"1483\">\n<td data-start=\"1440\" data-end=\"1453\" data-col-size=\"sm\">Type de fibre<\/td>\n<td data-start=\"1453\" data-end=\"1483\" data-col-size=\"md\">OS2 monomode (9\/125 \u03bcm)<\/td>\n<\/tr>\n<tr data-start=\"1484\" data-end=\"1510\">\n<td data-start=\"1484\" data-end=\"1498\" data-col-size=\"sm\">Connecteur A<\/td>\n<td data-start=\"1498\" data-end=\"1510\" data-col-size=\"md\">SC \/ UPC<\/td>\n<\/tr>\n<tr data-start=\"1511\" data-end=\"1537\">\n<td data-start=\"1511\" data-end=\"1525\" data-col-size=\"sm\">Connecteur B<\/td>\n<td data-start=\"1525\" data-end=\"1537\" data-col-size=\"md\">LC \/ UPC<\/td>\n<\/tr>\n<tr data-start=\"1538\" data-end=\"1605\">\n<td data-start=\"1538\" data-end=\"1556\" data-col-size=\"sm\">Structure du c\u00e2ble<\/td>\n<td data-start=\"1556\" data-end=\"1605\" data-col-size=\"md\">Blind\u00e9 m\u00e9tallique (tube en acier ou en alliage d'aluminium)<\/td>\n<\/tr>\n<tr data-start=\"1606\" data-end=\"1650\">\n<td data-start=\"1606\" data-end=\"1629\" data-col-size=\"sm\">Longueur d'onde de fonctionnement<\/td>\n<td data-start=\"1629\" data-end=\"1650\" data-col-size=\"md\">1310 nm \/ 1550 nm<\/td>\n<\/tr>\n<tr data-start=\"1651\" data-end=\"1681\">\n<td data-start=\"1651\" data-end=\"1668\" data-col-size=\"sm\">Perte d'insertion<\/td>\n<td data-start=\"1668\" data-end=\"1681\" data-col-size=\"md\">\u2264 0,30 dB<\/td>\n<\/tr>\n<tr data-start=\"1682\" data-end=\"1707\">\n<td data-start=\"1682\" data-end=\"1696\" data-col-size=\"sm\">Perte de retour<\/td>\n<td data-start=\"1696\" data-end=\"1707\" data-col-size=\"md\">\u2265 50 dB<\/td>\n<\/tr>\n<tr data-start=\"1708\" data-end=\"1768\">\n<td data-start=\"1708\" data-end=\"1727\" data-col-size=\"sm\">R\u00e9sistance \u00e0 la traction<\/td>\n<td data-start=\"1727\" data-end=\"1768\" data-col-size=\"md\">Beaucoup plus \u00e9lev\u00e9 que les cordons de raccordement standard<\/td>\n<\/tr>\n<tr data-start=\"1769\" data-end=\"1815\">\n<td data-start=\"1769\" data-end=\"1791\" data-col-size=\"sm\">Rayon de courbure minimal<\/td>\n<td data-start=\"1791\" data-end=\"1815\" data-col-size=\"md\">\u2265 10\u00d7 diam\u00e8tre du c\u00e2ble<\/td>\n<\/tr>\n<tr data-start=\"1816\" data-end=\"1852\">\n<td data-start=\"1816\" data-end=\"1833\" data-col-size=\"sm\">Options de la veste<\/td>\n<td data-start=\"1833\" data-end=\"1852\" data-col-size=\"md\">LSZH \/ PE \/ PVC<\/td>\n<\/tr>\n<tr data-start=\"1853\" data-end=\"1894\">\n<td data-start=\"1853\" data-end=\"1865\" data-col-size=\"sm\">Normes<\/td>\n<td data-start=\"1865\" data-end=\"1894\" data-col-size=\"md\">IEC, TIA-568, RoHS, REACH<\/td>\n<\/tr>\n<\/tbody>\n<\/table>\n<\/div>\n<\/div>\n<hr data-start=\"1896\" data-end=\"1899\" \/>\n<h3 data-start=\"1901\" data-end=\"1950\"><strong data-start=\"1905\" data-end=\"1950\">Con\u00e7u pour le commerce de gros, les OEM et la fourniture de projets<\/strong><\/h3>\n<p data-start=\"1952\" data-end=\"1984\">Ce mod\u00e8le est largement fourni par :<\/p>\n<ul data-start=\"1986\" data-end=\"2161\">\n<li data-start=\"1986\" data-end=\"2012\">\n<p data-start=\"1988\" data-end=\"2012\"><strong data-start=\"1988\" data-end=\"2012\">Distributeurs de t\u00e9l\u00e9communications<\/strong><\/p>\n<\/li>\n<li data-start=\"2013\" data-end=\"2045\">\n<p data-start=\"2015\" data-end=\"2045\"><strong data-start=\"2015\" data-end=\"2045\">Int\u00e9grateurs de syst\u00e8mes de r\u00e9seaux<\/strong><\/p>\n<\/li>\n<li data-start=\"2046\" data-end=\"2077\">\n<p data-start=\"2048\" data-end=\"2077\"><strong data-start=\"2048\" data-end=\"2077\">Entrepreneurs FTTH et FTTx<\/strong><\/p>\n<\/li>\n<li data-start=\"2078\" data-end=\"2118\">\n<p data-start=\"2080\" data-end=\"2118\"><strong data-start=\"2080\" data-end=\"2118\">Fournisseurs de communication industrielle<\/strong><\/p>\n<\/li>\n<li data-start=\"2119\" data-end=\"2161\">\n<p data-start=\"2121\" data-end=\"2161\"><strong data-start=\"2121\" data-end=\"2161\">Exportateurs et agents d'approvisionnement mondial<\/strong><\/p>\n<\/li>\n<\/ul>\n<p data-start=\"2163\" data-end=\"2174\">Nous soutenons :<\/p>\n<ul data-start=\"2175\" data-end=\"2323\">\n<li data-start=\"2175\" data-end=\"2192\">\n<p data-start=\"2177\" data-end=\"2192\"><strong data-start=\"2177\" data-end=\"2192\">Commandes en gros<\/strong><\/p>\n<\/li>\n<li data-start=\"2193\" data-end=\"2211\">\n<p data-start=\"2195\" data-end=\"2211\"><strong data-start=\"2195\" data-end=\"2211\">Flexible MOQ<\/strong><\/p>\n<\/li>\n<li data-start=\"2212\" data-end=\"2236\">\n<p data-start=\"2214\" data-end=\"2236\"><strong data-start=\"2214\" data-end=\"2236\">Marquage OEM \/ ODM<\/strong><\/p>\n<\/li>\n<li data-start=\"2237\" data-end=\"2269\">\n<p data-start=\"2239\" data-end=\"2269\"><strong data-start=\"2239\" data-end=\"2269\">Longueurs et emballages sur mesure<\/strong><\/p>\n<\/li>\n<li data-start=\"2270\" data-end=\"2298\">\n<p data-start=\"2272\" data-end=\"2298\"><strong data-start=\"2272\" data-end=\"2298\">Tarification directe \u00e0 l'usine<\/strong><\/p>\n<\/li>\n<li data-start=\"2299\" data-end=\"2323\">\n<p data-start=\"2301\" data-end=\"2323\"><strong data-start=\"2301\" data-end=\"2323\">Exportation mondiale rapide<\/strong><\/p>\n<\/li>\n<\/ul>\n<hr data-start=\"2325\" data-end=\"2328\" \/>\n<h3 data-start=\"2330\" data-end=\"2376\"><strong data-start=\"2334\" data-end=\"2376\">Pourquoi OS2 Single-Mode + Armoured ?<\/strong><\/h3>\n<p data-start=\"2378\" data-end=\"2637\">La fibre OS2 prend en charge <strong data-start=\"2397\" data-end=\"2438\">les r\u00e9seaux longue distance et \u00e0 grande vitesse<\/strong> (10G, 25G, 40G, 100G+).<br data-start=\"2462\" data-end=\"2465\" \/>Lorsqu'il est associ\u00e9 \u00e0 un <strong data-start=\"2487\" data-end=\"2509\">structure blind\u00e9e<\/strong>, il devient un <strong data-start=\"2524\" data-end=\"2548\">solution pr\u00eate \u00e0 l'emploi<\/strong> qui r\u00e9duit <strong data-start=\"2562\" data-end=\"2606\">les ruptures, les temps d'arr\u00eat et les co\u00fbts d'entretien<\/strong> pour les op\u00e9rateurs et les int\u00e9grateurs.<\/p>\n<hr data-start=\"2639\" data-end=\"2642\" \/>\n<h2 data-start=\"2644\" data-end=\"2667\"><strong data-start=\"2647\" data-end=\"2667\">FAQ professionnelle<\/strong><\/h2>\n<p data-start=\"2669\" data-end=\"2876\"><strong data-start=\"2669\" data-end=\"2729\">Q1 : Ce c\u00e2ble est-il adapt\u00e9 aux armoires de t\u00e9l\u00e9communication ext\u00e9rieures ?<\/strong><br data-start=\"2729\" data-end=\"2732\" \/>Oui. <strong data-start=\"2741\" data-end=\"2763\">structure blind\u00e9e<\/strong> prot\u00e8ge la fibre de <strong data-start=\"2788\" data-end=\"2835\">\u00e9crasement, rongeurs et stress environnemental<\/strong>, ce qui en fait un produit id\u00e9al pour les enceintes ext\u00e9rieures.<\/p>\n<p data-start=\"2878\" data-end=\"3041\"><strong data-start=\"2878\" data-end=\"2928\">Q2 : Ce syst\u00e8me peut-il \u00eatre utilis\u00e9 dans les r\u00e9seaux FTTH et PON ?<\/strong><br data-start=\"2928\" data-end=\"2931\" \/>Absolument. Les <strong data-start=\"2947\" data-end=\"2972\">Fibre monomode OS2<\/strong> et <strong data-start=\"2977\" data-end=\"2994\">Polissage CUP<\/strong> soutien <strong data-start=\"3003\" data-end=\"3040\">Syst\u00e8mes GPON, XG-PON et XGS-PON<\/strong>.<\/p>\n<p data-start=\"3043\" data-end=\"3197\"><strong data-start=\"3043\" data-end=\"3088\">Q3 : Est-il possible d'obtenir un label OEM ou priv\u00e9 ?<\/strong><br data-start=\"3088\" data-end=\"3091\" \/>Oui. Nous fournissons <strong data-start=\"3107\" data-end=\"3163\">OEM, ODM, marquage priv\u00e9 et emballage personnalis\u00e9<\/strong> pour les distributeurs et les int\u00e9grateurs.<\/p>\n<p data-start=\"3199\" data-end=\"3332\"><strong data-start=\"3199\" data-end=\"3247\">Q4 : Quelle est la quantit\u00e9 minimale de commande (MOQ) pour les commandes en gros ?<\/strong><br data-start=\"3247\" data-end=\"3250\" \/>Le MOQ est de <strong data-start=\"3257\" data-end=\"3269\">flexible<\/strong>, en soutenant <strong data-start=\"3282\" data-end=\"3331\">les petites commandes d'essai et l'approvisionnement pour les grands projets<\/strong>.<\/p>\n<p data-start=\"3334\" data-end=\"3493\"><strong data-start=\"3334\" data-end=\"3393\">Q5 : La couche blind\u00e9e affecte-t-elle les performances optiques ?<\/strong><br data-start=\"3393\" data-end=\"3396\" \/>Non. Le blindage fournit <strong data-start=\"3423\" data-end=\"3453\">protection m\u00e9canique uniquement<\/strong> et fait <strong data-start=\"3463\" data-end=\"3492\">n'augmentent pas les pertes optiques<\/strong>.<\/p>\n<p data-start=\"3495\" data-end=\"3668\"><strong data-start=\"3495\" data-end=\"3549\">Q6 : Quel type de clients ach\u00e8te g\u00e9n\u00e9ralement ce mod\u00e8le ?<\/strong><br data-start=\"3549\" data-end=\"3552\" \/>Il est g\u00e9n\u00e9ralement fourni par <strong data-start=\"3578\" data-end=\"3667\">les op\u00e9rateurs de t\u00e9l\u00e9communications, les entrepreneurs FTTH, les int\u00e9grateurs de syst\u00e8mes et les distributeurs de fibres optiques<\/strong>.<\/p>","protected":false},"excerpt":{"rendered":"<p data-start=\"66\" data-end=\"461\">Le <strong data-start=\"70\" data-end=\"113\">SC\/UPC-LC\/UPC Cordon de raccordement en fibre arm\u00e9<\/strong> est un <strong data-start=\"119\" data-end=\"172\">cavalier monomode de qualit\u00e9 transporteur, haute durabilit\u00e9<\/strong> con\u00e7u pour <strong data-start=\"186\" data-end=\"270\">les r\u00e9seaux de t\u00e9l\u00e9communications, les centres de donn\u00e9es, les syst\u00e8mes FTTH et les installations industrielles de fibre optique<\/strong>. Avec un <strong data-start=\"279\" data-end=\"302\">connecteur SC robuste<\/strong> d'un c\u00f4t\u00e9 et un <strong data-start=\"320\" data-end=\"344\">connecteur LC compact<\/strong> d'autre part, ce c\u00e2ble fournit \u00e0 la fois <strong data-start=\"384\" data-end=\"413\">connectivit\u00e9 s\u00e9curis\u00e9e du panneau<\/strong> et <strong data-start=\"418\" data-end=\"460\">compatibilit\u00e9 avec les \u00e9metteurs-r\u00e9cepteurs \u00e0 haute densit\u00e9<\/strong>.<\/p>\n<p data-start=\"463\" data-end=\"695\">Le <strong data-start=\"467\" data-end=\"501\">structure de c\u00e2ble \u00e0 armature m\u00e9tallique<\/strong> offre une protection sup\u00e9rieure contre les <strong data-start=\"539\" data-end=\"602\">l'\u00e9crasement, les dommages caus\u00e9s par les rongeurs, les courbes prononc\u00e9es et les contraintes m\u00e9caniques<\/strong>, Il s'agit donc d'une solution id\u00e9ale pour <strong data-start=\"624\" data-end=\"694\">armoires ext\u00e9rieures, chemins de c\u00e2bles et environnements d'installation difficiles<\/strong>.<\/p>","protected":false},"featured_media":712,"comment_status":"open","ping_status":"closed","template":"","meta":[],"product_brand":[],"product_cat":[44],"product_tag":[],"class_list":{"0":"post-711","1":"product","2":"type-product","3":"status-publish","4":"has-post-thumbnail","6":"product_cat-multimode-fiber-optic-patch-cord","8":"first","9":"instock","10":"shipping-taxable","11":"product-type-simple"},"_links":{"self":[{"href":"https:\/\/www.fenxifiber.com\/fr\/wp-json\/wp\/v2\/product\/711","targetHints":{"allow":["GET"]}}],"collection":[{"href":"https:\/\/www.fenxifiber.com\/fr\/wp-json\/wp\/v2\/product"}],"about":[{"href":"https:\/\/www.fenxifiber.com\/fr\/wp-json\/wp\/v2\/types\/product"}],"replies":[{"embeddable":true,"href":"https:\/\/www.fenxifiber.com\/fr\/wp-json\/wp\/v2\/comments?post=711"}],"wp:featuredmedia":[{"embeddable":true,"href":"https:\/\/www.fenxifiber.com\/fr\/wp-json\/wp\/v2\/media\/712"}],"wp:attachment":[{"href":"https:\/\/www.fenxifiber.com\/fr\/wp-json\/wp\/v2\/media?parent=711"}],"wp:term":[{"taxonomy":"product_brand","embeddable":true,"href":"https:\/\/www.fenxifiber.com\/fr\/wp-json\/wp\/v2\/product_brand?post=711"},{"taxonomy":"product_cat","embeddable":true,"href":"https:\/\/www.fenxifiber.com\/fr\/wp-json\/wp\/v2\/product_cat?post=711"},{"taxonomy":"product_tag","embeddable":true,"href":"https:\/\/www.fenxifiber.com\/fr\/wp-json\/wp\/v2\/product_tag?post=711"}],"curies":[{"name":"wp","href":"https:\/\/api.w.org\/{rel}","templated":true}]}}