{"id":713,"date":"2026-02-03T07:28:23","date_gmt":"2026-02-03T07:28:23","guid":{"rendered":"https:\/\/www.fenxifiber.com\/?post_type=product&#038;p=713"},"modified":"2026-02-04T01:39:19","modified_gmt":"2026-02-04T01:39:19","slug":"fc-apc-sc-apc-blinde","status":"publish","type":"product","link":"https:\/\/www.fenxifiber.com\/fr\/product\/fc-apc-sc-apc-armoured\/","title":{"rendered":"FC\/APC-SC\/APC Cordon de raccordement arm\u00e9 en fibre optique monomode"},"content":{"rendered":"<h3 data-start=\"740\" data-end=\"790\"><strong data-start=\"744\" data-end=\"790\">Pourquoi passer de FC\/APC \u00e0 SC\/APC dans une conception blind\u00e9e ?<\/strong><\/h3>\n<ul data-start=\"792\" data-end=\"1269\">\n<li data-start=\"792\" data-end=\"926\">\n<p data-start=\"794\" data-end=\"926\"><strong data-start=\"794\" data-end=\"804\">FC\/APC<\/strong> offres <strong data-start=\"812\" data-end=\"849\">filet\u00e9, verrouillage anti-vibrations<\/strong>, id\u00e9al pour <strong data-start=\"861\" data-end=\"923\">\u00e9quipements de test, baies de t\u00e9l\u00e9communication et liaisons \u00e0 long terme avec les op\u00e9rateurs.<\/strong>.<\/p>\n<\/li>\n<li data-start=\"927\" data-end=\"1015\">\n<p data-start=\"929\" data-end=\"1015\"><strong data-start=\"929\" data-end=\"939\">SC\/APC<\/strong> est l'interface standard pour les <strong data-start=\"970\" data-end=\"1012\">ODF, r\u00e9partiteurs PON et t\u00eates de r\u00e9seau CATV<\/strong>.<\/p>\n<\/li>\n<li data-start=\"1016\" data-end=\"1120\">\n<p data-start=\"1018\" data-end=\"1120\"><strong data-start=\"1018\" data-end=\"1046\">Polissage APC (angle de 8\u00b0)<\/strong> livre <strong data-start=\"1056\" data-end=\"1078\">perte de retour \u226560 dB<\/strong>, minimisant la r\u00e9flexion et le bruit du laser.<\/p>\n<\/li>\n<li data-start=\"1121\" data-end=\"1269\">\n<p data-start=\"1123\" data-end=\"1269\"><strong data-start=\"1123\" data-end=\"1141\">C\u00e2ble arm\u00e9<\/strong> prot\u00e8ge contre <strong data-start=\"1159\" data-end=\"1206\">l'\u00e9crasement, la traction, les rongeurs et les virages serr\u00e9s<\/strong>, Il est donc parfait pour <strong data-start=\"1230\" data-end=\"1268\">d\u00e9ploiements ext\u00e9rieurs et industriels<\/strong>.<\/p>\n<\/li>\n<\/ul>\n<p data-start=\"1271\" data-end=\"1387\">Cette combinaison fait du c\u00e2ble un <strong data-start=\"1306\" data-end=\"1386\">choix privil\u00e9gi\u00e9 pour les r\u00e9seaux FTTH, GPON, XG-PON, XGS-PON et RF-sur-fibre<\/strong>.<\/p>\n<hr data-start=\"1389\" data-end=\"1392\" \/>\n<h3 data-start=\"1394\" data-end=\"1426\"><strong data-start=\"1398\" data-end=\"1426\">Sp\u00e9cifications techniques<\/strong><\/h3>\n<div class=\"TyagGW_tableContainer\">\n<div class=\"group TyagGW_tableWrapper flex flex-col-reverse w-fit\" tabindex=\"-1\">\n<table class=\"w-fit min-w-(--thread-content-width)\" data-start=\"1428\" data-end=\"1978\">\n<thead data-start=\"1428\" data-end=\"1466\">\n<tr data-start=\"1428\" data-end=\"1466\">\n<th class=\"\" data-start=\"1428\" data-end=\"1440\" data-col-size=\"sm\">Param\u00e8tres<\/th>\n<th class=\"\" data-start=\"1440\" data-end=\"1466\" data-col-size=\"sm\">FC\/APC-SC\/APC Blind\u00e9<\/th>\n<\/tr>\n<\/thead>\n<tbody data-start=\"1495\" data-end=\"1978\">\n<tr data-start=\"1495\" data-end=\"1538\">\n<td data-start=\"1495\" data-end=\"1508\" data-col-size=\"sm\">Type de fibre<\/td>\n<td data-start=\"1508\" data-end=\"1538\" data-col-size=\"sm\">OS2 monomode (9\/125 \u03bcm)<\/td>\n<\/tr>\n<tr data-start=\"1539\" data-end=\"1565\">\n<td data-start=\"1539\" data-end=\"1553\" data-col-size=\"sm\">Connecteur A<\/td>\n<td data-start=\"1553\" data-end=\"1565\" data-col-size=\"sm\">FC \/ APC<\/td>\n<\/tr>\n<tr data-start=\"1566\" data-end=\"1592\">\n<td data-start=\"1566\" data-end=\"1580\" data-col-size=\"sm\">Connecteur B<\/td>\n<td data-start=\"1580\" data-end=\"1592\" data-col-size=\"sm\">SC \/ APC<\/td>\n<\/tr>\n<tr data-start=\"1593\" data-end=\"1626\">\n<td data-start=\"1593\" data-end=\"1607\" data-col-size=\"sm\">Type de polissage<\/td>\n<td data-start=\"1607\" data-end=\"1626\" data-col-size=\"sm\">APC (coud\u00e9 \u00e0 8\u00b0)<\/td>\n<\/tr>\n<tr data-start=\"1627\" data-end=\"1688\">\n<td data-start=\"1627\" data-end=\"1645\" data-col-size=\"sm\">Structure du c\u00e2ble<\/td>\n<td data-start=\"1645\" data-end=\"1688\" data-col-size=\"sm\">Blind\u00e9 m\u00e9tallique (tube d'acier ou d'aluminium)<\/td>\n<\/tr>\n<tr data-start=\"1689\" data-end=\"1733\">\n<td data-start=\"1689\" data-end=\"1712\" data-col-size=\"sm\">Longueur d'onde de fonctionnement<\/td>\n<td data-start=\"1712\" data-end=\"1733\" data-col-size=\"sm\">1310 nm \/ 1550 nm<\/td>\n<\/tr>\n<tr data-start=\"1734\" data-end=\"1764\">\n<td data-start=\"1734\" data-end=\"1751\" data-col-size=\"sm\">Perte d'insertion<\/td>\n<td data-start=\"1751\" data-end=\"1764\" data-col-size=\"sm\">\u2264 0,30 dB<\/td>\n<\/tr>\n<tr data-start=\"1765\" data-end=\"1790\">\n<td data-start=\"1765\" data-end=\"1779\" data-col-size=\"sm\">Perte de retour<\/td>\n<td data-start=\"1779\" data-end=\"1790\" data-col-size=\"sm\">\u2265 60 dB<\/td>\n<\/tr>\n<tr data-start=\"1791\" data-end=\"1851\">\n<td data-start=\"1791\" data-end=\"1810\" data-col-size=\"sm\">R\u00e9sistance \u00e0 la traction<\/td>\n<td data-start=\"1810\" data-end=\"1851\" data-col-size=\"sm\">Beaucoup plus \u00e9lev\u00e9 que les cordons de raccordement standard<\/td>\n<\/tr>\n<tr data-start=\"1852\" data-end=\"1898\">\n<td data-start=\"1852\" data-end=\"1874\" data-col-size=\"sm\">Rayon de courbure minimal<\/td>\n<td data-start=\"1874\" data-end=\"1898\" data-col-size=\"sm\">\u2265 10\u00d7 diam\u00e8tre du c\u00e2ble<\/td>\n<\/tr>\n<tr data-start=\"1899\" data-end=\"1935\">\n<td data-start=\"1899\" data-end=\"1916\" data-col-size=\"sm\">Options de la veste<\/td>\n<td data-start=\"1916\" data-end=\"1935\" data-col-size=\"sm\">LSZH \/ PE \/ PVC<\/td>\n<\/tr>\n<tr data-start=\"1936\" data-end=\"1978\">\n<td data-start=\"1936\" data-end=\"1949\" data-col-size=\"sm\">Conformit\u00e9<\/td>\n<td data-start=\"1949\" data-end=\"1978\" data-col-size=\"sm\">IEC, TIA-568, RoHS, REACH<\/td>\n<\/tr>\n<\/tbody>\n<\/table>\n<\/div>\n<\/div>\n<hr data-start=\"1980\" data-end=\"1983\" \/>\n<h3 data-start=\"1985\" data-end=\"2037\"><strong data-start=\"1989\" data-end=\"2037\">Con\u00e7u pour le commerce de gros, les OEM et la fourniture de projets<\/strong><\/h3>\n<p data-start=\"2039\" data-end=\"2071\">Ce mod\u00e8le est largement fourni par :<\/p>\n<ul data-start=\"2073\" data-end=\"2243\">\n<li data-start=\"2073\" data-end=\"2108\">\n<p data-start=\"2075\" data-end=\"2108\"><strong data-start=\"2075\" data-end=\"2108\">Distributeurs de t\u00e9l\u00e9communications et de t\u00e9l\u00e9vision par c\u00e2ble<\/strong><\/p>\n<\/li>\n<li data-start=\"2109\" data-end=\"2138\">\n<p data-start=\"2111\" data-end=\"2138\"><strong data-start=\"2111\" data-end=\"2138\">Entrepreneurs FTTH &amp; FTTx<\/strong><\/p>\n<\/li>\n<li data-start=\"2139\" data-end=\"2163\">\n<p data-start=\"2141\" data-end=\"2163\"><strong data-start=\"2141\" data-end=\"2163\">Int\u00e9grateurs de syst\u00e8mes<\/strong><\/p>\n<\/li>\n<li data-start=\"2164\" data-end=\"2197\">\n<p data-start=\"2166\" data-end=\"2197\"><strong data-start=\"2166\" data-end=\"2197\">Fournisseurs d'\u00e9quipements de r\u00e9seau<\/strong><\/p>\n<\/li>\n<li data-start=\"2198\" data-end=\"2243\">\n<p data-start=\"2200\" data-end=\"2243\"><strong data-start=\"2200\" data-end=\"2243\">Exportateurs mondiaux et soci\u00e9t\u00e9s de sour\u00e7age<\/strong><\/p>\n<\/li>\n<\/ul>\n<p data-start=\"2245\" data-end=\"2256\">Nous soutenons :<\/p>\n<ul data-start=\"2257\" data-end=\"2406\">\n<li data-start=\"2257\" data-end=\"2274\">\n<p data-start=\"2259\" data-end=\"2274\"><strong data-start=\"2259\" data-end=\"2274\">Commandes en gros<\/strong><\/p>\n<\/li>\n<li data-start=\"2275\" data-end=\"2293\">\n<p data-start=\"2277\" data-end=\"2293\"><strong data-start=\"2277\" data-end=\"2293\">Flexible MOQ<\/strong><\/p>\n<\/li>\n<li data-start=\"2294\" data-end=\"2318\">\n<p data-start=\"2296\" data-end=\"2318\"><strong data-start=\"2296\" data-end=\"2318\">Marquage OEM \/ ODM<\/strong><\/p>\n<\/li>\n<li data-start=\"2319\" data-end=\"2351\">\n<p data-start=\"2321\" data-end=\"2351\"><strong data-start=\"2321\" data-end=\"2351\">Longueurs et emballages sur mesure<\/strong><\/p>\n<\/li>\n<li data-start=\"2352\" data-end=\"2380\">\n<p data-start=\"2354\" data-end=\"2380\"><strong data-start=\"2354\" data-end=\"2380\">Tarification directe \u00e0 l'usine<\/strong><\/p>\n<\/li>\n<li data-start=\"2381\" data-end=\"2406\">\n<p data-start=\"2383\" data-end=\"2406\"><strong data-start=\"2383\" data-end=\"2406\">Logistique mondiale<\/strong><\/p>\n<\/li>\n<\/ul>\n<hr data-start=\"2408\" data-end=\"2411\" \/>\n<h3 data-start=\"2413\" data-end=\"2464\"><strong data-start=\"2417\" data-end=\"2464\">Pourquoi APC + Armoured est la norme de l'industrie<\/strong><\/h3>\n<p data-start=\"2466\" data-end=\"2552\">Les connecteurs APC r\u00e9duisent consid\u00e9rablement <strong data-start=\"2500\" data-end=\"2527\">r\u00e9flexion optique arri\u00e8re<\/strong>, qui est essentiel pour :<\/p>\n<ul data-start=\"2553\" data-end=\"2642\">\n<li data-start=\"2553\" data-end=\"2563\">\n<p data-start=\"2555\" data-end=\"2563\"><strong data-start=\"2555\" data-end=\"2563\">CATV<\/strong><\/p>\n<\/li>\n<li data-start=\"2564\" data-end=\"2583\">\n<p data-start=\"2566\" data-end=\"2583\"><strong data-start=\"2566\" data-end=\"2583\">RF sur fibre<\/strong><\/p>\n<\/li>\n<li data-start=\"2584\" data-end=\"2611\">\n<p data-start=\"2586\" data-end=\"2611\"><strong data-start=\"2586\" data-end=\"2611\">R\u00e9seaux PON et FTTx<\/strong><\/p>\n<\/li>\n<li data-start=\"2612\" data-end=\"2642\">\n<p data-start=\"2614\" data-end=\"2642\"><strong data-start=\"2614\" data-end=\"2642\">Syst\u00e8mes laser de haute puissance<\/strong><\/p>\n<\/li>\n<\/ul>\n<p data-start=\"2644\" data-end=\"2802\">Le <strong data-start=\"2648\" data-end=\"2670\">structure blind\u00e9e<\/strong> garantit une fiabilit\u00e9 \u00e0 long terme dans les <strong data-start=\"2704\" data-end=\"2727\">installations sur le terrain<\/strong>, l'abaissement <strong data-start=\"2738\" data-end=\"2771\">les co\u00fbts de maintenance et les temps d'arr\u00eat<\/strong> pour les op\u00e9rateurs et les int\u00e9grateurs.<\/p>\n<hr data-start=\"2804\" data-end=\"2807\" \/>\n<h2 data-start=\"2809\" data-end=\"2832\"><strong data-start=\"2812\" data-end=\"2832\">FAQ professionnelle<\/strong><\/h2>\n<p data-start=\"2834\" data-end=\"2965\"><strong data-start=\"2834\" data-end=\"2891\">Q1 : Ce c\u00e2ble est-il adapt\u00e9 aux r\u00e9seaux FTTH et PON ?<\/strong><br data-start=\"2891\" data-end=\"2894\" \/>Oui, il est enti\u00e8rement compatible avec <strong data-start=\"2927\" data-end=\"2964\">Syst\u00e8mes GPON, XG-PON et XGS-PON<\/strong>.<\/p>\n<p data-start=\"2967\" data-end=\"3116\"><strong data-start=\"2967\" data-end=\"3018\">Q2 : Les connecteurs APC peuvent-ils \u00eatre m\u00e9lang\u00e9s avec les ports UPC ?<\/strong><br data-start=\"3018\" data-end=\"3021\" \/>Non. <strong data-start=\"3025\" data-end=\"3060\">APC et UPC ne doivent jamais \u00eatre m\u00e9lang\u00e9s<\/strong>-Cela risquerait d'endommager les connecteurs et de d\u00e9grader les performances.<\/p>\n<p data-start=\"3118\" data-end=\"3239\"><strong data-start=\"3118\" data-end=\"3163\">Q3 : Est-il possible d'obtenir un label OEM ou priv\u00e9 ?<\/strong><br data-start=\"3163\" data-end=\"3166\" \/>Oui. Nous fournissons <strong data-start=\"3182\" data-end=\"3238\">OEM, ODM, marquage priv\u00e9 et emballage personnalis\u00e9<\/strong>.<\/p>\n<p data-start=\"3241\" data-end=\"3376\"><strong data-start=\"3241\" data-end=\"3283\">Q4 : Quelle est la quantit\u00e9 minimale d'achat (MOQ) pour l'approvisionnement en vrac ?<\/strong><br data-start=\"3283\" data-end=\"3286\" \/>Le MOQ est de <strong data-start=\"3293\" data-end=\"3305\">flexible<\/strong>, soutenant \u00e0 la fois <strong data-start=\"3323\" data-end=\"3375\">petites commandes d'essai et d\u00e9ploiements de grands projets<\/strong>.<\/p>\n<p data-start=\"3378\" data-end=\"3526\"><strong data-start=\"3378\" data-end=\"3428\">Q5 : Le blindage affecte-t-il les performances optiques ?<\/strong><br data-start=\"3428\" data-end=\"3431\" \/>Non. L'armure fournit <strong data-start=\"3454\" data-end=\"3484\">protection m\u00e9canique uniquement<\/strong> et fait <strong data-start=\"3494\" data-end=\"3525\">n'augmente pas la perte d'insertion<\/strong>.<\/p>\n<p data-start=\"3528\" data-end=\"3695\"><strong data-start=\"3528\" data-end=\"3584\">Q6 : Quel type de clients ach\u00e8te g\u00e9n\u00e9ralement ce c\u00e2ble ?<\/strong><br data-start=\"3584\" data-end=\"3587\" \/>Il est g\u00e9n\u00e9ralement achet\u00e9 par <strong data-start=\"3615\" data-end=\"3694\">les op\u00e9rateurs de t\u00e9l\u00e9communications, les fournisseurs CATV, les entrepreneurs FTTH et les int\u00e9grateurs de syst\u00e8mes<\/strong>.<\/p>","protected":false},"excerpt":{"rendered":"<p data-start=\"66\" data-end=\"320\">Le <strong data-start=\"70\" data-end=\"113\">FC\/APC-SC\/APC Cordon de raccordement en fibre arm\u00e9<\/strong> est un <strong data-start=\"119\" data-end=\"169\">cavalier optique haute performance, de qualit\u00e9 transporteur<\/strong> con\u00e7u pour <strong data-start=\"183\" data-end=\"249\">R\u00e9seaux PON, syst\u00e8mes CATV et infrastructures de t\u00e9l\u00e9communications ext\u00e9rieures<\/strong> o\u00f9 <strong data-start=\"256\" data-end=\"304\">r\u00e9flexion ultra-faible et durabilit\u00e9 physique<\/strong> sont essentiels.<\/p>\n<p data-start=\"322\" data-end=\"575\">Avec <strong data-start=\"332\" data-end=\"372\">8\u00b0 Connecteurs FC et SC polis APC<\/strong> combin\u00e9e \u00e0 une <strong data-start=\"389\" data-end=\"423\">structure de c\u00e2ble \u00e0 armature m\u00e9tallique<\/strong>, Ce cordon de raccordement offre <strong data-start=\"450\" data-end=\"479\">puret\u00e9 exceptionnelle du signal<\/strong> tout en r\u00e9sistant <strong data-start=\"499\" data-end=\"574\">l'\u00e9crasement, les vibrations, les dommages caus\u00e9s par les rongeurs et les environnements d'installation difficiles<\/strong>.<\/p>\n<p data-start=\"577\" data-end=\"733\">En tant que <strong data-start=\"582\" data-end=\"636\">fabricant direct et exportateur en gros<\/strong>, nous soutenons <strong data-start=\"649\" data-end=\"723\">OEM, ODM, distributeurs, int\u00e9grateurs de syst\u00e8mes et projets d'approvisionnement en gros<\/strong> globalement.<\/p>","protected":false},"featured_media":714,"comment_status":"open","ping_status":"closed","template":"","meta":[],"product_brand":[],"product_cat":[44],"product_tag":[],"class_list":{"0":"post-713","1":"product","2":"type-product","3":"status-publish","4":"has-post-thumbnail","6":"product_cat-multimode-fiber-optic-patch-cord","8":"first","9":"instock","10":"shipping-taxable","11":"product-type-simple"},"_links":{"self":[{"href":"https:\/\/www.fenxifiber.com\/fr\/wp-json\/wp\/v2\/product\/713","targetHints":{"allow":["GET"]}}],"collection":[{"href":"https:\/\/www.fenxifiber.com\/fr\/wp-json\/wp\/v2\/product"}],"about":[{"href":"https:\/\/www.fenxifiber.com\/fr\/wp-json\/wp\/v2\/types\/product"}],"replies":[{"embeddable":true,"href":"https:\/\/www.fenxifiber.com\/fr\/wp-json\/wp\/v2\/comments?post=713"}],"wp:featuredmedia":[{"embeddable":true,"href":"https:\/\/www.fenxifiber.com\/fr\/wp-json\/wp\/v2\/media\/714"}],"wp:attachment":[{"href":"https:\/\/www.fenxifiber.com\/fr\/wp-json\/wp\/v2\/media?parent=713"}],"wp:term":[{"taxonomy":"product_brand","embeddable":true,"href":"https:\/\/www.fenxifiber.com\/fr\/wp-json\/wp\/v2\/product_brand?post=713"},{"taxonomy":"product_cat","embeddable":true,"href":"https:\/\/www.fenxifiber.com\/fr\/wp-json\/wp\/v2\/product_cat?post=713"},{"taxonomy":"product_tag","embeddable":true,"href":"https:\/\/www.fenxifiber.com\/fr\/wp-json\/wp\/v2\/product_tag?post=713"}],"curies":[{"name":"wp","href":"https:\/\/api.w.org\/{rel}","templated":true}]}}