{"id":715,"date":"2026-02-03T07:31:19","date_gmt":"2026-02-03T07:31:19","guid":{"rendered":"https:\/\/www.fenxifiber.com\/?post_type=product&#038;p=715"},"modified":"2026-02-04T01:39:53","modified_gmt":"2026-02-04T01:39:53","slug":"sc-apc-sc-apc-blinde","status":"publish","type":"product","link":"https:\/\/www.fenxifiber.com\/fr\/product\/sc-apc-sc-apc-armoured\/","title":{"rendered":"Cordon de raccordement arm\u00e9 en fibre optique monomode SC\/APC-SC\/APC"},"content":{"rendered":"<h3 data-start=\"729\" data-end=\"772\"><strong data-start=\"733\" data-end=\"772\">Pourquoi SC\/APC avec protection blind\u00e9e<\/strong><\/h3>\n<p data-start=\"774\" data-end=\"1013\">SC\/APC est le <strong data-start=\"788\" data-end=\"810\">interface standard<\/strong> pour <strong data-start=\"815\" data-end=\"858\">ODF, s\u00e9parateurs PON et \u00e9quipement CATV<\/strong>. Les <strong data-start=\"864\" data-end=\"887\">Polissage APC \u00e0 8 degr\u00e9s<\/strong> r\u00e9duit consid\u00e9rablement <strong data-start=\"909\" data-end=\"936\">r\u00e9flexion optique arri\u00e8re<\/strong>, ce qui est essentiel pour <strong data-start=\"960\" data-end=\"1012\">Syst\u00e8mes RF sur fibre, GPON, XG-PON et XGS-PON<\/strong>.<\/p>\n<p data-start=\"1015\" data-end=\"1136\">Ajouter un <strong data-start=\"1025\" data-end=\"1049\">couche de c\u00e2ble arm\u00e9<\/strong> transforme ce cordon de raccordement en un <strong data-start=\"1084\" data-end=\"1108\">solution pr\u00eate \u00e0 l'emploi<\/strong> qui peuvent \u00eatre achemin\u00e9s :<\/p>\n<ul data-start=\"1137\" data-end=\"1217\">\n<li data-start=\"1137\" data-end=\"1157\">\n<p data-start=\"1139\" data-end=\"1157\">Armoires d'ext\u00e9rieur<\/p>\n<\/li>\n<li data-start=\"1158\" data-end=\"1173\">\n<p data-start=\"1160\" data-end=\"1173\">Conduits de sol<\/p>\n<\/li>\n<li data-start=\"1174\" data-end=\"1189\">\n<p data-start=\"1176\" data-end=\"1189\">Chemins de c\u00e2bles<\/p>\n<\/li>\n<li data-start=\"1190\" data-end=\"1217\">\n<p data-start=\"1192\" data-end=\"1217\">Bo\u00eetiers de stations de base<\/p>\n<\/li>\n<\/ul>\n<p data-start=\"1219\" data-end=\"1250\">sans risquer de casser les fibres.<\/p>\n<hr data-start=\"1252\" data-end=\"1255\" \/>\n<h3 data-start=\"1257\" data-end=\"1289\"><strong data-start=\"1261\" data-end=\"1289\">Sp\u00e9cifications techniques<\/strong><\/h3>\n<div class=\"TyagGW_tableContainer\">\n<div class=\"group TyagGW_tableWrapper flex flex-col-reverse w-fit\" tabindex=\"-1\">\n<table class=\"w-fit min-w-(--thread-content-width)\" data-start=\"1291\" data-end=\"1824\">\n<thead data-start=\"1291\" data-end=\"1329\">\n<tr data-start=\"1291\" data-end=\"1329\">\n<th class=\"\" data-start=\"1291\" data-end=\"1303\" data-col-size=\"sm\">Param\u00e8tres<\/th>\n<th class=\"\" data-start=\"1303\" data-end=\"1329\" data-col-size=\"sm\">SC\/APC-SC\/APC Blind\u00e9<\/th>\n<\/tr>\n<\/thead>\n<tbody data-start=\"1358\" data-end=\"1824\">\n<tr data-start=\"1358\" data-end=\"1401\">\n<td data-start=\"1358\" data-end=\"1371\" data-col-size=\"sm\">Type de fibre<\/td>\n<td data-start=\"1371\" data-end=\"1401\" data-col-size=\"sm\">OS2 monomode (9\/125 \u03bcm)<\/td>\n<\/tr>\n<tr data-start=\"1402\" data-end=\"1443\">\n<td data-start=\"1402\" data-end=\"1419\" data-col-size=\"sm\">Type de connecteur<\/td>\n<td data-start=\"1419\" data-end=\"1443\" data-col-size=\"sm\">SC \/ APC vers SC \/ APC<\/td>\n<\/tr>\n<tr data-start=\"1444\" data-end=\"1472\">\n<td data-start=\"1444\" data-end=\"1453\" data-col-size=\"sm\">Polonais<\/td>\n<td data-start=\"1453\" data-end=\"1472\" data-col-size=\"sm\">APC (coud\u00e9 \u00e0 8\u00b0)<\/td>\n<\/tr>\n<tr data-start=\"1473\" data-end=\"1534\">\n<td data-start=\"1473\" data-end=\"1491\" data-col-size=\"sm\">Structure du c\u00e2ble<\/td>\n<td data-start=\"1491\" data-end=\"1534\" data-col-size=\"sm\">Blind\u00e9 m\u00e9tallique (tube d'acier ou d'aluminium)<\/td>\n<\/tr>\n<tr data-start=\"1535\" data-end=\"1579\">\n<td data-start=\"1535\" data-end=\"1558\" data-col-size=\"sm\">Longueur d'onde de fonctionnement<\/td>\n<td data-start=\"1558\" data-end=\"1579\" data-col-size=\"sm\">1310 nm \/ 1550 nm<\/td>\n<\/tr>\n<tr data-start=\"1580\" data-end=\"1610\">\n<td data-start=\"1580\" data-end=\"1597\" data-col-size=\"sm\">Perte d'insertion<\/td>\n<td data-start=\"1597\" data-end=\"1610\" data-col-size=\"sm\">\u2264 0,30 dB<\/td>\n<\/tr>\n<tr data-start=\"1611\" data-end=\"1636\">\n<td data-start=\"1611\" data-end=\"1625\" data-col-size=\"sm\">Perte de retour<\/td>\n<td data-start=\"1625\" data-end=\"1636\" data-col-size=\"sm\">\u2265 60 dB<\/td>\n<\/tr>\n<tr data-start=\"1637\" data-end=\"1697\">\n<td data-start=\"1637\" data-end=\"1656\" data-col-size=\"sm\">R\u00e9sistance \u00e0 la traction<\/td>\n<td data-start=\"1656\" data-end=\"1697\" data-col-size=\"sm\">Beaucoup plus \u00e9lev\u00e9 que les cordons de raccordement standard<\/td>\n<\/tr>\n<tr data-start=\"1698\" data-end=\"1744\">\n<td data-start=\"1698\" data-end=\"1720\" data-col-size=\"sm\">Rayon de courbure minimal<\/td>\n<td data-start=\"1720\" data-end=\"1744\" data-col-size=\"sm\">\u2265 10\u00d7 diam\u00e8tre du c\u00e2ble<\/td>\n<\/tr>\n<tr data-start=\"1745\" data-end=\"1781\">\n<td data-start=\"1745\" data-end=\"1762\" data-col-size=\"sm\">Options de la veste<\/td>\n<td data-start=\"1762\" data-end=\"1781\" data-col-size=\"sm\">LSZH \/ PE \/ PVC<\/td>\n<\/tr>\n<tr data-start=\"1782\" data-end=\"1824\">\n<td data-start=\"1782\" data-end=\"1795\" data-col-size=\"sm\">Conformit\u00e9<\/td>\n<td data-start=\"1795\" data-end=\"1824\" data-col-size=\"sm\">IEC, TIA-568, RoHS, REACH<\/td>\n<\/tr>\n<\/tbody>\n<\/table>\n<\/div>\n<\/div>\n<hr data-start=\"1826\" data-end=\"1829\" \/>\n<h3 data-start=\"1831\" data-end=\"1882\"><strong data-start=\"1835\" data-end=\"1882\">Con\u00e7u pour les grossistes, les \u00e9quipementiers et les projets de r\u00e9seau<\/strong><\/h3>\n<p data-start=\"1884\" data-end=\"1937\">Ce cordon de raccordement blind\u00e9 SC\/APC est largement utilis\u00e9 par :<\/p>\n<ul data-start=\"1939\" data-end=\"2100\">\n<li data-start=\"1939\" data-end=\"1972\">\n<p data-start=\"1941\" data-end=\"1972\"><strong data-start=\"1941\" data-end=\"1972\">Distributeurs Telecom &amp; CATV<\/strong><\/p>\n<\/li>\n<li data-start=\"1973\" data-end=\"2004\">\n<p data-start=\"1975\" data-end=\"2004\"><strong data-start=\"1975\" data-end=\"2004\">Entrepreneurs FTTH et FTTx<\/strong><\/p>\n<\/li>\n<li data-start=\"2005\" data-end=\"2029\">\n<p data-start=\"2007\" data-end=\"2029\"><strong data-start=\"2007\" data-end=\"2029\">Int\u00e9grateurs de syst\u00e8mes<\/strong><\/p>\n<\/li>\n<li data-start=\"2030\" data-end=\"2057\">\n<p data-start=\"2032\" data-end=\"2057\"><strong data-start=\"2032\" data-end=\"2057\">Op\u00e9rateurs de r\u00e9seaux PON<\/strong><\/p>\n<\/li>\n<li data-start=\"2058\" data-end=\"2100\">\n<p data-start=\"2060\" data-end=\"2100\"><strong data-start=\"2060\" data-end=\"2100\">Agents d'approvisionnement et exportateurs mondiaux<\/strong><\/p>\n<\/li>\n<\/ul>\n<p data-start=\"2102\" data-end=\"2113\">Nous soutenons :<\/p>\n<ul data-start=\"2114\" data-end=\"2269\">\n<li data-start=\"2114\" data-end=\"2131\">\n<p data-start=\"2116\" data-end=\"2131\"><strong data-start=\"2116\" data-end=\"2131\">Commandes en gros<\/strong><\/p>\n<\/li>\n<li data-start=\"2132\" data-end=\"2150\">\n<p data-start=\"2134\" data-end=\"2150\"><strong data-start=\"2134\" data-end=\"2150\">Flexible MOQ<\/strong><\/p>\n<\/li>\n<li data-start=\"2151\" data-end=\"2180\">\n<p data-start=\"2153\" data-end=\"2180\"><strong data-start=\"2153\" data-end=\"2180\">Fabrication OEM \/ ODM<\/strong><\/p>\n<\/li>\n<li data-start=\"2181\" data-end=\"2215\">\n<p data-start=\"2183\" data-end=\"2215\"><strong data-start=\"2183\" data-end=\"2215\">\u00c9tiquetage et emballage priv\u00e9s<\/strong><\/p>\n<\/li>\n<li data-start=\"2216\" data-end=\"2244\">\n<p data-start=\"2218\" data-end=\"2244\"><strong data-start=\"2218\" data-end=\"2244\">Tarification directe \u00e0 l'usine<\/strong><\/p>\n<\/li>\n<li data-start=\"2245\" data-end=\"2269\">\n<p data-start=\"2247\" data-end=\"2269\"><strong data-start=\"2247\" data-end=\"2269\">Exp\u00e9dition dans le monde entier<\/strong><\/p>\n<\/li>\n<\/ul>\n<hr data-start=\"2271\" data-end=\"2274\" \/>\n<h3 data-start=\"2276\" data-end=\"2333\"><strong data-start=\"2280\" data-end=\"2333\">Pourquoi APC + OS2 + Armoured est la norme de l'industrie<\/strong><\/h3>\n<p data-start=\"2335\" data-end=\"2648\">Les connecteurs APC fournissent <strong data-start=\"2358\" data-end=\"2380\">perte de retour \u226560 dB<\/strong>, Le syst\u00e8me d'alarme de l'appareil est donc un moyen d'emp\u00eacher la r\u00e9flexion du signal qui peut perturber le fonctionnement de l'appareil. <strong data-start=\"2428\" data-end=\"2470\">transmission vid\u00e9o analogique, RF et PON<\/strong>.<br data-start=\"2471\" data-end=\"2474\" \/>La fibre monomode OS2 prend en charge <strong data-start=\"2505\" data-end=\"2553\">10G, 25G, 40G, 100G+ et liaisons longue distance<\/strong>.<br data-start=\"2554\" data-end=\"2557\" \/>La construction blind\u00e9e garantit <strong data-start=\"2587\" data-end=\"2621\">fiabilit\u00e9 physique \u00e0 long terme<\/strong> dans des d\u00e9ploiements r\u00e9els.<\/p>\n<hr data-start=\"2650\" data-end=\"2653\" \/>\n<h2 data-start=\"2655\" data-end=\"2678\"><strong data-start=\"2658\" data-end=\"2678\">FAQ professionnelle<\/strong><\/h2>\n<p data-start=\"2680\" data-end=\"2811\"><strong data-start=\"2680\" data-end=\"2737\">Q1 : Ce c\u00e2ble est-il adapt\u00e9 aux r\u00e9seaux FTTH et PON ?<\/strong><br data-start=\"2737\" data-end=\"2740\" \/>Oui, il est enti\u00e8rement compatible avec <strong data-start=\"2773\" data-end=\"2810\">Syst\u00e8mes GPON, XG-PON et XGS-PON<\/strong>.<\/p>\n<p data-start=\"2813\" data-end=\"2964\"><strong data-start=\"2813\" data-end=\"2855\">Q2 : Le SC\/APC peut-il \u00eatre utilis\u00e9 avec les ports UPC ?<\/strong><br data-start=\"2855\" data-end=\"2858\" \/>Non. <strong data-start=\"2862\" data-end=\"2908\">Les connecteurs APC et UPC ne doivent jamais \u00eatre m\u00e9lang\u00e9s<\/strong>, Il est important de ne pas endommager les connecteurs et de ne pas nuire \u00e0 la performance.<\/p>\n<p data-start=\"2966\" data-end=\"3091\"><strong data-start=\"2966\" data-end=\"3015\">Q3 : Est-il possible d'apposer la marque d'un OEM ou d'un distributeur ?<\/strong><br data-start=\"3015\" data-end=\"3018\" \/>Oui. Nous fournissons <strong data-start=\"3034\" data-end=\"3090\">OEM, ODM, \u00e9tiquetage priv\u00e9 et emballage personnalis\u00e9<\/strong>.<\/p>\n<p data-start=\"3093\" data-end=\"3224\"><strong data-start=\"3093\" data-end=\"3138\">Q4 : Quelle est la quantit\u00e9 minimale de commande pour les commandes en gros ?<\/strong><br data-start=\"3138\" data-end=\"3141\" \/>Le MOQ est de <strong data-start=\"3148\" data-end=\"3160\">flexible<\/strong>, permettant <strong data-start=\"3171\" data-end=\"3223\">les petites commandes d'essai et la passation de march\u00e9s pour les grands projets<\/strong>.<\/p>\n<p data-start=\"3226\" data-end=\"3380\"><strong data-start=\"3226\" data-end=\"3278\">Q5 : La couche blind\u00e9e a-t-elle une incidence sur les pertes optiques ?<\/strong><br data-start=\"3278\" data-end=\"3281\" \/>Non. Le blindage fournit <strong data-start=\"3308\" data-end=\"3338\">protection m\u00e9canique uniquement<\/strong> et fait <strong data-start=\"3348\" data-end=\"3379\">n'augmente pas la perte d'insertion<\/strong>.<\/p>\n<p data-start=\"3382\" data-end=\"3534\"><strong data-start=\"3382\" data-end=\"3425\">Q6 : Qui ach\u00e8te g\u00e9n\u00e9ralement ce mod\u00e8le ?<\/strong><br data-start=\"3425\" data-end=\"3428\" \/>Il est g\u00e9n\u00e9ralement fourni par <strong data-start=\"3454\" data-end=\"3533\">les op\u00e9rateurs de t\u00e9l\u00e9communications, les fournisseurs CATV, les entrepreneurs FTTH et les int\u00e9grateurs de syst\u00e8mes<\/strong>.<\/p>","protected":false},"excerpt":{"rendered":"<p data-start=\"66\" data-end=\"312\">Le <strong data-start=\"70\" data-end=\"113\">SC\/APC-SC\/APC Cordon de raccordement en fibre arm\u00e9<\/strong> est un <strong data-start=\"119\" data-end=\"151\">cavalier optique de qualit\u00e9 transporteur<\/strong> con\u00e7u pour <strong data-start=\"165\" data-end=\"238\">FTTH, r\u00e9seaux PON, t\u00eates de r\u00e9seau CATV et infrastructures de t\u00e9l\u00e9communications ext\u00e9rieures<\/strong> o\u00f9 <strong data-start=\"245\" data-end=\"295\">r\u00e9flexion ultra-faible et durabilit\u00e9 m\u00e9canique<\/strong> sont essentiels.<\/p>\n<p data-start=\"314\" data-end=\"560\">Avec <strong data-start=\"324\" data-end=\"364\">Connecteurs SC polis APC, coud\u00e9s \u00e0 8\u00b0.<\/strong> aux deux extr\u00e9mit\u00e9s et un <strong data-start=\"384\" data-end=\"418\">structure de c\u00e2ble \u00e0 armature m\u00e9tallique<\/strong>, Ce mod\u00e8le garantit <strong data-start=\"439\" data-end=\"467\">stabilit\u00e9 maximale du signal<\/strong> tout en survivant <strong data-start=\"484\" data-end=\"559\">l'\u00e9crasement, les vibrations, les dommages caus\u00e9s par les rongeurs et les environnements d'installation difficiles<\/strong>.<\/p>\n<p data-start=\"562\" data-end=\"722\">En tant que <strong data-start=\"567\" data-end=\"625\">fabricant et exportateur en gros de fibres optiques directes<\/strong>, nous soutenons <strong data-start=\"638\" data-end=\"711\">OEM, ODM, distributeurs, int\u00e9grateurs de syst\u00e8mes et approvisionnement de projets en vrac<\/strong> dans le monde entier.<\/p>","protected":false},"featured_media":716,"comment_status":"open","ping_status":"closed","template":"","meta":[],"product_brand":[],"product_cat":[44],"product_tag":[],"class_list":{"0":"post-715","1":"product","2":"type-product","3":"status-publish","4":"has-post-thumbnail","6":"product_cat-multimode-fiber-optic-patch-cord","8":"first","9":"instock","10":"shipping-taxable","11":"product-type-simple"},"_links":{"self":[{"href":"https:\/\/www.fenxifiber.com\/fr\/wp-json\/wp\/v2\/product\/715","targetHints":{"allow":["GET"]}}],"collection":[{"href":"https:\/\/www.fenxifiber.com\/fr\/wp-json\/wp\/v2\/product"}],"about":[{"href":"https:\/\/www.fenxifiber.com\/fr\/wp-json\/wp\/v2\/types\/product"}],"replies":[{"embeddable":true,"href":"https:\/\/www.fenxifiber.com\/fr\/wp-json\/wp\/v2\/comments?post=715"}],"wp:featuredmedia":[{"embeddable":true,"href":"https:\/\/www.fenxifiber.com\/fr\/wp-json\/wp\/v2\/media\/716"}],"wp:attachment":[{"href":"https:\/\/www.fenxifiber.com\/fr\/wp-json\/wp\/v2\/media?parent=715"}],"wp:term":[{"taxonomy":"product_brand","embeddable":true,"href":"https:\/\/www.fenxifiber.com\/fr\/wp-json\/wp\/v2\/product_brand?post=715"},{"taxonomy":"product_cat","embeddable":true,"href":"https:\/\/www.fenxifiber.com\/fr\/wp-json\/wp\/v2\/product_cat?post=715"},{"taxonomy":"product_tag","embeddable":true,"href":"https:\/\/www.fenxifiber.com\/fr\/wp-json\/wp\/v2\/product_tag?post=715"}],"curies":[{"name":"wp","href":"https:\/\/api.w.org\/{rel}","templated":true}]}}