{"id":717,"date":"2026-02-03T07:33:59","date_gmt":"2026-02-03T07:33:59","guid":{"rendered":"https:\/\/www.fenxifiber.com\/?post_type=product&#038;p=717"},"modified":"2026-02-04T01:40:23","modified_gmt":"2026-02-04T01:40:23","slug":"sc-upc-sc-apc-blinde","status":"publish","type":"product","link":"https:\/\/www.fenxifiber.com\/fr\/product\/sc-upc-sc-apc-armoured\/","title":{"rendered":"Cordon de raccordement arm\u00e9 en fibre optique monomode SC\/UPC-SC\/APC"},"content":{"rendered":"<h3 data-start=\"698\" data-end=\"734\"><strong data-start=\"702\" data-end=\"734\">Ce qui rend ce c\u00e2ble unique<\/strong><\/h3>\n<p data-start=\"736\" data-end=\"1024\">De nombreux r\u00e9seaux FTTH et CATV fonctionnent encore <strong data-start=\"774\" data-end=\"819\">Interfaces UPC sur les ODF et les \u00e9quipements de test<\/strong>, tandis que <strong data-start=\"827\" data-end=\"879\">les r\u00e9partiteurs, les ONU et les \u00e9metteurs RF requi\u00e8rent l'APC<\/strong>.<br data-start=\"880\" data-end=\"883\" \/>Le pr\u00e9sent <strong data-start=\"888\" data-end=\"921\">Jumper blind\u00e9 SC\/UPC-SC\/APC<\/strong> comble cette lacune, en fournissant <strong data-start=\"951\" data-end=\"980\">une performance optique propre<\/strong> tout en \u00e9liminant les panneaux de connexion inutiles.<\/p>\n<p data-start=\"1026\" data-end=\"1071\">Le <strong data-start=\"1030\" data-end=\"1061\">conception du c\u00e2ble \u00e0 armature m\u00e9tallique<\/strong> fournit :<\/p>\n<ul data-start=\"1072\" data-end=\"1163\">\n<li data-start=\"1072\" data-end=\"1092\">\n<p data-start=\"1074\" data-end=\"1092\">R\u00e9sistance \u00e0 l'\u00e9crasement<\/p>\n<\/li>\n<li data-start=\"1093\" data-end=\"1114\">\n<p data-start=\"1095\" data-end=\"1114\">Protection contre les rongeurs<\/p>\n<\/li>\n<li data-start=\"1115\" data-end=\"1163\">\n<p data-start=\"1117\" data-end=\"1163\">Acheminement stable dans les armoires et les baies ext\u00e9rieures<\/p>\n<\/li>\n<\/ul>\n<p data-start=\"1165\" data-end=\"1234\">ce qui le rend id\u00e9al pour <strong data-start=\"1185\" data-end=\"1233\">l'installation sur le terrain et les chemins de c\u00e2bles \u00e0 haut risque<\/strong>.<\/p>\n<hr data-start=\"1236\" data-end=\"1239\" \/>\n<h3 data-start=\"1241\" data-end=\"1273\"><strong data-start=\"1245\" data-end=\"1273\">Sp\u00e9cifications techniques<\/strong><\/h3>\n<div class=\"TyagGW_tableContainer\">\n<div class=\"group TyagGW_tableWrapper flex flex-col-reverse w-fit\" tabindex=\"-1\">\n<table class=\"w-fit min-w-(--thread-content-width)\" data-start=\"1275\" data-end=\"1749\">\n<thead data-start=\"1275\" data-end=\"1313\">\n<tr data-start=\"1275\" data-end=\"1313\">\n<th class=\"\" data-start=\"1275\" data-end=\"1287\" data-col-size=\"sm\">Param\u00e8tres<\/th>\n<th class=\"\" data-start=\"1287\" data-end=\"1313\" data-col-size=\"sm\">SC\/UPC-SC\/APC Blind\u00e9<\/th>\n<\/tr>\n<\/thead>\n<tbody data-start=\"1342\" data-end=\"1749\">\n<tr data-start=\"1342\" data-end=\"1383\">\n<td data-start=\"1342\" data-end=\"1355\" data-col-size=\"sm\">Type de fibre<\/td>\n<td data-start=\"1355\" data-end=\"1383\" data-col-size=\"sm\">OS2 monomode 9\/125 \u03bcm<\/td>\n<\/tr>\n<tr data-start=\"1384\" data-end=\"1410\">\n<td data-start=\"1384\" data-end=\"1398\" data-col-size=\"sm\">Connecteur A<\/td>\n<td data-start=\"1398\" data-end=\"1410\" data-col-size=\"sm\">SC \/ UPC<\/td>\n<\/tr>\n<tr data-start=\"1411\" data-end=\"1449\">\n<td data-start=\"1411\" data-end=\"1425\" data-col-size=\"sm\">Connecteur B<\/td>\n<td data-start=\"1425\" data-end=\"1449\" data-col-size=\"sm\">SC \/ APC (coud\u00e9 \u00e0 8\u00b0)<\/td>\n<\/tr>\n<tr data-start=\"1450\" data-end=\"1481\">\n<td data-start=\"1450\" data-end=\"1463\" data-col-size=\"sm\">Type de c\u00e2ble<\/td>\n<td data-start=\"1463\" data-end=\"1481\" data-col-size=\"sm\">Blind\u00e9s m\u00e9talliques<\/td>\n<\/tr>\n<tr data-start=\"1482\" data-end=\"1526\">\n<td data-start=\"1482\" data-end=\"1505\" data-col-size=\"sm\">Longueur d'onde de fonctionnement<\/td>\n<td data-start=\"1505\" data-end=\"1526\" data-col-size=\"sm\">1310 nm \/ 1550 nm<\/td>\n<\/tr>\n<tr data-start=\"1527\" data-end=\"1557\">\n<td data-start=\"1527\" data-end=\"1544\" data-col-size=\"sm\">Perte d'insertion<\/td>\n<td data-start=\"1544\" data-end=\"1557\" data-col-size=\"sm\">\u2264 0,30 dB<\/td>\n<\/tr>\n<tr data-start=\"1558\" data-end=\"1593\">\n<td data-start=\"1558\" data-end=\"1582\" data-col-size=\"sm\">Perte de retour (extr\u00e9mit\u00e9 UPC)<\/td>\n<td data-start=\"1582\" data-end=\"1593\" data-col-size=\"sm\">\u2265 50 dB<\/td>\n<\/tr>\n<tr data-start=\"1594\" data-end=\"1629\">\n<td data-start=\"1594\" data-end=\"1618\" data-col-size=\"sm\">Perte de retour (extr\u00e9mit\u00e9 APC)<\/td>\n<td data-start=\"1618\" data-end=\"1629\" data-col-size=\"sm\">\u2265 60 dB<\/td>\n<\/tr>\n<tr data-start=\"1630\" data-end=\"1678\">\n<td data-start=\"1630\" data-end=\"1649\" data-col-size=\"sm\">R\u00e9sistance \u00e0 la traction<\/td>\n<td data-start=\"1649\" data-end=\"1678\" data-col-size=\"sm\">\u00c9lev\u00e9e (structure blind\u00e9e)<\/td>\n<\/tr>\n<tr data-start=\"1679\" data-end=\"1707\">\n<td data-start=\"1679\" data-end=\"1688\" data-col-size=\"sm\">Veste<\/td>\n<td data-start=\"1688\" data-end=\"1707\" data-col-size=\"sm\">LSZH \/ PE \/ PVC<\/td>\n<\/tr>\n<tr data-start=\"1708\" data-end=\"1749\">\n<td data-start=\"1708\" data-end=\"1720\" data-col-size=\"sm\">Normes<\/td>\n<td data-start=\"1720\" data-end=\"1749\" data-col-size=\"sm\">IEC, TIA-568, RoHS, REACH<\/td>\n<\/tr>\n<\/tbody>\n<\/table>\n<\/div>\n<\/div>\n<hr data-start=\"1751\" data-end=\"1754\" \/>\n<h3 data-start=\"1756\" data-end=\"1806\"><strong data-start=\"1760\" data-end=\"1806\">Con\u00e7u pour les r\u00e9seaux de t\u00e9l\u00e9communication, FTTH et CATV<\/strong><\/h3>\n<p data-start=\"1808\" data-end=\"1837\">Ce mod\u00e8le est largement utilis\u00e9 dans :<\/p>\n<ul data-start=\"1838\" data-end=\"2013\">\n<li data-start=\"1838\" data-end=\"1872\">\n<p data-start=\"1840\" data-end=\"1872\"><strong data-start=\"1840\" data-end=\"1872\">Projets de d\u00e9ploiement FTTH et FTTx<\/strong><\/p>\n<\/li>\n<li data-start=\"1873\" data-end=\"1910\">\n<p data-start=\"1875\" data-end=\"1910\"><strong data-start=\"1875\" data-end=\"1910\">Syst\u00e8mes GPON \/ XG-PON \/ XGS-PON<\/strong><\/p>\n<\/li>\n<li data-start=\"1911\" data-end=\"1941\">\n<p data-start=\"1913\" data-end=\"1941\"><strong data-start=\"1913\" data-end=\"1941\">Liaisons CATV RF sur fibre<\/strong><\/p>\n<\/li>\n<li data-start=\"1942\" data-end=\"1971\">\n<p data-start=\"1944\" data-end=\"1971\"><strong data-start=\"1944\" data-end=\"1971\">Trames d'\u00e9change de t\u00e9l\u00e9communications<\/strong><\/p>\n<\/li>\n<li data-start=\"1972\" data-end=\"2013\">\n<p data-start=\"1974\" data-end=\"2013\"><strong data-start=\"1974\" data-end=\"2013\">Armoires de distribution de fibres en ext\u00e9rieur<\/strong><\/p>\n<\/li>\n<\/ul>\n<p data-start=\"2015\" data-end=\"2145\">Il est fr\u00e9quemment sourc\u00e9 par :<br \/>\n<strong data-start=\"2044\" data-end=\"2144\">grossistes, distributeurs, int\u00e9grateurs de r\u00e9seaux, entrepreneurs en t\u00e9l\u00e9communications, exportateurs et partenaires OEM<\/strong>.<\/p>\n<hr data-start=\"2147\" data-end=\"2150\" \/>\n<h3 data-start=\"2152\" data-end=\"2205\"><strong data-start=\"2156\" data-end=\"2205\">Pourquoi les acheteurs mondiaux choisissent-ils nos vestes blind\u00e9es ?<\/strong><\/h3>\n<ul data-start=\"2207\" data-end=\"2396\">\n<li data-start=\"2207\" data-end=\"2234\">\n<p data-start=\"2209\" data-end=\"2234\"><strong data-start=\"2209\" data-end=\"2234\">Fourniture directe \u00e0 l'usine<\/strong><\/p>\n<\/li>\n<li data-start=\"2235\" data-end=\"2264\">\n<p data-start=\"2237\" data-end=\"2264\"><strong data-start=\"2237\" data-end=\"2264\">Personnalisation OEM \/ ODM<\/strong><\/p>\n<\/li>\n<li data-start=\"2265\" data-end=\"2289\">\n<p data-start=\"2267\" data-end=\"2289\"><strong data-start=\"2267\" data-end=\"2289\">Soutien aux commandes group\u00e9es<\/strong><\/p>\n<\/li>\n<li data-start=\"2290\" data-end=\"2314\">\n<p data-start=\"2292\" data-end=\"2314\"><strong data-start=\"2292\" data-end=\"2314\">MOQ faible et flexible<\/strong><\/p>\n<\/li>\n<li data-start=\"2315\" data-end=\"2353\">\n<p data-start=\"2317\" data-end=\"2353\"><strong data-start=\"2317\" data-end=\"2353\">Label priv\u00e9 et emballage personnalis\u00e9<\/strong><\/p>\n<\/li>\n<li data-start=\"2354\" data-end=\"2396\">\n<p data-start=\"2356\" data-end=\"2396\"><strong data-start=\"2356\" data-end=\"2396\">Approvisionnement stable \u00e0 long terme pour les projets<\/strong><\/p>\n<\/li>\n<\/ul>","protected":false},"excerpt":{"rendered":"<p data-start=\"66\" data-end=\"304\">Le <strong data-start=\"70\" data-end=\"107\">SC\/UPC-SC\/APC Cordon de raccordement arm\u00e9<\/strong> est un <strong data-start=\"113\" data-end=\"149\">cavalier monomode hybride-polissage<\/strong> con\u00e7u pour <strong data-start=\"163\" data-end=\"206\">R\u00e9seaux PON, CATV et r\u00e9seaux dorsaux de t\u00e9l\u00e9communications<\/strong> o\u00f9 <strong data-start=\"213\" data-end=\"284\">faible perte d'insertion, r\u00e9flexion ultra-faible et protection m\u00e9canique<\/strong> sont tous n\u00e9cessaires.<\/p>\n<p data-start=\"306\" data-end=\"519\">En combinant <strong data-start=\"319\" data-end=\"340\">SC\/UPC \u00e0 une extr\u00e9mit\u00e9<\/strong> et <strong data-start=\"345\" data-end=\"368\">SC\/APC d'autre part<\/strong>, Ce c\u00e2ble permet <strong data-start=\"388\" data-end=\"470\">interconnexion directe entre les ports UPC existants et les \u00e9quipements modernes bas\u00e9s sur l'APC<\/strong>-sans adaptateur ni convertisseur d\u00e9gradant le signal.<\/p>\n<p data-start=\"521\" data-end=\"691\">En tant que <strong data-start=\"526\" data-end=\"589\">fabricant direct, fournisseur OEM et exportateur en gros<\/strong>, nous soutenons <strong data-start=\"602\" data-end=\"690\">les distributeurs, les int\u00e9grateurs de syst\u00e8mes, les entrepreneurs de r\u00e9seaux et les soci\u00e9t\u00e9s d'approvisionnement global<\/strong>.<\/p>","protected":false},"featured_media":718,"comment_status":"open","ping_status":"closed","template":"","meta":[],"product_brand":[],"product_cat":[44],"product_tag":[],"class_list":{"0":"post-717","1":"product","2":"type-product","3":"status-publish","4":"has-post-thumbnail","6":"product_cat-multimode-fiber-optic-patch-cord","8":"first","9":"instock","10":"shipping-taxable","11":"product-type-simple"},"_links":{"self":[{"href":"https:\/\/www.fenxifiber.com\/fr\/wp-json\/wp\/v2\/product\/717","targetHints":{"allow":["GET"]}}],"collection":[{"href":"https:\/\/www.fenxifiber.com\/fr\/wp-json\/wp\/v2\/product"}],"about":[{"href":"https:\/\/www.fenxifiber.com\/fr\/wp-json\/wp\/v2\/types\/product"}],"replies":[{"embeddable":true,"href":"https:\/\/www.fenxifiber.com\/fr\/wp-json\/wp\/v2\/comments?post=717"}],"wp:featuredmedia":[{"embeddable":true,"href":"https:\/\/www.fenxifiber.com\/fr\/wp-json\/wp\/v2\/media\/718"}],"wp:attachment":[{"href":"https:\/\/www.fenxifiber.com\/fr\/wp-json\/wp\/v2\/media?parent=717"}],"wp:term":[{"taxonomy":"product_brand","embeddable":true,"href":"https:\/\/www.fenxifiber.com\/fr\/wp-json\/wp\/v2\/product_brand?post=717"},{"taxonomy":"product_cat","embeddable":true,"href":"https:\/\/www.fenxifiber.com\/fr\/wp-json\/wp\/v2\/product_cat?post=717"},{"taxonomy":"product_tag","embeddable":true,"href":"https:\/\/www.fenxifiber.com\/fr\/wp-json\/wp\/v2\/product_tag?post=717"}],"curies":[{"name":"wp","href":"https:\/\/api.w.org\/{rel}","templated":true}]}}