{"id":719,"date":"2026-02-03T07:35:49","date_gmt":"2026-02-03T07:35:49","guid":{"rendered":"https:\/\/www.fenxifiber.com\/?post_type=product&#038;p=719"},"modified":"2026-02-04T01:41:02","modified_gmt":"2026-02-04T01:41:02","slug":"sc-upc-fc-upc-blinde","status":"publish","type":"product","link":"https:\/\/www.fenxifiber.com\/fr\/product\/sc-upc-fc-upc-armoured\/","title":{"rendered":"Cordon de raccordement arm\u00e9 en fibre optique monomode SC\/UPC-FC\/UPC"},"content":{"rendered":"<h3 data-start=\"767\" data-end=\"814\"><strong data-start=\"771\" data-end=\"814\">Pourquoi SC to FC avec Armoured Construction<\/strong><\/h3>\n<p data-start=\"816\" data-end=\"1074\">Les connecteurs SC sont largement utilis\u00e9s sur <strong data-start=\"849\" data-end=\"900\">ODF, panneaux de raccordement et bo\u00eetiers de distribution FTTH<\/strong>, tandis que <strong data-start=\"908\" data-end=\"925\">Connecteurs FC<\/strong> restent les <strong data-start=\"937\" data-end=\"1021\">interface privil\u00e9gi\u00e9e sur les instruments de test optique, les lasers et les \u00e9quipements de t\u00e9l\u00e9communication existants<\/strong> en raison de leur <strong data-start=\"1039\" data-end=\"1073\">alignement de pr\u00e9cision par vis-lock<\/strong>.<\/p>\n<p data-start=\"1076\" data-end=\"1113\">Ce cavalier blind\u00e9 SC \u00e0 FC permet :<\/p>\n<ul data-start=\"1114\" data-end=\"1253\">\n<li data-start=\"1114\" data-end=\"1152\">\n<p data-start=\"1116\" data-end=\"1152\"><strong data-start=\"1116\" data-end=\"1152\">Pr\u00e9cision stable des signaux de qualit\u00e9 laboratoire<\/strong><\/p>\n<\/li>\n<li data-start=\"1153\" data-end=\"1197\">\n<p data-start=\"1155\" data-end=\"1197\"><strong data-start=\"1155\" data-end=\"1197\">Connexions s\u00fbres et r\u00e9sistantes aux vibrations<\/strong><\/p>\n<\/li>\n<li data-start=\"1198\" data-end=\"1253\">\n<p data-start=\"1200\" data-end=\"1253\"><strong data-start=\"1200\" data-end=\"1253\">Liaison directe entre les syst\u00e8mes modernes et les anciens syst\u00e8mes \u00e0 fibres optiques<\/strong><\/p>\n<\/li>\n<\/ul>\n<p data-start=\"1255\" data-end=\"1369\">Le <strong data-start=\"1259\" data-end=\"1283\">c\u00e2ble \u00e0 armature m\u00e9tallique<\/strong> ajoute une protection contre <strong data-start=\"1308\" data-end=\"1368\">l'\u00e9crasement, les rongeurs, le stress de traction et les dommages accidentels<\/strong>.<\/p>\n<hr data-start=\"1371\" data-end=\"1374\" \/>\n<h3 data-start=\"1376\" data-end=\"1408\"><strong data-start=\"1380\" data-end=\"1408\">Sp\u00e9cifications techniques<\/strong><\/h3>\n<div class=\"TyagGW_tableContainer\">\n<div class=\"group TyagGW_tableWrapper flex flex-col-reverse w-fit\" tabindex=\"-1\">\n<table class=\"w-fit min-w-(--thread-content-width)\" data-start=\"1410\" data-end=\"1884\">\n<thead data-start=\"1410\" data-end=\"1448\">\n<tr data-start=\"1410\" data-end=\"1448\">\n<th class=\"\" data-start=\"1410\" data-end=\"1422\" data-col-size=\"sm\">Param\u00e8tres<\/th>\n<th class=\"\" data-start=\"1422\" data-end=\"1448\" data-col-size=\"sm\">SC\/UPC-FC\/UPC Blind\u00e9<\/th>\n<\/tr>\n<\/thead>\n<tbody data-start=\"1477\" data-end=\"1884\">\n<tr data-start=\"1477\" data-end=\"1518\">\n<td data-start=\"1477\" data-end=\"1490\" data-col-size=\"sm\">Type de fibre<\/td>\n<td data-start=\"1490\" data-end=\"1518\" data-col-size=\"sm\">OS2 monomode 9\/125 \u03bcm<\/td>\n<\/tr>\n<tr data-start=\"1519\" data-end=\"1545\">\n<td data-start=\"1519\" data-end=\"1533\" data-col-size=\"sm\">Connecteur A<\/td>\n<td data-start=\"1533\" data-end=\"1545\" data-col-size=\"sm\">SC \/ UPC<\/td>\n<\/tr>\n<tr data-start=\"1546\" data-end=\"1572\">\n<td data-start=\"1546\" data-end=\"1560\" data-col-size=\"sm\">Connecteur B<\/td>\n<td data-start=\"1560\" data-end=\"1572\" data-col-size=\"sm\">FC \/ UPC<\/td>\n<\/tr>\n<tr data-start=\"1573\" data-end=\"1619\">\n<td data-start=\"1573\" data-end=\"1587\" data-col-size=\"sm\">Type de polissage<\/td>\n<td data-start=\"1587\" data-end=\"1619\" data-col-size=\"sm\">UPC (Ultra Physical Contact)<\/td>\n<\/tr>\n<tr data-start=\"1620\" data-end=\"1656\">\n<td data-start=\"1620\" data-end=\"1638\" data-col-size=\"sm\">Structure du c\u00e2ble<\/td>\n<td data-start=\"1638\" data-end=\"1656\" data-col-size=\"sm\">Blind\u00e9s m\u00e9talliques<\/td>\n<\/tr>\n<tr data-start=\"1657\" data-end=\"1701\">\n<td data-start=\"1657\" data-end=\"1680\" data-col-size=\"sm\">Longueur d'onde de fonctionnement<\/td>\n<td data-start=\"1680\" data-end=\"1701\" data-col-size=\"sm\">1310 nm \/ 1550 nm<\/td>\n<\/tr>\n<tr data-start=\"1702\" data-end=\"1732\">\n<td data-start=\"1702\" data-end=\"1719\" data-col-size=\"sm\">Perte d'insertion<\/td>\n<td data-start=\"1719\" data-end=\"1732\" data-col-size=\"sm\">\u2264 0,30 dB<\/td>\n<\/tr>\n<tr data-start=\"1733\" data-end=\"1758\">\n<td data-start=\"1733\" data-end=\"1747\" data-col-size=\"sm\">Perte de retour<\/td>\n<td data-start=\"1747\" data-end=\"1758\" data-col-size=\"sm\">\u2265 50 dB<\/td>\n<\/tr>\n<tr data-start=\"1759\" data-end=\"1804\">\n<td data-start=\"1759\" data-end=\"1778\" data-col-size=\"sm\">R\u00e9sistance \u00e0 la traction<\/td>\n<td data-start=\"1778\" data-end=\"1804\" data-col-size=\"sm\">\u00c9lev\u00e9e (conception blind\u00e9e)<\/td>\n<\/tr>\n<tr data-start=\"1805\" data-end=\"1841\">\n<td data-start=\"1805\" data-end=\"1822\" data-col-size=\"sm\">Options de la veste<\/td>\n<td data-start=\"1822\" data-end=\"1841\" data-col-size=\"sm\">LSZH \/ PE \/ PVC<\/td>\n<\/tr>\n<tr data-start=\"1842\" data-end=\"1884\">\n<td data-start=\"1842\" data-end=\"1855\" data-col-size=\"sm\">Conformit\u00e9<\/td>\n<td data-start=\"1855\" data-end=\"1884\" data-col-size=\"sm\">IEC, TIA-568, RoHS, REACH<\/td>\n<\/tr>\n<\/tbody>\n<\/table>\n<\/div>\n<\/div>\n<hr data-start=\"1886\" data-end=\"1889\" \/>\n<h3 data-start=\"1891\" data-end=\"1923\"><strong data-start=\"1895\" data-end=\"1923\">Lieu d'utilisation de ce c\u00e2ble<\/strong><\/h3>\n<ul data-start=\"1925\" data-end=\"2079\">\n<li data-start=\"1925\" data-end=\"1954\">\n<p data-start=\"1927\" data-end=\"1954\"><strong data-start=\"1927\" data-end=\"1954\">Bureaux centraux de t\u00e9l\u00e9communications<\/strong><\/p>\n<\/li>\n<li data-start=\"1955\" data-end=\"1993\">\n<p data-start=\"1957\" data-end=\"1993\"><strong data-start=\"1957\" data-end=\"1993\">Syst\u00e8mes de test et de mesure des fibres<\/strong><\/p>\n<\/li>\n<li data-start=\"1994\" data-end=\"2013\">\n<p data-start=\"1996\" data-end=\"2013\"><strong data-start=\"1996\" data-end=\"2013\">T\u00eates de r\u00e9seau CATV<\/strong><\/p>\n<\/li>\n<li data-start=\"2014\" data-end=\"2046\">\n<p data-start=\"2016\" data-end=\"2046\"><strong data-start=\"2016\" data-end=\"2046\">Mise en service du r\u00e9seau FTTH<\/strong><\/p>\n<\/li>\n<li data-start=\"2047\" data-end=\"2079\">\n<p data-start=\"2049\" data-end=\"2079\"><strong data-start=\"2049\" data-end=\"2079\">\u00c9quipement industriel en fibre<\/strong><\/p>\n<\/li>\n<\/ul>\n<p data-start=\"2081\" data-end=\"2218\">Il est largement sourc\u00e9 par :<br \/>\n<strong data-start=\"2106\" data-end=\"2217\">les int\u00e9grateurs de syst\u00e8mes, les entrepreneurs en t\u00e9l\u00e9communications, les distributeurs, les partenaires OEM, les exportateurs et les grossistes en fibre optique.<\/strong>.<\/p>\n<hr data-start=\"2220\" data-end=\"2223\" \/>\n<h3 data-start=\"2225\" data-end=\"2268\"><strong data-start=\"2229\" data-end=\"2268\">Con\u00e7u pour l'approvisionnement au niveau des projets<\/strong><\/h3>\n<p data-start=\"2270\" data-end=\"2281\">Nous soutenons :<\/p>\n<ul data-start=\"2282\" data-end=\"2451\">\n<li data-start=\"2282\" data-end=\"2318\">\n<p data-start=\"2284\" data-end=\"2318\"><strong data-start=\"2284\" data-end=\"2318\">Commandes en gros et approvisionnement \u00e0 long terme<\/strong><\/p>\n<\/li>\n<li data-start=\"2319\" data-end=\"2343\">\n<p data-start=\"2321\" data-end=\"2343\"><strong data-start=\"2321\" data-end=\"2343\">MOQ faible et flexible<\/strong><\/p>\n<\/li>\n<li data-start=\"2344\" data-end=\"2373\">\n<p data-start=\"2346\" data-end=\"2373\"><strong data-start=\"2346\" data-end=\"2373\">Personnalisation OEM \/ ODM<\/strong><\/p>\n<\/li>\n<li data-start=\"2374\" data-end=\"2422\">\n<p data-start=\"2376\" data-end=\"2422\"><strong data-start=\"2376\" data-end=\"2422\">Longueurs, types de gaines et \u00e9tiquetage sur mesure<\/strong><\/p>\n<\/li>\n<li data-start=\"2423\" data-end=\"2451\">\n<p data-start=\"2425\" data-end=\"2451\"><strong data-start=\"2425\" data-end=\"2451\">Tarification directe \u00e0 l'usine<\/strong><\/p>\n<\/li>\n<\/ul>\n<p data-start=\"2453\" data-end=\"2588\">Le cordon de raccordement blind\u00e9 SC\/UPC-FC\/UPC est donc id\u00e9al pour <strong data-start=\"2512\" data-end=\"2587\">le d\u00e9ploiement du r\u00e9seau, les contrats de maintenance et les programmes d'approvisionnement global<\/strong>.<\/p>\n<hr data-start=\"2590\" data-end=\"2593\" \/>\n<h2 data-start=\"2595\" data-end=\"2618\"><strong data-start=\"2598\" data-end=\"2618\">FAQ professionnelle<\/strong><\/h2>\n<p data-start=\"2620\" data-end=\"2776\"><strong data-start=\"2620\" data-end=\"2671\">Q1 : Pourquoi utiliser FC au lieu de LC ou SC d'un c\u00f4t\u00e9 ?<\/strong><br data-start=\"2671\" data-end=\"2674\" \/>Le CF fournit <strong data-start=\"2686\" data-end=\"2734\">stabilit\u00e9 des vis et pr\u00e9cision de l'alignement<\/strong>, id\u00e9al pour <strong data-start=\"2746\" data-end=\"2775\">\u00e9quipements d'essai et lasers<\/strong>.<\/p>\n<p data-start=\"2778\" data-end=\"2942\"><strong data-start=\"2778\" data-end=\"2823\">Q2 : UPC est-il adapt\u00e9 aux t\u00e9l\u00e9communications et au FTTH ?<\/strong><br data-start=\"2823\" data-end=\"2826\" \/>Oui. UPC propose <strong data-start=\"2842\" data-end=\"2885\">faible perte d'insertion et bonne perte de retour<\/strong>, Le syst\u00e8me est donc largement utilis\u00e9 dans les domaines suivants <strong data-start=\"2912\" data-end=\"2941\">r\u00e9seaux de t\u00e9l\u00e9communications et de donn\u00e9es<\/strong>.<\/p>\n<p data-start=\"2944\" data-end=\"3060\"><strong data-start=\"2944\" data-end=\"2994\">Q3 : Le blindage affecte-t-il les performances optiques ?<\/strong><br data-start=\"2994\" data-end=\"2997\" \/>Non. Il ne fait qu'am\u00e9liorer <strong data-start=\"3018\" data-end=\"3041\">r\u00e9sistance m\u00e9canique<\/strong>, et non une perte optique.<\/p>","protected":false},"excerpt":{"rendered":"<p data-start=\"66\" data-end=\"339\">Le <strong data-start=\"70\" data-end=\"107\">SC\/UPC-FC\/UPC Cordon de raccordement arm\u00e9<\/strong> est un <strong data-start=\"113\" data-end=\"158\">cavalier optique monomode \u00e0 haute stabilit\u00e9<\/strong> con\u00e7u pour <strong data-start=\"174\" data-end=\"255\">les centraux de t\u00e9l\u00e9communications, les syst\u00e8mes d'essai, les t\u00eates de r\u00e9seau CATV et les r\u00e9seaux industriels en fibre optique<\/strong> o\u00f9 <strong data-start=\"262\" data-end=\"323\">verrouillage s\u00fbr des connecteurs et protection m\u00e9canique solide<\/strong> sont n\u00e9cessaires.<\/p>\n<p data-start=\"341\" data-end=\"589\">Il combine un <strong data-start=\"355\" data-end=\"385\">connecteur push-pull SC\/UPC<\/strong> avec un <strong data-start=\"393\" data-end=\"422\">connecteur filet\u00e9 FC\/UPC<\/strong>, Les installateurs ont ainsi la possibilit\u00e9 de relier entre eux les syst\u00e8mes d'alimentation en eau et les syst\u00e8mes d'\u00e9vacuation des eaux us\u00e9es. <strong data-start=\"466\" data-end=\"527\">des cadres de distribution modernes aux \u00e9quipements d'optique de pr\u00e9cision<\/strong>-tous prot\u00e9g\u00e9s par un <strong data-start=\"547\" data-end=\"588\">structure de c\u00e2ble robuste \u00e0 armature m\u00e9tallique<\/strong>.<\/p>\n<p data-start=\"591\" data-end=\"760\">En tant que <strong data-start=\"596\" data-end=\"666\">Fabricant de fibres optiques, exportateur en gros et fournisseur OEM\/ODM<\/strong>, Nous fournissons <strong data-start=\"679\" data-end=\"741\">l'approvisionnement en vrac, l'\u00e9tiquetage priv\u00e9 et le soutien \u00e0 l'approvisionnement mondial<\/strong> pour les clients B2B.<\/p>","protected":false},"featured_media":720,"comment_status":"open","ping_status":"closed","template":"","meta":[],"product_brand":[],"product_cat":[44],"product_tag":[],"class_list":{"0":"post-719","1":"product","2":"type-product","3":"status-publish","4":"has-post-thumbnail","6":"product_cat-multimode-fiber-optic-patch-cord","8":"first","9":"instock","10":"shipping-taxable","11":"product-type-simple"},"_links":{"self":[{"href":"https:\/\/www.fenxifiber.com\/fr\/wp-json\/wp\/v2\/product\/719","targetHints":{"allow":["GET"]}}],"collection":[{"href":"https:\/\/www.fenxifiber.com\/fr\/wp-json\/wp\/v2\/product"}],"about":[{"href":"https:\/\/www.fenxifiber.com\/fr\/wp-json\/wp\/v2\/types\/product"}],"replies":[{"embeddable":true,"href":"https:\/\/www.fenxifiber.com\/fr\/wp-json\/wp\/v2\/comments?post=719"}],"wp:featuredmedia":[{"embeddable":true,"href":"https:\/\/www.fenxifiber.com\/fr\/wp-json\/wp\/v2\/media\/720"}],"wp:attachment":[{"href":"https:\/\/www.fenxifiber.com\/fr\/wp-json\/wp\/v2\/media?parent=719"}],"wp:term":[{"taxonomy":"product_brand","embeddable":true,"href":"https:\/\/www.fenxifiber.com\/fr\/wp-json\/wp\/v2\/product_brand?post=719"},{"taxonomy":"product_cat","embeddable":true,"href":"https:\/\/www.fenxifiber.com\/fr\/wp-json\/wp\/v2\/product_cat?post=719"},{"taxonomy":"product_tag","embeddable":true,"href":"https:\/\/www.fenxifiber.com\/fr\/wp-json\/wp\/v2\/product_tag?post=719"}],"curies":[{"name":"wp","href":"https:\/\/api.w.org\/{rel}","templated":true}]}}