{"id":721,"date":"2026-02-03T07:37:48","date_gmt":"2026-02-03T07:37:48","guid":{"rendered":"https:\/\/www.fenxifiber.com\/?post_type=product&#038;p=721"},"modified":"2026-02-04T01:41:56","modified_gmt":"2026-02-04T01:41:56","slug":"diagramme-de-structure-du-cable-optique-blinde","status":"publish","type":"product","link":"https:\/\/www.fenxifiber.com\/fr\/product\/structure-diagram-of-armored-opticalcable\/","title":{"rendered":"Sch\u00e9ma de structure du c\u00e2ble optique blind\u00e9"},"content":{"rendered":"<h2 data-start=\"528\" data-end=\"574\"><strong data-start=\"531\" data-end=\"574\">Structure typique d'un c\u00e2ble optique blind\u00e9<\/strong><\/h2>\n<p data-start=\"576\" data-end=\"672\">De l'int\u00e9rieur vers l'ext\u00e9rieur, un c\u00e2ble optique blind\u00e9 est construit comme un <strong data-start=\"638\" data-end=\"671\">syst\u00e8me de protection multicouche<\/strong>:<\/p>\n<div class=\"TyagGW_tableContainer\">\n<div class=\"group TyagGW_tableWrapper flex flex-col-reverse w-fit\" tabindex=\"-1\">\n<table class=\"w-fit min-w-(--thread-content-width)\" data-start=\"674\" data-end=\"1134\">\n<thead data-start=\"674\" data-end=\"694\">\n<tr data-start=\"674\" data-end=\"694\">\n<th class=\"\" data-start=\"674\" data-end=\"682\" data-col-size=\"sm\">Couche<\/th>\n<th class=\"\" data-start=\"682\" data-end=\"694\" data-col-size=\"sm\">Fonction<\/th>\n<\/tr>\n<\/thead>\n<tbody data-start=\"713\" data-end=\"1134\">\n<tr data-start=\"713\" data-end=\"781\">\n<td data-start=\"713\" data-end=\"754\" data-col-size=\"sm\"><strong data-start=\"715\" data-end=\"753\">Fibre optique (9\/125 ou 50\/125 \u03bcm)<\/strong><\/td>\n<td data-start=\"754\" data-end=\"781\" data-col-size=\"sm\">Transmet des signaux lumineux<\/td>\n<\/tr>\n<tr data-start=\"782\" data-end=\"841\">\n<td data-start=\"782\" data-end=\"804\" data-col-size=\"sm\"><strong data-start=\"784\" data-end=\"803\">Rev\u00eatement primaire<\/strong><\/td>\n<td data-start=\"804\" data-end=\"841\" data-col-size=\"sm\">Prot\u00e8ge la fibre contre les micro-courbures<\/td>\n<\/tr>\n<tr data-start=\"842\" data-end=\"908\">\n<td data-start=\"842\" data-end=\"884\" data-col-size=\"sm\"><strong data-start=\"844\" data-end=\"883\">Tampon serr\u00e9 (900 \u03bcm) ou tube desserr\u00e9<\/strong><\/td>\n<td data-start=\"884\" data-end=\"908\" data-col-size=\"sm\">Stabilit\u00e9 m\u00e9canique<\/td>\n<\/tr>\n<tr data-start=\"909\" data-end=\"956\">\n<td data-start=\"909\" data-end=\"936\" data-col-size=\"sm\"><strong data-start=\"911\" data-end=\"935\">Fil d'aramide (Kevlar)<\/strong><\/td>\n<td data-start=\"936\" data-end=\"956\" data-col-size=\"sm\">R\u00e9sistance \u00e0 la traction<\/td>\n<\/tr>\n<tr data-start=\"957\" data-end=\"1024\">\n<td data-start=\"957\" data-end=\"995\" data-col-size=\"sm\"><strong data-start=\"959\" data-end=\"994\">Armure m\u00e9tallique (acier ou aluminium)<\/strong><\/td>\n<td data-start=\"995\" data-end=\"1024\" data-col-size=\"sm\">Protection contre les \u00e9crasements et les rongeurs<\/td>\n<\/tr>\n<tr data-start=\"1025\" data-end=\"1068\">\n<td data-start=\"1025\" data-end=\"1044\" data-col-size=\"sm\"><strong data-start=\"1027\" data-end=\"1043\">Gaine int\u00e9rieure<\/strong><\/td>\n<td data-start=\"1044\" data-end=\"1068\" data-col-size=\"sm\">Maintient l'armure en place<\/td>\n<\/tr>\n<tr data-start=\"1069\" data-end=\"1134\">\n<td data-start=\"1069\" data-end=\"1106\" data-col-size=\"sm\"><strong data-start=\"1071\" data-end=\"1105\">Gaine ext\u00e9rieure (LSZH \/ PE \/ PVC)<\/strong><\/td>\n<td data-start=\"1106\" data-end=\"1134\" data-col-size=\"sm\">Protection de l'environnement<\/td>\n<\/tr>\n<\/tbody>\n<\/table>\n<\/div>\n<\/div>\n<p data-start=\"1136\" data-end=\"1300\">Cette structure permet au c\u00e2ble d'\u00eatre <strong data-start=\"1174\" data-end=\"1203\">install\u00e9 sans conduit<\/strong>, a r\u00e9ussi \u00e0 s'en sortir <strong data-start=\"1220\" data-end=\"1259\">les sols, les armoires et les conduits ext\u00e9rieurs<\/strong>, et utilis\u00e9 dans <strong data-start=\"1273\" data-end=\"1299\">environnements \u00e0 haut risque<\/strong>.<\/p>\n<hr data-start=\"1302\" data-end=\"1305\" \/>\n<h2 data-start=\"1307\" data-end=\"1363\"><strong data-start=\"1310\" data-end=\"1363\">Pourquoi les c\u00e2bles \u00e0 fibres arm\u00e9s sont-ils utilis\u00e9s dans les projets B2B ?<\/strong><\/h2>\n<p data-start=\"1365\" data-end=\"1439\">Les cordons de raccordement standard sont fragiles. Les c\u00e2bles optiques blind\u00e9s sont con\u00e7us pour :<\/p>\n<ul data-start=\"1441\" data-end=\"1617\">\n<li data-start=\"1441\" data-end=\"1470\">\n<p data-start=\"1443\" data-end=\"1470\"><strong data-start=\"1443\" data-end=\"1470\">Bureaux centraux de t\u00e9l\u00e9communications<\/strong><\/p>\n<\/li>\n<li data-start=\"1471\" data-end=\"1500\">\n<p data-start=\"1473\" data-end=\"1500\"><strong data-start=\"1473\" data-end=\"1500\">D\u00e9ploiements FTTH et FTTx<\/strong><\/p>\n<\/li>\n<li data-start=\"1501\" data-end=\"1528\">\n<p data-start=\"1503\" data-end=\"1528\"><strong data-start=\"1503\" data-end=\"1528\">Automatisation industrielle<\/strong><\/p>\n<\/li>\n<li data-start=\"1529\" data-end=\"1551\">\n<p data-start=\"1531\" data-end=\"1551\"><strong data-start=\"1531\" data-end=\"1551\">Armoires d'ext\u00e9rieur<\/strong><\/p>\n<\/li>\n<li data-start=\"1552\" data-end=\"1584\">\n<p data-start=\"1554\" data-end=\"1584\"><strong data-start=\"1554\" data-end=\"1584\">R\u00e9seaux ferroviaires et de services publics<\/strong><\/p>\n<\/li>\n<li data-start=\"1585\" data-end=\"1617\">\n<p data-start=\"1587\" data-end=\"1617\"><strong data-start=\"1587\" data-end=\"1617\">Connexions crois\u00e9es pour centres de donn\u00e9es<\/strong><\/p>\n<\/li>\n<\/ul>\n<p data-start=\"1619\" data-end=\"1766\">Ils sont largement approvisionn\u00e9s par :<br \/>\n<strong data-start=\"1647\" data-end=\"1765\">les op\u00e9rateurs de t\u00e9l\u00e9communications, les int\u00e9grateurs de syst\u00e8mes, les distributeurs, les usines OEM, les exportateurs et les entrepreneurs de r\u00e9seaux \u00e0 grande \u00e9chelle.<\/strong>.<\/p>\n<hr data-start=\"1768\" data-end=\"1771\" \/>\n<h2 data-start=\"1773\" data-end=\"1822\"><strong data-start=\"1776\" data-end=\"1822\">Performance m\u00e9canique et optique (typique)<\/strong><\/h2>\n<div class=\"TyagGW_tableContainer\">\n<div class=\"group TyagGW_tableWrapper flex flex-col-reverse w-fit\" tabindex=\"-1\">\n<table class=\"w-fit min-w-(--thread-content-width)\" data-start=\"1824\" data-end=\"2147\">\n<thead data-start=\"1824\" data-end=\"1879\">\n<tr data-start=\"1824\" data-end=\"1879\">\n<th class=\"\" data-start=\"1824\" data-end=\"1835\" data-col-size=\"sm\">Propri\u00e9t\u00e9<\/th>\n<th class=\"\" data-start=\"1835\" data-end=\"1857\" data-col-size=\"sm\">Cordon de raccordement standard<\/th>\n<th class=\"\" data-start=\"1857\" data-end=\"1879\" data-col-size=\"sm\">Cordon de raccordement blind\u00e9<\/th>\n<\/tr>\n<\/thead>\n<tbody data-start=\"1930\" data-end=\"2147\">\n<tr data-start=\"1930\" data-end=\"1963\">\n<td data-start=\"1930\" data-end=\"1949\" data-col-size=\"sm\">R\u00e9sistance \u00e0 l'\u00e9crasement<\/td>\n<td data-start=\"1949\" data-end=\"1955\" data-col-size=\"sm\">Faible<\/td>\n<td data-start=\"1955\" data-end=\"1963\" data-col-size=\"sm\">Haut<\/td>\n<\/tr>\n<tr data-start=\"1964\" data-end=\"2004\">\n<td data-start=\"1964\" data-end=\"1984\" data-col-size=\"sm\">R\u00e9sistance aux rongeurs<\/td>\n<td data-col-size=\"sm\" data-start=\"1984\" data-end=\"1991\">Aucun<\/td>\n<td data-col-size=\"sm\" data-start=\"1991\" data-end=\"2004\">Excellent<\/td>\n<\/tr>\n<tr data-start=\"2005\" data-end=\"2049\">\n<td data-start=\"2005\" data-end=\"2024\" data-col-size=\"sm\">R\u00e9sistance \u00e0 la traction<\/td>\n<td data-start=\"2024\" data-end=\"2033\" data-col-size=\"sm\">~100 N<\/td>\n<td data-start=\"2033\" data-end=\"2049\" data-col-size=\"sm\">Jusqu'\u00e0 800 N+<\/td>\n<\/tr>\n<tr data-start=\"2050\" data-end=\"2106\">\n<td data-start=\"2050\" data-end=\"2072\" data-col-size=\"sm\">S\u00e9curit\u00e9 de l'installation<\/td>\n<td data-start=\"2072\" data-end=\"2086\" data-col-size=\"sm\">Int\u00e9rieur uniquement<\/td>\n<td data-start=\"2086\" data-end=\"2106\" data-col-size=\"sm\">Int\u00e9rieur et ext\u00e9rieur<\/td>\n<\/tr>\n<tr data-start=\"2107\" data-end=\"2147\">\n<td data-start=\"2107\" data-end=\"2122\" data-col-size=\"sm\">Dur\u00e9e de vie<\/td>\n<td data-start=\"2122\" data-end=\"2132\" data-col-size=\"sm\">Plus court<\/td>\n<td data-start=\"2132\" data-end=\"2147\" data-col-size=\"sm\">Beaucoup plus longtemps<\/td>\n<\/tr>\n<\/tbody>\n<\/table>\n<\/div>\n<\/div>\n<p data-start=\"2149\" data-end=\"2279\">La fibre blind\u00e9e maintient <strong data-start=\"2173\" data-end=\"2205\">la m\u00eame performance optique<\/strong> en fibre standard, tout en offrant <strong data-start=\"2241\" data-end=\"2278\">une fiabilit\u00e9 m\u00e9canique nettement sup\u00e9rieure<\/strong>.<\/p>\n<hr data-start=\"2281\" data-end=\"2284\" \/>\n<h2 data-start=\"2286\" data-end=\"2332\"><strong data-start=\"2289\" data-end=\"2332\">Pourquoi les acheteurs mondiaux choisissent-ils la fibre blind\u00e9e ?<\/strong><\/h2>\n<p data-start=\"2334\" data-end=\"2405\">A partir d'un <strong data-start=\"2341\" data-end=\"2381\">la perspective de l'approvisionnement et de la passation de march\u00e9s<\/strong>, les c\u00e2bles arm\u00e9s r\u00e9duisent :<\/p>\n<ul data-start=\"2406\" data-end=\"2487\">\n<li data-start=\"2406\" data-end=\"2428\">\n<p data-start=\"2408\" data-end=\"2428\">\u00c9chec de l'installation<\/p>\n<\/li>\n<li data-start=\"2429\" data-end=\"2447\">\n<p data-start=\"2431\" data-end=\"2447\">Co\u00fbt de la maintenance<\/p>\n<\/li>\n<li data-start=\"2448\" data-end=\"2466\">\n<p data-start=\"2450\" data-end=\"2466\">Temps d'arr\u00eat du r\u00e9seau<\/p>\n<\/li>\n<li data-start=\"2467\" data-end=\"2487\">\n<p data-start=\"2469\" data-end=\"2487\">Cycles de remplacement<\/p>\n<\/li>\n<\/ul>\n<p data-start=\"2489\" data-end=\"2564\">C'est pourquoi ils sont les <strong data-start=\"2514\" data-end=\"2563\">choix par d\u00e9faut pour les projets de fibre optique \u00e0 grande \u00e9chelle<\/strong>.<\/p>\n<p data-start=\"2566\" data-end=\"2600\">Nous fournissons des c\u00e2bles \u00e0 fibres arm\u00e9s en tant que :<\/p>\n<ul data-start=\"2601\" data-end=\"2753\">\n<li data-start=\"2601\" data-end=\"2621\">\n<p data-start=\"2603\" data-end=\"2621\"><strong data-start=\"2603\" data-end=\"2621\">Directement de l'usine<\/strong><\/p>\n<\/li>\n<li data-start=\"2622\" data-end=\"2637\">\n<p data-start=\"2624\" data-end=\"2637\"><strong data-start=\"2624\" data-end=\"2637\">OEM \/ ODM<\/strong><\/p>\n<\/li>\n<li data-start=\"2638\" data-end=\"2655\">\n<p data-start=\"2640\" data-end=\"2655\"><strong data-start=\"2640\" data-end=\"2655\">Commandes en gros<\/strong><\/p>\n<\/li>\n<li data-start=\"2656\" data-end=\"2695\">\n<p data-start=\"2658\" data-end=\"2695\"><strong data-start=\"2658\" data-end=\"2695\">Approvisionnement des distributeurs et des int\u00e9grateurs<\/strong><\/p>\n<\/li>\n<li data-start=\"2696\" data-end=\"2718\">\n<p data-start=\"2698\" data-end=\"2718\"><strong data-start=\"2698\" data-end=\"2718\">Emballage pour l'exportation<\/strong><\/p>\n<\/li>\n<li data-start=\"2719\" data-end=\"2753\">\n<p data-start=\"2721\" data-end=\"2753\"><strong data-start=\"2721\" data-end=\"2753\">Marquage et \u00e9tiquetage personnalis\u00e9s<\/strong><\/p>\n<\/li>\n<\/ul>\n<hr data-start=\"2755\" data-end=\"2758\" \/>\n<h2 data-start=\"2760\" data-end=\"2783\"><strong data-start=\"2763\" data-end=\"2783\">FAQ professionnelle<\/strong><\/h2>\n<p data-start=\"2785\" data-end=\"2938\"><strong data-start=\"2785\" data-end=\"2836\">Q1 : L'armure m\u00e9tallique affecte-t-elle la qualit\u00e9 du signal ?<\/strong><br data-start=\"2836\" data-end=\"2839\" \/>Non. L'armure ne fournit que <strong data-start=\"2867\" data-end=\"2892\">protection m\u00e9canique<\/strong> et n'a pas d'incidence <strong data-start=\"2913\" data-end=\"2937\">transmission optique<\/strong>.<\/p>\n<p data-start=\"2940\" data-end=\"3088\"><strong data-start=\"2940\" data-end=\"2981\">Q2 : Quel type d'armure m\u00e9tallique est utilis\u00e9 ?<\/strong><br data-start=\"2981\" data-end=\"2984\" \/>G\u00e9n\u00e9ralement <strong data-start=\"2994\" data-end=\"3031\">tube ondul\u00e9 en acier ou en aluminium<\/strong>, en fonction de la flexibilit\u00e9 et du niveau de protection requis.<\/p>\n<p data-start=\"3090\" data-end=\"3233\"><strong data-start=\"3090\" data-end=\"3140\">Q3 : La fibre blind\u00e9e peut-elle \u00eatre utilis\u00e9e dans les centres de donn\u00e9es ?<\/strong><br data-start=\"3140\" data-end=\"3143\" \/>Oui, il est couramment utilis\u00e9 pour <strong data-start=\"3172\" data-end=\"3232\">les raccordements transversaux, les colonnes montantes verticales et les canalisations sous le plancher<\/strong>.<\/p>\n<p data-start=\"3235\" data-end=\"3377\"><strong data-start=\"3235\" data-end=\"3292\">Q4 : La fibre blind\u00e9e convient-elle pour les branchements FTTH \u00e0 l'ext\u00e9rieur ?<\/strong><br data-start=\"3292\" data-end=\"3295\" \/>Oui. Il offre <strong data-start=\"3310\" data-end=\"3376\">r\u00e9sistance aux rongeurs, protection contre l'\u00e9crasement et fiabilit\u00e9 \u00e0 long terme<\/strong>.<\/p>\n<p data-start=\"3379\" data-end=\"3521\"><strong data-start=\"3379\" data-end=\"3426\">Q5 : Les cordons de raccordement blind\u00e9s peuvent-ils \u00eatre fabriqu\u00e9s sur mesure ?<\/strong><br data-start=\"3426\" data-end=\"3429\" \/>Oui. <strong data-start=\"3434\" data-end=\"3498\">Longueur, type de gaine, connecteurs, marquage OEM et emballage<\/strong> peuvent tous \u00eatre personnalis\u00e9s.<\/p>\n<p data-start=\"3523\" data-end=\"3673\"><strong data-start=\"3523\" data-end=\"3574\">Q6 : Qui ach\u00e8te g\u00e9n\u00e9ralement les c\u00e2bles \u00e0 fibres arm\u00e9s ?<\/strong><br data-start=\"3574\" data-end=\"3577\" \/><strong data-start=\"3577\" data-end=\"3672\">Op\u00e9rateurs de t\u00e9l\u00e9communications, int\u00e9grateurs de fibre optique, grossistes, exportateurs et entrepreneurs de grands projets<\/strong>.<\/p>","protected":false},"excerpt":{"rendered":"<p data-start=\"94\" data-end=\"340\">Le <strong data-start=\"98\" data-end=\"147\">Sch\u00e9ma de structure d'un c\u00e2ble optique arm\u00e9<\/strong> illustre la fa\u00e7on dont les <strong data-start=\"171\" data-end=\"226\">cordons de raccordement en fibre arm\u00e9s et c\u00e2bles en fibre ext\u00e9rieurs<\/strong> sont con\u00e7us pour survivre <strong data-start=\"253\" data-end=\"337\">les contraintes m\u00e9caniques, les conditions d'installation difficiles et le d\u00e9ploiement \u00e0 long terme sur le terrain<\/strong>.<\/p>\n<p data-start=\"342\" data-end=\"521\">Cette construction en couches est \u00e0 la base de toutes les <strong data-start=\"397\" data-end=\"433\">cordons de raccordement en fibre optique blind\u00e9s<\/strong> utilis\u00e9 dans <strong data-start=\"442\" data-end=\"520\">t\u00e9l\u00e9coms, FTTH, centres de donn\u00e9es, r\u00e9seaux industriels et routes ext\u00e9rieures en fibre optique<\/strong>.<\/p>","protected":false},"featured_media":722,"comment_status":"open","ping_status":"closed","template":"","meta":[],"product_brand":[],"product_cat":[44],"product_tag":[],"class_list":{"0":"post-721","1":"product","2":"type-product","3":"status-publish","4":"has-post-thumbnail","6":"product_cat-multimode-fiber-optic-patch-cord","8":"first","9":"instock","10":"shipping-taxable","11":"product-type-simple"},"_links":{"self":[{"href":"https:\/\/www.fenxifiber.com\/fr\/wp-json\/wp\/v2\/product\/721","targetHints":{"allow":["GET"]}}],"collection":[{"href":"https:\/\/www.fenxifiber.com\/fr\/wp-json\/wp\/v2\/product"}],"about":[{"href":"https:\/\/www.fenxifiber.com\/fr\/wp-json\/wp\/v2\/types\/product"}],"replies":[{"embeddable":true,"href":"https:\/\/www.fenxifiber.com\/fr\/wp-json\/wp\/v2\/comments?post=721"}],"wp:featuredmedia":[{"embeddable":true,"href":"https:\/\/www.fenxifiber.com\/fr\/wp-json\/wp\/v2\/media\/722"}],"wp:attachment":[{"href":"https:\/\/www.fenxifiber.com\/fr\/wp-json\/wp\/v2\/media?parent=721"}],"wp:term":[{"taxonomy":"product_brand","embeddable":true,"href":"https:\/\/www.fenxifiber.com\/fr\/wp-json\/wp\/v2\/product_brand?post=721"},{"taxonomy":"product_cat","embeddable":true,"href":"https:\/\/www.fenxifiber.com\/fr\/wp-json\/wp\/v2\/product_cat?post=721"},{"taxonomy":"product_tag","embeddable":true,"href":"https:\/\/www.fenxifiber.com\/fr\/wp-json\/wp\/v2\/product_tag?post=721"}],"curies":[{"name":"wp","href":"https:\/\/api.w.org\/{rel}","templated":true}]}}