{"id":723,"date":"2026-02-03T07:40:28","date_gmt":"2026-02-03T07:40:28","guid":{"rendered":"https:\/\/www.fenxifiber.com\/?post_type=product&#038;p=723"},"modified":"2026-02-04T01:42:24","modified_gmt":"2026-02-04T01:42:24","slug":"sc-upc-sc-upc-blinde","status":"publish","type":"product","link":"https:\/\/www.fenxifiber.com\/fr\/product\/sc-upc-sc-upc-armoured\/","title":{"rendered":"Cordon de raccordement arm\u00e9 en fibre optique monomode SC\/UPC-SC\/UPC"},"content":{"rendered":"<h3 data-start=\"745\" data-end=\"797\"><strong data-start=\"749\" data-end=\"797\">Pourquoi choisir SC\/UPC avec une construction blind\u00e9e ?<\/strong><\/h3>\n<p data-start=\"799\" data-end=\"1027\">Les connecteurs SC sont les <strong data-start=\"821\" data-end=\"897\">interface standard pour les ODF, les panneaux de raccordement, les bo\u00eetiers FTTH et les baies de t\u00e9l\u00e9communication<\/strong>.<br data-start=\"898\" data-end=\"901\" \/>Le <strong data-start=\"905\" data-end=\"919\">Polissage UPC<\/strong> assure <strong data-start=\"928\" data-end=\"971\">faible perte d'insertion et perte de retour \u00e9lev\u00e9e<\/strong>, Il s'agit donc d'une solution id\u00e9ale pour <strong data-start=\"993\" data-end=\"1026\">t\u00e9l\u00e9communications et transmission de donn\u00e9es<\/strong>.<\/p>\n<p data-start=\"1029\" data-end=\"1105\">Le <strong data-start=\"1033\" data-end=\"1057\">couche de c\u00e2ble arm\u00e9<\/strong> permet de faire passer ce cavalier en toute s\u00e9curit\u00e9 :<\/p>\n<ul data-start=\"1106\" data-end=\"1191\">\n<li data-start=\"1106\" data-end=\"1121\">\n<p data-start=\"1108\" data-end=\"1121\">Conduits de sol<\/p>\n<\/li>\n<li data-start=\"1122\" data-end=\"1137\">\n<p data-start=\"1124\" data-end=\"1137\">Chemins de c\u00e2bles<\/p>\n<\/li>\n<li data-start=\"1138\" data-end=\"1158\">\n<p data-start=\"1140\" data-end=\"1158\">Armoires d'ext\u00e9rieur<\/p>\n<\/li>\n<li data-start=\"1159\" data-end=\"1191\">\n<p data-start=\"1161\" data-end=\"1191\">Salles d'\u00e9quipement tr\u00e8s fr\u00e9quent\u00e9es<\/p>\n<\/li>\n<\/ul>\n<p data-start=\"1193\" data-end=\"1224\">sans risquer de casser les fibres.<\/p>\n<hr data-start=\"1226\" data-end=\"1229\" \/>\n<h3 data-start=\"1231\" data-end=\"1263\"><strong data-start=\"1235\" data-end=\"1263\">Sp\u00e9cifications techniques<\/strong><\/h3>\n<div class=\"TyagGW_tableContainer\">\n<div class=\"group TyagGW_tableWrapper flex flex-col-reverse w-fit\" tabindex=\"-1\">\n<table class=\"w-fit min-w-(--thread-content-width)\" data-start=\"1265\" data-end=\"1680\">\n<thead data-start=\"1265\" data-end=\"1303\">\n<tr data-start=\"1265\" data-end=\"1303\">\n<th class=\"\" data-start=\"1265\" data-end=\"1277\" data-col-size=\"sm\">Param\u00e8tres<\/th>\n<th class=\"\" data-start=\"1277\" data-end=\"1303\" data-col-size=\"sm\">SC\/UPC-SC\/UPC Blind\u00e9<\/th>\n<\/tr>\n<\/thead>\n<tbody data-start=\"1332\" data-end=\"1680\">\n<tr data-start=\"1332\" data-end=\"1373\">\n<td data-start=\"1332\" data-end=\"1345\" data-col-size=\"sm\">Type de fibre<\/td>\n<td data-start=\"1345\" data-end=\"1373\" data-col-size=\"sm\">OS2 monomode 9\/125 \u03bcm<\/td>\n<\/tr>\n<tr data-start=\"1374\" data-end=\"1415\">\n<td data-start=\"1374\" data-end=\"1391\" data-col-size=\"sm\">Type de connecteur<\/td>\n<td data-start=\"1391\" data-end=\"1415\" data-col-size=\"sm\">SC \/ UPC vers SC \/ UPC<\/td>\n<\/tr>\n<tr data-start=\"1416\" data-end=\"1452\">\n<td data-start=\"1416\" data-end=\"1434\" data-col-size=\"sm\">Structure du c\u00e2ble<\/td>\n<td data-start=\"1434\" data-end=\"1452\" data-col-size=\"sm\">Blind\u00e9s m\u00e9talliques<\/td>\n<\/tr>\n<tr data-start=\"1453\" data-end=\"1497\">\n<td data-start=\"1453\" data-end=\"1476\" data-col-size=\"sm\">Longueur d'onde de fonctionnement<\/td>\n<td data-start=\"1476\" data-end=\"1497\" data-col-size=\"sm\">1310 nm \/ 1550 nm<\/td>\n<\/tr>\n<tr data-start=\"1498\" data-end=\"1528\">\n<td data-start=\"1498\" data-end=\"1515\" data-col-size=\"sm\">Perte d'insertion<\/td>\n<td data-start=\"1515\" data-end=\"1528\" data-col-size=\"sm\">\u2264 0,30 dB<\/td>\n<\/tr>\n<tr data-start=\"1529\" data-end=\"1554\">\n<td data-start=\"1529\" data-end=\"1543\" data-col-size=\"sm\">Perte de retour<\/td>\n<td data-start=\"1543\" data-end=\"1554\" data-col-size=\"sm\">\u2265 50 dB<\/td>\n<\/tr>\n<tr data-start=\"1555\" data-end=\"1600\">\n<td data-start=\"1555\" data-end=\"1574\" data-col-size=\"sm\">R\u00e9sistance \u00e0 la traction<\/td>\n<td data-start=\"1574\" data-end=\"1600\" data-col-size=\"sm\">\u00c9lev\u00e9e (conception blind\u00e9e)<\/td>\n<\/tr>\n<tr data-start=\"1601\" data-end=\"1637\">\n<td data-start=\"1601\" data-end=\"1618\" data-col-size=\"sm\">Options de la veste<\/td>\n<td data-start=\"1618\" data-end=\"1637\" data-col-size=\"sm\">LSZH \/ PE \/ PVC<\/td>\n<\/tr>\n<tr data-start=\"1638\" data-end=\"1680\">\n<td data-start=\"1638\" data-end=\"1651\" data-col-size=\"sm\">Conformit\u00e9<\/td>\n<td data-start=\"1651\" data-end=\"1680\" data-col-size=\"sm\">IEC, TIA-568, RoHS, REACH<\/td>\n<\/tr>\n<\/tbody>\n<\/table>\n<\/div>\n<\/div>\n<hr data-start=\"1682\" data-end=\"1685\" \/>\n<h3 data-start=\"1687\" data-end=\"1707\"><strong data-start=\"1691\" data-end=\"1707\">Applications<\/strong><\/h3>\n<ul data-start=\"1709\" data-end=\"1861\">\n<li data-start=\"1709\" data-end=\"1735\">\n<p data-start=\"1711\" data-end=\"1735\"><strong data-start=\"1711\" data-end=\"1735\">R\u00e9seaux FTTH et FTTx<\/strong><\/p>\n<\/li>\n<li data-start=\"1736\" data-end=\"1765\">\n<p data-start=\"1738\" data-end=\"1765\"><strong data-start=\"1738\" data-end=\"1765\">Trames d'\u00e9change de t\u00e9l\u00e9communications<\/strong><\/p>\n<\/li>\n<li data-start=\"1766\" data-end=\"1799\">\n<p data-start=\"1768\" data-end=\"1799\"><strong data-start=\"1768\" data-end=\"1799\">Armoires de distribution de fibres<\/strong><\/p>\n<\/li>\n<li data-start=\"1800\" data-end=\"1832\">\n<p data-start=\"1802\" data-end=\"1832\"><strong data-start=\"1802\" data-end=\"1832\">Connexions crois\u00e9es pour centres de donn\u00e9es<\/strong><\/p>\n<\/li>\n<li data-start=\"1833\" data-end=\"1861\">\n<p data-start=\"1835\" data-end=\"1861\"><strong data-start=\"1835\" data-end=\"1861\">Liaisons industrielles par fibre optique<\/strong><\/p>\n<\/li>\n<\/ul>\n<p data-start=\"1863\" data-end=\"1995\">Ce mod\u00e8le est largement fourni par :<br \/>\n<strong data-start=\"1896\" data-end=\"1994\">les op\u00e9rateurs de t\u00e9l\u00e9communications, les int\u00e9grateurs de r\u00e9seaux, les distributeurs, les grossistes, les partenaires OEM et les exportateurs.<\/strong>.<\/p>\n<hr data-start=\"1997\" data-end=\"2000\" \/>\n<h3 data-start=\"2002\" data-end=\"2049\"><strong data-start=\"2006\" data-end=\"2049\">Con\u00e7u pour la vente en gros et l'approvisionnement de projets<\/strong><\/h3>\n<p data-start=\"2051\" data-end=\"2060\">Nous offrons :<\/p>\n<ul data-start=\"2061\" data-end=\"2211\">\n<li data-start=\"2061\" data-end=\"2085\">\n<p data-start=\"2063\" data-end=\"2085\"><strong data-start=\"2063\" data-end=\"2085\">Prix des commandes group\u00e9es<\/strong><\/p>\n<\/li>\n<li data-start=\"2086\" data-end=\"2104\">\n<p data-start=\"2088\" data-end=\"2104\"><strong data-start=\"2088\" data-end=\"2104\">Flexible MOQ<\/strong><\/p>\n<\/li>\n<li data-start=\"2105\" data-end=\"2131\">\n<p data-start=\"2107\" data-end=\"2131\"><strong data-start=\"2107\" data-end=\"2131\">Production OEM \/ ODM<\/strong><\/p>\n<\/li>\n<li data-start=\"2132\" data-end=\"2173\">\n<p data-start=\"2134\" data-end=\"2173\"><strong data-start=\"2134\" data-end=\"2173\">\u00c9tiquetage priv\u00e9 et emballage personnalis\u00e9<\/strong><\/p>\n<\/li>\n<li data-start=\"2174\" data-end=\"2211\">\n<p data-start=\"2176\" data-end=\"2211\"><strong data-start=\"2176\" data-end=\"2211\">Approvisionnement stable et \u00e0 long terme de l'usine<\/strong><\/p>\n<\/li>\n<\/ul>\n<p data-start=\"2213\" data-end=\"2364\">Le cordon de raccordement blind\u00e9 SC\/UPC-SC\/UPC est donc id\u00e9al pour <strong data-start=\"2272\" data-end=\"2363\">les projets de d\u00e9ploiement de r\u00e9seaux, les contrats de maintenance et les programmes d'approvisionnement internationaux<\/strong>.<\/p>","protected":false},"excerpt":{"rendered":"<p data-start=\"66\" data-end=\"324\">Le <strong data-start=\"70\" data-end=\"107\">SC\/UPC-SC\/UPC Cordon de raccordement arm\u00e9<\/strong> est un <strong data-start=\"113\" data-end=\"154\">cavalier optique monomode \u00e0 usage intensif<\/strong> con\u00e7u pour <strong data-start=\"170\" data-end=\"251\">salles de t\u00e9l\u00e9communications, distribution FTTH, centres de donn\u00e9es et r\u00e9seaux de fibres industriels<\/strong> o\u00f9 les deux <strong data-start=\"263\" data-end=\"310\">pr\u00e9cision optique et protection m\u00e9canique<\/strong> sont n\u00e9cessaires.<\/p>\n<p data-start=\"326\" data-end=\"553\">En combinant <strong data-start=\"339\" data-end=\"364\">deux connecteurs SC\/UPC<\/strong> avec un <strong data-start=\"372\" data-end=\"406\">structure de c\u00e2ble \u00e0 armature m\u00e9tallique<\/strong>, Ce mod\u00e8le offre <strong data-start=\"428\" data-end=\"458\">performance optique stable<\/strong> tout en prot\u00e9geant la fibre de <strong data-start=\"491\" data-end=\"552\">l'\u00e9crasement, la flexion, les dommages caus\u00e9s par les rongeurs et les contraintes li\u00e9es \u00e0 l'installation<\/strong>.<\/p>\n<p data-start=\"555\" data-end=\"738\">En tant que <strong data-start=\"560\" data-end=\"645\">fabricant direct de fibres optiques, exportateur en gros et fournisseur OEM\/ODM<\/strong>, nous soutenons <strong data-start=\"658\" data-end=\"737\">les commandes en gros, les distributeurs, les int\u00e9grateurs de syst\u00e8mes et les partenaires d'approvisionnement mondiaux<\/strong>.<\/p>","protected":false},"featured_media":725,"comment_status":"open","ping_status":"closed","template":"","meta":[],"product_brand":[],"product_cat":[44],"product_tag":[],"class_list":{"0":"post-723","1":"product","2":"type-product","3":"status-publish","4":"has-post-thumbnail","6":"product_cat-multimode-fiber-optic-patch-cord","8":"first","9":"instock","10":"shipping-taxable","11":"product-type-simple"},"_links":{"self":[{"href":"https:\/\/www.fenxifiber.com\/fr\/wp-json\/wp\/v2\/product\/723","targetHints":{"allow":["GET"]}}],"collection":[{"href":"https:\/\/www.fenxifiber.com\/fr\/wp-json\/wp\/v2\/product"}],"about":[{"href":"https:\/\/www.fenxifiber.com\/fr\/wp-json\/wp\/v2\/types\/product"}],"replies":[{"embeddable":true,"href":"https:\/\/www.fenxifiber.com\/fr\/wp-json\/wp\/v2\/comments?post=723"}],"wp:featuredmedia":[{"embeddable":true,"href":"https:\/\/www.fenxifiber.com\/fr\/wp-json\/wp\/v2\/media\/725"}],"wp:attachment":[{"href":"https:\/\/www.fenxifiber.com\/fr\/wp-json\/wp\/v2\/media?parent=723"}],"wp:term":[{"taxonomy":"product_brand","embeddable":true,"href":"https:\/\/www.fenxifiber.com\/fr\/wp-json\/wp\/v2\/product_brand?post=723"},{"taxonomy":"product_cat","embeddable":true,"href":"https:\/\/www.fenxifiber.com\/fr\/wp-json\/wp\/v2\/product_cat?post=723"},{"taxonomy":"product_tag","embeddable":true,"href":"https:\/\/www.fenxifiber.com\/fr\/wp-json\/wp\/v2\/product_tag?post=723"}],"curies":[{"name":"wp","href":"https:\/\/api.w.org\/{rel}","templated":true}]}}