{"id":735,"date":"2026-02-04T00:45:19","date_gmt":"2026-02-04T00:45:19","guid":{"rendered":"https:\/\/www.fenxifiber.com\/?post_type=product&#038;p=735"},"modified":"2026-02-04T01:50:22","modified_gmt":"2026-02-04T01:50:22","slug":"fc-apc-lc-apc-sm-sx","status":"publish","type":"product","link":"https:\/\/www.fenxifiber.com\/fr\/product\/fc-apc-lc-apc-sm-sx\/","title":{"rendered":"Cordon de raccordement fibre monomode simplex FC\/APC vers LC\/APC"},"content":{"rendered":"<h3 data-path-to-node=\"5\">L'avantage hybride : Pourquoi passer de la FC \u00e0 la LC ?<\/h3>\n<p data-path-to-node=\"6\">De nombreux OLT ou instruments de test de qualit\u00e9 industrielle utilisent encore le robuste bo\u00eetier m\u00e9tallique de l'OLT. <b data-path-to-node=\"6\" data-index-in-node=\"82\">FC<\/b> pour sa r\u00e9sistance aux vibrations. Cependant, la plupart des commutateurs modernes et des modules SFP utilisent le format Small-form-Factor <b data-path-to-node=\"6\" data-index-in-node=\"197\">LC<\/b> pour gagner de la place. Ce c\u00e2ble hybride \u00e9limine le besoin d'adaptateurs encombrants, ce qui r\u00e9duit les points de d\u00e9faillance potentiels et maintient une faible perte d'insertion.<\/p>\n<hr data-path-to-node=\"7\" \/>\n<h3 data-path-to-node=\"8\">Sp\u00e9cifications techniques de performance<\/h3>\n<p data-path-to-node=\"9\">Ce c\u00e2ble est con\u00e7u pour les environnements monomodes OS2 de haute performance, garantissant que vos donn\u00e9es voyagent plus loin avec moins d'interf\u00e9rences.<\/p>\n<table data-path-to-node=\"10\">\n<thead>\n<tr>\n<td><strong>M\u00e9trique<\/strong><\/td>\n<td><strong>Sp\u00e9cifications<\/strong><\/td>\n<td><strong>Pourquoi c'est important<\/strong><\/td>\n<\/tr>\n<\/thead>\n<tbody>\n<tr>\n<td><span data-path-to-node=\"10,1,0,0\"><b data-path-to-node=\"10,1,0,0\" data-index-in-node=\"0\">Connecteur A<\/b><\/span><\/td>\n<td><span data-path-to-node=\"10,1,1,0\">FC\/APC (vis m\u00e9tallique)<\/span><\/td>\n<td><span data-path-to-node=\"10,1,2,0\">Stabilit\u00e9 m\u00e9canique maximale<\/span><\/td>\n<\/tr>\n<tr>\n<td><span data-path-to-node=\"10,2,0,0\"><b data-path-to-node=\"10,2,0,0\" data-index-in-node=\"0\">Connecteur B<\/b><\/span><\/td>\n<td><span data-path-to-node=\"10,2,1,0\">LC\/APC (plastique encliquetable)<\/span><\/td>\n<td><span data-path-to-node=\"10,2,2,0\">Compatibilit\u00e9 des ports \u00e0 haute densit\u00e9<\/span><\/td>\n<\/tr>\n<tr>\n<td><span data-path-to-node=\"10,3,0,0\"><b data-path-to-node=\"10,3,0,0\" data-index-in-node=\"0\">Type de fibre<\/b><\/span><\/td>\n<td><span data-path-to-node=\"10,3,1,0\">Mode unique 9\/125\u03bcm<\/span><\/td>\n<td><span data-path-to-node=\"10,3,2,0\">Int\u00e9grit\u00e9 du signal \u00e0 longue distance<\/span><\/td>\n<\/tr>\n<tr>\n<td><span data-path-to-node=\"10,4,0,0\"><b data-path-to-node=\"10,4,0,0\" data-index-in-node=\"0\">Perte de retour<\/b><\/span><\/td>\n<td><span data-path-to-node=\"10,4,1,0\"><span class=\"math-inline\" data-math=\"\\geq 60 \\text{ dB}\" data-index-in-node=\"0\">$\\geq 60 \\text{ dB}$<\/span> (APC \u00e0 APC)<\/span><\/td>\n<td><span data-path-to-node=\"10,4,2,0\">Le meilleur contr\u00f4le des reflets de sa cat\u00e9gorie<\/span><\/td>\n<\/tr>\n<tr>\n<td><span data-path-to-node=\"10,5,0,0\"><b data-path-to-node=\"10,5,0,0\" data-index-in-node=\"0\">Perte d'insertion<\/b><\/span><\/td>\n<td><span data-path-to-node=\"10,5,1,0\"><span class=\"math-inline\" data-math=\"\\leq 0.3 \\text{ dB}\" data-index-in-node=\"0\">$\\leq 0,3 \\text{ dB}$<\/span><\/span><\/td>\n<td><span data-path-to-node=\"10,5,2,0\">Faible chute de puissance sur la liaison<\/span><\/td>\n<\/tr>\n<tr>\n<td><span data-path-to-node=\"10,6,0,0\"><b data-path-to-node=\"10,6,0,0\" data-index-in-node=\"0\">Veste<\/b><\/span><\/td>\n<td><span data-path-to-node=\"10,6,1,0\">2,0mm \/ 3,0mm LSZH<\/span><\/td>\n<td><span data-path-to-node=\"10,6,2,0\">Class\u00e9 au feu pour la s\u00e9curit\u00e9 \u00e0 l'int\u00e9rieur<\/span><\/td>\n<\/tr>\n<\/tbody>\n<\/table>\n<hr data-path-to-node=\"11\" \/>\n<h3 data-path-to-node=\"12\">Caract\u00e9ristiques principales du FC\/APC-LC\/APC-SM-SX<\/h3>\n<ul data-path-to-node=\"13\">\n<li>\n<p data-path-to-node=\"13,0,0\"><b data-path-to-node=\"13,0,0\" data-index-in-node=\"0\">Premium APC Polish :<\/b> Les deux extr\u00e9mit\u00e9s pr\u00e9sentent un polissage angulaire de 8 degr\u00e9s (vert). Cette caract\u00e9ristique est essentielle pour les applications \u00e0 haut d\u00e9bit o\u00f9 la r\u00e9tro-r\u00e9flexion peut endommager les diodes laser sensibles.<\/p>\n<\/li>\n<li>\n<p data-path-to-node=\"13,1,0\"><b data-path-to-node=\"13,1,0\" data-index-in-node=\"0\">Extr\u00e9mit\u00e9 LC peu encombrante :<\/b> Le faible encombrement du connecteur LC permet de doubler la densit\u00e9 des ports c\u00f4t\u00e9 commutateur par rapport aux anciens types de connecteurs.<\/p>\n<\/li>\n<li>\n<p data-path-to-node=\"13,2,0\"><b data-path-to-node=\"13,2,0\" data-index-in-node=\"0\">Extr\u00e9mit\u00e9 FC de force industrielle :<\/b> L'\u00e9crou m\u00e9tallique filet\u00e9 garantit que la connexion reste en place m\u00eame dans les salles de serveurs ou les armoires industrielles soumises \u00e0 de fortes vibrations.<\/p>\n<\/li>\n<li>\n<p data-path-to-node=\"13,3,0\"><b data-path-to-node=\"13,3,0\" data-index-in-node=\"0\">Veste LSZH fiable :<\/b> La veste \u00e0 faible d\u00e9gagement de fum\u00e9e et sans halog\u00e8ne est la norme professionnelle pour les centres de donn\u00e9es, garantissant la s\u00e9curit\u00e9 en cas d'incendie.<\/p>\n<\/li>\n<\/ul>\n<hr data-path-to-node=\"14\" \/>\n<h3 data-path-to-node=\"15\">Questions et r\u00e9ponses d'experts : Questions courantes sur le terrain<\/h3>\n<p data-path-to-node=\"16\"><b data-path-to-node=\"16\" data-index-in-node=\"0\">Q1 : Puis-je utiliser ce c\u00e2ble pour connecter un module LC SFP standard \u00e0 un panneau de brassage FC ?<\/b><\/p>\n<p data-path-to-node=\"16\"><b data-path-to-node=\"16\" data-index-in-node=\"83\">A :<\/b> Uniquement si le module SFP et le panneau de brassage sont tous deux con\u00e7us pour une utilisation avec un module SFP et un panneau de brassage. <b data-path-to-node=\"16\" data-index-in-node=\"145\">APC (Vert)<\/b>. La plupart des modules SFP LC standard utilisent la norme UPC (bleu). Si vous branchez un connecteur LC\/APC dans un module SFP UPC, la pointe inclin\u00e9e ne s'alignera pas, ce qui entra\u00eenera une perte \u00e9lev\u00e9e. V\u00e9rifiez toujours la couleur du port.<\/p>\n<p data-path-to-node=\"17\"><b data-path-to-node=\"17\" data-index-in-node=\"0\">Q2 : La conception \u201cSimplex\u201d prend-elle en charge 10Gbps ou 100Gbps ?<\/b><\/p>\n<p data-path-to-node=\"17\"><b data-path-to-node=\"17\" data-index-in-node=\"57\">A :<\/b> Oui, le c\u0153ur de la fibre lui-m\u00eame (monomode OS2) a une largeur de bande pratiquement illimit\u00e9e. La d\u00e9signation \u201cSimplex\u201d (SX) signifie simplement qu'une seule fibre est utilis\u00e9e. Si votre r\u00e9seau utilise des \u00e9metteurs-r\u00e9cepteurs BiDi (bidirectionnels), cette fibre unique est tout ce dont vous avez besoin pour les donn\u00e9es \u00e0 haut d\u00e9bit.<\/p>\n<p data-path-to-node=\"18\"><b data-path-to-node=\"18\" data-index-in-node=\"0\">Q3 : Quelle est la durabilit\u00e9 de ces connecteurs ?<\/b><\/p>\n<p data-path-to-node=\"18\"><b data-path-to-node=\"18\" data-index-in-node=\"38\">A :<\/b> La face FC est exceptionnellement durable gr\u00e2ce \u00e0 son bo\u00eetier m\u00e9tallique. Le c\u00f4t\u00e9 LC est con\u00e7u pour au moins 1 000 accouplements. Nous recommandons d'utiliser un microscope d'inspection des fibres pour nettoyer les pointes toutes les 10 \u00e0 20 insertions afin de maintenir la qualit\u00e9 de la fibre. <span class=\"math-inline\" data-math=\"&lt;0.3\\text{dB}\" data-index-in-node=\"265\">$&lt;0.3\\text{dB}$<\/span> \u00e9valuation des pertes.<\/p>","protected":false},"excerpt":{"rendered":"<p data-path-to-node=\"4\">Dans les d\u00e9ploiements modernes de fibre optique, la polyvalence est tout aussi importante que la vitesse. Les <b data-path-to-node=\"4\" data-index-in-node=\"76\">FC\/APC vers LC\/APC Single Mode Simplex (SM SX)<\/b> est le pont essentiel entre le mat\u00e9riel h\u00e9rit\u00e9 robuste et les r\u00e9seaux modernes \u00e0 haute densit\u00e9. En combinant le connecteur FC s\u00e9curis\u00e9 et filet\u00e9 avec le connecteur LC compact et push-pull, ce cavalier permet une int\u00e9gration transparente \u00e0 travers diff\u00e9rentes g\u00e9n\u00e9rations de mat\u00e9riel.<\/p>\n<h3 data-path-to-node=\"5\"><\/h3>","protected":false},"featured_media":737,"comment_status":"open","ping_status":"closed","template":"","meta":[],"product_brand":[],"product_cat":[45],"product_tag":[],"class_list":{"0":"post-735","1":"product","2":"type-product","3":"status-publish","4":"has-post-thumbnail","6":"product_cat-single-mode-fiber-optic-patch-cord","8":"first","9":"instock","10":"shipping-taxable","11":"product-type-simple"},"_links":{"self":[{"href":"https:\/\/www.fenxifiber.com\/fr\/wp-json\/wp\/v2\/product\/735","targetHints":{"allow":["GET"]}}],"collection":[{"href":"https:\/\/www.fenxifiber.com\/fr\/wp-json\/wp\/v2\/product"}],"about":[{"href":"https:\/\/www.fenxifiber.com\/fr\/wp-json\/wp\/v2\/types\/product"}],"replies":[{"embeddable":true,"href":"https:\/\/www.fenxifiber.com\/fr\/wp-json\/wp\/v2\/comments?post=735"}],"wp:featuredmedia":[{"embeddable":true,"href":"https:\/\/www.fenxifiber.com\/fr\/wp-json\/wp\/v2\/media\/737"}],"wp:attachment":[{"href":"https:\/\/www.fenxifiber.com\/fr\/wp-json\/wp\/v2\/media?parent=735"}],"wp:term":[{"taxonomy":"product_brand","embeddable":true,"href":"https:\/\/www.fenxifiber.com\/fr\/wp-json\/wp\/v2\/product_brand?post=735"},{"taxonomy":"product_cat","embeddable":true,"href":"https:\/\/www.fenxifiber.com\/fr\/wp-json\/wp\/v2\/product_cat?post=735"},{"taxonomy":"product_tag","embeddable":true,"href":"https:\/\/www.fenxifiber.com\/fr\/wp-json\/wp\/v2\/product_tag?post=735"}],"curies":[{"name":"wp","href":"https:\/\/api.w.org\/{rel}","templated":true}]}}