{"id":740,"date":"2026-02-04T00:51:28","date_gmt":"2026-02-04T00:51:28","guid":{"rendered":"https:\/\/www.fenxifiber.com\/?post_type=product&#038;p=740"},"modified":"2026-02-04T01:55:54","modified_gmt":"2026-02-04T01:55:54","slug":"lc-apc-lc-apc-sm-sx","status":"publish","type":"product","link":"https:\/\/www.fenxifiber.com\/fr\/product\/lc-apc-lc-apc-sm-sx\/","title":{"rendered":"Cordon de raccordement fibre monomode simplex LC\/APC vers LC\/APC"},"content":{"rendered":"<h3 data-path-to-node=\"5\">La puissance du connecteur LC vert<\/h3>\n<p data-path-to-node=\"6\">Le connecteur \u201cLC\u201d a r\u00e9volutionn\u00e9 les r\u00e9seaux en r\u00e9duisant de moiti\u00e9 l'espace n\u00e9cessaire par rapport aux anciens connecteurs SC. Si l'on ajoute le connecteur \"LC\", l'espace requis est r\u00e9duit de moiti\u00e9 par rapport aux anciens connecteurs SC. <b data-path-to-node=\"6\" data-index-in-node=\"125\">APC (contact physique angulaire)<\/b> identifiable par son bo\u00eetier vert, vous obtenez une connexion qui \u00e9limine pratiquement toute r\u00e9tro-r\u00e9flexion, ce qui est vital pour la stabilit\u00e9 des sources laser de haute puissance.<\/p>\n<hr data-path-to-node=\"7\" \/>\n<h3 data-path-to-node=\"8\">Donn\u00e9es techniques de performance<\/h3>\n<p data-path-to-node=\"9\">Nos cavaliers LC\/APC sont construits avec des fibres G.652.D\/G.657.A1 insensibles \u00e0 la courbure pour assurer la performance m\u00eame dans des environnements de routage serr\u00e9s.<\/p>\n<table data-path-to-node=\"10\">\n<thead>\n<tr>\n<td><strong>Param\u00e8tres<\/strong><\/td>\n<td><strong>Sp\u00e9cifications<\/strong><\/td>\n<td><strong>Impact sur les performances<\/strong><\/td>\n<\/tr>\n<\/thead>\n<tbody>\n<tr>\n<td><span data-path-to-node=\"10,1,0,0\"><b data-path-to-node=\"10,1,0,0\" data-index-in-node=\"0\">Type de connecteur<\/b><\/span><\/td>\n<td><span data-path-to-node=\"10,1,1,0\">LC\/APC \u00e0 LC\/APC<\/span><\/td>\n<td><span data-path-to-node=\"10,1,2,0\">Conception \u00e0 haute densit\u00e9 par encliquetage<\/span><\/td>\n<\/tr>\n<tr>\n<td><span data-path-to-node=\"10,2,0,0\"><b data-path-to-node=\"10,2,0,0\" data-index-in-node=\"0\">Mode fibre<\/b><\/span><\/td>\n<td><span data-path-to-node=\"10,2,1,0\">Mode unique (OS2)<\/span><\/td>\n<td><span data-path-to-node=\"10,2,2,0\">Support longue port\u00e9e 1310\/1550nm<\/span><\/td>\n<\/tr>\n<tr>\n<td><span data-path-to-node=\"10,3,0,0\"><b data-path-to-node=\"10,3,0,0\" data-index-in-node=\"0\">Perte d'insertion<\/b><\/span><\/td>\n<td><span data-path-to-node=\"10,3,1,0\"><span class=\"math-inline\" data-math=\"\\leq 0.25 \\text{ dB}\" data-index-in-node=\"0\">$\\leq 0,25 \\text{ dB}$<\/span><\/span><\/td>\n<td><span data-path-to-node=\"10,3,2,0\">Faible att\u00e9nuation \u00e0 la pointe de l'industrie<\/span><\/td>\n<\/tr>\n<tr>\n<td><span data-path-to-node=\"10,4,0,0\"><b data-path-to-node=\"10,4,0,0\" data-index-in-node=\"0\">Perte de retour<\/b><\/span><\/td>\n<td><span data-path-to-node=\"10,4,1,0\"><span class=\"math-inline\" data-math=\"\\geq 65 \\text{ dB}\" data-index-in-node=\"0\">$\\geq 65 \\text{ dB}$<\/span><\/span><\/td>\n<td><span data-path-to-node=\"10,4,2,0\">Puret\u00e9 maximale du signal<\/span><\/td>\n<\/tr>\n<tr>\n<td><span data-path-to-node=\"10,5,0,0\"><b data-path-to-node=\"10,5,0,0\" data-index-in-node=\"0\">Diam\u00e8tre du c\u00e2ble<\/b><\/span><\/td>\n<td><span data-path-to-node=\"10,5,1,0\">2,0 mm \/ 3,0 mm<\/span><\/td>\n<td><span data-path-to-node=\"10,5,2,0\">Flexible et facile \u00e0 g\u00e9rer<\/span><\/td>\n<\/tr>\n<tr>\n<td><span data-path-to-node=\"10,6,0,0\"><b data-path-to-node=\"10,6,0,0\" data-index-in-node=\"0\">Cote de la veste<\/b><\/span><\/td>\n<td><span data-path-to-node=\"10,6,1,0\">LSZH (Jaune)<\/span><\/td>\n<td><span data-path-to-node=\"10,6,2,0\">Sans danger pour les espaces int\u00e9rieurs\/ferm\u00e9s<\/span><\/td>\n<\/tr>\n<\/tbody>\n<\/table>\n<hr data-path-to-node=\"11\" \/>\n<h3 data-path-to-node=\"12\">Pourquoi le LC\/APC-LC\/APC-SM-SX est essentiel<\/h3>\n<ul data-path-to-node=\"13\">\n<li>\n<p data-path-to-node=\"13,0,0\"><b data-path-to-node=\"13,0,0\" data-index-in-node=\"0\">Doublez la densit\u00e9 :<\/b> La virole en c\u00e9ramique de 1,25 mm du connecteur LC permet aux ing\u00e9nieurs r\u00e9seau de placer deux fois plus de connexions dans un panneau de brassage 1U que les connecteurs SC ou FC.<\/p>\n<\/li>\n<li>\n<p data-path-to-node=\"13,1,0\"><b data-path-to-node=\"13,1,0\" data-index-in-node=\"0\">Perte de retour sup\u00e9rieure :<\/b> Avec une perte de retour souvent sup\u00e9rieure \u00e0 <b data-path-to-node=\"13,1,0\" data-index-in-node=\"57\">65dB<\/b>, Les c\u00e2bles LC\/APC sont indispensables pour les applications sensibles telles que le GPON, la transmission vid\u00e9o (CATV) et les syst\u00e8mes DWDM longue distance.<\/p>\n<\/li>\n<li>\n<p data-path-to-node=\"13,2,0\"><b data-path-to-node=\"13,2,0\" data-index-in-node=\"0\">Loquet facile \u00e0 utiliser :<\/b> Le m\u00e9canisme de verrouillage \u201cpush-pull\u201d de type RJ45 \u00e9met un clic audible, garantissant que le connecteur est bien en place et s\u00e9curis\u00e9.<\/p>\n<\/li>\n<li>\n<p data-path-to-node=\"13,3,0\"><b data-path-to-node=\"13,3,0\" data-index-in-node=\"0\">100% Test de g\u00e9om\u00e9trie :<\/b> Chaque c\u00e2ble est inspect\u00e9 en usine pour v\u00e9rifier la concentricit\u00e9 entre les \u00e2mes, ce qui garantit que les minuscules \u00e2mes de 9\u03bcm s'alignent avec une pr\u00e9cision microscopique.<\/p>\n<\/li>\n<\/ul>\n<hr data-path-to-node=\"14\" \/>\n<h3 data-path-to-node=\"15\">Questions et r\u00e9ponses d'experts : Perspectives professionnelles<\/h3>\n<p data-path-to-node=\"16\"><b data-path-to-node=\"16\" data-index-in-node=\"0\">Q1 : Puis-je utiliser un c\u00e2ble LC\/APC avec un \u00e9metteur-r\u00e9cepteur LC\/UPC standard (bleu) ?<\/b><\/p>\n<p data-path-to-node=\"16\"><b data-path-to-node=\"16\" data-index-in-node=\"73\">A :<\/b> Non. C'est la cause la plus fr\u00e9quente de d\u00e9faillance du r\u00e9seau. L'angle de 8 degr\u00e9s de l'APC ne s'appuie pas sur une face plane de l'UPC, ce qui entra\u00eene une d\u00e9faillance du r\u00e9seau. <b data-path-to-node=\"16\" data-index-in-node=\"214\">Perte de -15dB \u00e0 -20dB<\/b> et des dommages potentiels au mat\u00e9riel. Toujours faire correspondre le vert au vert.<\/p>\n<p data-path-to-node=\"17\"><b data-path-to-node=\"17\" data-index-in-node=\"0\">Q2 : Quel est l'avantage du simplex (SX) par rapport au duplex (DX) pour le LC ?<\/b><\/p>\n<p data-path-to-node=\"17\"><b data-path-to-node=\"17\" data-index-in-node=\"65\">A :<\/b> Les c\u00e2bles simplex sont id\u00e9aux pour <b data-path-to-node=\"17\" data-index-in-node=\"97\">BiDi (bidirectionnel)<\/b> qui envoient et re\u00e7oivent des donn\u00e9es sur un seul brin de fibre en utilisant diff\u00e9rentes longueurs d'onde. Cela permet d'\u00e9conomiser de l'espace et de r\u00e9duire la quantit\u00e9 de c\u00e2blage requise par le 50%.<\/p>\n<p data-path-to-node=\"18\"><b data-path-to-node=\"18\" data-index-in-node=\"0\">Q3 : Comment la veste \u201cLSZH\u201d g\u00e8re-t-elle les virages serr\u00e9s dans un rack ?<\/b><\/p>\n<p data-path-to-node=\"18\"><b data-path-to-node=\"18\" data-index-in-node=\"61\">A :<\/b> Nos vestes LSZH sont con\u00e7ues pour \u00eatre flexibles. Toutefois, pour les angles tr\u00e8s serr\u00e9s, nous recommandons nos vestes LSZH. <b data-path-to-node=\"18\" data-index-in-node=\"166\">G.657.A1 \u201cInsensible \u00e0 la courbure\u201d<\/b> de ce cavalier LC\/APC, qui maintient l'int\u00e9grit\u00e9 du signal m\u00eame avec un rayon de courbure de 10 mm.<\/p>\n<p data-path-to-node=\"19\"><b data-path-to-node=\"19\" data-index-in-node=\"0\">Q4 : Ce c\u00e2ble est-il compatible avec les r\u00e9seaux 400G ?<\/b><\/p>\n<p data-path-to-node=\"19\"><b data-path-to-node=\"19\" data-index-in-node=\"49\">A :<\/b> Oui. Bien que le 400G utilise souvent des connecteurs MPO\/MTP, le cavalier LC\/APC-LC\/APC monomode est fr\u00e9quemment utilis\u00e9 dans les configurations de rupture ou pour connecter des \u00e9metteurs-r\u00e9cepteurs 400G-FR4 qui utilisent des ports LC duplex\/simple standard.<\/p>","protected":false},"excerpt":{"rendered":"<p data-path-to-node=\"4\">Au fur et \u00e0 mesure que les r\u00e9seaux \u00e9voluent vers des densit\u00e9s plus \u00e9lev\u00e9es et des vitesses plus rapides, le syst\u00e8me de gestion de l'information est de plus en plus utilis\u00e9. <b data-path-to-node=\"4\" data-index-in-node=\"64\">LC\/APC vers LC\/APC Mode Simplex (SM SX)<\/b> est devenu le lien le plus fiable de l'industrie. Connu pour son \u201cSmall Form Factor\u201d (SFF) compact et la pr\u00e9cision de sa polarit\u00e9 angulaire, ce c\u00e2ble est le premier choix pour connecter les \u00e9metteurs-r\u00e9cepteurs \u00e0 haut d\u00e9bit, les ODF et les points de distribution FTTH.<\/p>\n<h3 data-path-to-node=\"5\"><\/h3>","protected":false},"featured_media":741,"comment_status":"open","ping_status":"closed","template":"","meta":[],"product_brand":[],"product_cat":[45],"product_tag":[],"class_list":{"0":"post-740","1":"product","2":"type-product","3":"status-publish","4":"has-post-thumbnail","6":"product_cat-single-mode-fiber-optic-patch-cord","8":"first","9":"instock","10":"shipping-taxable","11":"product-type-simple"},"_links":{"self":[{"href":"https:\/\/www.fenxifiber.com\/fr\/wp-json\/wp\/v2\/product\/740","targetHints":{"allow":["GET"]}}],"collection":[{"href":"https:\/\/www.fenxifiber.com\/fr\/wp-json\/wp\/v2\/product"}],"about":[{"href":"https:\/\/www.fenxifiber.com\/fr\/wp-json\/wp\/v2\/types\/product"}],"replies":[{"embeddable":true,"href":"https:\/\/www.fenxifiber.com\/fr\/wp-json\/wp\/v2\/comments?post=740"}],"wp:featuredmedia":[{"embeddable":true,"href":"https:\/\/www.fenxifiber.com\/fr\/wp-json\/wp\/v2\/media\/741"}],"wp:attachment":[{"href":"https:\/\/www.fenxifiber.com\/fr\/wp-json\/wp\/v2\/media?parent=740"}],"wp:term":[{"taxonomy":"product_brand","embeddable":true,"href":"https:\/\/www.fenxifiber.com\/fr\/wp-json\/wp\/v2\/product_brand?post=740"},{"taxonomy":"product_cat","embeddable":true,"href":"https:\/\/www.fenxifiber.com\/fr\/wp-json\/wp\/v2\/product_cat?post=740"},{"taxonomy":"product_tag","embeddable":true,"href":"https:\/\/www.fenxifiber.com\/fr\/wp-json\/wp\/v2\/product_tag?post=740"}],"curies":[{"name":"wp","href":"https:\/\/api.w.org\/{rel}","templated":true}]}}