{"id":748,"date":"2026-02-04T00:58:03","date_gmt":"2026-02-04T00:58:03","guid":{"rendered":"https:\/\/www.fenxifiber.com\/?post_type=product&#038;p=748"},"modified":"2026-02-04T01:42:57","modified_gmt":"2026-02-04T01:42:57","slug":"lc-upc-sc-upc-sm-sx","status":"publish","type":"product","link":"https:\/\/www.fenxifiber.com\/fr\/product\/lc-upc-sc-upc-sm-sx\/","title":{"rendered":"Cordon de raccordement en fibre optique monomode LC\/UPC-SC\/UPC-SM-SX"},"content":{"rendered":"<h3 data-start=\"656\" data-end=\"708\"><strong data-start=\"660\" data-end=\"708\">Pourquoi le LC to SC Simplex est toujours tr\u00e8s demand\u00e9<\/strong><\/h3>\n<p data-start=\"710\" data-end=\"1041\">Les commutateurs, routeurs et \u00e9metteurs-r\u00e9cepteurs optiques modernes utilisent <strong data-start=\"765\" data-end=\"777\">Ports LC<\/strong> pour maximiser la densit\u00e9 des ports, tandis que <strong data-start=\"810\" data-end=\"827\">Connecteurs SC<\/strong> restent standard sur les <strong data-start=\"847\" data-end=\"893\">panneaux de raccordement, bo\u00eetiers FTTH et ODF t\u00e9l\u00e9coms<\/strong>.<br data-start=\"894\" data-end=\"897\" \/>Le <strong data-start=\"901\" data-end=\"925\">Conception LC-SC simplex<\/strong> fournit une <strong data-start=\"937\" data-end=\"970\">chemin optique direct \u00e0 faible perte<\/strong> sans adaptateur, ce qui r\u00e9duit \u00e0 la fois <strong data-start=\"1003\" data-end=\"1040\">perte de signal et co\u00fbt d'installation<\/strong>.<\/p>\n<hr data-start=\"1043\" data-end=\"1046\" \/>\n<h3 data-start=\"1048\" data-end=\"1080\"><strong data-start=\"1052\" data-end=\"1080\">Sp\u00e9cifications techniques<\/strong><\/h3>\n<div class=\"TyagGW_tableContainer\">\n<div class=\"group TyagGW_tableWrapper flex flex-col-reverse w-fit\" tabindex=\"-1\">\n<table class=\"w-fit min-w-(--thread-content-width)\" data-start=\"1082\" data-end=\"1464\">\n<thead data-start=\"1082\" data-end=\"1117\">\n<tr data-start=\"1082\" data-end=\"1117\">\n<th class=\"\" data-start=\"1082\" data-end=\"1094\" data-col-size=\"sm\">Param\u00e8tres<\/th>\n<th class=\"\" data-start=\"1094\" data-end=\"1117\" data-col-size=\"sm\">LC\/UPC-SC\/UPC-SM-SX<\/th>\n<\/tr>\n<\/thead>\n<tbody data-start=\"1146\" data-end=\"1464\">\n<tr data-start=\"1146\" data-end=\"1187\">\n<td data-start=\"1146\" data-end=\"1159\" data-col-size=\"sm\">Type de fibre<\/td>\n<td data-start=\"1159\" data-end=\"1187\" data-col-size=\"sm\">OS2 monomode 9\/125 \u03bcm<\/td>\n<\/tr>\n<tr data-start=\"1188\" data-end=\"1234\">\n<td data-start=\"1188\" data-end=\"1204\" data-col-size=\"sm\">Configuration<\/td>\n<td data-start=\"1204\" data-end=\"1234\" data-col-size=\"sm\">Simplex (SX, fibre unique)<\/td>\n<\/tr>\n<tr data-start=\"1235\" data-end=\"1261\">\n<td data-start=\"1235\" data-end=\"1249\" data-col-size=\"sm\">Connecteur A<\/td>\n<td data-start=\"1249\" data-end=\"1261\" data-col-size=\"sm\">LC \/ UPC<\/td>\n<\/tr>\n<tr data-start=\"1262\" data-end=\"1288\">\n<td data-start=\"1262\" data-end=\"1276\" data-col-size=\"sm\">Connecteur B<\/td>\n<td data-start=\"1276\" data-end=\"1288\" data-col-size=\"sm\">SC \/ UPC<\/td>\n<\/tr>\n<tr data-start=\"1289\" data-end=\"1333\">\n<td data-start=\"1289\" data-end=\"1312\" data-col-size=\"sm\">Longueur d'onde de fonctionnement<\/td>\n<td data-start=\"1312\" data-end=\"1333\" data-col-size=\"sm\">1310 nm \/ 1550 nm<\/td>\n<\/tr>\n<tr data-start=\"1334\" data-end=\"1364\">\n<td data-start=\"1334\" data-end=\"1351\" data-col-size=\"sm\">Perte d'insertion<\/td>\n<td data-start=\"1351\" data-end=\"1364\" data-col-size=\"sm\">\u2264 0,30 dB<\/td>\n<\/tr>\n<tr data-start=\"1365\" data-end=\"1390\">\n<td data-start=\"1365\" data-end=\"1379\" data-col-size=\"sm\">Perte de retour<\/td>\n<td data-start=\"1379\" data-end=\"1390\" data-col-size=\"sm\">\u2265 50 dB<\/td>\n<\/tr>\n<tr data-start=\"1391\" data-end=\"1422\">\n<td data-start=\"1391\" data-end=\"1408\" data-col-size=\"sm\">Options de la veste<\/td>\n<td data-start=\"1408\" data-end=\"1422\" data-col-size=\"sm\">LSZH \/ PVC<\/td>\n<\/tr>\n<tr data-start=\"1423\" data-end=\"1464\">\n<td data-start=\"1423\" data-end=\"1435\" data-col-size=\"sm\">Normes<\/td>\n<td data-start=\"1435\" data-end=\"1464\" data-col-size=\"sm\">IEC, TIA-568, RoHS, REACH<\/td>\n<\/tr>\n<\/tbody>\n<\/table>\n<\/div>\n<\/div>\n<hr data-start=\"1466\" data-end=\"1469\" \/>\n<h3 data-start=\"1471\" data-end=\"1499\"><strong data-start=\"1475\" data-end=\"1499\">Applications typiques<\/strong><\/h3>\n<ul data-start=\"1501\" data-end=\"1674\">\n<li data-start=\"1501\" data-end=\"1534\">\n<p data-start=\"1503\" data-end=\"1534\"><strong data-start=\"1503\" data-end=\"1534\">R\u00e9seaux d'acc\u00e8s FTTH et FTTx<\/strong><\/p>\n<\/li>\n<li data-start=\"1535\" data-end=\"1568\">\n<p data-start=\"1537\" data-end=\"1568\"><strong data-start=\"1537\" data-end=\"1568\">R\u00e9partiteurs de t\u00e9l\u00e9communications<\/strong><\/p>\n<\/li>\n<li data-start=\"1569\" data-end=\"1601\">\n<p data-start=\"1571\" data-end=\"1601\"><strong data-start=\"1571\" data-end=\"1601\">Modules optiques SFP \/ SFP+<\/strong><\/p>\n<\/li>\n<li data-start=\"1602\" data-end=\"1643\">\n<p data-start=\"1604\" data-end=\"1643\"><strong data-start=\"1604\" data-end=\"1643\">Prises murales et panneaux de raccordement en fibre optique<\/strong><\/p>\n<\/li>\n<li data-start=\"1644\" data-end=\"1674\">\n<p data-start=\"1646\" data-end=\"1674\"><strong data-start=\"1646\" data-end=\"1674\">Liaisons d'acc\u00e8s au centre de donn\u00e9es<\/strong><\/p>\n<\/li>\n<\/ul>\n<p data-start=\"1676\" data-end=\"1815\">Ce mod\u00e8le est fr\u00e9quemment achet\u00e9 par :<br \/>\n<strong data-start=\"1715\" data-end=\"1814\">les distributeurs de fibres, les int\u00e9grateurs de syst\u00e8mes, les entrepreneurs FTTH, les usines OEM et les grossistes exportateurs.<\/strong>.<\/p>\n<hr data-start=\"1817\" data-end=\"1820\" \/>\n<h3 data-start=\"1822\" data-end=\"1869\"><strong data-start=\"1826\" data-end=\"1869\">Optimis\u00e9 pour l'approvisionnement B2B et les projets OEM<\/strong><\/h3>\n<p data-start=\"1871\" data-end=\"1882\">Nous soutenons :<\/p>\n<ul data-start=\"1883\" data-end=\"2058\">\n<li data-start=\"1883\" data-end=\"1900\">\n<p data-start=\"1885\" data-end=\"1900\"><strong data-start=\"1885\" data-end=\"1900\">Commandes en gros<\/strong><\/p>\n<\/li>\n<li data-start=\"1901\" data-end=\"1919\">\n<p data-start=\"1903\" data-end=\"1919\"><strong data-start=\"1903\" data-end=\"1919\">Flexible MOQ<\/strong><\/p>\n<\/li>\n<li data-start=\"1920\" data-end=\"1949\">\n<p data-start=\"1922\" data-end=\"1949\"><strong data-start=\"1922\" data-end=\"1949\">Fabrication OEM \/ ODM<\/strong><\/p>\n<\/li>\n<li data-start=\"1950\" data-end=\"1984\">\n<p data-start=\"1952\" data-end=\"1984\"><strong data-start=\"1952\" data-end=\"1984\">\u00c9tiquetage et emballage priv\u00e9s<\/strong><\/p>\n<\/li>\n<li data-start=\"1985\" data-end=\"2028\">\n<p data-start=\"1987\" data-end=\"2028\"><strong data-start=\"1987\" data-end=\"2028\">Longueurs de c\u00e2ble et types de gaine sur mesure<\/strong><\/p>\n<\/li>\n<li data-start=\"2029\" data-end=\"2058\">\n<p data-start=\"2031\" data-end=\"2058\"><strong data-start=\"2031\" data-end=\"2058\">Approvisionnement stable \u00e0 long terme<\/strong><\/p>\n<\/li>\n<\/ul>\n<p data-start=\"2060\" data-end=\"2161\">LC\/UPC-SC\/UPC-SM-SX est donc un choix id\u00e9al pour <strong data-start=\"2111\" data-end=\"2160\">l'approvisionnement bas\u00e9 sur des projets et l'approvisionnement global<\/strong>.<\/p>\n<hr data-start=\"2163\" data-end=\"2166\" \/>\n<h2 data-start=\"2168\" data-end=\"2191\"><strong data-start=\"2171\" data-end=\"2191\">FAQ professionnelle<\/strong><\/h2>\n<p data-start=\"2193\" data-end=\"2324\"><strong data-start=\"2193\" data-end=\"2233\">Q1 : Que signifie SX dans ce mod\u00e8le ?<\/strong><br data-start=\"2233\" data-end=\"2236\" \/>SX signifie <strong data-start=\"2250\" data-end=\"2261\">simplex<\/strong>, ce qui signifie que le c\u00e2ble a <strong data-start=\"2285\" data-end=\"2298\">une fibre<\/strong> au lieu d'une paire duplex.<\/p>\n<p data-start=\"2326\" data-end=\"2490\"><strong data-start=\"2326\" data-end=\"2390\">Q2 : Ce c\u00e2ble est-il compatible avec les r\u00e9seaux FTTH et de t\u00e9l\u00e9communications ?<\/strong><br data-start=\"2390\" data-end=\"2393\" \/>Oui, il utilise <strong data-start=\"2406\" data-end=\"2431\">Fibre monomode OS2<\/strong>, enti\u00e8rement compatible avec <strong data-start=\"2455\" data-end=\"2489\">les syst\u00e8mes de t\u00e9l\u00e9communication, FTTH et PON<\/strong>.<\/p>\n<p data-start=\"2492\" data-end=\"2640\"><strong data-start=\"2492\" data-end=\"2542\">Q3 : Pourquoi utiliser LC \u00e0 une extr\u00e9mit\u00e9 et SC \u00e0 l'autre ?<\/strong><br data-start=\"2542\" data-end=\"2545\" \/>LC s'adapte <strong data-start=\"2553\" data-end=\"2582\">\u00e9metteurs-r\u00e9cepteurs \u00e0 haute densit\u00e9<\/strong>, tandis que SC se connecte \u00e0 <strong data-start=\"2605\" data-end=\"2639\">ODF et prises murales standard<\/strong>.<\/p>\n<p data-start=\"2642\" data-end=\"2763\"><strong data-start=\"2642\" data-end=\"2705\">Q4 : Ce produit peut-il \u00eatre fourni dans un emballage OEM ou sous marque de distributeur ?<\/strong><br data-start=\"2705\" data-end=\"2708\" \/>Oui. Nous fournissons <strong data-start=\"2724\" data-end=\"2762\">Marquage OEM, ODM et distributeur<\/strong>.<\/p>\n<p data-start=\"2765\" data-end=\"2917\"><strong data-start=\"2765\" data-end=\"2821\">Q5 : Ce syst\u00e8me est-il adapt\u00e9 \u00e0 la transmission sur de longues distances ?<\/strong><br data-start=\"2821\" data-end=\"2824\" \/>Oui. La fibre monomode OS2 prend en charge <strong data-start=\"2860\" data-end=\"2916\">kilom\u00e8tres de transmission avec une tr\u00e8s faible att\u00e9nuation<\/strong>.<\/p>\n<p data-start=\"2919\" data-end=\"3042\"><strong data-start=\"2919\" data-end=\"2957\">Q6 : Qui ach\u00e8te g\u00e9n\u00e9ralement ce mod\u00e8le ?<\/strong><br data-start=\"2957\" data-end=\"2960\" \/><strong data-start=\"2960\" data-end=\"3041\">Op\u00e9rateurs de t\u00e9l\u00e9communications, installateurs FTTH, int\u00e9grateurs de syst\u00e8mes et grossistes en fibre optique<\/strong>.<\/p>","protected":false},"excerpt":{"rendered":"<p data-start=\"63\" data-end=\"466\">Le <strong data-start=\"67\" data-end=\"90\">LC\/UPC-SC\/UPC-SM-SX<\/strong> Le cordon de raccordement est un <strong data-start=\"107\" data-end=\"155\">cavalier monomode simplex (SX) \u00e0 fibre unique<\/strong> con\u00e7u pour <strong data-start=\"169\" data-end=\"249\">FTTH, baies de t\u00e9l\u00e9communication, modules optiques et syst\u00e8mes de distribution de fibres compacts<\/strong>. Il combine un <strong data-start=\"265\" data-end=\"298\">connecteur LC\/UPC haute densit\u00e9<\/strong> \u00e0 une extr\u00e9mit\u00e9 avec un <strong data-start=\"317\" data-end=\"346\">connecteur standard SC\/UPC<\/strong> d'autre part, ce qui permet une interconnexion transparente entre <strong data-start=\"403\" data-end=\"465\">\u00c9quipement \u00e0 base de SFP et ODF \u00e0 terminaison SC ou prises murales<\/strong>.<\/p>\n<p data-start=\"468\" data-end=\"649\">Cette configuration est largement utilis\u00e9e par <strong data-start=\"505\" data-end=\"588\">int\u00e9grateurs de syst\u00e8mes, op\u00e9rateurs de t\u00e9l\u00e9communications, grossistes et fabricants de fibres OEM<\/strong> pour <strong data-start=\"593\" data-end=\"648\">des d\u00e9ploiements de r\u00e9seaux rentables et peu encombrants<\/strong>.<\/p>","protected":false},"featured_media":749,"comment_status":"open","ping_status":"closed","template":"","meta":[],"product_brand":[],"product_cat":[44],"product_tag":[],"class_list":{"0":"post-748","1":"product","2":"type-product","3":"status-publish","4":"has-post-thumbnail","6":"product_cat-multimode-fiber-optic-patch-cord","8":"first","9":"instock","10":"shipping-taxable","11":"product-type-simple"},"_links":{"self":[{"href":"https:\/\/www.fenxifiber.com\/fr\/wp-json\/wp\/v2\/product\/748","targetHints":{"allow":["GET"]}}],"collection":[{"href":"https:\/\/www.fenxifiber.com\/fr\/wp-json\/wp\/v2\/product"}],"about":[{"href":"https:\/\/www.fenxifiber.com\/fr\/wp-json\/wp\/v2\/types\/product"}],"replies":[{"embeddable":true,"href":"https:\/\/www.fenxifiber.com\/fr\/wp-json\/wp\/v2\/comments?post=748"}],"wp:featuredmedia":[{"embeddable":true,"href":"https:\/\/www.fenxifiber.com\/fr\/wp-json\/wp\/v2\/media\/749"}],"wp:attachment":[{"href":"https:\/\/www.fenxifiber.com\/fr\/wp-json\/wp\/v2\/media?parent=748"}],"wp:term":[{"taxonomy":"product_brand","embeddable":true,"href":"https:\/\/www.fenxifiber.com\/fr\/wp-json\/wp\/v2\/product_brand?post=748"},{"taxonomy":"product_cat","embeddable":true,"href":"https:\/\/www.fenxifiber.com\/fr\/wp-json\/wp\/v2\/product_cat?post=748"},{"taxonomy":"product_tag","embeddable":true,"href":"https:\/\/www.fenxifiber.com\/fr\/wp-json\/wp\/v2\/product_tag?post=748"}],"curies":[{"name":"wp","href":"https:\/\/api.w.org\/{rel}","templated":true}]}}