{"id":759,"date":"2026-02-04T01:08:06","date_gmt":"2026-02-04T01:08:06","guid":{"rendered":"https:\/\/www.fenxifiber.com\/?post_type=product&#038;p=759"},"modified":"2026-02-04T02:11:09","modified_gmt":"2026-02-04T02:11:09","slug":"fc-upc-st-upc-sm-sx","status":"publish","type":"product","link":"https:\/\/www.fenxifiber.com\/fr\/product\/fc-upc-st-upc-sm-sx\/","title":{"rendered":"La fiabilit\u00e9 verrouill\u00e9e : Le cordon de raccordement monomode FC\/UPC vers ST\/UPC"},"content":{"rendered":"<h2 data-path-to-node=\"6\">Le mat\u00e9riel : Pourquoi FC et ST ?<\/h2>\n<ul data-path-to-node=\"7\">\n<li>\n<p data-path-to-node=\"7,0,0\"><b data-path-to-node=\"7,0,0\" data-index-in-node=\"0\">FC\/UPC (The Screw-On) :<\/b> Con\u00e7u \u00e0 l'origine pour les t\u00e9l\u00e9communications, le connecteur FC utilise un bo\u00eetier m\u00e9tallique filet\u00e9. Une fois viss\u00e9, il n'ira nulle part. C'est le choix pr\u00e9f\u00e9r\u00e9 pour les \u00e9quipements de test sensibles et les r\u00e9seaux de bord.<\/p>\n<\/li>\n<li>\n<p data-path-to-node=\"7,1,0\"><b data-path-to-node=\"7,1,0\" data-index-in-node=\"0\">ST\/UPC (La ba\u00efonnette) :<\/b> Le connecteur \u201cStraight Tip\u201d utilise un m\u00e9canisme de verrouillage par torsion de type BNC. Il est r\u00e9put\u00e9 pour sa facilit\u00e9 d'utilisation dans les ateliers industriels et les r\u00e9seaux de campus o\u00f9 une connexion robuste \u00e0 ressort est n\u00e9cessaire.<\/p>\n<\/li>\n<li>\n<p data-path-to-node=\"7,2,0\"><b data-path-to-node=\"7,2,0\" data-index-in-node=\"0\">UPC (Ultra Physical Contact) :<\/b> Les deux extr\u00e9mit\u00e9s sont dot\u00e9es de l'embl\u00e8me classique de la <b data-path-to-node=\"7,2,0\" data-index-in-node=\"60\">Bleu<\/b> Le polissage UPC garantit une finition verre sur verre de haute qualit\u00e9 pour la transmission de donn\u00e9es num\u00e9riques.<\/p>\n<\/li>\n<\/ul>\n<hr data-path-to-node=\"8\" \/>\n<h2 data-path-to-node=\"9\">Profil de performance technique<\/h2>\n<p data-path-to-node=\"10\">M\u00eame si l'ext\u00e9rieur est robuste, la performance interne est assur\u00e9e par le verre monomode OS2 de haute pr\u00e9cision.<\/p>\n<table data-path-to-node=\"11\">\n<thead>\n<tr>\n<td><strong>M\u00e9trique<\/strong><\/td>\n<td><strong>Sp\u00e9cifications<\/strong><\/td>\n<td><strong>Valeur d'ing\u00e9nierie<\/strong><\/td>\n<\/tr>\n<\/thead>\n<tbody>\n<tr>\n<td><span data-path-to-node=\"11,1,0,0\"><b data-path-to-node=\"11,1,0,0\" data-index-in-node=\"0\">Type de fibre<\/b><\/span><\/td>\n<td><span data-path-to-node=\"11,1,1,0\">Mode unique (OS2) 9\/125\u03bcm<\/span><\/td>\n<td><span data-path-to-node=\"11,1,2,0\">Capacit\u00e9 \u00e0 parcourir de longues distances<\/span><\/td>\n<\/tr>\n<tr>\n<td><span data-path-to-node=\"11,2,0,0\"><b data-path-to-node=\"11,2,0,0\" data-index-in-node=\"0\">Perte d'insertion<\/b><\/span><\/td>\n<td><span data-path-to-node=\"11,2,1,0\"><span class=\"math-inline\" data-math=\"\\leq 0.3 \\text{ dB}\" data-index-in-node=\"0\">$\\leq 0,3 \\text{ dB}$<\/span><\/span><\/td>\n<td><span data-path-to-node=\"11,2,2,0\">Att\u00e9nuation minimale du signal<\/span><\/td>\n<\/tr>\n<tr>\n<td><span data-path-to-node=\"11,3,0,0\"><b data-path-to-node=\"11,3,0,0\" data-index-in-node=\"0\">Perte de retour<\/b><\/span><\/td>\n<td><span data-path-to-node=\"11,3,1,0\"><span class=\"math-inline\" data-math=\"\\geq 50 \\text{ dB}\" data-index-in-node=\"0\">$\\geq 50 \\text{ dB}$<\/span><\/span><\/td>\n<td><span data-path-to-node=\"11,3,2,0\">Optimis\u00e9 pour la puret\u00e9 du signal num\u00e9rique<\/span><\/td>\n<\/tr>\n<tr>\n<td><span data-path-to-node=\"11,4,0,0\"><b data-path-to-node=\"11,4,0,0\" data-index-in-node=\"0\">Mat\u00e9riau du connecteur<\/b><\/span><\/td>\n<td><span data-path-to-node=\"11,4,1,0\">M\u00e9tal nickel\u00e9<\/span><\/td>\n<td><span data-path-to-node=\"11,4,2,0\">R\u00e9sistance maximale \u00e0 la corrosion<\/span><\/td>\n<\/tr>\n<tr>\n<td><span data-path-to-node=\"11,5,0,0\"><b data-path-to-node=\"11,5,0,0\" data-index-in-node=\"0\">Type de veste<\/b><\/span><\/td>\n<td><span data-path-to-node=\"11,5,1,0\">2,0mm \/ 3,0mm LSZH<\/span><\/td>\n<td><span data-path-to-node=\"11,5,2,0\">S\u00e9curit\u00e9 pour l'utilisation \u00e0 l'int\u00e9rieur<\/span><\/td>\n<\/tr>\n<tr>\n<td><span data-path-to-node=\"11,6,0,0\"><b data-path-to-node=\"11,6,0,0\" data-index-in-node=\"0\">Durabilit\u00e9 de l'accouplement<\/b><\/span><\/td>\n<td><span data-path-to-node=\"11,6,1,0\"><span class=\"math-inline\" data-math=\"&gt; 1000\" data-index-in-node=\"0\">$&gt; 1000$<\/span> Cycles<\/span><\/td>\n<td><span data-path-to-node=\"11,6,2,0\">Con\u00e7u pour une utilisation r\u00e9p\u00e9t\u00e9e \u201cplug-and-play\u201d<\/span><\/td>\n<\/tr>\n<\/tbody>\n<\/table>\n<hr data-path-to-node=\"12\" \/>\n<h2 data-path-to-node=\"13\">Pourquoi ce c\u00e2ble est-il plus performant que les autres c\u00e2bles en plastique ?<\/h2>\n<h3 data-path-to-node=\"14\">1. Immunit\u00e9 aux vibrations<\/h3>\n<p data-path-to-node=\"15\">Dans des environnements tels que les usines de fabrication ou les centres de donn\u00e9es situ\u00e9s \u00e0 proximit\u00e9 de machines lourdes, les clips en plastique peuvent s'user ou se d\u00e9tacher sous l'effet des vibrations. La nature m\u00e9tallique et verrouillable des connecteurs FC et ST garantit que le c\u0153ur de la fibre reste parfaitement centr\u00e9.<\/p>\n<h3 data-path-to-node=\"16\">2. F\u00e9rules de haute pr\u00e9cision de 2,5 mm<\/h3>\n<p data-path-to-node=\"17\">Les extr\u00e9mit\u00e9s FC et ST utilisent une bague en c\u00e9ramique de 2,5 mm de diam\u00e8tre. Cela ajoute une surface physique \u00e0 la connexion, la rendant plus robuste que les minuscules ferrules de 1,25 mm que l'on trouve dans les connecteurs LC.<\/p>\n<h3 data-path-to-node=\"18\">3. La \u201cnorme\u201d pour les \u00e9quipements d'essai<\/h3>\n<p data-path-to-node=\"19\">La plupart des OTDR (r\u00e9flectom\u00e8tres optiques \u00e0 domaine temporel) et des sources lumineuses haut de gamme utilisent une interface FC en raison de sa r\u00e9p\u00e9tabilit\u00e9. Ce c\u00e2ble est le \u201cfil de lancement\u201d parfait pour connecter cet \u00e9quipement \u00e0 un panneau de distribution bas\u00e9 sur ST.<\/p>\n<hr data-path-to-node=\"20\" \/>\n<h2 data-path-to-node=\"21\">Questions et r\u00e9ponses d'experts : Conseils professionnels<\/h2>\n<p data-path-to-node=\"22\"><b data-path-to-node=\"22\" data-index-in-node=\"0\">Q : Le connecteur ST sera-t-il \u201cd\u00e9pass\u00e9\u201d en 2026 ?<\/b><\/p>\n<p data-path-to-node=\"22\"><b data-path-to-node=\"22\" data-index-in-node=\"43\">A :<\/b> Pas du tout. Bien que la LC soit utilis\u00e9e pour <i data-path-to-node=\"22\" data-index-in-node=\"79\">densit\u00e9<\/i>, ST est utilis\u00e9 pour <i data-path-to-node=\"22\" data-index-in-node=\"103\">la durabilit\u00e9<\/i>. Les connecteurs ST restent la norme dans les syst\u00e8mes de s\u00e9curit\u00e9, les centrales \u00e9lectriques et les applications militaires, car le verrouillage par rotation ne se casse pas comme les loquets en plastique.<\/p>\n<p data-path-to-node=\"23\"><b data-path-to-node=\"23\" data-index-in-node=\"0\">Q : Puis-je utiliser ce c\u00e2ble monomode (jaune) avec mon syst\u00e8me multimode (orange\/qua) ?<\/b><\/p>\n<p data-path-to-node=\"23\"><b data-path-to-node=\"23\" data-index-in-node=\"85\">A :<\/b> <b data-path-to-node=\"23\" data-index-in-node=\"88\">Non.<\/b> Il ne faut jamais m\u00e9langer les types de fibres. Un noyau monomode (9\u03bcm) est beaucoup plus petit qu'un noyau multimode (50\u03bcm ou 62,5\u03bcm). L'utilisation de ce c\u00e2ble sur un syst\u00e8me multimode entra\u00eenera une perte de signal extr\u00eame (jusqu'\u00e0 90%).<\/p>\n<p data-path-to-node=\"24\"><b data-path-to-node=\"24\" data-index-in-node=\"0\">Q : Quel est l'avantage de la conception \u201cSimplex\u201d ?<\/b><\/p>\n<p data-path-to-node=\"24\"><b data-path-to-node=\"24\" data-index-in-node=\"53\">A :<\/b> Simplex (SX) est la norme pour les donn\u00e9es de capteur unidirectionnelles ou la communication BiDi (bidirectionnelle). Il rend le c\u00e2ble plus l\u00e9ger et plus facile \u00e0 tirer dans des conduits \u00e9troits par rapport \u00e0 une corde \u00e0 glissi\u00e8re duplex encombrante.<\/p>\n<p data-path-to-node=\"25\"><b data-path-to-node=\"25\" data-index-in-node=\"0\">Q : Le polissage \u201cUPC\u201d fonctionne-t-il avec les ports \u201cAPC\u201d ?<\/b><\/p>\n<p data-path-to-node=\"25\"><b data-path-to-node=\"25\" data-index-in-node=\"48\">A :<\/b> <b data-path-to-node=\"25\" data-index-in-node=\"51\">Jamais.<\/b> Le fait de brancher un connecteur bleu (UPC) sur un port vert (APC) cr\u00e9era un vide d'air qui r\u00e9fl\u00e9chira la lumi\u00e8re dans votre laser, ce qui risque d'endommager votre \u00e9quipement. Il faut toujours faire correspondre Bleu \u00e0 Bleu.<\/p>","protected":false},"excerpt":{"rendered":"<p data-path-to-node=\"4\">Dans le domaine de la fibre optique, certaines connexions n\u00e9cessitent plus qu'un simple \u201cclic\u201d - elles requi\u00e8rent un verrouillage m\u00e9canique. Les <b data-path-to-node=\"4\" data-index-in-node=\"116\">FC\/UPC vers ST\/UPC-SM-SX<\/b> est une solution hybride con\u00e7ue pour relier deux des types de connecteurs les plus s\u00fbrs physiquement jamais con\u00e7us.<\/p>\n<p data-path-to-node=\"5\">En combinant les <b data-path-to-node=\"5\" data-index-in-node=\"17\">filet\u00e9 \u00e0 visser FC<\/b> avec le <b data-path-to-node=\"5\" data-index-in-node=\"47\">verrouillage \u00e0 ba\u00efonnette ST<\/b>, Ce c\u00e2ble offre un chemin lumineux ultra stable pour les r\u00e9seaux monomodes soumis \u00e0 des mouvements, des vibrations ou des manipulations fr\u00e9quentes.<\/p>","protected":false},"featured_media":761,"comment_status":"open","ping_status":"closed","template":"","meta":[],"product_brand":[],"product_cat":[45],"product_tag":[],"class_list":{"0":"post-759","1":"product","2":"type-product","3":"status-publish","4":"has-post-thumbnail","6":"product_cat-single-mode-fiber-optic-patch-cord","8":"first","9":"instock","10":"shipping-taxable","11":"product-type-simple"},"_links":{"self":[{"href":"https:\/\/www.fenxifiber.com\/fr\/wp-json\/wp\/v2\/product\/759","targetHints":{"allow":["GET"]}}],"collection":[{"href":"https:\/\/www.fenxifiber.com\/fr\/wp-json\/wp\/v2\/product"}],"about":[{"href":"https:\/\/www.fenxifiber.com\/fr\/wp-json\/wp\/v2\/types\/product"}],"replies":[{"embeddable":true,"href":"https:\/\/www.fenxifiber.com\/fr\/wp-json\/wp\/v2\/comments?post=759"}],"wp:featuredmedia":[{"embeddable":true,"href":"https:\/\/www.fenxifiber.com\/fr\/wp-json\/wp\/v2\/media\/761"}],"wp:attachment":[{"href":"https:\/\/www.fenxifiber.com\/fr\/wp-json\/wp\/v2\/media?parent=759"}],"wp:term":[{"taxonomy":"product_brand","embeddable":true,"href":"https:\/\/www.fenxifiber.com\/fr\/wp-json\/wp\/v2\/product_brand?post=759"},{"taxonomy":"product_cat","embeddable":true,"href":"https:\/\/www.fenxifiber.com\/fr\/wp-json\/wp\/v2\/product_cat?post=759"},{"taxonomy":"product_tag","embeddable":true,"href":"https:\/\/www.fenxifiber.com\/fr\/wp-json\/wp\/v2\/product_tag?post=759"}],"curies":[{"name":"wp","href":"https:\/\/api.w.org\/{rel}","templated":true}]}}