{"id":764,"date":"2026-02-04T01:18:42","date_gmt":"2026-02-04T01:18:42","guid":{"rendered":"https:\/\/www.fenxifiber.com\/?post_type=product&#038;p=764"},"modified":"2026-02-04T02:11:45","modified_gmt":"2026-02-04T02:11:45","slug":"lc-apc-lc-upc-sm-sx","status":"publish","type":"product","link":"https:\/\/www.fenxifiber.com\/fr\/product\/lc-apc-lc-upc-sm-sx\/","title":{"rendered":"Le diplomate : Cordon de raccordement monomode simplex LC\/APC vers LC\/UPC"},"content":{"rendered":"<h2 data-path-to-node=\"6\">Pourquoi cette configuration hybride est salvatrice<\/h2>\n<ul data-path-to-node=\"7\">\n<li>\n<p data-path-to-node=\"7,0,0\"><b data-path-to-node=\"7,0,0\" data-index-in-node=\"0\">R\u00e9sout les probl\u00e8mes de concordance des polonais :<\/b> Vous ne pouvez pas brancher un connecteur APC sur un port UPC sans perte massive de signal. Ce c\u00e2ble effectue la \u201cconversion\u201d en interne, ce qui permet une transition transparente.<\/p>\n<\/li>\n<li>\n<p data-path-to-node=\"7,1,0\"><b data-path-to-node=\"7,1,0\" data-index-in-node=\"0\">Empreinte LC haute densit\u00e9 :<\/b> Les deux extr\u00e9mit\u00e9s utilisent la ferrule SFF (Small Form Factor) de 1,25 mm, ce qui permet d'\u00e9conomiser \u00e9norm\u00e9ment d'espace dans les racks encombr\u00e9s.<\/p>\n<\/li>\n<li>\n<p data-path-to-node=\"7,2,0\"><b data-path-to-node=\"7,2,0\" data-index-in-node=\"0\">OS2 Single Mode Performance :<\/b> Construit avec des fibres G.652.D ou G.657.A1 de premi\u00e8re qualit\u00e9, il est capable de g\u00e9rer des d\u00e9bits de 10G, 25G et m\u00eame 100G sur de longues distances.<\/p>\n<\/li>\n<\/ul>\n<hr data-path-to-node=\"8\" \/>\n<h2 data-path-to-node=\"9\">Profil de performance technique<\/h2>\n<p data-path-to-node=\"10\">Comme ce c\u00e2ble relie deux g\u00e9om\u00e9tries de polissage diff\u00e9rentes, la pr\u00e9cision en usine est essentielle. Voici ce qu'il en est :<\/p>\n<table data-path-to-node=\"11\">\n<thead>\n<tr>\n<td><strong>Param\u00e8tres<\/strong><\/td>\n<td><strong>Connecteur A (LC\/APC)<\/strong><\/td>\n<td><strong>Connecteur B (LC\/UPC)<\/strong><\/td>\n<td><strong>L'avantage<\/strong><\/td>\n<\/tr>\n<\/thead>\n<tbody>\n<tr>\n<td><span data-path-to-node=\"11,1,0,0\"><b data-path-to-node=\"11,1,0,0\" data-index-in-node=\"0\">Code couleur<\/b><\/span><\/td>\n<td><span data-path-to-node=\"11,1,1,0\">Vert<\/span><\/td>\n<td><span data-path-to-node=\"11,1,2,0\">Bleu<\/span><\/td>\n<td><span data-path-to-node=\"11,1,3,0\">Identification visuelle facile<\/span><\/td>\n<\/tr>\n<tr>\n<td><span data-path-to-node=\"11,2,0,0\"><b data-path-to-node=\"11,2,0,0\" data-index-in-node=\"0\">Polissage de l'extr\u00e9mit\u00e9 de la face<\/b><\/span><\/td>\n<td><span data-path-to-node=\"11,2,1,0\">8\u00b0 Angulaire<\/span><\/td>\n<td><span data-path-to-node=\"11,2,2,0\">Contact ultra-physique<\/span><\/td>\n<td><span data-path-to-node=\"11,2,3,0\">Passerelles entre les diff\u00e9rentes normes d'\u00e9quipement<\/span><\/td>\n<\/tr>\n<tr>\n<td><span data-path-to-node=\"11,3,0,0\"><b data-path-to-node=\"11,3,0,0\" data-index-in-node=\"0\">Perte de retour<\/b><\/span><\/td>\n<td><span data-path-to-node=\"11,3,1,0\"><span class=\"math-inline\" data-math=\"\\geq 60 \\text{ dB}\" data-index-in-node=\"0\">$\\geq 60 \\text{ dB}$<\/span><\/span><\/td>\n<td><span data-path-to-node=\"11,3,2,0\"><span class=\"math-inline\" data-math=\"\\geq 50 \\text{ dB}\" data-index-in-node=\"0\">$\\geq 50 \\text{ dB}$<\/span><\/span><\/td>\n<td><span data-path-to-node=\"11,3,3,0\">Protection sup\u00e9rieure de la source laser<\/span><\/td>\n<\/tr>\n<tr>\n<td><span data-path-to-node=\"11,4,0,0\"><b data-path-to-node=\"11,4,0,0\" data-index-in-node=\"0\">Perte d'insertion<\/b><\/span><\/td>\n<td><span data-path-to-node=\"11,4,1,0\"><span class=\"math-inline\" data-math=\"\\leq 0.3 \\text{ dB}\" data-index-in-node=\"0\">$\\leq 0,3 \\text{ dB}$<\/span><\/span><\/td>\n<td><span data-path-to-node=\"11,4,2,0\"><span class=\"math-inline\" data-math=\"\\leq 0.3 \\text{ dB}\" data-index-in-node=\"0\">$\\leq 0,3 \\text{ dB}$<\/span><\/span><\/td>\n<td><span data-path-to-node=\"11,4,3,0\">Chute de puissance n\u00e9gligeable<\/span><\/td>\n<\/tr>\n<tr>\n<td><span data-path-to-node=\"11,5,0,0\"><b data-path-to-node=\"11,5,0,0\" data-index-in-node=\"0\">Type de fibre<\/b><\/span><\/td>\n<td><span data-path-to-node=\"11,5,1,0\">Mode unique (9\/125\u03bcm)<\/span><\/td>\n<td><span data-path-to-node=\"11,5,2,0\">Mode unique (9\/125\u03bcm)<\/span><\/td>\n<td><span data-path-to-node=\"11,5,3,0\">Vitesse constante du signal<\/span><\/td>\n<\/tr>\n<tr>\n<td><span data-path-to-node=\"11,6,0,0\"><b data-path-to-node=\"11,6,0,0\" data-index-in-node=\"0\">Veste<\/b><\/span><\/td>\n<td><span data-path-to-node=\"11,6,1,0\">2,0 mm LSZH<\/span><\/td>\n<td><span data-path-to-node=\"11,6,2,0\">2,0 mm LSZH<\/span><\/td>\n<td><span data-path-to-node=\"11,6,3,0\">S\u00e9curit\u00e9 incendie et extr\u00eame flexibilit\u00e9<\/span><\/td>\n<\/tr>\n<\/tbody>\n<\/table>\n<hr data-path-to-node=\"12\" \/>\n<h2 data-path-to-node=\"13\">Cas d'utilisation strat\u00e9gique<\/h2>\n<h3 data-path-to-node=\"14\">1. Connexion des \u00e9metteurs-r\u00e9cepteurs aux ODF<\/h3>\n<p data-path-to-node=\"15\">De nombreux \u00e9metteurs-r\u00e9cepteurs modernes \u00e0 haute puissance requi\u00e8rent une alimentation en \u00e9lectricit\u00e9. <b data-path-to-node=\"15\" data-index-in-node=\"47\">APC<\/b> afin de prot\u00e9ger le laser interne de la r\u00e9tro-r\u00e9flexion. Cependant, de nombreux panneaux de brassage d'entreprise sont encore <b data-path-to-node=\"15\" data-index-in-node=\"168\">CUP<\/b>. Ce c\u00e2ble est le \u201ccha\u00eenon manquant\u201d pour cette connexion.<\/p>\n<h3 data-path-to-node=\"16\">2. Essais et mesures<\/h3>\n<p data-path-to-node=\"17\">Les techniciens utilisent souvent ce cavalier pour connecter des OTDR (r\u00e9flectom\u00e8tres optiques \u00e0 domaine temporel) bas\u00e9s sur APC \u00e0 des r\u00e9seaux bas\u00e9s sur UPC pour des tests et des d\u00e9pannages sans avoir besoin d'adaptateurs encombrants.<\/p>\n<h3 data-path-to-node=\"18\">3. D\u00e9ploiements GPON et XGS-PON<\/h3>\n<p data-path-to-node=\"19\">Avec l'\u00e9volution des r\u00e9seaux PON, les environnements mixtes sont fr\u00e9quents. Disposer d'un cavalier LC\/APC-LC\/UPC fiable vous permet de connecter des ONT de nouvelle g\u00e9n\u00e9ration \u00e0 des r\u00e9partiteurs plus anciens.<\/p>\n<hr data-path-to-node=\"20\" \/>\n<h2 data-path-to-node=\"21\">Questions et r\u00e9ponses d'experts : FAQ sur le terrain<\/h2>\n<p data-path-to-node=\"22\"><b data-path-to-node=\"22\" data-index-in-node=\"0\">Q : Puis-je retourner le c\u00e2ble et l'utiliser dans les deux sens ?<\/b><\/p>\n<p data-path-to-node=\"22\"><b data-path-to-node=\"22\" data-index-in-node=\"56\">A :<\/b> Techniquement, oui, la fibre ne se pr\u00e9occupe pas de savoir dans quel sens va la lumi\u00e8re. Cependant, vous <b data-path-to-node=\"22\" data-index-in-node=\"138\">doit<\/b> veiller \u00e0 ce que l'extr\u00e9mit\u00e9 verte soit toujours connect\u00e9e \u00e0 un port vert et l'extr\u00e9mit\u00e9 bleue \u00e0 un port bleu. La correspondance des couleurs est la r\u00e8gle d'or de la fibre optique.<\/p>\n<p data-path-to-node=\"23\"><b data-path-to-node=\"23\" data-index-in-node=\"0\">Q : Pourquoi l'extr\u00e9mit\u00e9 LC\/APC pr\u00e9sente-t-elle une perte de retour plus \u00e9lev\u00e9e ?<\/b><\/p>\n<p data-path-to-node=\"23\"><b data-path-to-node=\"23\" data-index-in-node=\"54\">A :<\/b> L'angle de 8 degr\u00e9s de la virole APC r\u00e9fl\u00e9chit la lumi\u00e8re dans la gaine de la fibre plut\u00f4t que de la renvoyer vers la source. C'est pourquoi elle frappe <span class=\"math-inline\" data-math=\"\\geq 60\\text{dB}\" data-index-in-node=\"190\">$\\geq 60\\text{dB}$<\/span>, par rapport \u00e0 la <span class=\"math-inline\" data-math=\"\\geq 50\\text{dB}\" data-index-in-node=\"224\">$\\geq 50\\text{dB}$<\/span> de l'extr\u00e9mit\u00e9 plate de l'UPC.<\/p>\n<p data-path-to-node=\"24\"><b data-path-to-node=\"24\" data-index-in-node=\"0\">Q : Le terme \u201cSimplex\u201d (SX) est-il suffisant pour ma liaison 10G ?<\/b><\/p>\n<p data-path-to-node=\"24\"><b data-path-to-node=\"24\" data-index-in-node=\"45\">A :<\/b> Absolument. Si vous utilisez des SFP BiDi (bidirectionnels), vous n'avez besoin que d'un seul brin de fibre pour envoyer et recevoir. Ce c\u00e2ble \u201cSimplex\u201d est le moyen le plus simple d'effectuer le travail.<\/p>\n<p data-path-to-node=\"25\"><b data-path-to-node=\"25\" data-index-in-node=\"0\">Q : Que se passe-t-il si j'utilise accidentellement un c\u00e2ble APC-APC au lieu de ce c\u00e2ble hybride ?<\/b><\/p>\n<p data-path-to-node=\"25\"><b data-path-to-node=\"25\" data-index-in-node=\"83\">A :<\/b> Si vous branchez un connecteur APC (vert) sur un port UPC (bleu), vous constaterez un \u201cvide d'air\u201d. Cela entra\u00eenera une perte d'insertion \u00e9lev\u00e9e (souvent <span class=\"math-inline\" data-math=\"&gt;4\\text{dB}\" data-index-in-node=\"224\">$&gt;4\\text{dB}$<\/span>) et peut entra\u00eener une d\u00e9faillance de la liaison r\u00e9seau ou l'abandon constant de paquets.<\/p>","protected":false},"excerpt":{"rendered":"<p data-path-to-node=\"4\"><span class=\"\">Si vous avez d\u00e9j\u00e0 regard\u00e9 un \u00e9metteur-r\u00e9cepteur moderne et remarqu\u00e9 un port vert,<\/span><span class=\"\"> mais votre panneau de connexion existant est strictement bleu,<\/span><span class=\"\"> vous avez rencontr\u00e9 le mur de la compatibilit\u00e9.<\/span><span class=\"\"> Le <\/span><b class=\"\" data-path-to-node=\"4\" data-index-in-node=\"159\">LC\/APC-LC\/UPC-SM-SX<\/b><span class=\"\"> est la solution.<\/span><span class=\"\"> Il s'agit d'un sauteur hybride sp\u00e9cialis\u00e9 qui porte un <\/span><b class=\"\" data-path-to-node=\"4\" data-index-in-node=\"245\">Vert LC\/APC<\/b><span class=\"\"> \u00e0 une extr\u00e9mit\u00e9 et un connecteur <\/span><b class=\"\" data-path-to-node=\"4\" data-index-in-node=\"285\">Bleu LC\/UPC<\/b><span class=\"\"> de l'autre.<\/span><\/p>\n<p data-path-to-node=\"5\"><span class=\"\">Ce c\u00e2ble est fr\u00e9quemment utilis\u00e9 dans <\/span><b class=\"\" data-path-to-node=\"5\" data-index-in-node=\"33\">FTTH (fibre optique jusqu'au domicile)<\/b><span class=\"\"> et <\/span><b class=\"\" data-path-to-node=\"5\" data-index-in-node=\"62\">GPON<\/b><span class=\"\"> les environnements o\u00f9 le laser source n\u00e9cessite la perte de retour \u00e9lev\u00e9e d'un poli APC,<\/span><span class=\"\"> mais le mat\u00e9riel de distribution utilise des ports UPC standard.<\/span><\/p>","protected":false},"featured_media":765,"comment_status":"open","ping_status":"closed","template":"","meta":[],"product_brand":[],"product_cat":[45],"product_tag":[],"class_list":{"0":"post-764","1":"product","2":"type-product","3":"status-publish","4":"has-post-thumbnail","6":"product_cat-single-mode-fiber-optic-patch-cord","8":"first","9":"instock","10":"shipping-taxable","11":"product-type-simple"},"_links":{"self":[{"href":"https:\/\/www.fenxifiber.com\/fr\/wp-json\/wp\/v2\/product\/764","targetHints":{"allow":["GET"]}}],"collection":[{"href":"https:\/\/www.fenxifiber.com\/fr\/wp-json\/wp\/v2\/product"}],"about":[{"href":"https:\/\/www.fenxifiber.com\/fr\/wp-json\/wp\/v2\/types\/product"}],"replies":[{"embeddable":true,"href":"https:\/\/www.fenxifiber.com\/fr\/wp-json\/wp\/v2\/comments?post=764"}],"wp:featuredmedia":[{"embeddable":true,"href":"https:\/\/www.fenxifiber.com\/fr\/wp-json\/wp\/v2\/media\/765"}],"wp:attachment":[{"href":"https:\/\/www.fenxifiber.com\/fr\/wp-json\/wp\/v2\/media?parent=764"}],"wp:term":[{"taxonomy":"product_brand","embeddable":true,"href":"https:\/\/www.fenxifiber.com\/fr\/wp-json\/wp\/v2\/product_brand?post=764"},{"taxonomy":"product_cat","embeddable":true,"href":"https:\/\/www.fenxifiber.com\/fr\/wp-json\/wp\/v2\/product_cat?post=764"},{"taxonomy":"product_tag","embeddable":true,"href":"https:\/\/www.fenxifiber.com\/fr\/wp-json\/wp\/v2\/product_tag?post=764"}],"curies":[{"name":"wp","href":"https:\/\/api.w.org\/{rel}","templated":true}]}}