{"id":767,"date":"2026-02-04T01:20:47","date_gmt":"2026-02-04T01:20:47","guid":{"rendered":"https:\/\/www.fenxifiber.com\/?post_type=product&#038;p=767"},"modified":"2026-02-04T02:12:09","modified_gmt":"2026-02-04T02:12:09","slug":"fc-upc-fc-apc-sm-sx","status":"publish","type":"product","link":"https:\/\/www.fenxifiber.com\/fr\/product\/fc-upc-fc-apc-sm-sx\/","title":{"rendered":"Cordon de raccordement fibre monomode simplex FC\/UPC vers FC\/APC"},"content":{"rendered":"<h2 data-path-to-node=\"5\">Pourquoi l'hybride FC-FC ?<\/h2>\n<p data-path-to-node=\"6\">Alors que l'industrie a connu une augmentation des connecteurs en plastique, le nombre de connecteurs en plastique a augment\u00e9. <b data-path-to-node=\"6\" data-index-in-node=\"62\">FC (Ferrule Connector)<\/b> reste le roi de la stabilit\u00e9. Son accouplement m\u00e9tallique \u00e0 vis garantit que la connexion est virtuellement immunis\u00e9e contre les vibrations, ce qui en fait la norme pour :<\/p>\n<ul data-path-to-node=\"7\">\n<li>\n<p data-path-to-node=\"7,0,0\"><b data-path-to-node=\"7,0,0\" data-index-in-node=\"0\">Test et mesure :<\/b> Connexion des OTDR aux r\u00e9seaux bas\u00e9s sur l'APC.<\/p>\n<\/li>\n<li>\n<p data-path-to-node=\"7,1,0\"><b data-path-to-node=\"7,1,0\" data-index-in-node=\"0\">Automatisation industrielle :<\/b> Environnements soumis \u00e0 de fortes vibrations o\u00f9 les clips risquent de se rompre.<\/p>\n<\/li>\n<li>\n<p data-path-to-node=\"7,2,0\"><b data-path-to-node=\"7,2,0\" data-index-in-node=\"0\">Marine et a\u00e9rospatiale :<\/b> Lorsque le verrouillage m\u00e9canique est une exigence de s\u00e9curit\u00e9.<\/p>\n<\/li>\n<\/ul>\n<hr data-path-to-node=\"8\" \/>\n<h2 data-path-to-node=\"9\">Sp\u00e9cifications techniques de performance<\/h2>\n<p data-path-to-node=\"10\">Fonctionnant selon la norme industrielle 2026, ce cavalier monomode OS2 est con\u00e7u pour la pr\u00e9cision.<\/p>\n<table data-path-to-node=\"11\">\n<thead>\n<tr>\n<td><strong>Param\u00e8tres<\/strong><\/td>\n<td><strong>C\u00f4t\u00e9 FC\/UPC (bleu)<\/strong><\/td>\n<td><strong>C\u00f4t\u00e9 FC\/APC (vert)<\/strong><\/td>\n<td><strong>Prestations techniques<\/strong><\/td>\n<\/tr>\n<\/thead>\n<tbody>\n<tr>\n<td><span data-path-to-node=\"11,1,0,0\"><b data-path-to-node=\"11,1,0,0\" data-index-in-node=\"0\">Type de polissage<\/b><\/span><\/td>\n<td><span data-path-to-node=\"11,1,1,0\">Contact ultra physique<\/span><\/td>\n<td><span data-path-to-node=\"11,1,2,0\">8\u00b0 Angulaire Contact physique<\/span><\/td>\n<td><span data-path-to-node=\"11,1,3,0\">Ponte les orifices de perte standard et \u00e0 haut rendement<\/span><\/td>\n<\/tr>\n<tr>\n<td><span data-path-to-node=\"11,2,0,0\"><b data-path-to-node=\"11,2,0,0\" data-index-in-node=\"0\">Perte de retour<\/b><\/span><\/td>\n<td><span data-path-to-node=\"11,2,1,0\"><span class=\"math-inline\" data-math=\"\\geq 50 \\text{ dB}\" data-index-in-node=\"0\">$\\geq 50 \\text{ dB}$<\/span><\/span><\/td>\n<td><span data-path-to-node=\"11,2,2,0\"><span class=\"math-inline\" data-math=\"\\geq 60 \\text{ dB}\" data-index-in-node=\"0\">$\\geq 60 \\text{ dB}$<\/span><\/span><\/td>\n<td><span data-path-to-node=\"11,2,3,0\">Prot\u00e8ge les lasers sensibles de la r\u00e9tro-r\u00e9flexion<\/span><\/td>\n<\/tr>\n<tr>\n<td><span data-path-to-node=\"11,3,0,0\"><b data-path-to-node=\"11,3,0,0\" data-index-in-node=\"0\">Perte d'insertion<\/b><\/span><\/td>\n<td><span data-path-to-node=\"11,3,1,0\"><span class=\"math-inline\" data-math=\"\\leq 0.3 \\text{ dB}\" data-index-in-node=\"0\">$\\leq 0,3 \\text{ dB}$<\/span><\/span><\/td>\n<td><span data-path-to-node=\"11,3,2,0\"><span class=\"math-inline\" data-math=\"\\leq 0.3 \\text{ dB}\" data-index-in-node=\"0\">$\\leq 0,3 \\text{ dB}$<\/span><\/span><\/td>\n<td><span data-path-to-node=\"11,3,3,0\">Assure une puissance de signal maximale<\/span><\/td>\n<\/tr>\n<tr>\n<td><span data-path-to-node=\"11,4,0,0\"><b data-path-to-node=\"11,4,0,0\" data-index-in-node=\"0\">Noyau de fibre<\/b><\/span><\/td>\n<td><span data-path-to-node=\"11,4,1,0\">9\/125\u03bcm (OS2)<\/span><\/td>\n<td><span data-path-to-node=\"11,4,2,0\">9\/125\u03bcm (OS2)<\/span><\/td>\n<td><span data-path-to-node=\"11,4,3,0\">Performance monomode constante<\/span><\/td>\n<\/tr>\n<tr>\n<td><span data-path-to-node=\"11,5,0,0\"><b data-path-to-node=\"11,5,0,0\" data-index-in-node=\"0\">Logement<\/b><\/span><\/td>\n<td><span data-path-to-node=\"11,5,1,0\">M\u00e9tal nickel\u00e9<\/span><\/td>\n<td><span data-path-to-node=\"11,5,2,0\">M\u00e9tal nickel\u00e9<\/span><\/td>\n<td><span data-path-to-node=\"11,5,3,0\">Durabilit\u00e9 m\u00e9canique maximale<\/span><\/td>\n<\/tr>\n<tr>\n<td><span data-path-to-node=\"11,6,0,0\"><b data-path-to-node=\"11,6,0,0\" data-index-in-node=\"0\">Veste<\/b><\/span><\/td>\n<td><span data-path-to-node=\"11,6,1,0\">2,0mm\/3,0mm LSZH<\/span><\/td>\n<td><span data-path-to-node=\"11,6,2,0\">2,0mm\/3,0mm LSZH<\/span><\/td>\n<td><span data-path-to-node=\"11,6,3,0\">S\u00e9curit\u00e9 incendie et flexibilit\u00e9<\/span><\/td>\n<\/tr>\n<\/tbody>\n<\/table>\n<hr data-path-to-node=\"12\" \/>\n<h2 data-path-to-node=\"13\">Principaux avantages du produit<\/h2>\n<h3 data-path-to-node=\"14\">1. Une s\u00e9curit\u00e9 \u00e0 l'\u00e9preuve des vibrations<\/h3>\n<p data-path-to-node=\"15\">Contrairement aux connecteurs push-pull (SC ou LC), l'\u00e9crou filet\u00e9 du FC exerce une pression constante et verrouill\u00e9e sur la virole en c\u00e9ramique de 2,5 mm. Cela garantit que le c\u0153ur de la fibre de 9 microns reste parfaitement align\u00e9, m\u00eame dans des environnements difficiles.<\/p>\n<h3 data-path-to-node=\"16\">2. Le bouclier anti-reflet<\/h3>\n<p data-path-to-node=\"17\">En fournissant un <b data-path-to-node=\"17\" data-index-in-node=\"16\">APC (Vert)<\/b> ce c\u00e2ble vous permet de vous connecter \u00e0 des \u00e9metteurs de grande puissance qui n\u00e9cessitent un c\u00e2ble d'alimentation. <span class=\"math-inline\" data-math=\"&gt;60\\text{dB}\" data-index-in-node=\"108\">$&gt;60\\text{dB}$<\/span> la perte de retour pour \u00e9viter les dommages caus\u00e9s par le laser, tout en assurant l'interface avec les syst\u00e8mes standard d'alimentation en \u00e9nergie. <b data-path-to-node=\"17\" data-index-in-node=\"196\">UPC (bleu)<\/b> \u00e0 l'autre extr\u00e9mit\u00e9.<\/p>\n<h3 data-path-to-node=\"18\">3. G.652.D \/ G.657.A1 Noyau de fibres<\/h3>\n<p data-path-to-node=\"19\">Nous utilisons une fibre monomode de premi\u00e8re qualit\u00e9 qui prend en charge toutes les longueurs d'onde standard (<span class=\"math-inline\" data-math=\"1310\\text{nm}\" data-index-in-node=\"73\">$1310\\text{nm}$<\/span>, <span class=\"math-inline\" data-math=\"1490\\text{nm}\" data-index-in-node=\"88\">$1490\\text{nm}$<\/span>, <span class=\"math-inline\" data-math=\"1550\\text{nm}\" data-index-in-node=\"103\">$1550\\text{nm}$<\/span>), ce qui le rend apte \u00e0 la transmission de donn\u00e9es et de vid\u00e9os \u00e0 haut d\u00e9bit.<\/p>\n<hr data-path-to-node=\"20\" \/>\n<h2 data-path-to-node=\"21\">Questions et r\u00e9ponses professionnelles : Perspectives sur le terrain<\/h2>\n<p data-path-to-node=\"22\"><b data-path-to-node=\"22\" data-index-in-node=\"0\">Q1 : Puis-je utiliser ce c\u00e2ble pour connecter mon panneau de brassage FC bleu \u00e0 un compteur d'\u00e9nergie FC vert ?<\/b><\/p>\n<p data-path-to-node=\"22\"><b data-path-to-node=\"22\" data-index-in-node=\"86\">A :<\/b> Oui, c'est exactement ce pour quoi ce c\u00e2ble a \u00e9t\u00e9 con\u00e7u. Il garantit que le c\u00f4t\u00e9 \u201cbleu\u201d de votre r\u00e9seau peut communiquer avec le c\u00f4t\u00e9 \u201cvert\u201d de votre \u00e9quipement de test ou de votre mat\u00e9riel \u00e0 haute sensibilit\u00e9 sans cr\u00e9er de vide d'air.<\/p>\n<p data-path-to-node=\"23\"><b data-path-to-node=\"23\" data-index-in-node=\"0\">Q2 : Que se passe-t-il si j'utilise un c\u00e2ble FC\/UPC-FC\/UPC standard \u00e0 la place ?<\/b><\/p>\n<p data-path-to-node=\"23\"><b data-path-to-node=\"23\" data-index-in-node=\"66\">A :<\/b> Si vous branchez un connecteur UPC (bleu) sur un port APC (vert), l'extr\u00e9mit\u00e9 plate touchera l'extr\u00e9mit\u00e9 coud\u00e9e en un seul point, ce qui cr\u00e9era un large espace d'air. Il en r\u00e9sulte <b data-path-to-node=\"23\" data-index-in-node=\"238\">perte d'insertion \u00e9lev\u00e9e<\/b> et d'\u00e9normes r\u00e9flexions, qui peuvent perturber votre signal ou endommager le mat\u00e9riel.<\/p>\n<p data-path-to-node=\"24\"><b data-path-to-node=\"24\" data-index-in-node=\"0\">Q3 : La version \u201cSimplex\u201d (SX) est-elle suffisamment durable pour une utilisation industrielle ?<\/b><\/p>\n<p data-path-to-node=\"24\"><b data-path-to-node=\"24\" data-index-in-node=\"69\">A :<\/b> Absolument. \u00c9tant donn\u00e9 que les deux extr\u00e9mit\u00e9s sont des connecteurs FC m\u00e9talliques et que la gaine est g\u00e9n\u00e9ralement de type <b data-path-to-node=\"24\" data-index-in-node=\"155\">3,0 mm LSZH<\/b>, Il est beaucoup plus robuste qu'un cavalier LC duplex standard. Il est con\u00e7u pour r\u00e9sister aux manipulations r\u00e9p\u00e9t\u00e9es et aux contraintes m\u00e9caniques.<\/p>\n<p data-path-to-node=\"25\"><b data-path-to-node=\"25\" data-index-in-node=\"0\">Q4 : Comment entretenir ces connecteurs m\u00e9talliques ?<\/b><\/p>\n<p data-path-to-node=\"25\"><b data-path-to-node=\"25\" data-index-in-node=\"49\">A :<\/b> Comme ils sont viss\u00e9s, veillez \u00e0 ne pas trop les serrer. Un serrage \u00e0 la main suffit. De plus, comme les embouts FC sont expos\u00e9s lorsqu'ils sont d\u00e9branch\u00e9s, utilisez toujours les capuchons anti-poussi\u00e8re fournis pour \u00e9viter de rayer les embouts en c\u00e9ramique.<\/p>","protected":false},"excerpt":{"rendered":"<p data-path-to-node=\"4\">Dans le monde de la fibre haute performance, tous les ports \u201cverts\u201d ne font pas bon m\u00e9nage avec les ports \u201cbleus\u201d. Les ports <b data-path-to-node=\"4\" data-index-in-node=\"94\">FC\/UPC-FC\/APC-SM-SX<\/b> est un c\u00e2ble de conversion sp\u00e9cialis\u00e9 qui r\u00e9sout le probl\u00e8me de l\u201c\u201dinad\u00e9quation polonaise\". Dot\u00e9 d'un filetage m\u00e9tallique <b data-path-to-node=\"4\" data-index-in-node=\"222\">FC\/UPC (bleu)<\/b> \u00e0 une extr\u00e9mit\u00e9 et un connecteur <b data-path-to-node=\"4\" data-index-in-node=\"264\">FC\/APC (Vert)<\/b> de l'autre, ce cavalier permet une connexion directe et \u00e0 faible perte entre diff\u00e9rentes normes optiques, sans qu'il soit n\u00e9cessaire d'utiliser des adaptateurs d\u00e9gradant le signal.<\/p>\n<h2 data-path-to-node=\"5\"><\/h2>","protected":false},"featured_media":768,"comment_status":"open","ping_status":"closed","template":"","meta":[],"product_brand":[],"product_cat":[45],"product_tag":[],"class_list":{"0":"post-767","1":"product","2":"type-product","3":"status-publish","4":"has-post-thumbnail","6":"product_cat-single-mode-fiber-optic-patch-cord","8":"first","9":"instock","10":"shipping-taxable","11":"product-type-simple"},"_links":{"self":[{"href":"https:\/\/www.fenxifiber.com\/fr\/wp-json\/wp\/v2\/product\/767","targetHints":{"allow":["GET"]}}],"collection":[{"href":"https:\/\/www.fenxifiber.com\/fr\/wp-json\/wp\/v2\/product"}],"about":[{"href":"https:\/\/www.fenxifiber.com\/fr\/wp-json\/wp\/v2\/types\/product"}],"replies":[{"embeddable":true,"href":"https:\/\/www.fenxifiber.com\/fr\/wp-json\/wp\/v2\/comments?post=767"}],"wp:featuredmedia":[{"embeddable":true,"href":"https:\/\/www.fenxifiber.com\/fr\/wp-json\/wp\/v2\/media\/768"}],"wp:attachment":[{"href":"https:\/\/www.fenxifiber.com\/fr\/wp-json\/wp\/v2\/media?parent=767"}],"wp:term":[{"taxonomy":"product_brand","embeddable":true,"href":"https:\/\/www.fenxifiber.com\/fr\/wp-json\/wp\/v2\/product_brand?post=767"},{"taxonomy":"product_cat","embeddable":true,"href":"https:\/\/www.fenxifiber.com\/fr\/wp-json\/wp\/v2\/product_cat?post=767"},{"taxonomy":"product_tag","embeddable":true,"href":"https:\/\/www.fenxifiber.com\/fr\/wp-json\/wp\/v2\/product_tag?post=767"}],"curies":[{"name":"wp","href":"https:\/\/api.w.org\/{rel}","templated":true}]}}