{"id":773,"date":"2026-02-04T01:25:28","date_gmt":"2026-02-04T01:25:28","guid":{"rendered":"https:\/\/www.fenxifiber.com\/?post_type=product&#038;p=773"},"modified":"2026-02-04T02:14:30","modified_gmt":"2026-02-04T02:14:30","slug":"sc-upc-sc-upc-sm-sx-2","status":"publish","type":"product","link":"https:\/\/www.fenxifiber.com\/fr\/product\/sc-upc-sc-upc-sm-sx-2\/","title":{"rendered":"Cordon de raccordement monomode simplex SC\/UPC vers SC\/UPC"},"content":{"rendered":"<h2 data-path-to-node=\"6\">Des performances qui alimentent les r\u00e9seaux<\/h2>\n<p data-path-to-node=\"7\">La pr\u00e9cision est le battement de c\u0153ur de la fibre optique. Nos cavaliers SC\/UPC sont fabriqu\u00e9s avec des ferrules en c\u00e9ramique de haute qualit\u00e9 pour garantir que les c\u0153urs de fibre de 9 microns s'alignent avec une pr\u00e9cision microscopique \u00e0 chaque fois qu'ils sont accoupl\u00e9s.<\/p>\n<table data-path-to-node=\"8\">\n<thead>\n<tr>\n<td><strong>Param\u00e8tres techniques<\/strong><\/td>\n<td><strong>Sp\u00e9cifications<\/strong><\/td>\n<td><strong>Valeur professionnelle<\/strong><\/td>\n<\/tr>\n<\/thead>\n<tbody>\n<tr>\n<td><span data-path-to-node=\"8,1,0,0\"><b data-path-to-node=\"8,1,0,0\" data-index-in-node=\"0\">Type de connecteur<\/b><\/span><\/td>\n<td><span data-path-to-node=\"8,1,1,0\">SC\/UPC \u00e0 SC\/UPC<\/span><\/td>\n<td><span data-path-to-node=\"8,1,2,0\">Universal 2.5mm \u201cPush-Pull\u201d (pousser-tirer)\u201d<\/span><\/td>\n<\/tr>\n<tr>\n<td><span data-path-to-node=\"8,2,0,0\"><b data-path-to-node=\"8,2,0,0\" data-index-in-node=\"0\">Cat\u00e9gorie de fibres<\/b><\/span><\/td>\n<td><span data-path-to-node=\"8,2,1,0\">Mode unique OS2 (9\/125\u03bcm)<\/span><\/td>\n<td><span data-path-to-node=\"8,2,2,0\">Optimis\u00e9 pour 1310nm\/1550nm<\/span><\/td>\n<\/tr>\n<tr>\n<td><span data-path-to-node=\"8,3,0,0\"><b data-path-to-node=\"8,3,0,0\" data-index-in-node=\"0\">Perte d'insertion<\/b><\/span><\/td>\n<td><span data-path-to-node=\"8,3,1,0\"><span class=\"math-inline\" data-math=\"\\leq 0.25 \\text{ dB}\" data-index-in-node=\"0\">$\\leq 0,25 \\text{ dB}$<\/span><\/span><\/td>\n<td><span data-path-to-node=\"8,3,2,0\">Trajet lumineux \u00e0 haut rendement<\/span><\/td>\n<\/tr>\n<tr>\n<td><span data-path-to-node=\"8,4,0,0\"><b data-path-to-node=\"8,4,0,0\" data-index-in-node=\"0\">Perte de retour<\/b><\/span><\/td>\n<td><span data-path-to-node=\"8,4,1,0\"><span class=\"math-inline\" data-math=\"\\geq 50 \\text{ dB}\" data-index-in-node=\"0\">$\\geq 50 \\text{ dB}$<\/span><\/span><\/td>\n<td><span data-path-to-node=\"8,4,2,0\">Puret\u00e9 sup\u00e9rieure du signal num\u00e9rique<\/span><\/td>\n<\/tr>\n<tr>\n<td><span data-path-to-node=\"8,5,0,0\"><b data-path-to-node=\"8,5,0,0\" data-index-in-node=\"0\">Mat\u00e9riau de la veste<\/b><\/span><\/td>\n<td><span data-path-to-node=\"8,5,1,0\">LSZH (Jaune)<\/span><\/td>\n<td><span data-path-to-node=\"8,5,2,0\">S\u00e9curit\u00e9 incendie et faible d\u00e9gagement de fum\u00e9e<\/span><\/td>\n<\/tr>\n<tr>\n<td><span data-path-to-node=\"8,6,0,0\"><b data-path-to-node=\"8,6,0,0\" data-index-in-node=\"0\">Durabilit\u00e9<\/b><\/span><\/td>\n<td><span data-path-to-node=\"8,6,1,0\"><span class=\"math-inline\" data-math=\"&gt; 1000\" data-index-in-node=\"0\">$&gt; 1000$<\/span> Matages<\/span><\/td>\n<td><span data-path-to-node=\"8,6,2,0\">Dur\u00e9e de vie m\u00e9canique \u00e0 long terme<\/span><\/td>\n<\/tr>\n<\/tbody>\n<\/table>\n<hr data-path-to-node=\"9\" \/>\n<h2 data-path-to-node=\"10\">Pourquoi le SC\/UPC reste la norme dans l'industrie<\/h2>\n<h3 data-path-to-node=\"11\">1. Conception m\u00e9canique robuste<\/h3>\n<p data-path-to-node=\"12\">Le connecteur SC est dot\u00e9 d'un m\u00e9canisme de verrouillage carr\u00e9 et encliquetable. Son embout de 2,5 mm est plus grand et plus r\u00e9sistant physiquement que les petits connecteurs LC, ce qui le rend moins susceptible d'\u00eatre endommag\u00e9 lors des fr\u00e9quentes r\u00e9parations dans les r\u00e9partiteurs \u00e0 fort trafic.<\/p>\n<h3 data-path-to-node=\"13\">2. Optimis\u00e9 pour les donn\u00e9es \u00e0 haut d\u00e9bit<\/h3>\n<p data-path-to-node=\"14\">Les connecteurs APC (verts) sont n\u00e9cessaires pour la vid\u00e9o analogique, <b data-path-to-node=\"14\" data-index-in-node=\"61\">UPC (bleu)<\/b> est la norme optimis\u00e9e pour les donn\u00e9es num\u00e9riques. Avec une perte de retour de <b data-path-to-node=\"14\" data-index-in-node=\"138\"><span class=\"math-inline\" data-math=\"\\geq 50\\text{dB}\" data-index-in-node=\"138\">$\\geq 50\\text{dB}$<\/span><\/b>, Il fournit un chemin clair comme du cristal pour les protocoles Gigabit Ethernet, 10G et m\u00eame 100G.<\/p>\n<h3 data-path-to-node=\"15\">3. Un noyau OS2 \u00e0 l'\u00e9preuve du temps<\/h3>\n<p data-path-to-node=\"16\">Le gilet jaune renferme un syst\u00e8me d'alimentation en eau tr\u00e8s performant. <b data-path-to-node=\"16\" data-index-in-node=\"45\">OS2 Fibre monomode<\/b>. Ce verre est con\u00e7u pour des distances allant jusqu'\u00e0 40 km et plus (en fonction des \u00e9metteurs-r\u00e9cepteurs), ce qui garantit que votre infrastructure de couche physique n'aura pas besoin d'\u00eatre mise \u00e0 niveau lorsque vous augmenterez la vitesse de votre r\u00e9seau.<\/p>\n<h3 data-path-to-node=\"17\">4. Veste LSZH Safety-First<\/h3>\n<p data-path-to-node=\"18\">Nos cordons de raccordement utilisent <b data-path-to-node=\"18\" data-index-in-node=\"24\">Faible teneur en fum\u00e9e et sans halog\u00e8ne (LSZH)<\/b> mat\u00e9riaux. En cas de chaleur extr\u00eame ou d'incendie, l'enveloppe \u00e9met un minimum de fum\u00e9e et aucun gaz halog\u00e8ne toxique, r\u00e9pondant ainsi aux codes de s\u00e9curit\u00e9 les plus stricts pour les centres de donn\u00e9es modernes.<\/p>\n<hr data-path-to-node=\"19\" \/>\n<h2 data-path-to-node=\"20\">Questions et r\u00e9ponses techniques : FAQ sur l'ing\u00e9nierie de terrain<\/h2>\n<p data-path-to-node=\"21\"><b data-path-to-node=\"21\" data-index-in-node=\"0\">Q : Puis-je brancher ce c\u00e2ble SC\/UPC (bleu) sur un port SC\/APC (vert) ?<\/b><\/p>\n<p data-path-to-node=\"21\"><b data-path-to-node=\"21\" data-index-in-node=\"68\">A : Non.<\/b> Il s'agit d'une erreur grave. Une extr\u00e9mit\u00e9 UPC est plate et un port APC est inclin\u00e9. En les for\u00e7ant \u00e0 se rencontrer, on cr\u00e9e un vide d'air qui entra\u00eene une perte massive de signal et peut rayer de fa\u00e7on permanente les embouts en c\u00e9ramique. Il faut toujours faire correspondre <b data-path-to-node=\"21\" data-index-in-node=\"284\">De bleu \u00e0 bleu<\/b>.<\/p>\n<p data-path-to-node=\"22\"><b data-path-to-node=\"22\" data-index-in-node=\"0\">Q : Quel est l'avantage de la configuration \u201cSimplex\u201d (SX) ?<\/b><\/p>\n<p data-path-to-node=\"22\"><b data-path-to-node=\"22\" data-index-in-node=\"60\">A :<\/b> Les c\u00e2bles simplex sont id\u00e9aux pour les r\u00e9seaux bidirectionnels (BiDi). Comme les \u00e9metteurs-r\u00e9cepteurs BiDi envoient et re\u00e7oivent sur un seul brin, l'utilisation d'un c\u00e2ble simplex r\u00e9duit l'encombrement de vos chemins de c\u00e2bles et simplifie la gestion des fibres.<\/p>\n<p data-path-to-node=\"23\"><b data-path-to-node=\"23\" data-index-in-node=\"0\">Q : Comment la veste LSZH g\u00e8re-t-elle les angles serr\u00e9s dans un rack ?<\/b><\/p>\n<p data-path-to-node=\"23\"><b data-path-to-node=\"23\" data-index-in-node=\"60\">A :<\/b> Nos c\u00e2bles utilisent des fibres insensibles \u00e0 la courbure (G.657.A1), ce qui permet un rayon de courbure beaucoup plus serr\u00e9 que les fibres standard. Cela signifie que vous pouvez acheminer les c\u00e2bles dans des panneaux encombr\u00e9s sans vous soucier de la perte de signal due aux \u201cmicro-courbures\u201d.<\/p>\n<p data-path-to-node=\"24\"><b data-path-to-node=\"24\" data-index-in-node=\"0\">Q : Pourquoi le connecteur est-il de couleur bleue ?<\/b><\/p>\n<p data-path-to-node=\"24\"><b data-path-to-node=\"24\" data-index-in-node=\"36\">A :<\/b> Dans la norme internationale de codage des fibres, le bleu repr\u00e9sente un p\u00f4le UPC (Ultra Physical Contact) pour la fibre monomode. Cela permet aux techniciens d'identifier rapidement le type de connexion correct afin d'\u00e9viter les erreurs mat\u00e9rielles.<\/p>","protected":false},"excerpt":{"rendered":"<p data-path-to-node=\"4\">Dans le monde de la transmission optique de donn\u00e9es, de nouveaux connecteurs tr\u00e8s voyants apparaissent et disparaissent, mais l'objectif principal est d'am\u00e9liorer la qualit\u00e9 de la transmission de donn\u00e9es. <b data-path-to-node=\"4\" data-index-in-node=\"98\">SC\/UPC vers SC\/UPC Mode Simplex (SM SX)<\/b> reste le cheval de bataille le plus fiable de l'industrie. D'ici \u00e0 2026, ce cavalier \u201cbleu \u00e0 bleu\u201d continuera d'\u00eatre l'\u00e9pine dorsale des r\u00e9seaux locaux d'entreprise et des centres de donn\u00e9es d'entreprise.<\/p>\n<p data-path-to-node=\"5\">Alors que les connecteurs LC \u00e0 haute densit\u00e9 dominent du c\u00f4t\u00e9 des commutateurs, le connecteur SC (Subscriber Connector) reste privil\u00e9gi\u00e9 pour sa robustesse physique et sa facilit\u00e9 d'utilisation. <b data-path-to-node=\"5\" data-index-in-node=\"152\">R\u00e9partiteurs optiques (ODF)<\/b>.<\/p>","protected":false},"featured_media":775,"comment_status":"open","ping_status":"closed","template":"","meta":[],"product_brand":[],"product_cat":[45],"product_tag":[],"class_list":{"0":"post-773","1":"product","2":"type-product","3":"status-publish","4":"has-post-thumbnail","6":"product_cat-single-mode-fiber-optic-patch-cord","8":"first","9":"instock","10":"shipping-taxable","11":"product-type-simple"},"_links":{"self":[{"href":"https:\/\/www.fenxifiber.com\/fr\/wp-json\/wp\/v2\/product\/773","targetHints":{"allow":["GET"]}}],"collection":[{"href":"https:\/\/www.fenxifiber.com\/fr\/wp-json\/wp\/v2\/product"}],"about":[{"href":"https:\/\/www.fenxifiber.com\/fr\/wp-json\/wp\/v2\/types\/product"}],"replies":[{"embeddable":true,"href":"https:\/\/www.fenxifiber.com\/fr\/wp-json\/wp\/v2\/comments?post=773"}],"wp:featuredmedia":[{"embeddable":true,"href":"https:\/\/www.fenxifiber.com\/fr\/wp-json\/wp\/v2\/media\/775"}],"wp:attachment":[{"href":"https:\/\/www.fenxifiber.com\/fr\/wp-json\/wp\/v2\/media?parent=773"}],"wp:term":[{"taxonomy":"product_brand","embeddable":true,"href":"https:\/\/www.fenxifiber.com\/fr\/wp-json\/wp\/v2\/product_brand?post=773"},{"taxonomy":"product_cat","embeddable":true,"href":"https:\/\/www.fenxifiber.com\/fr\/wp-json\/wp\/v2\/product_cat?post=773"},{"taxonomy":"product_tag","embeddable":true,"href":"https:\/\/www.fenxifiber.com\/fr\/wp-json\/wp\/v2\/product_tag?post=773"}],"curies":[{"name":"wp","href":"https:\/\/api.w.org\/{rel}","templated":true}]}}