{"id":781,"date":"2026-02-04T01:30:07","date_gmt":"2026-02-04T01:30:07","guid":{"rendered":"https:\/\/www.fenxifiber.com\/?post_type=product&#038;p=781"},"modified":"2026-02-04T02:17:28","modified_gmt":"2026-02-04T02:17:28","slug":"st-upc-lc-upc-sm-sx","status":"publish","type":"product","link":"https:\/\/www.fenxifiber.com\/fr\/product\/st-upc-lc-upc-sm-sx\/","title":{"rendered":"Cordon de raccordement professionnel ST\/UPC vers LC\/UPC en fibre monomode simplex"},"content":{"rendered":"<h2 data-path-to-node=\"6\">Sp\u00e9cifications de performance bas\u00e9es sur des donn\u00e9es<\/h2>\n<p data-path-to-node=\"7\">Chaque cordon de raccordement est fabriqu\u00e9 dans le strict respect des param\u00e8tres techniques suivants :<\/p>\n<table data-path-to-node=\"8\">\n<thead>\n<tr>\n<td><strong>Fonctionnalit\u00e9<\/strong><\/td>\n<td><strong>Sp\u00e9cifications techniques<\/strong><\/td>\n<td><strong>L'avantage de l'approvisionnement B2B<\/strong><\/td>\n<\/tr>\n<\/thead>\n<tbody>\n<tr>\n<td><span data-path-to-node=\"8,1,0,0\"><b data-path-to-node=\"8,1,0,0\" data-index-in-node=\"0\">Type de connecteur<\/b><\/span><\/td>\n<td><span data-path-to-node=\"8,1,1,0\">ST\/UPC vers LC\/UPC<\/span><\/td>\n<td><span data-path-to-node=\"8,1,2,0\">Conversion de zones industrielles en zones \u00e0 haute densit\u00e9<\/span><\/td>\n<\/tr>\n<tr>\n<td><span data-path-to-node=\"8,2,0,0\"><b data-path-to-node=\"8,2,0,0\" data-index-in-node=\"0\">Cat\u00e9gorie de fibres<\/b><\/span><\/td>\n<td><span data-path-to-node=\"8,2,1,0\">Mode unique (SM\/SX)<\/span><\/td>\n<td><span data-path-to-node=\"8,2,2,0\">Optimis\u00e9 pour les liaisons longue distance OS2<\/span><\/td>\n<\/tr>\n<tr>\n<td><span data-path-to-node=\"8,3,0,0\"><b data-path-to-node=\"8,3,0,0\" data-index-in-node=\"0\">Perte d'insertion<\/b><\/span><\/td>\n<td><span data-path-to-node=\"8,3,1,0\"><span class=\"math-inline\" data-math=\"&lt; 0.3 \\text{ dB}\" data-index-in-node=\"0\">$&lt; 0,3 \\text{ dB}$<\/span><\/span><\/td>\n<td><span data-path-to-node=\"8,3,2,0\">D\u00e9bit de signal \u00e0 haute efficacit\u00e9<\/span><\/td>\n<\/tr>\n<tr>\n<td><span data-path-to-node=\"8,4,0,0\"><b data-path-to-node=\"8,4,0,0\" data-index-in-node=\"0\">Perte de retour<\/b><\/span><\/td>\n<td><span data-path-to-node=\"8,4,1,0\"><span class=\"math-inline\" data-math=\"\\geq 50 \\text{ dB}\" data-index-in-node=\"0\">$\\geq 50 \\text{ dB}$<\/span> (UPC)<\/span><\/td>\n<td><span data-path-to-node=\"8,4,2,0\">R\u00e9duction de la r\u00e9tro-r\u00e9flexion pour les donn\u00e9es num\u00e9riques<\/span><\/td>\n<\/tr>\n<tr>\n<td><span data-path-to-node=\"8,5,0,0\"><b data-path-to-node=\"8,5,0,0\" data-index-in-node=\"0\">Longueur d'onde<\/b><\/span><\/td>\n<td><span data-path-to-node=\"8,5,1,0\">1310nm \/ 1490nm \/ 1550nm<\/span><\/td>\n<td><span data-path-to-node=\"8,5,2,0\">Compatibilit\u00e9 totale avec les optiques SM standard<\/span><\/td>\n<\/tr>\n<tr>\n<td><span data-path-to-node=\"8,6,0,0\"><b data-path-to-node=\"8,6,0,0\" data-index-in-node=\"0\">Largeur de bande<\/b><\/span><\/td>\n<td><span data-path-to-node=\"8,6,1,0\"><span class=\"math-inline\" data-math=\"\\pm 40\\text{nm}\" data-index-in-node=\"0\">$\\pm 40\\text{nm}$<\/span><\/span><\/td>\n<td><span data-path-to-node=\"8,6,2,0\">Performances stables dans des gammes spectrales vari\u00e9es<\/span><\/td>\n<\/tr>\n<tr>\n<td><span data-path-to-node=\"8,7,0,0\"><b data-path-to-node=\"8,7,0,0\" data-index-in-node=\"0\">R\u00e9sistance \u00e0 la traction<\/b><\/span><\/td>\n<td><span data-path-to-node=\"8,7,1,0\"><span class=\"math-inline\" data-math=\"\\geq 200 \\text{ N}\" data-index-in-node=\"0\">$\\geq 200 \\text{ N}$<\/span><\/span><\/td>\n<td><span data-path-to-node=\"8,7,2,0\">Grande durabilit\u00e9 m\u00e9canique lors de l'installation<\/span><\/td>\n<\/tr>\n<tr>\n<td><span data-path-to-node=\"8,8,0,0\"><b data-path-to-node=\"8,8,0,0\" data-index-in-node=\"0\">Durabilit\u00e9<\/b><\/span><\/td>\n<td><span data-path-to-node=\"8,8,1,0\"><span class=\"math-inline\" data-math=\"\\geq 1000\" data-index-in-node=\"0\">$\\geq 1000$<\/span> fois<\/span><\/td>\n<td><span data-path-to-node=\"8,8,2,0\">Fiabilit\u00e9 en cas de renouvellement fr\u00e9quent du mat\u00e9riel<\/span><\/td>\n<\/tr>\n<tr>\n<td><span data-path-to-node=\"8,9,0,0\"><b data-path-to-node=\"8,9,0,0\" data-index-in-node=\"0\">Mat\u00e9riau<\/b><\/span><\/td>\n<td><span data-path-to-node=\"8,9,1,0\">LSZH (Jaune)<\/span><\/td>\n<td><span data-path-to-node=\"8,9,2,0\">Gaine ignifug\u00e9e, \u00e0 faible d\u00e9gagement de fum\u00e9e et sans halog\u00e8ne<\/span><\/td>\n<\/tr>\n<\/tbody>\n<\/table>\n<hr data-path-to-node=\"9\" \/>\n<h2 data-path-to-node=\"10\">Pourquoi cette configuration hybride est essentielle<\/h2>\n<h3 data-path-to-node=\"11\">1. Stabilit\u00e9 m\u00e9canique robuste<\/h3>\n<p data-path-to-node=\"12\">Le <b data-path-to-node=\"12\" data-index-in-node=\"4\">ST\/UPC<\/b> est dot\u00e9e d'une fermeture \u00e0 ba\u00efonnette m\u00e9tallique nickel\u00e9e, garantissant une connexion \u00e0 l'\u00e9preuve des vibrations. Ce syst\u00e8me est associ\u00e9 \u00e0 l'embout moderne <b data-path-to-node=\"12\" data-index-in-node=\"145\">LC\/UPC<\/b> qui offre un loquet de type RJ45 pour un engagement rapide et s\u00fbr dans les commutateurs \u00e0 haute densit\u00e9.<\/p>\n<h3 data-path-to-node=\"13\">2. Int\u00e9grit\u00e9 optique \u00e0 la pointe de l'industrie<\/h3>\n<p data-path-to-node=\"14\">Avec une perte d'insertion inf\u00e9rieure \u00e0 <b data-path-to-node=\"14\" data-index-in-node=\"36\">0,3dB<\/b> et une perte de retour sup\u00e9rieure \u00e0 <b data-path-to-node=\"14\" data-index-in-node=\"70\">50dB<\/b>, Ce c\u00e2ble minimise la d\u00e9gradation du signal. Ces mesures sont cruciales pour maintenir le budget de puissance dans les chemins de fibre critiques.<\/p>\n<h3 data-path-to-node=\"15\">3. S\u00e9curit\u00e9 et conformit\u00e9<\/h3>\n<p data-path-to-node=\"16\">Con\u00e7u pour r\u00e9pondre aux normes de s\u00e9curit\u00e9 des b\u00e2timents modernes, le <b data-path-to-node=\"16\" data-index-in-node=\"51\">LSZH (Low Smoke Zero Halogen)<\/b> La gaine garantit qu'en cas d'incendie, le c\u00e2ble ne produit qu'une fum\u00e9e minimale et aucun gaz halog\u00e8ne toxique. Il s'agit donc d'un choix obligatoire pour les centres de donn\u00e9es et les bureaux commerciaux.<\/p>\n<h3 data-path-to-node=\"17\">4. Des performances robustes<\/h3>\n<p data-path-to-node=\"18\">Avec une r\u00e9sistance \u00e0 la tension de <b data-path-to-node=\"18\" data-index-in-node=\"27\"><span class=\"math-inline\" data-math=\"\\geq 200\\text{N}\" data-index-in-node=\"27\">$\\geq 200\\text{N}$<\/span><\/b>, Ces cavaliers sont con\u00e7us pour r\u00e9sister aux contraintes physiques du routage \u00e0 travers des chemins de c\u00e2bles denses et des conduits verticaux sans compromettre le c\u0153ur de la fibre.<\/p>\n<hr data-path-to-node=\"19\" \/>\n<h2 data-path-to-node=\"20\">Approvisionnement et soutien B2B<\/h2>\n<p data-path-to-node=\"21\"><b data-path-to-node=\"21\" data-index-in-node=\"0\">Q : Ces c\u00e2bles conviennent-ils aux environnements industriels soumis \u00e0 de fortes vibrations ?<\/b> <b data-path-to-node=\"21\" data-index-in-node=\"69\">A :<\/b> Oui. Le verrou m\u00e9tallique du connecteur ST est sp\u00e9cialement con\u00e7u pour les environnements o\u00f9 les verrous en plastique standard risquent de tomber en panne \u00e0 cause des vibrations m\u00e9caniques.<\/p>\n<p data-path-to-node=\"22\"><b data-path-to-node=\"22\" data-index-in-node=\"0\">Q : Quel est l'avantage de la conception \u201cSimplex\u201d pour les utilisateurs professionnels ?<\/b> <b data-path-to-node=\"22\" data-index-in-node=\"69\">A :<\/b> Simplex (SX) est la norme pour les r\u00e9seaux bidirectionnels (BiDi). L'utilisation d'un seul brin pour le TX et le RX vous permet de doubler la capacit\u00e9 de votre installation de fibre optique tout en r\u00e9duisant l'encombrement du c\u00e2ble dans les r\u00e9partiteurs.<\/p>\n<p data-path-to-node=\"23\"><b data-path-to-node=\"23\" data-index-in-node=\"0\">Q : Proposez-vous des rapports d'essai en gros pour les commandes importantes ?<\/b> <b data-path-to-node=\"23\" data-index-in-node=\"55\">A :<\/b> Chaque cordon de raccordement 100% est test\u00e9 en usine pour IL et RL. En tant que partenaire professionnel B2B, nous pouvons fournir des rapports de test d\u00e9taill\u00e9s et des rapports d'interf\u00e9rom\u00e9trie 3D pour les envois en gros de gros volumes afin de garantir une assurance qualit\u00e9 totale.<\/p>","protected":false},"excerpt":{"rendered":"<p data-path-to-node=\"4\">Le <b data-path-to-node=\"4\" data-index-in-node=\"4\">ST\/UPC vers LC\/UPC Mode Simplex (SM SX)<\/b> est une solution hybride essentielle pour les r\u00e9seaux d'entreprise. Il comble le foss\u00e9 entre les ports industriels robustes au standard ST et les interfaces LC SFF (Small Form Factor) que l'on trouve dans les \u00e9metteurs-r\u00e9cepteurs SFP\/SFP+ modernes.<\/p>\n<p data-path-to-node=\"5\">Con\u00e7u pour une infrastructure de niveau 2026, ce cavalier fournit une connexion s\u00e9curis\u00e9e \u00e0 faible perte pour la transmission de donn\u00e9es longue distance dans les t\u00e9l\u00e9communications, l'automatisation industrielle et les r\u00e9seaux f\u00e9d\u00e9rateurs de campus.<\/p>","protected":false},"featured_media":782,"comment_status":"open","ping_status":"closed","template":"","meta":[],"product_brand":[],"product_cat":[45],"product_tag":[],"class_list":{"0":"post-781","1":"product","2":"type-product","3":"status-publish","4":"has-post-thumbnail","6":"product_cat-single-mode-fiber-optic-patch-cord","8":"first","9":"instock","10":"shipping-taxable","11":"product-type-simple"},"_links":{"self":[{"href":"https:\/\/www.fenxifiber.com\/fr\/wp-json\/wp\/v2\/product\/781","targetHints":{"allow":["GET"]}}],"collection":[{"href":"https:\/\/www.fenxifiber.com\/fr\/wp-json\/wp\/v2\/product"}],"about":[{"href":"https:\/\/www.fenxifiber.com\/fr\/wp-json\/wp\/v2\/types\/product"}],"replies":[{"embeddable":true,"href":"https:\/\/www.fenxifiber.com\/fr\/wp-json\/wp\/v2\/comments?post=781"}],"wp:featuredmedia":[{"embeddable":true,"href":"https:\/\/www.fenxifiber.com\/fr\/wp-json\/wp\/v2\/media\/782"}],"wp:attachment":[{"href":"https:\/\/www.fenxifiber.com\/fr\/wp-json\/wp\/v2\/media?parent=781"}],"wp:term":[{"taxonomy":"product_brand","embeddable":true,"href":"https:\/\/www.fenxifiber.com\/fr\/wp-json\/wp\/v2\/product_brand?post=781"},{"taxonomy":"product_cat","embeddable":true,"href":"https:\/\/www.fenxifiber.com\/fr\/wp-json\/wp\/v2\/product_cat?post=781"},{"taxonomy":"product_tag","embeddable":true,"href":"https:\/\/www.fenxifiber.com\/fr\/wp-json\/wp\/v2\/product_tag?post=781"}],"curies":[{"name":"wp","href":"https:\/\/api.w.org\/{rel}","templated":true}]}}