{"id":785,"date":"2026-02-04T01:33:33","date_gmt":"2026-02-04T01:33:33","guid":{"rendered":"https:\/\/www.fenxifiber.com\/?post_type=product&#038;p=785"},"modified":"2026-02-04T02:18:43","modified_gmt":"2026-02-04T02:18:43","slug":"fc-upc-sc-upc-sm-sx","status":"publish","type":"product","link":"https:\/\/www.fenxifiber.com\/fr\/product\/fc-upc-sc-upc-sm-sx\/","title":{"rendered":"Cordon de raccordement fibre monomode simplex FC\/UPC vers SC\/UPC"},"content":{"rendered":"<h2 data-path-to-node=\"6\">Sp\u00e9cifications techniques bas\u00e9es sur les donn\u00e9es<\/h2>\n<p data-path-to-node=\"7\">Notre processus de fabrication garantit que chaque sauteur r\u00e9pond aux normes de performance rigoureuses suivantes :<\/p>\n<table data-path-to-node=\"8\">\n<thead>\n<tr>\n<td><strong>Fonctionnalit\u00e9<\/strong><\/td>\n<td><strong>Sp\u00e9cifications industrielles<\/strong><\/td>\n<td><strong>Proposition de valeur B2B<\/strong><\/td>\n<\/tr>\n<\/thead>\n<tbody>\n<tr>\n<td><span data-path-to-node=\"8,1,0,0\"><b data-path-to-node=\"8,1,0,0\" data-index-in-node=\"0\">Type de connecteur<\/b><\/span><\/td>\n<td><span data-path-to-node=\"8,1,1,0\">FC\/UPC vers SC\/UPC<\/span><\/td>\n<td><span data-path-to-node=\"8,1,2,0\">Vissage s\u00e9curis\u00e9 sur le lien hybride push-pull<\/span><\/td>\n<\/tr>\n<tr>\n<td><span data-path-to-node=\"8,2,0,0\"><b data-path-to-node=\"8,2,0,0\" data-index-in-node=\"0\">Cat\u00e9gorie de fibres<\/b><\/span><\/td>\n<td><span data-path-to-node=\"8,2,1,0\">monomode (SM\/SX)<\/span><\/td>\n<td><span data-path-to-node=\"8,2,2,0\">Optimis\u00e9 pour la stabilit\u00e9 de l'OS2 sur de longues distances<\/span><\/td>\n<\/tr>\n<tr>\n<td><span data-path-to-node=\"8,3,0,0\"><b data-path-to-node=\"8,3,0,0\" data-index-in-node=\"0\">Perte d'insertion<\/b><\/span><\/td>\n<td><span data-path-to-node=\"8,3,1,0\"><span class=\"math-inline\" data-math=\"&lt; 0.3 \\text{ dB}\" data-index-in-node=\"0\">$&lt; 0,3 \\text{ dB}$<\/span><\/span><\/td>\n<td><span data-path-to-node=\"8,3,2,0\">Att\u00e9nuation minimale du signal pour les chemins critiques<\/span><\/td>\n<\/tr>\n<tr>\n<td><span data-path-to-node=\"8,4,0,0\"><b data-path-to-node=\"8,4,0,0\" data-index-in-node=\"0\">Perte de retour<\/b><\/span><\/td>\n<td><span data-path-to-node=\"8,4,1,0\"><span class=\"math-inline\" data-math=\"\\geq 50 \\text{ dB}\" data-index-in-node=\"0\">$\\geq 50 \\text{ dB}$<\/span> (UPC)<\/span><\/td>\n<td><span data-path-to-node=\"8,4,2,0\">Garantit une grande int\u00e9grit\u00e9 du signal num\u00e9rique<\/span><\/td>\n<\/tr>\n<tr>\n<td><span data-path-to-node=\"8,5,0,0\"><b data-path-to-node=\"8,5,0,0\" data-index-in-node=\"0\">Longueur d'onde<\/b><\/span><\/td>\n<td><span data-path-to-node=\"8,5,1,0\">1310nm \/ 1490nm \/ 1550nm<\/span><\/td>\n<td><span data-path-to-node=\"8,5,2,0\">Compatibilit\u00e9 avec le spectre complet pour les optiques SM<\/span><\/td>\n<\/tr>\n<tr>\n<td><span data-path-to-node=\"8,6,0,0\"><b data-path-to-node=\"8,6,0,0\" data-index-in-node=\"0\">Largeur de bande<\/b><\/span><\/td>\n<td><span data-path-to-node=\"8,6,1,0\"><span class=\"math-inline\" data-math=\"\\pm 40\\text{nm}\" data-index-in-node=\"0\">$\\pm 40\\text{nm}$<\/span><\/span><\/td>\n<td><span data-path-to-node=\"8,6,2,0\">Performances stables en cas de d\u00e9calage spectral<\/span><\/td>\n<\/tr>\n<tr>\n<td><span data-path-to-node=\"8,7,0,0\"><b data-path-to-node=\"8,7,0,0\" data-index-in-node=\"0\">R\u00e9sistance \u00e0 la traction<\/b><\/span><\/td>\n<td><span data-path-to-node=\"8,7,1,0\"><span class=\"math-inline\" data-math=\"\\geq 200 \\text{ N}\" data-index-in-node=\"0\">$\\geq 200 \\text{ N}$<\/span><\/span><\/td>\n<td><span data-path-to-node=\"8,7,2,0\">Durabilit\u00e9 sup\u00e9rieure pour les installations exigeantes<\/span><\/td>\n<\/tr>\n<tr>\n<td><span data-path-to-node=\"8,8,0,0\"><b data-path-to-node=\"8,8,0,0\" data-index-in-node=\"0\">Durabilit\u00e9<\/b><\/span><\/td>\n<td><span data-path-to-node=\"8,8,1,0\"><span class=\"math-inline\" data-math=\"\\geq 1000\" data-index-in-node=\"0\">$\\geq 1000$<\/span> fois<\/span><\/td>\n<td><span data-path-to-node=\"8,8,2,0\">Con\u00e7u pour une utilisation industrielle et de laboratoire r\u00e9p\u00e9t\u00e9e<\/span><\/td>\n<\/tr>\n<tr>\n<td><span data-path-to-node=\"8,9,0,0\"><b data-path-to-node=\"8,9,0,0\" data-index-in-node=\"0\">Mat\u00e9riau de la veste<\/b><\/span><\/td>\n<td><span data-path-to-node=\"8,9,1,0\">LSZH (Low Smoke Zero Halogen)<\/span><\/td>\n<td><span data-path-to-node=\"8,9,2,0\">Conforme aux codes mondiaux de s\u00e9curit\u00e9 incendie<\/span><\/td>\n<\/tr>\n<\/tbody>\n<\/table>\n<hr data-path-to-node=\"9\" \/>\n<h2 data-path-to-node=\"10\">Pourquoi ce mod\u00e8le hybride est le choix de B2B<\/h2>\n<h3 data-path-to-node=\"11\">1. Fiabilit\u00e9 m\u00e9canique et polyvalence<\/h3>\n<ul data-path-to-node=\"12\">\n<li>\n<p data-path-to-node=\"12,0,0\"><b data-path-to-node=\"12,0,0\" data-index-in-node=\"0\">FC\/UPC Fin :<\/b> Le bo\u00eetier m\u00e9tallique nickel\u00e9 \u00e0 visser assure une connexion constante et r\u00e9sistante aux vibrations.<\/p>\n<\/li>\n<li>\n<p data-path-to-node=\"12,1,0\"><b data-path-to-node=\"12,1,0\" data-index-in-node=\"0\">SC\/UPC Fin :<\/b> Utilise le m\u00e9canisme de traction et de pouss\u00e9e carr\u00e9 standard de l'industrie pour un d\u00e9ploiement rapide et s\u00fbr dans les panneaux de connexion et les ODF.<\/p>\n<\/li>\n<\/ul>\n<h3 data-path-to-node=\"13\">2. Pr\u00e9cision optique v\u00e9rifi\u00e9e<\/h3>\n<ul data-path-to-node=\"14\">\n<li>\n<p data-path-to-node=\"14,0,0\"><b data-path-to-node=\"14,0,0\" data-index-in-node=\"0\">Faible perte :<\/b> La perte d'insertion test\u00e9e est strictement maintenue sous <b data-path-to-node=\"14,0,0\" data-index-in-node=\"61\">0,3dB<\/b>, et de maximiser le budget \u00e9nerg\u00e9tique de votre r\u00e9seau.<\/p>\n<\/li>\n<li>\n<p data-path-to-node=\"14,1,0\"><b data-path-to-node=\"14,1,0\" data-index-in-node=\"0\">Qualit\u00e9 du signal :<\/b> Le polissage UPC aux deux extr\u00e9mit\u00e9s garantit une perte de retour d'au moins <b data-path-to-node=\"14,1,0\" data-index-in-node=\"78\">50dB<\/b>, minimiser la r\u00e9tro-r\u00e9flexion dans les liaisons num\u00e9riques \u00e0 grande vitesse.<\/p>\n<\/li>\n<\/ul>\n<h3 data-path-to-node=\"15\">3. Durabilit\u00e9 de niveau industriel<\/h3>\n<ul data-path-to-node=\"16\">\n<li>\n<p data-path-to-node=\"16,0,0\"><b data-path-to-node=\"16,0,0\" data-index-in-node=\"0\">Haute tension :<\/b> Avec une r\u00e9sistance \u00e0 la traction de <b data-path-to-node=\"16,0,0\" data-index-in-node=\"48\"><span class=\"math-inline\" data-math=\"\\geq 200\\text{N}\" data-index-in-node=\"48\">$\\geq 200\\text{N}$<\/span><\/b>, Ces cavaliers r\u00e9sistent aux contraintes physiques de l'acheminement dans des conduits encombr\u00e9s et des chemins de c\u00e2bles verticaux.<\/p>\n<\/li>\n<li>\n<p data-path-to-node=\"16,1,0\"><b data-path-to-node=\"16,1,0\" data-index-in-node=\"0\">Long\u00e9vit\u00e9 :<\/b> Class\u00e9 pour plus de <b data-path-to-node=\"16,1,0\" data-index-in-node=\"26\">1000 cycles d'accouplement<\/b>, Le syst\u00e8me de gestion de l'information de la Commission europ\u00e9enne est un syst\u00e8me de gestion de l'information qui garantit une fiabilit\u00e9 \u00e0 long terme, m\u00eame dans les environnements de test o\u00f9 les c\u00e2bles sont fr\u00e9quemment rebranch\u00e9s.<\/p>\n<\/li>\n<\/ul>\n<h3 data-path-to-node=\"17\">4. Conformit\u00e9 certifi\u00e9e en mati\u00e8re de s\u00e9curit\u00e9<\/h3>\n<ul data-path-to-node=\"18\">\n<li>\n<p data-path-to-node=\"18,0,0\"><b data-path-to-node=\"18,0,0\" data-index-in-node=\"0\">Veste LSZH :<\/b> Nos gilets jaunes sont fabriqu\u00e9s en <b data-path-to-node=\"18,0,0\" data-index-in-node=\"44\">Faible fum\u00e9e, sans halog\u00e8ne<\/b> une exigence obligatoire des codes de construction commerciale modernes pour prot\u00e9ger le personnel et les \u00e9quipements sensibles des fum\u00e9es toxiques en cas d'incendie.<\/p>\n<\/li>\n<\/ul>\n<hr data-path-to-node=\"19\" \/>\n<h2 data-path-to-node=\"20\">FAQ sur les march\u00e9s publics B2B<\/h2>\n<ul data-path-to-node=\"21\">\n<li>\n<p data-path-to-node=\"21,0,0\"><b data-path-to-node=\"21,0,0\" data-index-in-node=\"0\">Q : Ce connecteur FC\/UPC (bleu) est-il compatible avec les ports FC\/APC (vert) ?<\/b><\/p>\n<ul data-path-to-node=\"21,0,1\">\n<li>\n<p data-path-to-node=\"21,0,1,0,0\"><b data-path-to-node=\"21,0,1,0,0\" data-index-in-node=\"0\">A<\/b>: Non. L'UPC et l'APC ont des g\u00e9om\u00e9tries d'extr\u00e9mit\u00e9 diff\u00e9rentes. Les m\u00e9langer cr\u00e9e un espace d'air qui entra\u00eene une perte de signal importante et une d\u00e9t\u00e9rioration potentielle de l'embout. Il faut toujours associer les ports bleus (UPC) aux ports bleus.<\/p>\n<\/li>\n<\/ul>\n<\/li>\n<li>\n<p data-path-to-node=\"21,1,0\"><b data-path-to-node=\"21,1,0\" data-index-in-node=\"0\">Q : Quel est l'avantage de la <span class=\"math-inline\" data-math=\"\\pm 40\\text{nm}\" data-index-in-node=\"30\">$\\pm 40\\text{nm}$<\/span> l'\u00e9valuation de la largeur de bande ?<\/b><\/p>\n<ul data-path-to-node=\"21,1,1\">\n<li>\n<p data-path-to-node=\"21,1,1,0,0\"><b data-path-to-node=\"21,1,1,0,0\" data-index-in-node=\"0\">A<\/b>: Il garantit que le cavalier \u00e0 fibre conserve des performances optiques stables m\u00eame si la longueur d'onde de fonctionnement se d\u00e9place l\u00e9g\u00e8rement, ce qui est courant dans des environnements ext\u00e9rieurs vari\u00e9s ou dans des \u00e9quipements laser plus anciens.<\/p>\n<\/li>\n<\/ul>\n<\/li>\n<li>\n<p data-path-to-node=\"21,2,0\"><b data-path-to-node=\"21,2,0\" data-index-in-node=\"0\">Q : Pouvez-vous fournir un soutien \u00e0 la vente en gros ?<\/b><\/p>\n<ul data-path-to-node=\"21,2,1\">\n<li>\n<p data-path-to-node=\"21,2,1,0,0\"><b data-path-to-node=\"21,2,1,0,0\" data-index-in-node=\"0\">A<\/b>: En tant que fournisseur B2B d\u00e9di\u00e9, nous fournissons des c\u00e2bles 100% test\u00e9s en usine avec des rapports de test optionnels (IL\/RL) pour les commandes de gros volumes, garantissant une qualit\u00e9 constante pour les d\u00e9ploiements de r\u00e9seaux \u00e0 grande \u00e9chelle.<\/p>\n<\/li>\n<\/ul>\n<\/li>\n<\/ul>","protected":false},"excerpt":{"rendered":"<p data-path-to-node=\"4\">Le <b data-path-to-node=\"4\" data-index-in-node=\"4\">FC\/UPC vers SC\/UPC Single Mode Simplex (SM SX)<\/b> est un cavalier hybride de haute performance con\u00e7u pour les t\u00e9l\u00e9communications critiques et les applications industrielles. Ce c\u00e2ble \u201cbleu \u00e0 bleu\u201d constitue un pont fiable entre l'interface FC filet\u00e9e et r\u00e9sistante aux vibrations et le standard SC push-pull largement adopt\u00e9.<\/p>\n<p data-path-to-node=\"5\">En tant qu'\u00e9l\u00e9ment essentiel de l'infrastructure 2026, ce cavalier est con\u00e7u pour offrir des performances stables et \u00e0 faible att\u00e9nuation dans des environnements allant des bureaux centraux de t\u00e9l\u00e9communications aux sols robustes de l'automatisation industrielle.<\/p>","protected":false},"featured_media":787,"comment_status":"open","ping_status":"closed","template":"","meta":[],"product_brand":[],"product_cat":[45],"product_tag":[],"class_list":{"0":"post-785","1":"product","2":"type-product","3":"status-publish","4":"has-post-thumbnail","6":"product_cat-single-mode-fiber-optic-patch-cord","8":"first","9":"instock","10":"shipping-taxable","11":"product-type-simple"},"_links":{"self":[{"href":"https:\/\/www.fenxifiber.com\/fr\/wp-json\/wp\/v2\/product\/785","targetHints":{"allow":["GET"]}}],"collection":[{"href":"https:\/\/www.fenxifiber.com\/fr\/wp-json\/wp\/v2\/product"}],"about":[{"href":"https:\/\/www.fenxifiber.com\/fr\/wp-json\/wp\/v2\/types\/product"}],"replies":[{"embeddable":true,"href":"https:\/\/www.fenxifiber.com\/fr\/wp-json\/wp\/v2\/comments?post=785"}],"wp:featuredmedia":[{"embeddable":true,"href":"https:\/\/www.fenxifiber.com\/fr\/wp-json\/wp\/v2\/media\/787"}],"wp:attachment":[{"href":"https:\/\/www.fenxifiber.com\/fr\/wp-json\/wp\/v2\/media?parent=785"}],"wp:term":[{"taxonomy":"product_brand","embeddable":true,"href":"https:\/\/www.fenxifiber.com\/fr\/wp-json\/wp\/v2\/product_brand?post=785"},{"taxonomy":"product_cat","embeddable":true,"href":"https:\/\/www.fenxifiber.com\/fr\/wp-json\/wp\/v2\/product_cat?post=785"},{"taxonomy":"product_tag","embeddable":true,"href":"https:\/\/www.fenxifiber.com\/fr\/wp-json\/wp\/v2\/product_tag?post=785"}],"curies":[{"name":"wp","href":"https:\/\/api.w.org\/{rel}","templated":true}]}}