{"id":788,"date":"2026-02-04T01:34:58","date_gmt":"2026-02-04T01:34:58","guid":{"rendered":"https:\/\/www.fenxifiber.com\/?post_type=product&#038;p=788"},"modified":"2026-02-04T02:20:17","modified_gmt":"2026-02-04T02:20:17","slug":"sc-apc-fc-apc-sm-sx","status":"publish","type":"product","link":"https:\/\/www.fenxifiber.com\/fr\/product\/sc-apc-fc-apc-sm-sx\/","title":{"rendered":"Cavalier monomode simplex SC\/APC vers FC\/APC de haute pr\u00e9cision"},"content":{"rendered":"<p data-path-to-node=\"5\">Con\u00e7u pour r\u00e9pondre aux normes de t\u00e9l\u00e9communications et de laboratoire de niveau 2026, ce c\u00e2ble est un \u00e9l\u00e9ment essentiel pour <b data-path-to-node=\"5\" data-index-in-node=\"98\">GPON, XGS-PON, CATV<\/b>, et les applications de d\u00e9tection de pr\u00e9cision.<\/p>\n<h2 data-path-to-node=\"6\">Sp\u00e9cifications techniques (norme de conformit\u00e9 B2B)<\/h2>\n<p data-path-to-node=\"7\">Tous les cavaliers sont fabriqu\u00e9s dans des environnements exempts de poussi\u00e8re et subissent des tests d'interf\u00e9rom\u00e9trie 3D 100% pour garantir les param\u00e8tres suivants :<\/p>\n<table data-path-to-node=\"8\">\n<thead>\n<tr>\n<td><strong>M\u00e9trique<\/strong><\/td>\n<td><strong>Sp\u00e9cifications<\/strong><\/td>\n<td><strong>Valeur B2B<\/strong><\/td>\n<\/tr>\n<\/thead>\n<tbody>\n<tr>\n<td><span data-path-to-node=\"8,1,0,0\"><b data-path-to-node=\"8,1,0,0\" data-index-in-node=\"0\">Type de connecteur<\/b><\/span><\/td>\n<td><span data-path-to-node=\"8,1,1,0\">SC\/APC vers FC\/APC<\/span><\/td>\n<td><span data-path-to-node=\"8,1,2,0\">Verrouillage hybride push-pull et screw-on<\/span><\/td>\n<\/tr>\n<tr>\n<td><span data-path-to-node=\"8,2,0,0\"><b data-path-to-node=\"8,2,0,0\" data-index-in-node=\"0\">Cat\u00e9gorie de fibres<\/b><\/span><\/td>\n<td><span data-path-to-node=\"8,2,1,0\">monomode (SM\/SX)<\/span><\/td>\n<td><span data-path-to-node=\"8,2,2,0\">Optimis\u00e9 pour les liaisons longue distance OS2<\/span><\/td>\n<\/tr>\n<tr>\n<td><span data-path-to-node=\"8,3,0,0\"><b data-path-to-node=\"8,3,0,0\" data-index-in-node=\"0\">Perte d'insertion<\/b><\/span><\/td>\n<td><span data-path-to-node=\"8,3,1,0\"><b data-path-to-node=\"8,3,1,0\" data-index-in-node=\"0\"><span class=\"math-inline\" data-math=\"&lt; 0.3 \\text{ dB}\" data-index-in-node=\"0\">$&lt; 0,3 \\text{ dB}$<\/span><\/b><\/span><\/td>\n<td><span data-path-to-node=\"8,3,2,0\">Att\u00e9nuation minimale de la puissance<\/span><\/td>\n<\/tr>\n<tr>\n<td><span data-path-to-node=\"8,4,0,0\"><b data-path-to-node=\"8,4,0,0\" data-index-in-node=\"0\">Perte de retour<\/b><\/span><\/td>\n<td><span data-path-to-node=\"8,4,1,0\"><b data-path-to-node=\"8,4,1,0\" data-index-in-node=\"0\"><span class=\"math-inline\" data-math=\"\\geq 60 \\text{ dB}\" data-index-in-node=\"0\">$\\geq 60 \\text{ dB}$<\/span> (APC)<\/b><\/span><\/td>\n<td><span data-path-to-node=\"8,4,2,0\">Gestion sup\u00e9rieure de la r\u00e9flexion<\/span><\/td>\n<\/tr>\n<tr>\n<td><span data-path-to-node=\"8,5,0,0\"><b data-path-to-node=\"8,5,0,0\" data-index-in-node=\"0\">Longueur d'onde de travail<\/b><\/span><\/td>\n<td><span data-path-to-node=\"8,5,1,0\">1310nm \/ 1490nm \/ 1550nm<\/span><\/td>\n<td><span data-path-to-node=\"8,5,2,0\">Compatibilit\u00e9 avec l'ensemble du spectre SM<\/span><\/td>\n<\/tr>\n<tr>\n<td><span data-path-to-node=\"8,6,0,0\"><b data-path-to-node=\"8,6,0,0\" data-index-in-node=\"0\">R\u00e9sistance \u00e0 la traction<\/b><\/span><\/td>\n<td><span data-path-to-node=\"8,6,1,0\"><b data-path-to-node=\"8,6,1,0\" data-index-in-node=\"0\"><span class=\"math-inline\" data-math=\"\\geq 200 \\text{ N}\" data-index-in-node=\"0\">$\\geq 200 \\text{ N}$<\/span><\/b><\/span><\/td>\n<td><span data-path-to-node=\"8,6,2,0\">Robuste pour le routage vertical<\/span><\/td>\n<\/tr>\n<tr>\n<td><span data-path-to-node=\"8,7,0,0\"><b data-path-to-node=\"8,7,0,0\" data-index-in-node=\"0\">Durabilit\u00e9<\/b><\/span><\/td>\n<td><span data-path-to-node=\"8,7,1,0\"><span class=\"math-inline\" data-math=\"\\geq 1000\" data-index-in-node=\"0\">$\\geq 1000$<\/span> fois<\/span><\/td>\n<td><span data-path-to-node=\"8,7,2,0\">Embouts en c\u00e9ramique de haute pr\u00e9cision<\/span><\/td>\n<\/tr>\n<tr>\n<td><span data-path-to-node=\"8,8,0,0\"><b data-path-to-node=\"8,8,0,0\" data-index-in-node=\"0\">Largeur de bande<\/b><\/span><\/td>\n<td><span data-path-to-node=\"8,8,1,0\"><span class=\"math-inline\" data-math=\"\\pm 40\\text{nm}\" data-index-in-node=\"0\">$\\pm 40\\text{nm}$<\/span><\/span><\/td>\n<td><span data-path-to-node=\"8,8,2,0\">Stable dans des environnements fluctuants<\/span><\/td>\n<\/tr>\n<tr>\n<td><span data-path-to-node=\"8,9,0,0\"><b data-path-to-node=\"8,9,0,0\" data-index-in-node=\"0\">Mat\u00e9riau de la veste<\/b><\/span><\/td>\n<td><span data-path-to-node=\"8,9,1,0\"><b data-path-to-node=\"8,9,1,0\" data-index-in-node=\"0\">LSZH (Jaune)<\/b><\/span><\/td>\n<td><span data-path-to-node=\"8,9,2,0\">S\u00e9curit\u00e9 \u00e0 faible d\u00e9gagement de fum\u00e9e et sans halog\u00e8ne<\/span><\/td>\n<\/tr>\n<\/tbody>\n<\/table>\n<hr data-path-to-node=\"9\" \/>\n<h2 data-path-to-node=\"10\">Pourquoi ce sauteur hybride d'APC est le choix des professionnels<\/h2>\n<h3 data-path-to-node=\"11\">1. Gestion de la r\u00e9flexion de l'\u00e9lite (<span class=\"math-inline\" data-math=\"\\geq 60\\text{dB}\" data-index-in-node=\"32\">$\\geq 60\\text{dB}$<\/span>)<\/h3>\n<p data-path-to-node=\"12\">Les connecteurs APC \u201cverts\u201d sont dot\u00e9s d'un polissage angulaire de 8 degr\u00e9s. Cette conception refl\u00e8te la lumi\u00e8re dans la gaine de la fibre plut\u00f4t que de la renvoyer vers l'\u00e9metteur. Pour les clients B2B dans le secteur de la <b data-path-to-node=\"12\" data-index-in-node=\"177\">CATV ou secteurs de donn\u00e9es \u00e0 haut d\u00e9bit<\/b>, Cette mesure est obligatoire pour \u00e9viter le bruit du signal et les dommages caus\u00e9s par le laser.<\/p>\n<h3 data-path-to-node=\"13\">2. R\u00f4les de connectivit\u00e9 sp\u00e9cialis\u00e9s<\/h3>\n<ul data-path-to-node=\"14\">\n<li>\n<p data-path-to-node=\"14,0,0\"><b data-path-to-node=\"14,0,0\" data-index-in-node=\"0\">FC\/APC Fin :<\/b> Le connecteur \u00e0 vis en m\u00e9tal nickel\u00e9 assure un contact physique constant, ce qui en fait le choix privil\u00e9gi\u00e9 pour les environnements industriels \u00e0 fortes vibrations et les \u00e9quipements de test.<\/p>\n<\/li>\n<li>\n<p data-path-to-node=\"14,1,0\"><b data-path-to-node=\"14,1,0\" data-index-in-node=\"0\">SC\/APC Fin :<\/b> La conception push-pull carr\u00e9e permet un d\u00e9ploiement rapide et \u00e0 haute densit\u00e9 dans les r\u00e9partiteurs optiques standard (ODF).<\/p>\n<\/li>\n<\/ul>\n<h3 data-path-to-node=\"15\">3. R\u00e9sistance \u00e0 la traction de qualit\u00e9 technique<\/h3>\n<p data-path-to-node=\"16\">Avec une tension nominale de <b data-path-to-node=\"16\" data-index-in-node=\"25\"><span class=\"math-inline\" data-math=\"\\geq 200\\text{N}\" data-index-in-node=\"25\">$\\geq 200\\text{N}$<\/span><\/b>, Ces c\u00e2bles sont con\u00e7us pour r\u00e9sister \u00e0 la contrainte physique d'\u00eatre tir\u00e9s dans des conduits denses et des puits verticaux, ce qui garantit que le noyau de verre interne n'est pas endommag\u00e9 pendant l'installation.<\/p>\n<h3 data-path-to-node=\"17\">4. Conformit\u00e9 globale en mati\u00e8re de s\u00e9curit\u00e9 (LSZH)<\/h3>\n<p data-path-to-node=\"18\">La s\u00e9curit\u00e9 est une exigence fondamentale pour les projets d'entreprise. Les <b data-path-to-node=\"18\" data-index-in-node=\"58\">LSZH<\/b> garantit qu'en cas d'incendie, le c\u00e2ble n'\u00e9mettra pas de gaz halog\u00e8ne toxique ou de fum\u00e9e lourde, ce qui est conforme aux codes internationaux de s\u00e9curit\u00e9 incendie pour les b\u00e2timents commerciaux et les centres de donn\u00e9es.<\/p>\n<hr data-path-to-node=\"19\" \/>\n<h2 data-path-to-node=\"20\">FAQ sur les march\u00e9s publics B2B<\/h2>\n<ul data-path-to-node=\"21\">\n<li>\n<p data-path-to-node=\"21,0,0\"><b data-path-to-node=\"21,0,0\" data-index-in-node=\"0\">Q : Pourquoi choisir <span class=\"math-inline\" data-math=\"\\geq 60\\text{dB}\" data-index-in-node=\"14\">$\\geq 60\\text{dB}$<\/span> Perte de retour ?<\/b><\/p>\n<ul data-path-to-node=\"21,0,1\">\n<li>\n<p data-path-to-node=\"21,0,1,0,0\"><b data-path-to-node=\"21,0,1,0,0\" data-index-in-node=\"0\">A :<\/b> Les syst\u00e8mes optiques de haute puissance sont sensibles \u00e0 la r\u00e9tro-r\u00e9flexion. Notre polissage APC garantit le meilleur rapport signal\/bruit, prot\u00e9geant ainsi vos investissements dans l'infrastructure.<\/p>\n<\/li>\n<\/ul>\n<\/li>\n<li>\n<p data-path-to-node=\"21,1,0\"><b data-path-to-node=\"21,1,0\" data-index-in-node=\"0\">Q : Proposez-vous des longueurs et des diam\u00e8tres personnalis\u00e9s ?<\/b><\/p>\n<ul data-path-to-node=\"21,1,1\">\n<li>\n<p data-path-to-node=\"21,1,1,0,0\"><b data-path-to-node=\"21,1,1,0,0\" data-index-in-node=\"0\">A :<\/b> Oui. En tant que fournisseur B2B, nous fournissons des longueurs personnalis\u00e9es (de 0,5 m \u00e0 plus de 100 m) et des \u00e9paisseurs de gaine (2,0 mm ou 3,0 mm) pour s'adapter \u00e0 l'espace sp\u00e9cifique de votre armoire.<\/p>\n<\/li>\n<\/ul>\n<\/li>\n<li>\n<p data-path-to-node=\"21,2,0\"><b data-path-to-node=\"21,2,0\" data-index-in-node=\"0\">Q : Les rapports d'essai sont-ils inclus dans les envois en gros ?<\/b><\/p>\n<ul data-path-to-node=\"21,2,1\">\n<li>\n<p data-path-to-node=\"21,2,1,0,0\"><b data-path-to-node=\"21,2,1,0,0\" data-index-in-node=\"0\">A :<\/b> Chaque lot comprend des tests d\u00e9taill\u00e9s pour la perte d'insertion (IL) et la perte de retour (RL). Des rapports d'interf\u00e9rom\u00e9trie 3D sont disponibles sur demande pour l'assurance qualit\u00e9.<\/p>\n<\/li>\n<\/ul>\n<\/li>\n<\/ul>","protected":false},"excerpt":{"rendered":"<p data-path-to-node=\"4\"><span class=\"\">Dans les r\u00e9seaux optiques modernes \u00e0 haute capacit\u00e9,<\/span><span class=\"\"> La gestion de la r\u00e9tro-r\u00e9flexion est essentielle pour prot\u00e9ger les sources laser co\u00fbteuses.<\/span><span class=\"\"> Le <\/span><b class=\"\" data-path-to-node=\"4\" data-index-in-node=\"123\">SC\/APC vers FC\/APC Single Mode Simplex (SM SX)<\/b><span class=\"\"> est une solution sp\u00e9cialis\u00e9e dot\u00e9e d'un contact physique angulaire de 8 degr\u00e9s (APC) aux deux extr\u00e9mit\u00e9s.<\/span><span class=\"\"> Ce cavalier hybride comble le foss\u00e9 entre les ports SC faciles d'acc\u00e8s et la haute stabilit\u00e9,<\/span><span class=\"\"> interfaces FC filet\u00e9es.<\/span><\/p>\n<p data-path-to-node=\"5\">","protected":false},"featured_media":789,"comment_status":"open","ping_status":"closed","template":"","meta":[],"product_brand":[],"product_cat":[45],"product_tag":[],"class_list":{"0":"post-788","1":"product","2":"type-product","3":"status-publish","4":"has-post-thumbnail","6":"product_cat-single-mode-fiber-optic-patch-cord","8":"first","9":"instock","10":"shipping-taxable","11":"product-type-simple"},"_links":{"self":[{"href":"https:\/\/www.fenxifiber.com\/fr\/wp-json\/wp\/v2\/product\/788","targetHints":{"allow":["GET"]}}],"collection":[{"href":"https:\/\/www.fenxifiber.com\/fr\/wp-json\/wp\/v2\/product"}],"about":[{"href":"https:\/\/www.fenxifiber.com\/fr\/wp-json\/wp\/v2\/types\/product"}],"replies":[{"embeddable":true,"href":"https:\/\/www.fenxifiber.com\/fr\/wp-json\/wp\/v2\/comments?post=788"}],"wp:featuredmedia":[{"embeddable":true,"href":"https:\/\/www.fenxifiber.com\/fr\/wp-json\/wp\/v2\/media\/789"}],"wp:attachment":[{"href":"https:\/\/www.fenxifiber.com\/fr\/wp-json\/wp\/v2\/media?parent=788"}],"wp:term":[{"taxonomy":"product_brand","embeddable":true,"href":"https:\/\/www.fenxifiber.com\/fr\/wp-json\/wp\/v2\/product_brand?post=788"},{"taxonomy":"product_cat","embeddable":true,"href":"https:\/\/www.fenxifiber.com\/fr\/wp-json\/wp\/v2\/product_cat?post=788"},{"taxonomy":"product_tag","embeddable":true,"href":"https:\/\/www.fenxifiber.com\/fr\/wp-json\/wp\/v2\/product_tag?post=788"}],"curies":[{"name":"wp","href":"https:\/\/api.w.org\/{rel}","templated":true}]}}