{"id":792,"date":"2026-02-04T01:39:19","date_gmt":"2026-02-04T01:39:19","guid":{"rendered":"https:\/\/www.fenxifiber.com\/?post_type=product&#038;p=792"},"modified":"2026-02-04T02:21:56","modified_gmt":"2026-02-04T02:21:56","slug":"fc-upc-fc-upc-sm-dx","status":"publish","type":"product","link":"https:\/\/www.fenxifiber.com\/fr\/product\/fc-upc-fc-upc-sm-dx\/","title":{"rendered":"Cordon de raccordement FC\/UPC vers FC\/UPC Single Mode Duplex (SM DX)"},"content":{"rendered":"<h2 data-path-to-node=\"3\">Matrice des performances techniques<\/h2>\n<p data-path-to-node=\"4\">Notre processus de production respecte strictement les crit\u00e8res de performance suivants afin de garantir la coh\u00e9rence de l'ensemble du projet :<\/p>\n<table data-path-to-node=\"5\">\n<thead>\n<tr>\n<td><strong>M\u00e9trique<\/strong><\/td>\n<td><strong>Sp\u00e9cification professionnelle<\/strong><\/td>\n<td><strong>Avantage de l'ing\u00e9nierie<\/strong><\/td>\n<\/tr>\n<\/thead>\n<tbody>\n<tr>\n<td><span data-path-to-node=\"5,1,0,0\"><b data-path-to-node=\"5,1,0,0\" data-index-in-node=\"0\">Type de connecteur<\/b><\/span><\/td>\n<td><span data-path-to-node=\"5,1,1,0\">FC\/UPC \u00e0 FC\/UPC<\/span><\/td>\n<td><span data-path-to-node=\"5,1,2,0\">Accouplement m\u00e9tallique filet\u00e9 \u00e0 visser<\/span><\/td>\n<\/tr>\n<tr>\n<td><span data-path-to-node=\"5,2,0,0\"><b data-path-to-node=\"5,2,0,0\" data-index-in-node=\"0\">Cat\u00e9gorie de fibres<\/b><\/span><\/td>\n<td><span data-path-to-node=\"5,2,1,0\">Mode unique duplex (SM DX)<\/span><\/td>\n<td><span data-path-to-node=\"5,2,2,0\">Optimis\u00e9 pour les donn\u00e9es bidirectionnelles \u00e0 deux fibres<\/span><\/td>\n<\/tr>\n<tr>\n<td><span data-path-to-node=\"5,3,0,0\"><b data-path-to-node=\"5,3,0,0\" data-index-in-node=\"0\">Perte d'insertion<\/b><\/span><\/td>\n<td><span data-path-to-node=\"5,3,1,0\"><b data-path-to-node=\"5,3,1,0\" data-index-in-node=\"0\"><span class=\"math-inline\" data-math=\"&lt; 0.3 \\text{ dB}\" data-index-in-node=\"0\">$&lt; 0,3 \\text{ dB}$<\/span><\/b><\/span><\/td>\n<td><span data-path-to-node=\"5,3,2,0\">Att\u00e9nuation minimale pour les liaisons longue distance<\/span><\/td>\n<\/tr>\n<tr>\n<td><span data-path-to-node=\"5,4,0,0\"><b data-path-to-node=\"5,4,0,0\" data-index-in-node=\"0\">Perte de retour<\/b><\/span><\/td>\n<td><span data-path-to-node=\"5,4,1,0\"><b data-path-to-node=\"5,4,1,0\" data-index-in-node=\"0\"><span class=\"math-inline\" data-math=\"\\geq 50 \\text{ dB}\" data-index-in-node=\"0\">$\\geq 50 \\text{ dB}$<\/span> (UPC)<\/b><\/span><\/td>\n<td><span data-path-to-node=\"5,4,2,0\">Signal de haute puret\u00e9 pour les protocoles num\u00e9riques<\/span><\/td>\n<\/tr>\n<tr>\n<td><span data-path-to-node=\"5,5,0,0\"><b data-path-to-node=\"5,5,0,0\" data-index-in-node=\"0\">Longueur d'onde<\/b><\/span><\/td>\n<td><span data-path-to-node=\"5,5,1,0\">1310nm \/ 1490nm \/ 1550nm<\/span><\/td>\n<td><span data-path-to-node=\"5,5,2,0\">Compatibilit\u00e9 universelle des longueurs d'onde<\/span><\/td>\n<\/tr>\n<tr>\n<td><span data-path-to-node=\"5,6,0,0\"><b data-path-to-node=\"5,6,0,0\" data-index-in-node=\"0\">R\u00e9sistance \u00e0 la traction<\/b><\/span><\/td>\n<td><span data-path-to-node=\"5,6,1,0\"><b data-path-to-node=\"5,6,1,0\" data-index-in-node=\"0\"><span class=\"math-inline\" data-math=\"\\geq 200 \\text{ N}\" data-index-in-node=\"0\">$\\geq 200 \\text{ N}$<\/span><\/b><\/span><\/td>\n<td><span data-path-to-node=\"5,6,2,0\">Robuste pour le passage intensif de c\u00e2bles<\/span><\/td>\n<\/tr>\n<tr>\n<td><span data-path-to-node=\"5,7,0,0\"><b data-path-to-node=\"5,7,0,0\" data-index-in-node=\"0\">Durabilit\u00e9<\/b><\/span><\/td>\n<td><span data-path-to-node=\"5,7,1,0\"><span class=\"math-inline\" data-math=\"\\geq 1000\" data-index-in-node=\"0\">$\\geq 1000$<\/span> fois<\/span><\/td>\n<td><span data-path-to-node=\"5,7,2,0\">Long\u00e9vit\u00e9 de la virole en c\u00e9ramique de haute pr\u00e9cision<\/span><\/td>\n<\/tr>\n<tr>\n<td><span data-path-to-node=\"5,8,0,0\"><b data-path-to-node=\"5,8,0,0\" data-index-in-node=\"0\">Largeur de bande<\/b><\/span><\/td>\n<td><span data-path-to-node=\"5,8,1,0\"><span class=\"math-inline\" data-math=\"\\pm 40\\text{nm}\" data-index-in-node=\"0\">$\\pm 40\\text{nm}$<\/span><\/span><\/td>\n<td><span data-path-to-node=\"5,8,2,0\">Performances stables en cas de d\u00e9calage spectral<\/span><\/td>\n<\/tr>\n<tr>\n<td><span data-path-to-node=\"5,9,0,0\"><b data-path-to-node=\"5,9,0,0\" data-index-in-node=\"0\">Mat\u00e9riau de la veste<\/b><\/span><\/td>\n<td><span data-path-to-node=\"5,9,1,0\"><b data-path-to-node=\"5,9,1,0\" data-index-in-node=\"0\">LSZH (Jaune)<\/b><\/span><\/td>\n<td><span data-path-to-node=\"5,9,2,0\">S\u00e9curit\u00e9 incendie, faible d\u00e9gagement de fum\u00e9e, conformit\u00e9 aux normes z\u00e9ro halog\u00e8ne<\/span><\/td>\n<\/tr>\n<\/tbody>\n<\/table>\n<hr data-path-to-node=\"6\" \/>\n<h2 data-path-to-node=\"7\">Avantages en termes de performances pour un d\u00e9ploiement \u00e0 grande \u00e9chelle<\/h2>\n<h3 data-path-to-node=\"8\">1. M\u00e9canisme \u00e0 visser r\u00e9sistant aux vibrations<\/h3>\n<p data-path-to-node=\"9\">Le <b data-path-to-node=\"9\" data-index-in-node=\"4\">FC (Ferrule Connector)<\/b> utilise un bo\u00eetier m\u00e9tallique nickel\u00e9 avec un raccord filet\u00e9. Contrairement aux loquets en plastique, le m\u00e9canisme FC garantit que les extr\u00e9mit\u00e9s des fibres restent en contact constant et sous pression, ce qui en fait le choix id\u00e9al pour les environnements soumis \u00e0 des contraintes m\u00e9caniques ou \u00e0 des dilatations thermiques.<\/p>\n<h3 data-path-to-node=\"10\">2. Efficacit\u00e9 duplex (DX) pour les liaisons \u00e0 haut d\u00e9bit<\/h3>\n<p data-path-to-node=\"11\">Le <b data-path-to-node=\"11\" data-index-in-node=\"4\">Duplex (DX)<\/b> permet une transmission simultan\u00e9e et bidirectionnelle des donn\u00e9es. Il s'agit d'une exigence critique pour les architectures Ethernet 1G, 10G et 40G traditionnelles qui reposent sur des brins s\u00e9par\u00e9s pour la transmission et la r\u00e9ception, ce qui simplifie la gestion des c\u00e2bles dans les racks \u00e0 haute densit\u00e9.<\/p>\n<h3 data-path-to-node=\"12\">3. Fiabilit\u00e9 de la traction de qualit\u00e9 industrielle<\/h3>\n<p data-path-to-node=\"13\">Avec une r\u00e9sistance \u00e0 la traction de <b data-path-to-node=\"13\" data-index-in-node=\"34\"><span class=\"math-inline\" data-math=\"\\geq 200\\text{N}\" data-index-in-node=\"34\">$\\geq 200\\text{N}$<\/span><\/b>, Ces cavaliers sont con\u00e7us pour r\u00e9sister aux rigueurs physiques de la traction dans les conduits industriels et les puits verticaux. Cette durabilit\u00e9 r\u00e9duit le risque de rupture du noyau de verre pendant la phase d'installation des projets de grande envergure.<\/p>\n<h3 data-path-to-node=\"14\">4. S\u00e9curit\u00e9 globale et conformit\u00e9 LSZH<\/h3>\n<p data-path-to-node=\"15\">Nos gilets jaunes sont fabriqu\u00e9s \u00e0 partir de <b data-path-to-node=\"15\" data-index-in-node=\"41\">Faible teneur en fum\u00e9e et sans halog\u00e8ne (LSZH)<\/b> mat\u00e9riaux. Le produit est ainsi conforme aux r\u00e9glementations internationales en mati\u00e8re de s\u00e9curit\u00e9 incendie pour les b\u00e2timents commerciaux et gouvernementaux, car il n'\u00e9met pas de gaz halog\u00e8ne toxique en cas de chaleur extr\u00eame.<\/p>\n<hr data-path-to-node=\"16\" \/>\n<h2 data-path-to-node=\"17\">Approvisionnement et soutien aux projets<\/h2>\n<ul data-path-to-node=\"18\">\n<li>\n<p data-path-to-node=\"18,0,0\"><b data-path-to-node=\"18,0,0\" data-index-in-node=\"0\">Assurance qualit\u00e9 :<\/b> Chaque cordon de raccordement 100% est test\u00e9 en usine pour la perte d'insertion (IL) et la perte de retour (RL). Des rapports de test individuels et une v\u00e9rification par interf\u00e9rom\u00e9trie 3D peuvent \u00eatre fournis \u00e0 l'appui de votre demande. <b data-path-to-node=\"18,0,0\" data-index-in-node=\"203\">documentation sur la conformit\u00e9 du projet<\/b>.<\/p>\n<\/li>\n<li>\n<p data-path-to-node=\"18,1,0\"><b data-path-to-node=\"18,1,0\" data-index-in-node=\"0\">\u00c9volutivit\u00e9 du commerce de gros :<\/b> Nous maintenons un stock constant de longueurs standard (1m, 2m, 3m, 5m) afin de garantir des d\u00e9lais de livraison rapides pour les produits suivants <b data-path-to-node=\"18,1,0\" data-index-in-node=\"126\">l'approvisionnement en grandes quantit\u00e9s<\/b> et la maintenance urgente du r\u00e9seau.<\/p>\n<\/li>\n<li>\n<p data-path-to-node=\"18,2,0\"><b data-path-to-node=\"18,2,0\" data-index-in-node=\"0\">Configuration personnalis\u00e9e :<\/b> Nous proposons une fabrication flexible pour des <b data-path-to-node=\"18,2,0\" data-index-in-node=\"67\">exigences en mati\u00e8re de commerce de gros<\/b>, La gamme de produits de l'entreprise comprend des longueurs personnalis\u00e9es, des diam\u00e8tres de gaine de 2,0 mm\/3,0 mm et un \u00e9tiquetage sp\u00e9cialis\u00e9 pour le marquage de l'entreprise.<\/p>\n<\/li>\n<\/ul>","protected":false},"excerpt":{"rendered":"<p data-path-to-node=\"0\">Le <b data-path-to-node=\"0\" data-index-in-node=\"4\">FC\/UPC vers FC\/UPC Single Mode Duplex (SM DX)<\/b> est une interconnexion haute performance con\u00e7ue pour la transmission double fibre dans des environnements exigeant une stabilit\u00e9 m\u00e9canique maximale. Dot\u00e9e d'un couplage m\u00e9tallique filet\u00e9 classique, cette configuration duplex est la norme professionnelle pour les applications de transmission \u00e0 double fibre. <b data-path-to-node=\"0\" data-index-in-node=\"296\">capteurs \u00e0 fibre optique, r\u00e9seaux de t\u00e9l\u00e9communication et bancs d'essai en laboratoire<\/b> o\u00f9 un contact physique constant doit \u00eatre maintenu malgr\u00e9 les vibrations ou les mouvements.<\/p>\n<p data-path-to-node=\"1\">Con\u00e7u pour r\u00e9pondre aux exigences de l'infrastructure 2026, ce cavalier double c\u0153ur \u201cBlue-to-Blue\u201d offre la fiabilit\u00e9 requise pour les chemins de donn\u00e9es full-duplex dans les secteurs critiques du r\u00e9seau.<\/p>","protected":false},"featured_media":793,"comment_status":"open","ping_status":"closed","template":"","meta":[],"product_brand":[],"product_cat":[45],"product_tag":[],"class_list":{"0":"post-792","1":"product","2":"type-product","3":"status-publish","4":"has-post-thumbnail","6":"product_cat-single-mode-fiber-optic-patch-cord","8":"first","9":"instock","10":"shipping-taxable","11":"product-type-simple"},"_links":{"self":[{"href":"https:\/\/www.fenxifiber.com\/fr\/wp-json\/wp\/v2\/product\/792","targetHints":{"allow":["GET"]}}],"collection":[{"href":"https:\/\/www.fenxifiber.com\/fr\/wp-json\/wp\/v2\/product"}],"about":[{"href":"https:\/\/www.fenxifiber.com\/fr\/wp-json\/wp\/v2\/types\/product"}],"replies":[{"embeddable":true,"href":"https:\/\/www.fenxifiber.com\/fr\/wp-json\/wp\/v2\/comments?post=792"}],"wp:featuredmedia":[{"embeddable":true,"href":"https:\/\/www.fenxifiber.com\/fr\/wp-json\/wp\/v2\/media\/793"}],"wp:attachment":[{"href":"https:\/\/www.fenxifiber.com\/fr\/wp-json\/wp\/v2\/media?parent=792"}],"wp:term":[{"taxonomy":"product_brand","embeddable":true,"href":"https:\/\/www.fenxifiber.com\/fr\/wp-json\/wp\/v2\/product_brand?post=792"},{"taxonomy":"product_cat","embeddable":true,"href":"https:\/\/www.fenxifiber.com\/fr\/wp-json\/wp\/v2\/product_cat?post=792"},{"taxonomy":"product_tag","embeddable":true,"href":"https:\/\/www.fenxifiber.com\/fr\/wp-json\/wp\/v2\/product_tag?post=792"}],"curies":[{"name":"wp","href":"https:\/\/api.w.org\/{rel}","templated":true}]}}