{"id":796,"date":"2026-02-04T01:42:04","date_gmt":"2026-02-04T01:42:04","guid":{"rendered":"https:\/\/www.fenxifiber.com\/?post_type=product&#038;p=796"},"modified":"2026-02-04T02:23:46","modified_gmt":"2026-02-04T02:23:46","slug":"lc-apc-lc-apc-sm-dx","status":"publish","type":"product","link":"https:\/\/www.fenxifiber.com\/fr\/product\/lc-apc-lc-apc-sm-dx\/","title":{"rendered":"Cordon de raccordement LC\/APC \u00e0 LC\/APC Single Mode Duplex (SM DX)"},"content":{"rendered":"<h2 data-path-to-node=\"3\">Matrice des performances techniques<\/h2>\n<p data-path-to-node=\"4\">Notre production respecte les normes techniques rigoureuses suivantes afin de garantir des performances constantes pour les d\u00e9ploiements de r\u00e9seaux \u00e0 grande \u00e9chelle :<\/p>\n<table data-path-to-node=\"5\">\n<thead>\n<tr>\n<td><strong>M\u00e9trique<\/strong><\/td>\n<td><strong>Sp\u00e9cification professionnelle<\/strong><\/td>\n<td><strong>Avantage de l'ing\u00e9nierie<\/strong><\/td>\n<\/tr>\n<\/thead>\n<tbody>\n<tr>\n<td><span data-path-to-node=\"5,1,0,0\"><b data-path-to-node=\"5,1,0,0\" data-index-in-node=\"0\">Type de connecteur<\/b><\/span><\/td>\n<td><span data-path-to-node=\"5,1,1,0\">LC\/APC \u00e0 LC\/APC<\/span><\/td>\n<td><span data-path-to-node=\"5,1,2,0\">Haute densit\u00e9 SFF (Small Form Factor)<\/span><\/td>\n<\/tr>\n<tr>\n<td><span data-path-to-node=\"5,2,0,0\"><b data-path-to-node=\"5,2,0,0\" data-index-in-node=\"0\">Cat\u00e9gorie de fibres<\/b><\/span><\/td>\n<td><span data-path-to-node=\"5,2,1,0\">Duplex monomode (SM\/DX)<\/span><\/td>\n<td><span data-path-to-node=\"5,2,2,0\">Prise en charge simultan\u00e9e de donn\u00e9es \u00e0 deux brins<\/span><\/td>\n<\/tr>\n<tr>\n<td><span data-path-to-node=\"5,3,0,0\"><b data-path-to-node=\"5,3,0,0\" data-index-in-node=\"0\">Perte d'insertion<\/b><\/span><\/td>\n<td><span data-path-to-node=\"5,3,1,0\"><b data-path-to-node=\"5,3,1,0\" data-index-in-node=\"0\"><span class=\"math-inline\" data-math=\"&lt; 0.3 \\text{ dB}\" data-index-in-node=\"0\">$&lt; 0,3 \\text{ dB}$<\/span><\/b><\/span><\/td>\n<td><span data-path-to-node=\"5,3,2,0\">Optimise le budget de puissance totale de la liaison<\/span><\/td>\n<\/tr>\n<tr>\n<td><span data-path-to-node=\"5,4,0,0\"><b data-path-to-node=\"5,4,0,0\" data-index-in-node=\"0\">Perte de retour<\/b><\/span><\/td>\n<td><span data-path-to-node=\"5,4,1,0\"><b data-path-to-node=\"5,4,1,0\" data-index-in-node=\"0\"><span class=\"math-inline\" data-math=\"\\geq 60 \\text{ dB}\" data-index-in-node=\"0\">$\\geq 60 \\text{ dB}$<\/span> (APC)<\/b><\/span><\/td>\n<td><span data-path-to-node=\"5,4,2,0\">Suppression sup\u00e9rieure de la r\u00e9tro-r\u00e9flexion<\/span><\/td>\n<\/tr>\n<tr>\n<td><span data-path-to-node=\"5,5,0,0\"><b data-path-to-node=\"5,5,0,0\" data-index-in-node=\"0\">Longueur d'onde<\/b><\/span><\/td>\n<td><span data-path-to-node=\"5,5,1,0\">1310nm \/ 1490nm \/ 1550nm<\/span><\/td>\n<td><span data-path-to-node=\"5,5,2,0\">Compatibilit\u00e9 universelle avec les longueurs d'onde SM<\/span><\/td>\n<\/tr>\n<tr>\n<td><span data-path-to-node=\"5,6,0,0\"><b data-path-to-node=\"5,6,0,0\" data-index-in-node=\"0\">Largeur de bande<\/b><\/span><\/td>\n<td><span data-path-to-node=\"5,6,1,0\"><span class=\"math-inline\" data-math=\"\\pm 40\\text{nm}\" data-index-in-node=\"0\">$\\pm 40\\text{nm}$<\/span><\/span><\/td>\n<td><span data-path-to-node=\"5,6,2,0\">Performances stables en cas de d\u00e9calage spectral<\/span><\/td>\n<\/tr>\n<tr>\n<td><span data-path-to-node=\"5,7,0,0\"><b data-path-to-node=\"5,7,0,0\" data-index-in-node=\"0\">R\u00e9sistance \u00e0 la traction<\/b><\/span><\/td>\n<td><span data-path-to-node=\"5,7,1,0\"><b data-path-to-node=\"5,7,1,0\" data-index-in-node=\"0\"><span class=\"math-inline\" data-math=\"\\geq 200 \\text{ N}\" data-index-in-node=\"0\">$\\geq 200 \\text{ N}$<\/span><\/b><\/span><\/td>\n<td><span data-path-to-node=\"5,7,2,0\">Robuste pour le passage intensif de conduits<\/span><\/td>\n<\/tr>\n<tr>\n<td><span data-path-to-node=\"5,8,0,0\"><b data-path-to-node=\"5,8,0,0\" data-index-in-node=\"0\">Durabilit\u00e9<\/b><\/span><\/td>\n<td><span data-path-to-node=\"5,8,1,0\"><span class=\"math-inline\" data-math=\"\\geq 1000\" data-index-in-node=\"0\">$\\geq 1000$<\/span> fois<\/span><\/td>\n<td><span data-path-to-node=\"5,8,2,0\">Long\u00e9vit\u00e9 de la virole en c\u00e9ramique de haute pr\u00e9cision<\/span><\/td>\n<\/tr>\n<tr>\n<td><span data-path-to-node=\"5,9,0,0\"><b data-path-to-node=\"5,9,0,0\" data-index-in-node=\"0\">Mat\u00e9riau de la veste<\/b><\/span><\/td>\n<td><span data-path-to-node=\"5,9,1,0\"><b data-path-to-node=\"5,9,1,0\" data-index-in-node=\"0\">LSZH (Jaune)<\/b><\/span><\/td>\n<td><span data-path-to-node=\"5,9,2,0\">S\u00e9curit\u00e9 incendie, faible d\u00e9gagement de fum\u00e9e et absence d'halog\u00e8ne<\/span><\/td>\n<\/tr>\n<\/tbody>\n<\/table>\n<hr data-path-to-node=\"6\" \/>\n<h2 data-path-to-node=\"7\">Avantages en termes de performance pour les projets d'infrastructure<\/h2>\n<h3 data-path-to-node=\"8\">1. Conception SFF haute densit\u00e9<\/h3>\n<ul data-path-to-node=\"9\">\n<li>\n<p data-path-to-node=\"9,0,0\">La bague compacte de 1,25 mm du connecteur LC permet de doubler la densit\u00e9 de fibres dans les panneaux de brassage standard 1U par rapport aux connecteurs SC.<\/p>\n<\/li>\n<li>\n<p data-path-to-node=\"9,1,0\">Ce petit facteur de forme (SFF) est essentiel pour optimiser l'espace rack dans les centres de donn\u00e9es d'entreprise.<\/p>\n<\/li>\n<\/ul>\n<h3 data-path-to-node=\"10\">2. Gestion de la r\u00e9flexion de l'\u00e9lite (APC polonais)<\/h3>\n<ul data-path-to-node=\"11\">\n<li>\n<p data-path-to-node=\"11,0,0\">Le contact physique angulaire \u00e0 8 degr\u00e9s (APC) garantit une perte de retour de <b data-path-to-node=\"11,0,0\" data-index-in-node=\"68\"><span class=\"math-inline\" data-math=\"\\geq 60\\text{dB}\" data-index-in-node=\"68\">$\\geq 60\\text{dB}$<\/span><\/b>.<\/p>\n<\/li>\n<li>\n<p data-path-to-node=\"11,1,0\">Cela permet de minimiser la r\u00e9tro-r\u00e9flexion, de prot\u00e9ger les sources laser de haute puissance et de maintenir l'int\u00e9grit\u00e9 du signal dans les zones sensibles. <b data-path-to-node=\"11,1,0\" data-index-in-node=\"114\">CATV et PON<\/b> des r\u00e9seaux.<\/p>\n<\/li>\n<\/ul>\n<h3 data-path-to-node=\"12\">3. Fiabilit\u00e9 de la traction de qualit\u00e9 technique<\/h3>\n<ul data-path-to-node=\"13\">\n<li>\n<p data-path-to-node=\"13,0,0\">La r\u00e9sistance \u00e0 la traction est \u00e9valu\u00e9e \u00e0 <b data-path-to-node=\"13,0,0\" data-index-in-node=\"31\"><span class=\"math-inline\" data-math=\"\\geq 200\\text{N}\" data-index-in-node=\"31\">$\\geq 200\\text{N}$<\/span><\/b>, Ces cavaliers sont con\u00e7us pour r\u00e9sister aux rigueurs physiques de l'installation dans des environnements denses.<\/p>\n<\/li>\n<li>\n<p data-path-to-node=\"13,1,0\">Cela garantit une fiabilit\u00e9 \u00e0 long terme, m\u00eame lorsque les c\u00e2bles sont achemin\u00e9s \u00e0 travers des plateaux encombr\u00e9s ou des puits verticaux.<\/p>\n<\/li>\n<\/ul>\n<h3 data-path-to-node=\"14\">4. Conformit\u00e9 et s\u00e9curit\u00e9 au niveau mondial<\/h3>\n<ul data-path-to-node=\"15\">\n<li>\n<p data-path-to-node=\"15,0,0\">Nos gilets jaunes sont fabriqu\u00e9s \u00e0 partir de <b data-path-to-node=\"15,0,0\" data-index-in-node=\"41\">Faible teneur en fum\u00e9e et sans halog\u00e8ne (LSZH)<\/b> mat\u00e9riel.<\/p>\n<\/li>\n<li>\n<p data-path-to-node=\"15,1,0\">Il est conforme aux codes internationaux de s\u00e9curit\u00e9 des b\u00e2timents et garantit un minimum de fum\u00e9e et aucune \u00e9mission toxique d'halog\u00e8nes en cas d'incendie.<\/p>\n<\/li>\n<\/ul>\n<hr data-path-to-node=\"16\" \/>\n<h2 data-path-to-node=\"17\">Soutien \u00e0 l'approvisionnement et au commerce de gros<\/h2>\n<ul data-path-to-node=\"18\">\n<li>\n<p data-path-to-node=\"18,0,0\"><b data-path-to-node=\"18,0,0\" data-index-in-node=\"0\">Assurance de la qualit\u00e9<\/b>: Chaque cordon de raccordement subit un test d'usine 100% pour la perte d'insertion (IL) et la perte de retour (RL) afin de garantir la fiabilit\u00e9 du projet.<\/p>\n<\/li>\n<li>\n<p data-path-to-node=\"18,1,0\"><b data-path-to-node=\"18,1,0\" data-index-in-node=\"0\">Documentation du projet<\/b>: Nous fournissons des rapports d'essai individuels et des v\u00e9rifications par interf\u00e9rom\u00e9trie 3D pour r\u00e9pondre \u00e0 des normes strictes. <b data-path-to-node=\"18,1,0\" data-index-in-node=\"108\">exigences de conformit\u00e9<\/b>.<\/p>\n<\/li>\n<li>\n<p data-path-to-node=\"18,2,0\"><b data-path-to-node=\"18,2,0\" data-index-in-node=\"0\">\u00c9volutivit\u00e9 du commerce de gros<\/b>: Nous maintenons un stock constant de longueurs standard afin de garantir des d\u00e9lais de livraison rapides pour les produits suivants <b data-path-to-node=\"18,2,0\" data-index-in-node=\"107\">l'approvisionnement en grandes quantit\u00e9s<\/b>.<\/p>\n<\/li>\n<li>\n<p data-path-to-node=\"18,3,0\"><b data-path-to-node=\"18,3,0\" data-index-in-node=\"0\">Configuration personnalis\u00e9e<\/b>: Une fabrication flexible est disponible pour des longueurs personnalis\u00e9es, un \u00e9tiquetage sp\u00e9cialis\u00e9 et des diam\u00e8tres de gaine variables (2,0 mm\/3,0 mm).<\/p>\n<\/li>\n<\/ul>","protected":false},"excerpt":{"rendered":"<p data-path-to-node=\"0\">Le <b data-path-to-node=\"0\" data-index-in-node=\"4\">Duplex monomode LC\/APC \u00e0 LC\/APC (SM DX)<\/b> est une solution haute densit\u00e9 con\u00e7ue pour les architectures de r\u00e9seau modernes n\u00e9cessitant \u00e0 la fois une haute densit\u00e9 de ports et une gestion sup\u00e9rieure des reflets. Dot\u00e9 du poli APC (Angled Physical Contact) \u201cGreen-to-Green\u201d, ce cavalier duplex est un composant essentiel pour <b data-path-to-node=\"0\" data-index-in-node=\"315\">FTTH, PON et centre de donn\u00e9es \u00e0 haut d\u00e9bit<\/b> environnements o\u00f9 la puret\u00e9 du signal est primordiale.<\/p>\n<p data-path-to-node=\"1\">Con\u00e7u pour une transmission de donn\u00e9es bidirectionnelle de haute performance, ce c\u00e2ble \u00e0 double fibre garantit une efficacit\u00e9 maximale dans les environnements de c\u00e2blage encombr\u00e9s.<\/p>","protected":false},"featured_media":797,"comment_status":"open","ping_status":"closed","template":"","meta":[],"product_brand":[],"product_cat":[45],"product_tag":[],"class_list":{"0":"post-796","1":"product","2":"type-product","3":"status-publish","4":"has-post-thumbnail","6":"product_cat-single-mode-fiber-optic-patch-cord","8":"first","9":"instock","10":"shipping-taxable","11":"product-type-simple"},"_links":{"self":[{"href":"https:\/\/www.fenxifiber.com\/fr\/wp-json\/wp\/v2\/product\/796","targetHints":{"allow":["GET"]}}],"collection":[{"href":"https:\/\/www.fenxifiber.com\/fr\/wp-json\/wp\/v2\/product"}],"about":[{"href":"https:\/\/www.fenxifiber.com\/fr\/wp-json\/wp\/v2\/types\/product"}],"replies":[{"embeddable":true,"href":"https:\/\/www.fenxifiber.com\/fr\/wp-json\/wp\/v2\/comments?post=796"}],"wp:featuredmedia":[{"embeddable":true,"href":"https:\/\/www.fenxifiber.com\/fr\/wp-json\/wp\/v2\/media\/797"}],"wp:attachment":[{"href":"https:\/\/www.fenxifiber.com\/fr\/wp-json\/wp\/v2\/media?parent=796"}],"wp:term":[{"taxonomy":"product_brand","embeddable":true,"href":"https:\/\/www.fenxifiber.com\/fr\/wp-json\/wp\/v2\/product_brand?post=796"},{"taxonomy":"product_cat","embeddable":true,"href":"https:\/\/www.fenxifiber.com\/fr\/wp-json\/wp\/v2\/product_cat?post=796"},{"taxonomy":"product_tag","embeddable":true,"href":"https:\/\/www.fenxifiber.com\/fr\/wp-json\/wp\/v2\/product_tag?post=796"}],"curies":[{"name":"wp","href":"https:\/\/api.w.org\/{rel}","templated":true}]}}