{"id":798,"date":"2026-02-04T01:43:43","date_gmt":"2026-02-04T01:43:43","guid":{"rendered":"https:\/\/www.fenxifiber.com\/?post_type=product&#038;p=798"},"modified":"2026-02-04T02:24:23","modified_gmt":"2026-02-04T02:24:23","slug":"sc-apc-lc-apc-sm-dx","status":"publish","type":"product","link":"https:\/\/www.fenxifiber.com\/fr\/product\/sc-apc-lc-apc-sm-dx\/","title":{"rendered":"Cordon de raccordement SC\/APC vers LC\/APC en fibre monomode duplex | Cavalier OS2 haute densit\u00e9"},"content":{"rendered":"<h2 data-path-to-node=\"6\">Matrice des performances techniques (niveau projet)<\/h2>\n<p data-path-to-node=\"7\">Notre production suit des normes de qualit\u00e9 rigoureuses afin de garantir que chaque unit\u00e9 r\u00e9pond aux crit\u00e8res suivants :<\/p>\n<table data-path-to-node=\"8\">\n<thead>\n<tr>\n<td><strong>M\u00e9trique<\/strong><\/td>\n<td><strong>Sp\u00e9cification professionnelle<\/strong><\/td>\n<td><strong>Avantage de l'ing\u00e9nierie<\/strong><\/td>\n<\/tr>\n<\/thead>\n<tbody>\n<tr>\n<td><span data-path-to-node=\"8,1,0,0\"><b data-path-to-node=\"8,1,0,0\" data-index-in-node=\"0\">Type de connecteur<\/b><\/span><\/td>\n<td><span data-path-to-node=\"8,1,1,0\">SC\/APC vers LC\/APC<\/span><\/td>\n<td><span data-path-to-node=\"8,1,2,0\">Interface hybride SFF vers standard<\/span><\/td>\n<\/tr>\n<tr>\n<td><span data-path-to-node=\"8,2,0,0\"><b data-path-to-node=\"8,2,0,0\" data-index-in-node=\"0\">Cat\u00e9gorie de fibres<\/b><\/span><\/td>\n<td><span data-path-to-node=\"8,2,1,0\">Duplex monomode (SM\/DX)<\/span><\/td>\n<td><span data-path-to-node=\"8,2,2,0\">Prise en charge simultan\u00e9e de donn\u00e9es \u00e0 deux brins<\/span><\/td>\n<\/tr>\n<tr>\n<td><span data-path-to-node=\"8,3,0,0\"><b data-path-to-node=\"8,3,0,0\" data-index-in-node=\"0\">Perte d'insertion<\/b><\/span><\/td>\n<td><span data-path-to-node=\"8,3,1,0\"><b data-path-to-node=\"8,3,1,0\" data-index-in-node=\"0\"><span class=\"math-inline\" data-math=\"&lt; 0.3 \\text{ dB}\" data-index-in-node=\"0\">$&lt; 0,3 \\text{ dB}$<\/span><\/b><\/span><\/td>\n<td><span data-path-to-node=\"8,3,2,0\">Optimise le budget de puissance totale de la liaison<\/span><\/td>\n<\/tr>\n<tr>\n<td><span data-path-to-node=\"8,4,0,0\"><b data-path-to-node=\"8,4,0,0\" data-index-in-node=\"0\">Perte de retour<\/b><\/span><\/td>\n<td><span data-path-to-node=\"8,4,1,0\"><b data-path-to-node=\"8,4,1,0\" data-index-in-node=\"0\"><span class=\"math-inline\" data-math=\"\\geq 60 \\text{ dB}\" data-index-in-node=\"0\">$\\geq 60 \\text{ dB}$<\/span> (APC)<\/b><\/span><\/td>\n<td><span data-path-to-node=\"8,4,2,0\">Suppression sup\u00e9rieure de la r\u00e9tro-r\u00e9flexion<\/span><\/td>\n<\/tr>\n<tr>\n<td><span data-path-to-node=\"8,5,0,0\"><b data-path-to-node=\"8,5,0,0\" data-index-in-node=\"0\">Longueur d'onde<\/b><\/span><\/td>\n<td><span data-path-to-node=\"8,5,1,0\">1310nm \/ 1490nm \/ 1550nm<\/span><\/td>\n<td><span data-path-to-node=\"8,5,2,0\">Compatibilit\u00e9 universelle avec les longueurs d'onde SM<\/span><\/td>\n<\/tr>\n<tr>\n<td><span data-path-to-node=\"8,6,0,0\"><b data-path-to-node=\"8,6,0,0\" data-index-in-node=\"0\">Largeur de bande<\/b><\/span><\/td>\n<td><span data-path-to-node=\"8,6,1,0\"><span class=\"math-inline\" data-math=\"\\pm 40\\text{nm}\" data-index-in-node=\"0\">$\\pm 40\\text{nm}$<\/span><\/span><\/td>\n<td><span data-path-to-node=\"8,6,2,0\">Performances stables en cas de d\u00e9calage spectral<\/span><\/td>\n<\/tr>\n<tr>\n<td><span data-path-to-node=\"8,7,0,0\"><b data-path-to-node=\"8,7,0,0\" data-index-in-node=\"0\">R\u00e9sistance \u00e0 la traction<\/b><\/span><\/td>\n<td><span data-path-to-node=\"8,7,1,0\"><b data-path-to-node=\"8,7,1,0\" data-index-in-node=\"0\"><span class=\"math-inline\" data-math=\"\\geq 200 \\text{ N}\" data-index-in-node=\"0\">$\\geq 200 \\text{ N}$<\/span><\/b><\/span><\/td>\n<td><span data-path-to-node=\"8,7,2,0\">Robuste pour le passage intensif de conduits<\/span><\/td>\n<\/tr>\n<tr>\n<td><span data-path-to-node=\"8,8,0,0\"><b data-path-to-node=\"8,8,0,0\" data-index-in-node=\"0\">Durabilit\u00e9<\/b><\/span><\/td>\n<td><span data-path-to-node=\"8,8,1,0\"><span class=\"math-inline\" data-math=\"\\geq 1000\" data-index-in-node=\"0\">$\\geq 1000$<\/span> fois<\/span><\/td>\n<td><span data-path-to-node=\"8,8,2,0\">Long\u00e9vit\u00e9 de la virole en c\u00e9ramique de haute pr\u00e9cision<\/span><\/td>\n<\/tr>\n<tr>\n<td><span data-path-to-node=\"8,9,0,0\"><b data-path-to-node=\"8,9,0,0\" data-index-in-node=\"0\">Mat\u00e9riau de la veste<\/b><\/span><\/td>\n<td><span data-path-to-node=\"8,9,1,0\"><b data-path-to-node=\"8,9,1,0\" data-index-in-node=\"0\">LSZH (Jaune)<\/b><\/span><\/td>\n<td><span data-path-to-node=\"8,9,2,0\">S\u00e9curit\u00e9 incendie, faible d\u00e9gagement de fum\u00e9e et absence d'halog\u00e8ne<\/span><\/td>\n<\/tr>\n<\/tbody>\n<\/table>\n<hr data-path-to-node=\"9\" \/>\n<h2 data-path-to-node=\"10\">Avantages strat\u00e9giques pour le d\u00e9ploiement de l'infrastructure<\/h2>\n<h3 data-path-to-node=\"11\">1. Transition vers la connectivit\u00e9 hybride<\/h3>\n<ul data-path-to-node=\"12\">\n<li>\n<p data-path-to-node=\"12,0,0\">Le <b data-path-to-node=\"12,0,0\" data-index-in-node=\"4\">SC\/APC<\/b> end fournit une interface s\u00e9curis\u00e9e et \u00e9prouv\u00e9e pour les ODF et les terminaux muraux.<\/p>\n<\/li>\n<li>\n<p data-path-to-node=\"12,1,0\">Le <b data-path-to-node=\"12,1,0\" data-index-in-node=\"4\">LC\/APC<\/b> end utilise une conception \u00e0 petit facteur de forme (SFF) pour maximiser la densit\u00e9 des ports dans les commutateurs et les \u00e9metteurs-r\u00e9cepteurs \u00e0 grande vitesse.<\/p>\n<\/li>\n<li>\n<p data-path-to-node=\"12,2,0\">Cette configuration hybride est id\u00e9ale pour les projets n\u00e9cessitant une transition entre diff\u00e9rentes g\u00e9n\u00e9rations de mat\u00e9riel de r\u00e9seau.<\/p>\n<\/li>\n<\/ul>\n<h3 data-path-to-node=\"13\">2. Contr\u00f4le de la r\u00e9flexion \u00e0 la pointe de l'industrie (APC)<\/h3>\n<ul data-path-to-node=\"14\">\n<li>\n<p data-path-to-node=\"14,0,0\">Les deux connecteurs sont dot\u00e9s d'un polissage angulaire de 8 degr\u00e9s pour garantir une perte de retour de <b data-path-to-node=\"14,0,0\" data-index-in-node=\"77\"><span class=\"math-inline\" data-math=\"\\geq 60\\text{dB}\" data-index-in-node=\"77\">$\\geq 60\\text{dB}$<\/span><\/b>.<\/p>\n<\/li>\n<li>\n<p data-path-to-node=\"14,1,0\">Cela emp\u00eache la r\u00e9tro-r\u00e9flexion d'interf\u00e9rer avec les sources laser sensibles, ce qui est essentiel pour les applications suivantes <b data-path-to-node=\"14,1,0\" data-index-in-node=\"99\">GPON, XGS-PON et CATV<\/b> des applications.<\/p>\n<\/li>\n<\/ul>\n<h3 data-path-to-node=\"15\">3. Fiabilit\u00e9 m\u00e9canique de qualit\u00e9 technique<\/h3>\n<ul data-path-to-node=\"16\">\n<li>\n<p data-path-to-node=\"16,0,0\">Avec une r\u00e9sistance \u00e0 la traction de <b data-path-to-node=\"16,0,0\" data-index-in-node=\"34\"><span class=\"math-inline\" data-math=\"\\geq 200\\text{N}\" data-index-in-node=\"34\">$\\geq 200\\text{N}$<\/span><\/b>, Ces cavaliers sont con\u00e7us pour r\u00e9sister aux rigueurs physiques de l'installation dans des chemins de c\u00e2bles encombr\u00e9s.<\/p>\n<\/li>\n<li>\n<p data-path-to-node=\"16,1,0\">La conception \u00e0 double noyau (Duplex) assure un flux de donn\u00e9es bidirectionnel efficace sans qu'il soit n\u00e9cessaire d'utiliser des c\u00e2bles simplex s\u00e9par\u00e9s.<\/p>\n<\/li>\n<\/ul>\n<h3 data-path-to-node=\"17\">4. S\u00e9curit\u00e9 et conformit\u00e9 certifi\u00e9es<\/h3>\n<ul data-path-to-node=\"18\">\n<li>\n<p data-path-to-node=\"18,0,0\">Le <b data-path-to-node=\"18,0,0\" data-index-in-node=\"4\">LSZH<\/b> garantit que les c\u00e2bles sont conformes aux r\u00e9glementations internationales en mati\u00e8re de s\u00e9curit\u00e9 incendie pour les environnements int\u00e9rieurs et commerciaux.<\/p>\n<\/li>\n<li>\n<p data-path-to-node=\"18,1,0\">En cas d'incendie, la veste \u00e9met un minimum de fum\u00e9e et aucun gaz halog\u00e8ne toxique, prot\u00e9geant ainsi les infrastructures critiques et le personnel.<\/p>\n<\/li>\n<\/ul>\n<hr data-path-to-node=\"19\" \/>\n<h2 data-path-to-node=\"20\">Soutien \u00e0 la recherche de fournisseurs et \u00e0 l'\u00e9tablissement de devis pour les projets<\/h2>\n<ul data-path-to-node=\"21\">\n<li>\n<p data-path-to-node=\"21,0,0\"><b data-path-to-node=\"21,0,0\" data-index-in-node=\"0\">Assurance de la qualit\u00e9<\/b>: Chaque cordon de raccordement subit un test d'usine 100% pour la perte d'insertion (IL) et la perte de retour (RL).<\/p>\n<\/li>\n<li>\n<p data-path-to-node=\"21,1,0\"><b data-path-to-node=\"21,1,0\" data-index-in-node=\"0\">Documentation de conformit\u00e9<\/b>: Nous fournissons des rapports d'essai individuels et des v\u00e9rifications par interf\u00e9rom\u00e9trie 3D pour \u00e9tayer votre demande. <b data-path-to-node=\"21,1,0\" data-index-in-node=\"112\">exigences de conformit\u00e9 du projet<\/b>.<\/p>\n<\/li>\n<li>\n<p data-path-to-node=\"21,2,0\"><b data-path-to-node=\"21,2,0\" data-index-in-node=\"0\">Approvisionnement en grandes quantit\u00e9s<\/b>: Nous maintenons des stocks r\u00e9guliers de longueurs standard afin de garantir des d\u00e9lais de livraison rapides pour les produits suivants <b data-path-to-node=\"21,2,0\" data-index-in-node=\"111\">march\u00e9s publics \u00e0 grande \u00e9chelle<\/b>.<\/p>\n<\/li>\n<li>\n<p data-path-to-node=\"21,3,0\"><b data-path-to-node=\"21,3,0\" data-index-in-node=\"0\">Service OEM personnalis\u00e9<\/b>: Une fabrication flexible est disponible pour des longueurs personnalis\u00e9es, un \u00e9tiquetage sp\u00e9cialis\u00e9 et des diam\u00e8tres de gaine variables (2,0 mm\/3,0 mm).<\/p>\n<\/li>\n<\/ul>","protected":false},"excerpt":{"rendered":"<p data-path-to-node=\"4\"><span class=\"\">Le <\/span><b class=\"\" data-path-to-node=\"4\" data-index-in-node=\"4\">Duplex monomode SC\/APC vers LC\/APC (SM DX)<\/b><span class=\"\"> est une interconnexion hybride de haute performance con\u00e7ue pour relier diff\u00e9rentes interfaces de format tout en maintenant une puret\u00e9 de signal maximale.<\/span><span class=\"\"> Ce cavalier \u201cvert \u00e0 vert\u201d utilise un contact physique angulaire de 8 degr\u00e9s (APC) aux deux extr\u00e9mit\u00e9s,<\/span><span class=\"\"> ce qui en fait le choix professionnel pour <\/span><b class=\"\" data-path-to-node=\"4\" data-index-in-node=\"326\">R\u00e9seaux FTTH, centres de t\u00e9l\u00e9communications et centres de donn\u00e9es \u00e0 haut d\u00e9bit<\/b><span class=\"\"> qui n\u00e9cessitent une transmission \u00e0 double fibre (duplex).<\/span><\/p>\n<p data-path-to-node=\"5\"><span class=\"\">En combinant le verrouillage robuste du connecteur SC avec l'empreinte haute densit\u00e9 du connecteur LC,<\/span><span class=\"\"> ce mod\u00e8le offre la polyvalence n\u00e9cessaire pour les migrations de r\u00e9seaux complexes et le patching \u00e0 haute capacit\u00e9.<\/span><\/p>","protected":false},"featured_media":799,"comment_status":"open","ping_status":"closed","template":"","meta":[],"product_brand":[],"product_cat":[45],"product_tag":[],"class_list":{"0":"post-798","1":"product","2":"type-product","3":"status-publish","4":"has-post-thumbnail","6":"product_cat-single-mode-fiber-optic-patch-cord","8":"first","9":"instock","10":"shipping-taxable","11":"product-type-simple"},"_links":{"self":[{"href":"https:\/\/www.fenxifiber.com\/fr\/wp-json\/wp\/v2\/product\/798","targetHints":{"allow":["GET"]}}],"collection":[{"href":"https:\/\/www.fenxifiber.com\/fr\/wp-json\/wp\/v2\/product"}],"about":[{"href":"https:\/\/www.fenxifiber.com\/fr\/wp-json\/wp\/v2\/types\/product"}],"replies":[{"embeddable":true,"href":"https:\/\/www.fenxifiber.com\/fr\/wp-json\/wp\/v2\/comments?post=798"}],"wp:featuredmedia":[{"embeddable":true,"href":"https:\/\/www.fenxifiber.com\/fr\/wp-json\/wp\/v2\/media\/799"}],"wp:attachment":[{"href":"https:\/\/www.fenxifiber.com\/fr\/wp-json\/wp\/v2\/media?parent=798"}],"wp:term":[{"taxonomy":"product_brand","embeddable":true,"href":"https:\/\/www.fenxifiber.com\/fr\/wp-json\/wp\/v2\/product_brand?post=798"},{"taxonomy":"product_cat","embeddable":true,"href":"https:\/\/www.fenxifiber.com\/fr\/wp-json\/wp\/v2\/product_cat?post=798"},{"taxonomy":"product_tag","embeddable":true,"href":"https:\/\/www.fenxifiber.com\/fr\/wp-json\/wp\/v2\/product_tag?post=798"}],"curies":[{"name":"wp","href":"https:\/\/api.w.org\/{rel}","templated":true}]}}