{"id":800,"date":"2026-02-04T01:45:36","date_gmt":"2026-02-04T01:45:36","guid":{"rendered":"https:\/\/www.fenxifiber.com\/?post_type=product&#038;p=800"},"modified":"2026-02-04T02:25:15","modified_gmt":"2026-02-04T02:25:15","slug":"lc-upc-fc-upc-sm-dx","status":"publish","type":"product","link":"https:\/\/www.fenxifiber.com\/fr\/product\/lc-upc-fc-upc-sm-dx\/","title":{"rendered":"Cordon de raccordement fibre monomode duplex LC\/UPC vers SC\/UPC | Cavalier r\u00e9seau OS2"},"content":{"rendered":"<h2 data-path-to-node=\"4\">Matrice des performances techniques<\/h2>\n<p data-path-to-node=\"5\">Notre processus de fabrication est optimis\u00e9 pour r\u00e9pondre aux normes industrielles suivantes, garantissant ainsi l'uniformit\u00e9 de chaque unit\u00e9 :<\/p>\n<table data-path-to-node=\"6\">\n<thead>\n<tr>\n<td><strong>Param\u00e8tres<\/strong><\/td>\n<td><strong>Sp\u00e9cifications<\/strong><\/td>\n<td><strong>Avantage du r\u00e9seau<\/strong><\/td>\n<\/tr>\n<\/thead>\n<tbody>\n<tr>\n<td><span data-path-to-node=\"6,1,0,0\"><b data-path-to-node=\"6,1,0,0\" data-index-in-node=\"0\">Type de connecteur<\/b><\/span><\/td>\n<td><span data-path-to-node=\"6,1,1,0\">LC\/UPC vers SC\/UPC<\/span><\/td>\n<td><span data-path-to-node=\"6,1,2,0\">Conception hybride SFF vers standard<\/span><\/td>\n<\/tr>\n<tr>\n<td><span data-path-to-node=\"6,2,0,0\"><b data-path-to-node=\"6,2,0,0\" data-index-in-node=\"0\">Cat\u00e9gorie de fibres<\/b><\/span><\/td>\n<td><span data-path-to-node=\"6,2,1,0\">Duplex monomode (SM\/DX)<\/span><\/td>\n<td><span data-path-to-node=\"6,2,2,0\">Support bidirectionnel full-duplex<\/span><\/td>\n<\/tr>\n<tr>\n<td><span data-path-to-node=\"6,3,0,0\"><b data-path-to-node=\"6,3,0,0\" data-index-in-node=\"0\">Perte d'insertion<\/b><\/span><\/td>\n<td><span data-path-to-node=\"6,3,1,0\"><b data-path-to-node=\"6,3,1,0\" data-index-in-node=\"0\"><span class=\"math-inline\" data-math=\"&lt; 0.3 \\text{ dB}\" data-index-in-node=\"0\">$&lt; 0,3 \\text{ dB}$<\/span><\/b><\/span><\/td>\n<td><span data-path-to-node=\"6,3,2,0\">Perte de puissance minimale pour la liaison par fibre optique<\/span><\/td>\n<\/tr>\n<tr>\n<td><span data-path-to-node=\"6,4,0,0\"><b data-path-to-node=\"6,4,0,0\" data-index-in-node=\"0\">Perte de retour<\/b><\/span><\/td>\n<td><span data-path-to-node=\"6,4,1,0\"><b data-path-to-node=\"6,4,1,0\" data-index-in-node=\"0\"><span class=\"math-inline\" data-math=\"\\geq 50 \\text{ dB}\" data-index-in-node=\"0\">$\\geq 50 \\text{ dB}$<\/span> (UPC)<\/b><\/span><\/td>\n<td><span data-path-to-node=\"6,4,2,0\">Excellente clart\u00e9 du signal pour les donn\u00e9es num\u00e9riques<\/span><\/td>\n<\/tr>\n<tr>\n<td><span data-path-to-node=\"6,5,0,0\"><b data-path-to-node=\"6,5,0,0\" data-index-in-node=\"0\">Longueur d'onde<\/b><\/span><\/td>\n<td><span data-path-to-node=\"6,5,1,0\">1310nm \/ 1490nm \/ 1550nm<\/span><\/td>\n<td><span data-path-to-node=\"6,5,2,0\">Support universel OS2 monomode<\/span><\/td>\n<\/tr>\n<tr>\n<td><span data-path-to-node=\"6,6,0,0\"><b data-path-to-node=\"6,6,0,0\" data-index-in-node=\"0\">Largeur de bande<\/b><\/span><\/td>\n<td><span data-path-to-node=\"6,6,1,0\"><span class=\"math-inline\" data-math=\"\\pm 40\\text{nm}\" data-index-in-node=\"0\">$\\pm 40\\text{nm}$<\/span><\/span><\/td>\n<td><span data-path-to-node=\"6,6,2,0\">Performances stables pour toutes les longueurs d'onde<\/span><\/td>\n<\/tr>\n<tr>\n<td><span data-path-to-node=\"6,7,0,0\"><b data-path-to-node=\"6,7,0,0\" data-index-in-node=\"0\">R\u00e9sistance \u00e0 la traction<\/b><\/span><\/td>\n<td><span data-path-to-node=\"6,7,1,0\"><b data-path-to-node=\"6,7,1,0\" data-index-in-node=\"0\"><span class=\"math-inline\" data-math=\"\\geq 200 \\text{ N}\" data-index-in-node=\"0\">$\\geq 200 \\text{ N}$<\/span><\/b><\/span><\/td>\n<td><span data-path-to-node=\"6,7,2,0\">Construction robuste pour une installation intensive<\/span><\/td>\n<\/tr>\n<tr>\n<td><span data-path-to-node=\"6,8,0,0\"><b data-path-to-node=\"6,8,0,0\" data-index-in-node=\"0\">Durabilit\u00e9<\/b><\/span><\/td>\n<td><span data-path-to-node=\"6,8,1,0\"><span class=\"math-inline\" data-math=\"\\geq 1000\" data-index-in-node=\"0\">$\\geq 1000$<\/span> fois<\/span><\/td>\n<td><span data-path-to-node=\"6,8,2,0\">Cycle de vie prolong\u00e9 pour les r\u00e9parations r\u00e9p\u00e9titives<\/span><\/td>\n<\/tr>\n<tr>\n<td><span data-path-to-node=\"6,9,0,0\"><b data-path-to-node=\"6,9,0,0\" data-index-in-node=\"0\">Mat\u00e9riau de la veste<\/b><\/span><\/td>\n<td><span data-path-to-node=\"6,9,1,0\"><b data-path-to-node=\"6,9,1,0\" data-index-in-node=\"0\">LSZH (Jaune)<\/b><\/span><\/td>\n<td><span data-path-to-node=\"6,9,2,0\">Ignifuge et anti-fum\u00e9e<\/span><\/td>\n<\/tr>\n<\/tbody>\n<\/table>\n<hr data-path-to-node=\"7\" \/>\n<h2 data-path-to-node=\"8\">Principaux avantages pour l'infrastructure de r\u00e9seau<\/h2>\n<h3 data-path-to-node=\"9\">1. Flexibilit\u00e9 de l'interface hybride<\/h3>\n<p data-path-to-node=\"10\">Ce c\u00e2ble assure une transition essentielle entre le <b data-path-to-node=\"10\" data-index-in-node=\"56\">Petit facteur de forme (SFF) LC<\/b> id\u00e9al pour les commutateurs \u00e0 haute densit\u00e9, et le connecteur <b data-path-to-node=\"10\" data-index-in-node=\"135\">SC<\/b> qui est appr\u00e9ci\u00e9 pour son m\u00e9canisme push-pull robuste dans les \u00e9quipements terminaux et les prises murales.<\/p>\n<h3 data-path-to-node=\"11\">2. D\u00e9bit de donn\u00e9es en duplex int\u00e9gral<\/h3>\n<p data-path-to-node=\"12\">Le <b data-path-to-node=\"12\" data-index-in-node=\"4\">Duplex (DX)<\/b> consiste en deux brins de fibre cod\u00e9s par couleur, ce qui permet une communication bidirectionnelle simultan\u00e9e. Cette conception simplifie le routage des c\u00e2bles pour les applications Ethernet 10G\/40G qui n\u00e9cessitent des chemins d'\u00e9mission (TX) et de r\u00e9ception (RX) d\u00e9di\u00e9s.<\/p>\n<h3 data-path-to-node=\"13\">3. R\u00e9silience m\u00e9canique<\/h3>\n<p data-path-to-node=\"14\">Avec une r\u00e9sistance \u00e0 la traction de <b data-path-to-node=\"14\" data-index-in-node=\"31\"><span class=\"math-inline\" data-math=\"\\geq 200\\text{N}\" data-index-in-node=\"31\">$\\geq 200\\text{N}$<\/span><\/b>, Ces cavaliers sont con\u00e7us pour supporter les contraintes physiques li\u00e9es au passage dans des conduits verticaux et des chemins de c\u00e2bles encombr\u00e9s, sans risque de micro-courbures ou de ruptures de l'\u00e2me.<\/p>\n<h3 data-path-to-node=\"15\">4. Conformit\u00e9 internationale en mati\u00e8re de s\u00e9curit\u00e9<\/h3>\n<p data-path-to-node=\"16\">Le <b data-path-to-node=\"16\" data-index-in-node=\"4\">LSZH (Low Smoke Zero Halogen)<\/b> est obligatoire pour les installations int\u00e9rieures. En cas de chaleur extr\u00eame, elle garantit un minimum de fum\u00e9e et aucune \u00e9mission d'halog\u00e8ne toxique, prot\u00e9geant ainsi le mat\u00e9riel critique et le personnel du site.<\/p>\n<hr data-path-to-node=\"17\" \/>\n<h2 data-path-to-node=\"18\">Assurance qualit\u00e9 et logistique<\/h2>\n<ul data-path-to-node=\"19\">\n<li>\n<p data-path-to-node=\"19,0,0\"><b data-path-to-node=\"19,0,0\" data-index-in-node=\"0\">100% Test\u00e9 en usine<\/b>: Chaque c\u00e2ble est v\u00e9rifi\u00e9 individuellement pour la perte d'insertion (IL) et la perte de retour (RL) avant d'\u00eatre emball\u00e9.<\/p>\n<\/li>\n<li>\n<p data-path-to-node=\"19,1,0\"><b data-path-to-node=\"19,1,0\" data-index-in-node=\"0\">Respect des normes<\/b>: Conforme aux normes internationales Telecordia GR-326-CORE et IEC pour les fibres optiques.<\/p>\n<\/li>\n<li>\n<p data-path-to-node=\"19,2,0\"><b data-path-to-node=\"19,2,0\" data-index-in-node=\"0\">Inventaire et d\u00e9lais de livraison<\/b>: Nous disposons d'un stock important de longueurs courantes (1m \u00e0 30m) afin d'assurer un traitement rapide des demandes. <b data-path-to-node=\"19,2,0\" data-index-in-node=\"113\">commandes bas\u00e9es sur des projets<\/b>.<\/p>\n<\/li>\n<li>\n<p data-path-to-node=\"19,3,0\"><b data-path-to-node=\"19,3,0\" data-index-in-node=\"0\">Personnalisation OEM<\/b>: Disponible dans des longueurs personnalis\u00e9es, des diam\u00e8tres de gaine de 2,0 mm ou 3,0 mm, et un \u00e9tiquetage personnalis\u00e9 pour r\u00e9pondre \u00e0 des besoins sp\u00e9cifiques. <b data-path-to-node=\"19,3,0\" data-index-in-node=\"124\">exigences du contractant<\/b>.<\/p>\n<\/li>\n<\/ul>","protected":false},"excerpt":{"rendered":"<p data-path-to-node=\"1\">Le <b data-path-to-node=\"1\" data-index-in-node=\"4\">Duplex monomode LC\/UPC vers SC\/UPC (SM DX)<\/b> est un c\u00e2ble \u00e0 fibre hybride largement utilis\u00e9 qui permet de relier des interfaces LC \u00e0 haute densit\u00e9 \u00e0 des ports r\u00e9seau SC standard. Ce cavalier \u00e0 double c\u0153ur \u201cbleu \u00e0 bleu\u201d est un \u00e9l\u00e9ment de base pour la connexion des interfaces LC et SC standard. <b data-path-to-node=\"1\" data-index-in-node=\"227\">\u00c9metteurs-r\u00e9cepteurs SFP\/SFP+<\/b> \u00e0 <b data-path-to-node=\"1\" data-index-in-node=\"252\">R\u00e9partiteurs optiques (ODF)<\/b> et <b data-path-to-node=\"1\" data-index-in-node=\"290\">panneaux de connexion<\/b>.<\/p>\n<p data-path-to-node=\"2\">Con\u00e7u pour une int\u00e9gration transparente dans les r\u00e9seaux de campus et les centres de donn\u00e9es commerciaux, ce c\u00e2ble offre la bande passante \u00e9lev\u00e9e et la faible att\u00e9nuation requises pour des liaisons monomodes OS2 fiables sur de longues distances.<\/p>","protected":false},"featured_media":801,"comment_status":"open","ping_status":"closed","template":"","meta":[],"product_brand":[],"product_cat":[45],"product_tag":[],"class_list":{"0":"post-800","1":"product","2":"type-product","3":"status-publish","4":"has-post-thumbnail","6":"product_cat-single-mode-fiber-optic-patch-cord","8":"first","9":"instock","10":"shipping-taxable","11":"product-type-simple"},"_links":{"self":[{"href":"https:\/\/www.fenxifiber.com\/fr\/wp-json\/wp\/v2\/product\/800","targetHints":{"allow":["GET"]}}],"collection":[{"href":"https:\/\/www.fenxifiber.com\/fr\/wp-json\/wp\/v2\/product"}],"about":[{"href":"https:\/\/www.fenxifiber.com\/fr\/wp-json\/wp\/v2\/types\/product"}],"replies":[{"embeddable":true,"href":"https:\/\/www.fenxifiber.com\/fr\/wp-json\/wp\/v2\/comments?post=800"}],"wp:featuredmedia":[{"embeddable":true,"href":"https:\/\/www.fenxifiber.com\/fr\/wp-json\/wp\/v2\/media\/801"}],"wp:attachment":[{"href":"https:\/\/www.fenxifiber.com\/fr\/wp-json\/wp\/v2\/media?parent=800"}],"wp:term":[{"taxonomy":"product_brand","embeddable":true,"href":"https:\/\/www.fenxifiber.com\/fr\/wp-json\/wp\/v2\/product_brand?post=800"},{"taxonomy":"product_cat","embeddable":true,"href":"https:\/\/www.fenxifiber.com\/fr\/wp-json\/wp\/v2\/product_cat?post=800"},{"taxonomy":"product_tag","embeddable":true,"href":"https:\/\/www.fenxifiber.com\/fr\/wp-json\/wp\/v2\/product_tag?post=800"}],"curies":[{"name":"wp","href":"https:\/\/api.w.org\/{rel}","templated":true}]}}