{"id":802,"date":"2026-02-04T01:47:23","date_gmt":"2026-02-04T01:47:23","guid":{"rendered":"https:\/\/www.fenxifiber.com\/?post_type=product&#038;p=802"},"modified":"2026-02-04T02:38:39","modified_gmt":"2026-02-04T02:38:39","slug":"lc-upc-lc-upc-sm-dx","status":"publish","type":"product","link":"https:\/\/www.fenxifiber.com\/fr\/product\/lc-upc-lc-upc-sm-dx\/","title":{"rendered":"Cordon de raccordement fibre duplex monomode LC\/UPC vers LC\/UPC | Premium Manufacturer Direct"},"content":{"rendered":"<h2 data-path-to-node=\"4\">Matrice des performances techniques (normes internationales)<\/h2>\n<table style=\"width: 100%; border-collapse: collapse; margin: 20px 0; font-family: Arial, sans-serif; border: 1px solid #ddd; font-size: 14px;\">\n<thead>\n<tr style=\"background-color: #f8f9fa; text-align: left;\">\n<th style=\"padding: 12px; border: 1px solid #ddd; color: #333;\">M\u00e9trique technique<\/th>\n<th style=\"padding: 12px; border: 1px solid #ddd; color: #333;\">Sp\u00e9cification professionnelle<\/th>\n<th style=\"padding: 12px; border: 1px solid #ddd; color: #333;\">Conformit\u00e9 et essais<\/th>\n<\/tr>\n<\/thead>\n<tbody>\n<tr>\n<td style=\"padding: 12px; border: 1px solid #ddd;\"><strong>Type de connecteur<\/strong><\/td>\n<td style=\"padding: 12px; border: 1px solid #ddd;\">LC\/UPC \u00e0 LC\/UPC<\/td>\n<td style=\"padding: 12px; border: 1px solid #ddd;\">Norme IEC 61754-20<\/td>\n<\/tr>\n<tr style=\"background-color: #fdfdfd;\">\n<td style=\"padding: 12px; border: 1px solid #ddd;\"><strong>Type de fibre<\/strong><\/td>\n<td style=\"padding: 12px; border: 1px solid #ddd;\">Mode unique duplex (OS2)<\/td>\n<td style=\"padding: 12px; border: 1px solid #ddd;\">ITU-T G.652.D \/ G.657.A1<\/td>\n<\/tr>\n<tr>\n<td style=\"padding: 12px; border: 1px solid #ddd;\"><strong>Perte d'insertion<\/strong><\/td>\n<td style=\"padding: 12px; border: 1px solid #ddd;\">\u2264 0,25 dB (typique)<\/td>\n<td style=\"padding: 12px; border: 1px solid #ddd;\">100% Usine IL V\u00e9rifi\u00e9<\/td>\n<\/tr>\n<tr style=\"background-color: #fdfdfd;\">\n<td style=\"padding: 12px; border: 1px solid #ddd;\"><strong>Perte de retour<\/strong><\/td>\n<td style=\"padding: 12px; border: 1px solid #ddd;\">\u2265 50 dB<\/td>\n<td style=\"padding: 12px; border: 1px solid #ddd;\">L'interf\u00e9rom\u00e9trie 3D \u00e0 l'essai<\/td>\n<\/tr>\n<tr>\n<td style=\"padding: 12px; border: 1px solid #ddd;\"><strong>Cote de la veste<\/strong><\/td>\n<td style=\"padding: 12px; border: 1px solid #ddd;\">LSZH (Low Smoke Zero Halogen)<\/td>\n<td style=\"padding: 12px; border: 1px solid #ddd;\">Conformit\u00e9 RoHS, REACH et CPR<\/td>\n<\/tr>\n<tr style=\"background-color: #fdfdfd;\">\n<td style=\"padding: 12px; border: 1px solid #ddd;\"><strong>Dur\u00e9e de vie m\u00e9canique<\/strong><\/td>\n<td style=\"padding: 12px; border: 1px solid #ddd;\">&gt; 1000 accouplements<\/td>\n<td style=\"padding: 12px; border: 1px solid #ddd;\">Ferrule Circonia de pr\u00e9cision<\/td>\n<\/tr>\n<\/tbody>\n<\/table>\n<h2 data-path-to-node=\"8\">Avantages de la fabrication directe<\/h2>\n<h3 data-path-to-node=\"9\">1. Ing\u00e9nierie SFF haute densit\u00e9<\/h3>\n<p data-path-to-node=\"10\">L'empreinte compacte de 1,25 mm de la f\u00e9rule du connecteur LC double la densit\u00e9 des espaces de rack 1U par rapport aux connecteurs SC. Cette caract\u00e9ristique est essentielle pour <b data-path-to-node=\"10\" data-index-in-node=\"139\">Centres de donn\u00e9es de niveau 1<\/b> o\u00f9 l'optimisation de l'espace se traduit directement par une r\u00e9duction des co\u00fbts op\u00e9rationnels.<\/p>\n<h3 data-path-to-node=\"11\">2. Contr\u00f4le de la qualit\u00e9 de l'usine au client<\/h3>\n<p data-path-to-node=\"12\">En s'approvisionnant directement aupr\u00e8s des <b data-path-to-node=\"12\" data-index-in-node=\"28\">Fabricant<\/b>, Vous \u00e9vitez ainsi la variabilit\u00e9 des revendeurs du march\u00e9 interm\u00e9diaire. Chaque cavalier est s\u00e9rialis\u00e9 et subit un test optique 100% (perte d'insertion et perte de retour) \u00e0 l'aide d'un \u00e9quipement de diagnostic de pointe, ce qui garantit une fiabilit\u00e9 sans faille.<\/p>\n<h3 data-path-to-node=\"13\">3. Construction de LSZH dans le respect de la s\u00e9curit\u00e9<\/h3>\n<p data-path-to-node=\"14\">Nos gilets jaunes sont extrud\u00e9s \u00e0 partir de mat\u00e9riaux de haute qualit\u00e9. <b data-path-to-node=\"14\" data-index-in-node=\"55\">Faible fum\u00e9e, sans halog\u00e8ne<\/b> mat\u00e9riaux. En cas de chaleur extr\u00eame ou d'incendie, nos c\u00e2bles ne d\u00e9gagent pas de gaz halog\u00e8nes corrosifs et peu de fum\u00e9e, prot\u00e9geant ainsi votre personnel et les \u00e9quipements \u00e9lectroniques sensibles dans les salles de serveurs confin\u00e9es.<\/p>\n<h3 data-path-to-node=\"15\">4. Conformit\u00e9 mondiale certifi\u00e9e<\/h3>\n<p data-path-to-node=\"16\">Nous veillons \u00e0 ce que chaque lot soit pleinement conforme \u00e0 <b data-path-to-node=\"16\" data-index-in-node=\"51\">RoHS<\/b> (Restriction des substances dangereuses) et <b data-path-to-node=\"16\" data-index-in-node=\"98\">REACH<\/b> des normes. Cela garantit que votre <b data-path-to-node=\"16\" data-index-in-node=\"141\">Commandes en gros<\/b> passera les douanes internationales sans encombre, r\u00e9pondant ainsi aux exigences de votre cha\u00eene d'approvisionnement mondiale.<\/p>\n<hr data-path-to-node=\"17\" \/>\n<h2 data-path-to-node=\"18\">Commerce de gros et soutien aux projets<\/h2>\n<ul data-path-to-node=\"19\">\n<li>\n<p data-path-to-node=\"19,0,0\"><b data-path-to-node=\"19,0,0\" data-index-in-node=\"0\">Personnalisation flexible<\/b>: En tant qu'usine directe, nous proposons des services OEM, notamment des longueurs personnalis\u00e9es (de 0,5 m \u00e0 plus de 100 m), des couleurs de gaine sp\u00e9cialis\u00e9es et un \u00e9tiquetage priv\u00e9 pour les grandes entreprises. <b data-path-to-node=\"19,0,0\" data-index-in-node=\"173\">Int\u00e9grateurs<\/b>.<\/p>\n<\/li>\n<li>\n<p data-path-to-node=\"19,1,0\"><b data-path-to-node=\"19,1,0\" data-index-in-node=\"0\">Ex\u00e9cution rapide<\/b>: Nous maintenons un inventaire massif de cavaliers duplex standard OS2 LC-LC afin de garantir des d\u00e9lais de livraison sup\u00e9rieurs \u00e0 ceux de la concurrence.<\/p>\n<\/li>\n<li>\n<p data-path-to-node=\"19,2,0\"><b data-path-to-node=\"19,2,0\" data-index-in-node=\"0\">Transparence de l'audit<\/b>: Des fiches techniques compl\u00e8tes et des rapports d'interf\u00e9rom\u00e9trie 3D sont disponibles sur demande pour tous les types de produits. <b data-path-to-node=\"19,2,0\" data-index-in-node=\"112\">Agent<\/b> ou <b data-path-to-node=\"19,2,0\" data-index-in-node=\"121\">Sourcing<\/b> l'agent.<\/p>\n<\/li>\n<\/ul>","protected":false},"excerpt":{"rendered":"<p data-path-to-node=\"1\"><span class=\"\">Le <\/span><b class=\"\" data-path-to-node=\"1\" data-index-in-node=\"4\">Duplex monomode LC\/UPC vers LC\/UPC (SM DX)<\/b><span class=\"\"> est l'interconnexion la plus critique dans les r\u00e9seaux modernes \u00e0 haute densit\u00e9.<\/span><span class=\"\"> Utilisation de la pr\u00e9cision 1.<\/span><span class=\"\">Ferrule en c\u00e9ramique de 25 mm Conception SFF (Small Form Factor),<\/span><span class=\"\"> Ce pull \u201cbleu \u00e0 bleu\u201d est la r\u00e9f\u00e9rence mondiale en mati\u00e8re de s\u00e9curit\u00e9. <\/span><b class=\"\" data-path-to-node=\"1\" data-index-in-node=\"258\">\u00e9metteurs-r\u00e9cepteurs \u00e0 haut d\u00e9bit (SFP\/SFP+), panneaux de raccordement ultra-denses et infrastructure 5G fronthaul\/backhaul<\/b><span class=\"\">.<\/span><\/p>\n<p data-path-to-node=\"2\"><span class=\"\">En tant que <\/span><b class=\"\" data-path-to-node=\"2\" data-index-in-node=\"5\">Fabricant direct<\/b><span class=\"\"> produit,<\/span><span class=\"\"> nous donnons la priorit\u00e9 \u00e0 la puret\u00e9 optique du noyau de verre OS2 et \u00e0 la durabilit\u00e9 m\u00e9canique du bo\u00eetier de verrouillage,<\/span><span class=\"\"> garantissant que votre r\u00e9seau conserve des performances optimales pendant des milliers de cycles d'accouplement.<\/span><\/p>","protected":false},"featured_media":803,"comment_status":"open","ping_status":"closed","template":"","meta":[],"product_brand":[],"product_cat":[45],"product_tag":[],"class_list":{"0":"post-802","1":"product","2":"type-product","3":"status-publish","4":"has-post-thumbnail","6":"product_cat-single-mode-fiber-optic-patch-cord","8":"first","9":"instock","10":"shipping-taxable","11":"product-type-simple"},"_links":{"self":[{"href":"https:\/\/www.fenxifiber.com\/fr\/wp-json\/wp\/v2\/product\/802","targetHints":{"allow":["GET"]}}],"collection":[{"href":"https:\/\/www.fenxifiber.com\/fr\/wp-json\/wp\/v2\/product"}],"about":[{"href":"https:\/\/www.fenxifiber.com\/fr\/wp-json\/wp\/v2\/types\/product"}],"replies":[{"embeddable":true,"href":"https:\/\/www.fenxifiber.com\/fr\/wp-json\/wp\/v2\/comments?post=802"}],"wp:featuredmedia":[{"embeddable":true,"href":"https:\/\/www.fenxifiber.com\/fr\/wp-json\/wp\/v2\/media\/803"}],"wp:attachment":[{"href":"https:\/\/www.fenxifiber.com\/fr\/wp-json\/wp\/v2\/media?parent=802"}],"wp:term":[{"taxonomy":"product_brand","embeddable":true,"href":"https:\/\/www.fenxifiber.com\/fr\/wp-json\/wp\/v2\/product_brand?post=802"},{"taxonomy":"product_cat","embeddable":true,"href":"https:\/\/www.fenxifiber.com\/fr\/wp-json\/wp\/v2\/product_cat?post=802"},{"taxonomy":"product_tag","embeddable":true,"href":"https:\/\/www.fenxifiber.com\/fr\/wp-json\/wp\/v2\/product_tag?post=802"}],"curies":[{"name":"wp","href":"https:\/\/api.w.org\/{rel}","templated":true}]}}