{"id":804,"date":"2026-02-04T01:48:56","date_gmt":"2026-02-04T01:48:56","guid":{"rendered":"https:\/\/www.fenxifiber.com\/?post_type=product&#038;p=804"},"modified":"2026-02-04T02:26:22","modified_gmt":"2026-02-04T02:26:22","slug":"sc-upc-lc-upc-sm-dx","status":"publish","type":"product","link":"https:\/\/www.fenxifiber.com\/fr\/product\/sc-upc-lc-upc-sm-dx\/","title":{"rendered":"Cordon de raccordement en fibre duplex monomode SC\/UPC vers LC\/UPC | OEM\\ODM Solutions"},"content":{"rendered":"<h2 class=\"\" data-path-to-node=\"4\">Matrice des performances techniques<\/h2>\n<p data-path-to-node=\"5\"><span class=\"\">Chaque unit\u00e9 est fabriqu\u00e9e dans le cadre d'un processus de contr\u00f4le de la qualit\u00e9 rigoureux afin de garantir la conformit\u00e9 aux crit\u00e8res techniques suivants :<\/span><\/p>\n<table data-path-to-node=\"6\">\n<thead>\n<tr>\n<td><strong>Param\u00e8tres<\/strong><\/td>\n<td><strong>Sp\u00e9cification professionnelle<\/strong><\/td>\n<td><strong>Avantage de l'ing\u00e9nierie<\/strong><\/td>\n<\/tr>\n<\/thead>\n<tbody>\n<tr>\n<td><span data-path-to-node=\"6,1,0,0\"><b data-path-to-node=\"6,1,0,0\" data-index-in-node=\"0\">Type de connecteur<\/b><\/span><\/td>\n<td><span data-path-to-node=\"6,1,1,0\">SC\/UPC vers LC\/UPC<\/span><\/td>\n<td><span data-path-to-node=\"6,1,2,0\">Interface hybride SFF vers standard<\/span><\/td>\n<\/tr>\n<tr>\n<td><span data-path-to-node=\"6,2,0,0\"><b data-path-to-node=\"6,2,0,0\" data-index-in-node=\"0\">Cat\u00e9gorie de fibres<\/b><\/span><\/td>\n<td><span data-path-to-node=\"6,2,1,0\">Duplex monomode (SM\/DX)<\/span><\/td>\n<td><span data-path-to-node=\"6,2,2,0\">Chemin de donn\u00e9es bidirectionnel \u00e0 double fibre<\/span><\/td>\n<\/tr>\n<tr>\n<td><span data-path-to-node=\"6,3,0,0\"><b data-path-to-node=\"6,3,0,0\" data-index-in-node=\"0\">Perte d'insertion<\/b><\/span><\/td>\n<td><span data-path-to-node=\"6,3,1,0\"><b data-path-to-node=\"6,3,1,0\" data-index-in-node=\"0\"><span class=\"math-inline\" data-math=\"&lt; 0.3 \\text{ dB}\" data-index-in-node=\"0\">$&lt; 0,3 \\text{ dB}$<\/span><\/b><\/span><\/td>\n<td><span data-path-to-node=\"6,3,2,0\">Optimise le budget de puissance totale de la liaison<\/span><\/td>\n<\/tr>\n<tr>\n<td><span data-path-to-node=\"6,4,0,0\"><b data-path-to-node=\"6,4,0,0\" data-index-in-node=\"0\">Perte de retour<\/b><\/span><\/td>\n<td><span data-path-to-node=\"6,4,1,0\"><b data-path-to-node=\"6,4,1,0\" data-index-in-node=\"0\"><span class=\"math-inline\" data-math=\"\\geq 50 \\text{ dB}\" data-index-in-node=\"0\">$\\geq 50 \\text{ dB}$<\/span> (UPC)<\/b><\/span><\/td>\n<td><span data-path-to-node=\"6,4,2,0\">Maintient une puret\u00e9 sup\u00e9rieure du signal num\u00e9rique<\/span><\/td>\n<\/tr>\n<tr>\n<td><span data-path-to-node=\"6,5,0,0\"><b data-path-to-node=\"6,5,0,0\" data-index-in-node=\"0\">Longueur d'onde<\/b><\/span><\/td>\n<td><span data-path-to-node=\"6,5,1,0\">1310nm \/ 1490nm \/ 1550nm<\/span><\/td>\n<td><span data-path-to-node=\"6,5,2,0\">Compatibilit\u00e9 universelle OS2 monomode<\/span><\/td>\n<\/tr>\n<tr>\n<td><span data-path-to-node=\"6,6,0,0\"><b data-path-to-node=\"6,6,0,0\" data-index-in-node=\"0\">Largeur de bande<\/b><\/span><\/td>\n<td><span data-path-to-node=\"6,6,1,0\"><span class=\"math-inline\" data-math=\"\\pm 40\\text{nm}\" data-index-in-node=\"0\">$\\pm 40\\text{nm}$<\/span><\/span><\/td>\n<td><span data-path-to-node=\"6,6,2,0\">Performances stables en cas de d\u00e9calage spectral<\/span><\/td>\n<\/tr>\n<tr>\n<td><span data-path-to-node=\"6,7,0,0\"><b data-path-to-node=\"6,7,0,0\" data-index-in-node=\"0\">R\u00e9sistance \u00e0 la traction<\/b><\/span><\/td>\n<td><span data-path-to-node=\"6,7,1,0\"><b data-path-to-node=\"6,7,1,0\" data-index-in-node=\"0\"><span class=\"math-inline\" data-math=\"\\geq 200 \\text{ N}\" data-index-in-node=\"0\">$\\geq 200 \\text{ N}$<\/span><\/b><\/span><\/td>\n<td><span data-path-to-node=\"6,7,2,0\">Robuste pour les installations soumises \u00e0 de fortes contraintes<\/span><\/td>\n<\/tr>\n<tr>\n<td><span data-path-to-node=\"6,8,0,0\"><b data-path-to-node=\"6,8,0,0\" data-index-in-node=\"0\">Durabilit\u00e9<\/b><\/span><\/td>\n<td><span data-path-to-node=\"6,8,1,0\"><span class=\"math-inline\" data-math=\"\\geq 1000\" data-index-in-node=\"0\">$\\geq 1000$<\/span> fois<\/span><\/td>\n<td><span data-path-to-node=\"6,8,2,0\">Long\u00e9vit\u00e9 de la virole en c\u00e9ramique de haute pr\u00e9cision<\/span><\/td>\n<\/tr>\n<tr>\n<td><span data-path-to-node=\"6,9,0,0\"><b data-path-to-node=\"6,9,0,0\" data-index-in-node=\"0\">Mat\u00e9riau de la veste<\/b><\/span><\/td>\n<td><span data-path-to-node=\"6,9,1,0\"><b data-path-to-node=\"6,9,1,0\" data-index-in-node=\"0\">LSZH (Jaune)<\/b><\/span><\/td>\n<td><span data-path-to-node=\"6,9,2,0\">S\u00e9curit\u00e9 incendie, faible d\u00e9gagement de fum\u00e9e, sans halog\u00e8ne<\/span><\/td>\n<\/tr>\n<\/tbody>\n<\/table>\n<hr class=\"\" data-path-to-node=\"7\" \/>\n<h2 class=\"\" data-path-to-node=\"8\">Avantages strat\u00e9giques pour le d\u00e9ploiement du syst\u00e8me<\/h2>\n<h3 class=\"\" data-path-to-node=\"9\">1. Polyvalence de l'interface hybride<\/h3>\n<p data-path-to-node=\"10\"><span class=\"\">Ce cavalier comble le foss\u00e9 entre le robuste <\/span><b class=\"\" data-path-to-node=\"10\" data-index-in-node=\"47\">SC<\/b><span class=\"\"> appr\u00e9ci\u00e9 pour la stabilit\u00e9 de son m\u00e9canisme push-pull dans les \u00e9quipements terminaux, et le connecteur <\/span><b class=\"\" data-path-to-node=\"10\" data-index-in-node=\"133\">Petit facteur de forme (SFF) LC<\/b><span class=\"\"> connecteur,<\/span><span class=\"\"> ce qui est essentiel pour maximiser la densit\u00e9 des ports dans les commutateurs et routeurs modernes \u00e0 grande vitesse.<\/span><\/p>\n<h3 class=\"\" data-path-to-node=\"11\">2. Connectivit\u00e9 en duplex int\u00e9gral<\/h3>\n<p data-path-to-node=\"12\"><span class=\"\">Le <\/span><b class=\"\" data-path-to-node=\"12\" data-index-in-node=\"4\">Duplex (DX)<\/b><span class=\"\"> fournit deux brins de fibre d\u00e9di\u00e9s,<\/span><span class=\"\"> permettant une communication bidirectionnelle simultan\u00e9e.<\/span><span class=\"\"> Ceci est essentiel pour les r\u00e9seaux Ethernet d'entreprise qui n\u00e9cessitent des chemins de transmission (TX) et de r\u00e9ception (RX) synchronis\u00e9s pour un d\u00e9bit de 10G et 40G.<\/span><\/p>\n<h3 class=\"\" data-path-to-node=\"13\">3. Fiabilit\u00e9 de la traction de qualit\u00e9 industrielle<\/h3>\n<p data-path-to-node=\"14\"><span class=\"\">La r\u00e9sistance \u00e0 la traction est \u00e9valu\u00e9e \u00e0 <\/span><b class=\"\" data-path-to-node=\"14\" data-index-in-node=\"31\"><span class=\"math-inline\" data-math=\"\\geq 200\\text{N}\" data-index-in-node=\"31\">$\\geq 200\\text{N}$<\/span><\/b><span class=\"\">,<\/span><span class=\"\"> ces c\u00e2bles sont con\u00e7us pour r\u00e9sister aux contraintes physiques li\u00e9es \u00e0 leur acheminement dans des conduits encombr\u00e9s et des puits verticaux.<\/span><span class=\"\"> Cette durabilit\u00e9 r\u00e9duit le risque de rupture de la fibre lors des d\u00e9ploiements de r\u00e9seaux \u00e0 grande \u00e9chelle.<\/span><\/p>\n<h3 class=\"\" data-path-to-node=\"15\">4. Conformit\u00e9 certifi\u00e9e en mati\u00e8re de s\u00e9curit\u00e9<\/h3>\n<p data-path-to-node=\"16\"><span class=\"\">Le <\/span><b class=\"\" data-path-to-node=\"16\" data-index-in-node=\"4\">LSZH (Low Smoke Zero Halogen)<\/b><span class=\"\"> est la norme professionnelle pour les installations int\u00e9rieures.<\/span><span class=\"\"> En cas d'incendie,<\/span><span class=\"\"> il garantit une densit\u00e9 de fum\u00e9e minimale et aucune \u00e9mission d'halog\u00e8ne toxique,<\/span><span class=\"\"> la protection du mat\u00e9riel et du personnel critiques dans les centres de donn\u00e9es.<\/span><\/p>\n<hr class=\"\" data-path-to-node=\"17\" \/>\n<h2 class=\"\" data-path-to-node=\"18\">Ex\u00e9cution des commandes et assistance technique<\/h2>\n<ul data-path-to-node=\"19\">\n<li>\n<p data-path-to-node=\"19,0,0\"><b class=\"\" data-path-to-node=\"19,0,0\" data-index-in-node=\"0\">100% V\u00e9rification en usine<\/b><span class=\"\">:<\/span><span class=\"\"> Chaque cordon de raccordement est test\u00e9 individuellement pour la perte d'insertion (IL) et la perte de retour (RL) avant d'\u00eatre exp\u00e9di\u00e9 afin de garantir une livraison sans d\u00e9faut.<\/span><\/p>\n<\/li>\n<li>\n<p data-path-to-node=\"19,1,0\"><b class=\"\" data-path-to-node=\"19,1,0\" data-index-in-node=\"0\">Disponibilit\u00e9 en gros<\/b>: Nous disposons d'un stock important de longueurs standard (1m, 2m, 3m, 5m, 10m) pour les produits suivants <b data-path-to-node=\"19,1,0\" data-index-in-node=\"101\">Commandes en gros<\/b> et une r\u00e9alisation rapide des projets.<\/p>\n<\/li>\n<li>\n<p data-path-to-node=\"19,2,0\"><b data-path-to-node=\"19,2,0\" data-index-in-node=\"0\">Personnalisation flexible<\/b>: Gr\u00e2ce \u00e0 notre <b data-path-to-node=\"19,2,0\" data-index-in-node=\"36\">OEM\\ODM<\/b> nous proposons des longueurs de c\u00e2ble sur mesure, un \u00e9tiquetage sp\u00e9cialis\u00e9 et diff\u00e9rents diam\u00e8tres de gaine (2,0 mm\/3,0 mm) pour r\u00e9pondre aux sp\u00e9cifications de projets sp\u00e9cifiques.<\/p>\n<\/li>\n<li>\n<p data-path-to-node=\"19,3,0\"><b data-path-to-node=\"19,3,0\" data-index-in-node=\"0\">Documentation de conformit\u00e9<\/b>: Des rapports d'essai d\u00e9taill\u00e9s et des v\u00e9rifications par interf\u00e9rom\u00e9trie 3D sont disponibles pour \u00e9tayer votre demande. <b data-path-to-node=\"19,3,0\" data-index-in-node=\"113\">Sourcing<\/b> et les exigences en mati\u00e8re d'audit.<\/p>\n<\/li>\n<\/ul>","protected":false},"excerpt":{"rendered":"<p data-path-to-node=\"1\"><span class=\"\">Le <\/span><b class=\"\" data-path-to-node=\"1\" data-index-in-node=\"4\">Duplex monomode SC\/UPC vers LC\/UPC (SM DX)<\/b><span class=\"\"> est un cavalier hybride haute performance con\u00e7u pour faciliter les transitions entre les infrastructures SC standard et les \u00e9quipements de r\u00e9seau LC haute densit\u00e9.<\/span><span class=\"\"> Ce c\u00e2ble \u00e0 double c\u0153ur \u201cbleu \u00e0 bleu\u201d est la solution standard de l'industrie pour connecter <\/span><b class=\"\" data-path-to-node=\"1\" data-index-in-node=\"296\">\u00c9metteurs-r\u00e9cepteurs SFP\/SFP+<\/b><span class=\"\"> \u00e0 <\/span><b class=\"\" data-path-to-node=\"1\" data-index-in-node=\"321\">R\u00e9partiteurs optiques (ODF)<\/b><span class=\"\"> et les commutateurs centraux.<\/span><\/p>\n<p data-path-to-node=\"2\"><span class=\"\">Optimis\u00e9 pour les performances OS2 monomode,<\/span><span class=\"\"> ce c\u00e2ble hybride garantit une att\u00e9nuation minimale du signal et une fiabilit\u00e9 m\u00e9canique maximale pour les chemins de donn\u00e9es critiques.<\/span><\/p>","protected":false},"featured_media":805,"comment_status":"open","ping_status":"closed","template":"","meta":[],"product_brand":[],"product_cat":[45],"product_tag":[],"class_list":{"0":"post-804","1":"product","2":"type-product","3":"status-publish","4":"has-post-thumbnail","6":"product_cat-single-mode-fiber-optic-patch-cord","8":"first","9":"instock","10":"shipping-taxable","11":"product-type-simple"},"_links":{"self":[{"href":"https:\/\/www.fenxifiber.com\/fr\/wp-json\/wp\/v2\/product\/804","targetHints":{"allow":["GET"]}}],"collection":[{"href":"https:\/\/www.fenxifiber.com\/fr\/wp-json\/wp\/v2\/product"}],"about":[{"href":"https:\/\/www.fenxifiber.com\/fr\/wp-json\/wp\/v2\/types\/product"}],"replies":[{"embeddable":true,"href":"https:\/\/www.fenxifiber.com\/fr\/wp-json\/wp\/v2\/comments?post=804"}],"wp:featuredmedia":[{"embeddable":true,"href":"https:\/\/www.fenxifiber.com\/fr\/wp-json\/wp\/v2\/media\/805"}],"wp:attachment":[{"href":"https:\/\/www.fenxifiber.com\/fr\/wp-json\/wp\/v2\/media?parent=804"}],"wp:term":[{"taxonomy":"product_brand","embeddable":true,"href":"https:\/\/www.fenxifiber.com\/fr\/wp-json\/wp\/v2\/product_brand?post=804"},{"taxonomy":"product_cat","embeddable":true,"href":"https:\/\/www.fenxifiber.com\/fr\/wp-json\/wp\/v2\/product_cat?post=804"},{"taxonomy":"product_tag","embeddable":true,"href":"https:\/\/www.fenxifiber.com\/fr\/wp-json\/wp\/v2\/product_tag?post=804"}],"curies":[{"name":"wp","href":"https:\/\/api.w.org\/{rel}","templated":true}]}}