{"id":806,"date":"2026-02-04T01:50:12","date_gmt":"2026-02-04T01:50:12","guid":{"rendered":"https:\/\/www.fenxifiber.com\/?post_type=product&#038;p=806"},"modified":"2026-02-04T02:27:41","modified_gmt":"2026-02-04T02:27:41","slug":"fc-apc-sc-apc-sm-dx","status":"publish","type":"product","link":"https:\/\/www.fenxifiber.com\/fr\/product\/fc-apc-sc-apc-sm-dx\/","title":{"rendered":"Cordon de raccordement FC\/APC vers SC\/APC en fibre duplex monomode | Approvisionnement direct du fabricant"},"content":{"rendered":"<h2 data-path-to-node=\"4\">Matrice des performances techniques<\/h2>\n<p data-path-to-node=\"5\">Notre ligne de production est soumise \u00e0 des protocoles de qualit\u00e9 stricts afin de garantir que chaque unit\u00e9 respecte ou d\u00e9passe les crit\u00e8res techniques suivants :<\/p>\n<table data-path-to-node=\"6\">\n<thead>\n<tr>\n<td><strong>M\u00e9trique<\/strong><\/td>\n<td><strong>Sp\u00e9cification professionnelle<\/strong><\/td>\n<td><strong>Avantage de l'ing\u00e9nierie<\/strong><\/td>\n<\/tr>\n<\/thead>\n<tbody>\n<tr>\n<td><span data-path-to-node=\"6,1,0,0\"><b data-path-to-node=\"6,1,0,0\" data-index-in-node=\"0\">Type de connecteur<\/b><\/span><\/td>\n<td><span data-path-to-node=\"6,1,1,0\">FC\/APC vers SC\/APC<\/span><\/td>\n<td><span data-path-to-node=\"6,1,2,0\">Interface hybride filet\u00e9e \u00e0 push-pull<\/span><\/td>\n<\/tr>\n<tr>\n<td><span data-path-to-node=\"6,2,0,0\"><b data-path-to-node=\"6,2,0,0\" data-index-in-node=\"0\">Cat\u00e9gorie de fibres<\/b><\/span><\/td>\n<td><span data-path-to-node=\"6,2,1,0\">Duplex monomode (SM\/DX)<\/span><\/td>\n<td><span data-path-to-node=\"6,2,2,0\">Chemin de donn\u00e9es simultan\u00e9 \u00e0 deux brins<\/span><\/td>\n<\/tr>\n<tr>\n<td><span data-path-to-node=\"6,3,0,0\"><b data-path-to-node=\"6,3,0,0\" data-index-in-node=\"0\">Perte d'insertion<\/b><\/span><\/td>\n<td><span data-path-to-node=\"6,3,1,0\"><b data-path-to-node=\"6,3,1,0\" data-index-in-node=\"0\"><span class=\"math-inline\" data-math=\"&lt; 0.3 \\text{ dB}\" data-index-in-node=\"0\">$&lt; 0,3 \\text{ dB}$<\/span><\/b><\/span><\/td>\n<td><span data-path-to-node=\"6,3,2,0\">Optimise le budget de puissance totale de la liaison<\/span><\/td>\n<\/tr>\n<tr>\n<td><span data-path-to-node=\"6,4,0,0\"><b data-path-to-node=\"6,4,0,0\" data-index-in-node=\"0\">Perte de retour<\/b><\/span><\/td>\n<td><span data-path-to-node=\"6,4,1,0\"><b data-path-to-node=\"6,4,1,0\" data-index-in-node=\"0\"><span class=\"math-inline\" data-math=\"\\geq 60 \\text{ dB}\" data-index-in-node=\"0\">$\\geq 60 \\text{ dB}$<\/span> (APC)<\/b><\/span><\/td>\n<td><span data-path-to-node=\"6,4,2,0\">Suppression sup\u00e9rieure de la r\u00e9tro-r\u00e9flexion<\/span><\/td>\n<\/tr>\n<tr>\n<td><span data-path-to-node=\"6,5,0,0\"><b data-path-to-node=\"6,5,0,0\" data-index-in-node=\"0\">Longueur d'onde<\/b><\/span><\/td>\n<td><span data-path-to-node=\"6,5,1,0\">1310nm \/ 1490nm \/ 1550nm<\/span><\/td>\n<td><span data-path-to-node=\"6,5,2,0\">Compatibilit\u00e9 universelle OS2 monomode<\/span><\/td>\n<\/tr>\n<tr>\n<td><span data-path-to-node=\"6,6,0,0\"><b data-path-to-node=\"6,6,0,0\" data-index-in-node=\"0\">Largeur de bande<\/b><\/span><\/td>\n<td><span data-path-to-node=\"6,6,1,0\"><span class=\"math-inline\" data-math=\"\\pm 40\\text{nm}\" data-index-in-node=\"0\">$\\pm 40\\text{nm}$<\/span><\/span><\/td>\n<td><span data-path-to-node=\"6,6,2,0\">Performances stables en cas de d\u00e9calage spectral<\/span><\/td>\n<\/tr>\n<tr>\n<td><span data-path-to-node=\"6,7,0,0\"><b data-path-to-node=\"6,7,0,0\" data-index-in-node=\"0\">R\u00e9sistance \u00e0 la traction<\/b><\/span><\/td>\n<td><span data-path-to-node=\"6,7,1,0\"><b data-path-to-node=\"6,7,1,0\" data-index-in-node=\"0\"><span class=\"math-inline\" data-math=\"\\geq 200 \\text{ N}\" data-index-in-node=\"0\">$\\geq 200 \\text{ N}$<\/span><\/b><\/span><\/td>\n<td><span data-path-to-node=\"6,7,2,0\">Robuste pour le passage de conduits soumis \u00e0 de fortes contraintes<\/span><\/td>\n<\/tr>\n<tr>\n<td><span data-path-to-node=\"6,8,0,0\"><b data-path-to-node=\"6,8,0,0\" data-index-in-node=\"0\">Durabilit\u00e9<\/b><\/span><\/td>\n<td><span data-path-to-node=\"6,8,1,0\"><span class=\"math-inline\" data-math=\"\\geq 1000\" data-index-in-node=\"0\">$\\geq 1000$<\/span> fois<\/span><\/td>\n<td><span data-path-to-node=\"6,8,2,0\">Long\u00e9vit\u00e9 de la virole en c\u00e9ramique de haute pr\u00e9cision<\/span><\/td>\n<\/tr>\n<tr>\n<td><span data-path-to-node=\"6,9,0,0\"><b data-path-to-node=\"6,9,0,0\" data-index-in-node=\"0\">Mat\u00e9riau de la veste<\/b><\/span><\/td>\n<td><span data-path-to-node=\"6,9,1,0\"><b data-path-to-node=\"6,9,1,0\" data-index-in-node=\"0\">LSZH (Jaune)<\/b><\/span><\/td>\n<td><span data-path-to-node=\"6,9,2,0\">S\u00e9curit\u00e9 incendie, faible d\u00e9gagement de fum\u00e9e et absence d'halog\u00e8ne<\/span><\/td>\n<\/tr>\n<\/tbody>\n<\/table>\n<hr data-path-to-node=\"7\" \/>\n<h2 data-path-to-node=\"8\">Avantages strat\u00e9giques pour l'infrastructure de r\u00e9seau<\/h2>\n<h3 data-path-to-node=\"9\">1. Flexibilit\u00e9 de l'interface hybride<\/h3>\n<ul data-path-to-node=\"10\">\n<li>\n<p data-path-to-node=\"10,0,0\"><b data-path-to-node=\"10,0,0\" data-index-in-node=\"0\">FC\/APC Fin :<\/b> Le bo\u00eetier m\u00e9tallique nickel\u00e9 \u00e0 visser offre un verrouillage r\u00e9sistant aux vibrations, id\u00e9al pour les environnements industriels et les \u00e9quipements de test en laboratoire.<\/p>\n<\/li>\n<li>\n<p data-path-to-node=\"10,1,0\"><b data-path-to-node=\"10,1,0\" data-index-in-node=\"0\">SC\/APC Fin :<\/b> Le m\u00e9canisme standard push-pull permet un d\u00e9ploiement rapide et s\u00fbr dans les r\u00e9partiteurs optiques (ODF) et les terminaux d'abonn\u00e9s.<\/p>\n<\/li>\n<\/ul>\n<h3 data-path-to-node=\"11\">2. Gestion de la r\u00e9flexion de l'APC d'\u00e9lite<\/h3>\n<ul data-path-to-node=\"12\">\n<li>\n<p data-path-to-node=\"12,0,0\">Les deux extr\u00e9mit\u00e9s sont dot\u00e9es d'un polissage angulaire de pr\u00e9cision \u00e0 8 degr\u00e9s, ce qui permet d'obtenir une perte de retour de <b data-path-to-node=\"12,0,0\" data-index-in-node=\"82\"><span class=\"math-inline\" data-math=\"\\geq 60\\text{dB}\" data-index-in-node=\"82\">$\\geq 60\\text{dB}$<\/span><\/b>.<\/p>\n<\/li>\n<li>\n<p data-path-to-node=\"12,1,0\">Cette conception redirige la r\u00e9tro-r\u00e9flexion dans la gaine de la fibre, ce qui est essentiel pour prot\u00e9ger les sources laser co\u00fbteuses dans les installations de production d'\u00e9lectricit\u00e9. <b data-path-to-node=\"12,1,0\" data-index-in-node=\"124\">XGS-PON et vid\u00e9o analogique<\/b> des syst\u00e8mes d'alimentation en eau.<\/p>\n<\/li>\n<\/ul>\n<h3 data-path-to-node=\"13\">3. Fiabilit\u00e9 de la traction de qualit\u00e9 technique<\/h3>\n<ul data-path-to-node=\"14\">\n<li>\n<p data-path-to-node=\"14,0,0\">Avec une r\u00e9sistance \u00e0 la traction de <b data-path-to-node=\"14,0,0\" data-index-in-node=\"34\"><span class=\"math-inline\" data-math=\"\\geq 200\\text{N}\" data-index-in-node=\"34\">$\\geq 200\\text{N}$<\/span><\/b>, Ces cavaliers sont con\u00e7us pour r\u00e9sister aux contraintes physiques de l'installation dans des chemins de c\u00e2bles encombr\u00e9s et des gaines verticales.<\/p>\n<\/li>\n<li>\n<p data-path-to-node=\"14,1,0\">La configuration duplex (DX) int\u00e8gre deux brins de fibre, ce qui simplifie la gestion des c\u00e2bles pour les liaisons de donn\u00e9es bidirectionnelles.<\/p>\n<\/li>\n<\/ul>\n<h3 data-path-to-node=\"15\">4. S\u00e9curit\u00e9 globale et conformit\u00e9 LSZH<\/h3>\n<ul data-path-to-node=\"16\">\n<li>\n<p data-path-to-node=\"16,0,0\">Nos gilets jaunes sont fabriqu\u00e9s \u00e0 partir de <b data-path-to-node=\"16,0,0\" data-index-in-node=\"41\">Faible teneur en fum\u00e9e et sans halog\u00e8ne (LSZH)<\/b> conformes aux codes internationaux de s\u00e9curit\u00e9 des b\u00e2timents.<\/p>\n<\/li>\n<li>\n<p data-path-to-node=\"16,1,0\">En cas de chaleur extr\u00eame, l'enveloppe \u00e9met un minimum de fum\u00e9e et aucun gaz halog\u00e8ne toxique, ce qui garantit la s\u00e9curit\u00e9 du personnel et du mat\u00e9riel critique.<\/p>\n<\/li>\n<\/ul>\n<hr data-path-to-node=\"17\" \/>\n<h2 data-path-to-node=\"18\">Approvisionnement et soutien aux projets<\/h2>\n<ul data-path-to-node=\"19\">\n<li>\n<p data-path-to-node=\"19,0,0\"><b data-path-to-node=\"19,0,0\" data-index-in-node=\"0\">100% V\u00e9rification en usine<\/b>: Chaque cordon de raccordement est test\u00e9 individuellement pour la perte d'insertion (IL) et la perte de retour (RL) afin de garantir la fiabilit\u00e9 du projet.<\/p>\n<\/li>\n<li>\n<p data-path-to-node=\"19,1,0\"><b data-path-to-node=\"19,1,0\" data-index-in-node=\"0\">\u00c9volutivit\u00e9 du commerce de gros<\/b>: En tant que <b data-path-to-node=\"19,1,0\" data-index-in-node=\"28\">Fabricant<\/b>, Nous disposons d'un stock important de longueurs standard afin de faciliter la mise en \u0153uvre des mesures de protection de l'environnement. <b data-path-to-node=\"19,1,0\" data-index-in-node=\"107\">Commandes en gros<\/b> avec des d\u00e9lais de livraison rapides.<\/p>\n<\/li>\n<li>\n<p data-path-to-node=\"19,2,0\"><b data-path-to-node=\"19,2,0\" data-index-in-node=\"0\">Service OEM personnalis\u00e9<\/b>: Nous proposons une fabrication flexible pour des longueurs de c\u00e2ble sur mesure, un \u00e9tiquetage sp\u00e9cialis\u00e9 et des diam\u00e8tres de gaine variables (2,0 mm\/3,0 mm).<\/p>\n<\/li>\n<li>\n<p data-path-to-node=\"19,3,0\"><b data-path-to-node=\"19,3,0\" data-index-in-node=\"0\">Documentation de conformit\u00e9<\/b>: Des rapports d'essai individuels et des donn\u00e9es de v\u00e9rification par interf\u00e9rom\u00e9trie 3D sont disponibles pour \u00e9tayer votre demande. <b data-path-to-node=\"19,3,0\" data-index-in-node=\"120\">Sourcing<\/b> et les exigences en mati\u00e8re d'audit.<\/p>\n<\/li>\n<\/ul>","protected":false},"excerpt":{"rendered":"<p data-path-to-node=\"1\">Le <b data-path-to-node=\"1\" data-index-in-node=\"4\">Duplex monomode FC\/APC vers SC\/APC (SM DX)<\/b> est un cavalier hybride de haute pr\u00e9cision con\u00e7u pour les syst\u00e8mes \u00e0 double fibre n\u00e9cessitant une excellente gestion des reflets et une grande stabilit\u00e9 m\u00e9canique. Dot\u00e9 du poli APC (Angled Physical Contact) \u201cGreen-to-Green\u201d caract\u00e9ristique, ce c\u00e2ble comble le foss\u00e9 entre les interfaces FC filet\u00e9es et les ports SC push-pull. Il s'agit d'un composant essentiel pour <b data-path-to-node=\"1\" data-index-in-node=\"372\">FTTH, XGS-PON et distribution CATV haute puissance<\/b> o\u00f9 la r\u00e9tro-r\u00e9flexion doit \u00eatre minimis\u00e9e pour prot\u00e9ger les \u00e9metteurs sensibles.<\/p>\n<p data-path-to-node=\"2\">Optimis\u00e9 pour la transmission de donn\u00e9es \u00e0 double trajet, cet assemblage duplex garantit l'int\u00e9grit\u00e9 des signaux de haute fid\u00e9lit\u00e9 pour les r\u00e9seaux optiques critiques.<\/p>","protected":false},"featured_media":807,"comment_status":"open","ping_status":"closed","template":"","meta":[],"product_brand":[],"product_cat":[45],"product_tag":[],"class_list":{"0":"post-806","1":"product","2":"type-product","3":"status-publish","4":"has-post-thumbnail","6":"product_cat-single-mode-fiber-optic-patch-cord","8":"first","9":"instock","10":"shipping-taxable","11":"product-type-simple"},"_links":{"self":[{"href":"https:\/\/www.fenxifiber.com\/fr\/wp-json\/wp\/v2\/product\/806","targetHints":{"allow":["GET"]}}],"collection":[{"href":"https:\/\/www.fenxifiber.com\/fr\/wp-json\/wp\/v2\/product"}],"about":[{"href":"https:\/\/www.fenxifiber.com\/fr\/wp-json\/wp\/v2\/types\/product"}],"replies":[{"embeddable":true,"href":"https:\/\/www.fenxifiber.com\/fr\/wp-json\/wp\/v2\/comments?post=806"}],"wp:featuredmedia":[{"embeddable":true,"href":"https:\/\/www.fenxifiber.com\/fr\/wp-json\/wp\/v2\/media\/807"}],"wp:attachment":[{"href":"https:\/\/www.fenxifiber.com\/fr\/wp-json\/wp\/v2\/media?parent=806"}],"wp:term":[{"taxonomy":"product_brand","embeddable":true,"href":"https:\/\/www.fenxifiber.com\/fr\/wp-json\/wp\/v2\/product_brand?post=806"},{"taxonomy":"product_cat","embeddable":true,"href":"https:\/\/www.fenxifiber.com\/fr\/wp-json\/wp\/v2\/product_cat?post=806"},{"taxonomy":"product_tag","embeddable":true,"href":"https:\/\/www.fenxifiber.com\/fr\/wp-json\/wp\/v2\/product_tag?post=806"}],"curies":[{"name":"wp","href":"https:\/\/api.w.org\/{rel}","templated":true}]}}